{"id":9021,"date":"2026-05-14T10:15:57","date_gmt":"2026-05-14T08:15:57","guid":{"rendered":"https:\/\/www.farmacie-online.eu\/?post_type=product&#038;p=9021"},"modified":"2026-05-14T10:15:58","modified_gmt":"2026-05-14T08:15:58","slug":"origins-clear-improvement-masca-de-curatare-pentru-fata","status":"publish","type":"product","link":"https:\/\/www.farmacie-online.eu\/ro\/produs\/origins-clear-improvement-masca-de-curatare-pentru-fata\/","title":{"rendered":"Origins Clear Improvement Masca de curatare pentru fata"},"content":{"rendered":"<p>Experimenta\u021bi cea mai bun\u0103 detoxificare a chipului cu o formul\u0103 ce dezv\u0103luie un ten care v\u0103 las\u0103 z\u00e2mbind. \u00cembog\u0103\u021bit\u0103 cu un duo dinamic de c\u0103rbune de bambus \u0219i argil\u0103, masca de cur\u0103\u021bare Origins Clear Improvement\u00ae Active Charcoal Mask To Clear Pores purific\u0103 \u0219i clarific\u0103, f\u0103c\u00e2nd minuni asupra texturii \u0219i porilor pielii.<\/p>\n<p>Caracteristici:<\/p>\n<p>protejeaz\u0103 pielea fa\u021b\u0103 de influen\u021bele externe nocive<br \/>\ncur\u0103\u021b\u0103 intens porii de impurit\u0103\u021bi \u0219i \u00eei purific\u0103<br \/>\nrealizeaz\u0103 o detoxificare \u00een profunzime<br \/>\nflacon realizat din plastic reciclat<br \/>\n\u00eembun\u0103t\u0103\u021be\u0219te textura pielii<br \/>\nelimin\u0103 sebumul \u00een exces<br \/>\nRezultatele testului:<br \/>\n\u2192Test clinic asupra pielii, realizat pe 30 de femei, dup\u0103 1 singur\u0103 aplicare. (% satisfac\u021bie)<\/p>\n<p>s-a constatat reducerea sebumului cu -84%<br \/>\n93% pori diminua\u021bi<br \/>\n90% textur\u0103 \u00eembun\u0103t\u0103\u021bit\u0103<br \/>\n84% reducerea cantit\u0103\u021bii de sebum<br \/>\n83% reducerea aspectului porilor \u00eenc\u0103rca\u021bi<br \/>\nIngrediente:<\/p>\n<p>nu con\u021bine ftala\u021bi, formaldehide \u0219i agen\u021bi eliberatori de formaldehide, SLS, uleiuri minerale, vaselin\u0103, parafin\u0103, DEA, boabe de polietilen\u0103<br \/>\nargil\u0103 18% \u2013 bogat\u0103 \u00een minerale, absoarbe sebumul, impurit\u0103\u021bile, poluan\u021bii din mediul exterior<br \/>\nc\u0103rbune de bambus 1% \u2013 cur\u0103\u021b\u0103 porii \u00een profunzime de murd\u0103rie \u0219i resturi<br \/>\nprodus vegetarian<br \/>\nprodus vegan<br \/>\nAplicare:<br \/>\nPe fa\u021ba curat\u0103, f\u0103r\u0103 machiaj, folosi\u021bi un prosop umezit cu ap\u0103 cald\u0103 pentru a deschide porii. Masca se aplic\u0103 \u00eentr-un strat potrivit. Se las\u0103 s\u0103 ac\u021bioneze p\u00e2n\u0103 se usuc\u0103. Elimina\u021bi masca cu ap\u0103 cald\u0103. Se folose\u0219te o dat\u0103 pe s\u0103pt\u0103m\u00e2n\u0103 sau \u00een func\u021bie de nevoi.<\/p>","protected":false},"excerpt":{"rendered":"<p>\u00cembog\u0103\u021bit\u0103 cu un duo dinamic de c\u0103rbune de bambus \u0219i argil\u0103, masca de cur\u0103\u021bare Origins Clear Improvement\u00ae Active Charcoal Mask To Clear Pores purific\u0103 \u0219i clarific\u0103, f\u0103c\u00e2nd minuni asupra texturii \u0219i porilor pielii.<\/p>","protected":false},"featured_media":9024,"comment_status":"closed","ping_status":"closed","template":"","meta":{"inline_featured_image":false},"product_brand":[],"product_cat":[36],"product_tag":[164,165,163],"class_list":{"0":"post-9021","1":"product","2":"type-product","3":"status-publish","4":"has-post-thumbnail","6":"product_cat-dermato-cosmetice","7":"product_tag-masca-de-curatare-pentru-fata","8":"product_tag-origins-clear","9":"product_tag-origins-clear-improvement-masca-de-curatare-pentru-fata","11":"first","12":"instock","13":"sale","14":"shipping-taxable","15":"purchasable","16":"product-type-simple"},"yoast_head":"<!-- This site is optimized with the Yoast SEO plugin v27.4 - https:\/\/yoast.com\/product\/yoast-seo-wordpress\/ -->\n<title>Origins Clear Improvement Masca de curatare pentru fata - Farmacie online!<\/title>\n<meta name=\"robots\" content=\"index, follow, max-snippet:-1, max-image-preview:large, max-video-preview:-1\" \/>\n<link rel=\"canonical\" href=\"https:\/\/www.farmacie-online.eu\/ro\/produs\/origins-clear-improvement-masca-de-curatare-pentru-fata\/\" \/>\n<meta property=\"og:locale\" content=\"ro_RO\" \/>\n<meta property=\"og:type\" content=\"article\" \/>\n<meta property=\"og:title\" content=\"Origins Clear Improvement Masca de curatare pentru fata - Farmacie online!\" \/>\n<meta property=\"og:description\" content=\"\u00cembog\u0103\u021bit\u0103 cu un duo dinamic de c\u0103rbune de bambus \u0219i argil\u0103, masca de cur\u0103\u021bare Origins Clear Improvement\u00ae Active Charcoal Mask To Clear Pores purific\u0103 \u0219i clarific\u0103, f\u0103c\u00e2nd minuni asupra texturii \u0219i porilor pielii.\" \/>\n<meta property=\"og:url\" content=\"https:\/\/www.farmacie-online.eu\/ro\/produs\/origins-clear-improvement-masca-de-curatare-pentru-fata\/\" \/>\n<meta property=\"og:site_name\" content=\"Farmacie online!\" \/>\n<meta property=\"article:modified_time\" content=\"2026-05-14T08:15:58+00:00\" \/>\n<meta property=\"og:image\" content=\"https:\/\/www.farmacie-online.eu\/wp-content\/uploads\/2026\/05\/origins-masti-clear-improvement-mask-75-ml-64ee219b4f94ea315d2d1a93.jpg.png\" \/>\n\t<meta property=\"og:image:width\" content=\"500\" \/>\n\t<meta property=\"og:image:height\" content=\"500\" \/>\n\t<meta property=\"og:image:type\" content=\"image\/png\" \/>\n<meta name=\"twitter:card\" content=\"summary_large_image\" \/>\n<meta name=\"twitter:label1\" content=\"Timp estimat pentru citire\" \/>\n\t<meta name=\"twitter:data1\" content=\"1 minut\" \/>\n<script type=\"application\/ld+json\" class=\"yoast-schema-graph\">{\"@context\":\"https:\\\/\\\/schema.org\",\"@graph\":[{\"@type\":\"WebPage\",\"@id\":\"https:\\\/\\\/www.farmacie-online.eu\\\/product\\\/origins-clear-improvement-masca-de-curatare-pentru-fata\\\/\",\"url\":\"https:\\\/\\\/www.farmacie-online.eu\\\/product\\\/origins-clear-improvement-masca-de-curatare-pentru-fata\\\/\",\"name\":\"Origins Clear Improvement Masca de curatare pentru fata - Farmacie online!\",\"isPartOf\":{\"@id\":\"https:\\\/\\\/www.farmacie-online.eu\\\/#website\"},\"primaryImageOfPage\":{\"@id\":\"https:\\\/\\\/www.farmacie-online.eu\\\/product\\\/origins-clear-improvement-masca-de-curatare-pentru-fata\\\/#primaryimage\"},\"image\":{\"@id\":\"https:\\\/\\\/www.farmacie-online.eu\\\/product\\\/origins-clear-improvement-masca-de-curatare-pentru-fata\\\/#primaryimage\"},\"thumbnailUrl\":\"https:\\\/\\\/www.farmacie-online.eu\\\/wp-content\\\/uploads\\\/2026\\\/05\\\/origins-masti-clear-improvement-mask-75-ml-64ee219b4f94ea315d2d1a93.jpg.png\",\"datePublished\":\"2026-05-14T08:15:57+00:00\",\"dateModified\":\"2026-05-14T08:15:58+00:00\",\"breadcrumb\":{\"@id\":\"https:\\\/\\\/www.farmacie-online.eu\\\/product\\\/origins-clear-improvement-masca-de-curatare-pentru-fata\\\/#breadcrumb\"},\"inLanguage\":\"ro-RO\",\"potentialAction\":[{\"@type\":\"ReadAction\",\"target\":[\"https:\\\/\\\/www.farmacie-online.eu\\\/product\\\/origins-clear-improvement-masca-de-curatare-pentru-fata\\\/\"]}]},{\"@type\":\"ImageObject\",\"inLanguage\":\"ro-RO\",\"@id\":\"https:\\\/\\\/www.farmacie-online.eu\\\/product\\\/origins-clear-improvement-masca-de-curatare-pentru-fata\\\/#primaryimage\",\"url\":\"https:\\\/\\\/www.farmacie-online.eu\\\/wp-content\\\/uploads\\\/2026\\\/05\\\/origins-masti-clear-improvement-mask-75-ml-64ee219b4f94ea315d2d1a93.jpg.png\",\"contentUrl\":\"https:\\\/\\\/www.farmacie-online.eu\\\/wp-content\\\/uploads\\\/2026\\\/05\\\/origins-masti-clear-improvement-mask-75-ml-64ee219b4f94ea315d2d1a93.jpg.png\",\"width\":500,\"height\":500},{\"@type\":\"BreadcrumbList\",\"@id\":\"https:\\\/\\\/www.farmacie-online.eu\\\/product\\\/origins-clear-improvement-masca-de-curatare-pentru-fata\\\/#breadcrumb\",\"itemListElement\":[{\"@type\":\"ListItem\",\"position\":1,\"name\":\"Prima pagin\u0103\",\"item\":\"https:\\\/\\\/www.farmacie-online.eu\\\/\"},{\"@type\":\"ListItem\",\"position\":2,\"name\":\"Produse\",\"item\":\"https:\\\/\\\/www.farmacie-online.eu\\\/produse\\\/\"},{\"@type\":\"ListItem\",\"position\":3,\"name\":\"Origins Clear Improvement Masca de curatare pentru fata\"}]},{\"@type\":\"WebSite\",\"@id\":\"https:\\\/\\\/www.farmacie-online.eu\\\/#website\",\"url\":\"https:\\\/\\\/www.farmacie-online.eu\\\/\",\"name\":\"Farmacie online!\",\"description\":\"Comanzi online, prime\u0219ti rapid!\",\"publisher\":{\"@id\":\"https:\\\/\\\/www.farmacie-online.eu\\\/#organization\"},\"potentialAction\":[{\"@type\":\"SearchAction\",\"target\":{\"@type\":\"EntryPoint\",\"urlTemplate\":\"https:\\\/\\\/www.farmacie-online.eu\\\/?s={search_term_string}\"},\"query-input\":{\"@type\":\"PropertyValueSpecification\",\"valueRequired\":true,\"valueName\":\"search_term_string\"}}],\"inLanguage\":\"ro-RO\"},{\"@type\":\"Organization\",\"@id\":\"https:\\\/\\\/www.farmacie-online.eu\\\/#organization\",\"name\":\"Farmacie online!\",\"url\":\"https:\\\/\\\/www.farmacie-online.eu\\\/\",\"logo\":{\"@type\":\"ImageObject\",\"inLanguage\":\"ro-RO\",\"@id\":\"https:\\\/\\\/www.farmacie-online.eu\\\/#\\\/schema\\\/logo\\\/image\\\/\",\"url\":\"https:\\\/\\\/www.farmacie-online.eu\\\/wp-content\\\/uploads\\\/2023\\\/08\\\/cropped-favicon.webp\",\"contentUrl\":\"https:\\\/\\\/www.farmacie-online.eu\\\/wp-content\\\/uploads\\\/2023\\\/08\\\/cropped-favicon.webp\",\"width\":500,\"height\":211,\"caption\":\"Farmacie online!\"},\"image\":{\"@id\":\"https:\\\/\\\/www.farmacie-online.eu\\\/#\\\/schema\\\/logo\\\/image\\\/\"}}]}<\/script>\n<!-- \/ Yoast SEO plugin. -->","yoast_head_json":{"title":"Origins Clear Improvement Masca de curatare pentru fata - Farmacie online!","robots":{"index":"index","follow":"follow","max-snippet":"max-snippet:-1","max-image-preview":"max-image-preview:large","max-video-preview":"max-video-preview:-1"},"canonical":"https:\/\/www.farmacie-online.eu\/ro\/produs\/origins-clear-improvement-masca-de-curatare-pentru-fata\/","og_locale":"ro_RO","og_type":"article","og_title":"Origins Clear Improvement Masca de curatare pentru fata - Farmacie online!","og_description":"\u00cembog\u0103\u021bit\u0103 cu un duo dinamic de c\u0103rbune de bambus \u0219i argil\u0103, masca de cur\u0103\u021bare Origins Clear Improvement\u00ae Active Charcoal Mask To Clear Pores purific\u0103 \u0219i clarific\u0103, f\u0103c\u00e2nd minuni asupra texturii \u0219i porilor pielii.","og_url":"https:\/\/www.farmacie-online.eu\/ro\/produs\/origins-clear-improvement-masca-de-curatare-pentru-fata\/","og_site_name":"Farmacie online!","article_modified_time":"2026-05-14T08:15:58+00:00","og_image":[{"width":500,"height":500,"url":"https:\/\/www.farmacie-online.eu\/wp-content\/uploads\/2026\/05\/origins-masti-clear-improvement-mask-75-ml-64ee219b4f94ea315d2d1a93.jpg.png","type":"image\/png"}],"twitter_card":"summary_large_image","twitter_misc":{"Timp estimat pentru citire":"1 minut"},"schema":{"@context":"https:\/\/schema.org","@graph":[{"@type":"WebPage","@id":"https:\/\/www.farmacie-online.eu\/product\/origins-clear-improvement-masca-de-curatare-pentru-fata\/","url":"https:\/\/www.farmacie-online.eu\/product\/origins-clear-improvement-masca-de-curatare-pentru-fata\/","name":"Origins Clear Improvement Masca de curatare pentru fata - Farmacie online!","isPartOf":{"@id":"https:\/\/www.farmacie-online.eu\/#website"},"primaryImageOfPage":{"@id":"https:\/\/www.farmacie-online.eu\/product\/origins-clear-improvement-masca-de-curatare-pentru-fata\/#primaryimage"},"image":{"@id":"https:\/\/www.farmacie-online.eu\/product\/origins-clear-improvement-masca-de-curatare-pentru-fata\/#primaryimage"},"thumbnailUrl":"https:\/\/www.farmacie-online.eu\/wp-content\/uploads\/2026\/05\/origins-masti-clear-improvement-mask-75-ml-64ee219b4f94ea315d2d1a93.jpg.png","datePublished":"2026-05-14T08:15:57+00:00","dateModified":"2026-05-14T08:15:58+00:00","breadcrumb":{"@id":"https:\/\/www.farmacie-online.eu\/product\/origins-clear-improvement-masca-de-curatare-pentru-fata\/#breadcrumb"},"inLanguage":"ro-RO","potentialAction":[{"@type":"ReadAction","target":["https:\/\/www.farmacie-online.eu\/product\/origins-clear-improvement-masca-de-curatare-pentru-fata\/"]}]},{"@type":"ImageObject","inLanguage":"ro-RO","@id":"https:\/\/www.farmacie-online.eu\/product\/origins-clear-improvement-masca-de-curatare-pentru-fata\/#primaryimage","url":"https:\/\/www.farmacie-online.eu\/wp-content\/uploads\/2026\/05\/origins-masti-clear-improvement-mask-75-ml-64ee219b4f94ea315d2d1a93.jpg.png","contentUrl":"https:\/\/www.farmacie-online.eu\/wp-content\/uploads\/2026\/05\/origins-masti-clear-improvement-mask-75-ml-64ee219b4f94ea315d2d1a93.jpg.png","width":500,"height":500},{"@type":"BreadcrumbList","@id":"https:\/\/www.farmacie-online.eu\/product\/origins-clear-improvement-masca-de-curatare-pentru-fata\/#breadcrumb","itemListElement":[{"@type":"ListItem","position":1,"name":"Prima pagin\u0103","item":"https:\/\/www.farmacie-online.eu\/"},{"@type":"ListItem","position":2,"name":"Produse","item":"https:\/\/www.farmacie-online.eu\/produse\/"},{"@type":"ListItem","position":3,"name":"Origins Clear Improvement Masca de curatare pentru fata"}]},{"@type":"WebSite","@id":"https:\/\/www.farmacie-online.eu\/#website","url":"https:\/\/www.farmacie-online.eu\/","name":"Farmacie online!","description":"Comanzi online, prime\u0219ti rapid!","publisher":{"@id":"https:\/\/www.farmacie-online.eu\/#organization"},"potentialAction":[{"@type":"SearchAction","target":{"@type":"EntryPoint","urlTemplate":"https:\/\/www.farmacie-online.eu\/?s={search_term_string}"},"query-input":{"@type":"PropertyValueSpecification","valueRequired":true,"valueName":"search_term_string"}}],"inLanguage":"ro-RO"},{"@type":"Organization","@id":"https:\/\/www.farmacie-online.eu\/#organization","name":"Farmacie online!","url":"https:\/\/www.farmacie-online.eu\/","logo":{"@type":"ImageObject","inLanguage":"ro-RO","@id":"https:\/\/www.farmacie-online.eu\/#\/schema\/logo\/image\/","url":"https:\/\/www.farmacie-online.eu\/wp-content\/uploads\/2023\/08\/cropped-favicon.webp","contentUrl":"https:\/\/www.farmacie-online.eu\/wp-content\/uploads\/2023\/08\/cropped-favicon.webp","width":500,"height":211,"caption":"Farmacie online!"},"image":{"@id":"https:\/\/www.farmacie-online.eu\/#\/schema\/logo\/image\/"}}]}},"jetpack_sharing_enabled":true,"_links":{"self":[{"href":"https:\/\/www.farmacie-online.eu\/ro\/wp-json\/wp\/v2\/product\/9021","targetHints":{"allow":["GET"]}}],"collection":[{"href":"https:\/\/www.farmacie-online.eu\/ro\/wp-json\/wp\/v2\/product"}],"about":[{"href":"https:\/\/www.farmacie-online.eu\/ro\/wp-json\/wp\/v2\/types\/product"}],"replies":[{"embeddable":true,"href":"https:\/\/www.farmacie-online.eu\/ro\/wp-json\/wp\/v2\/comments?post=9021"}],"wp:featuredmedia":[{"embeddable":true,"href":"https:\/\/www.farmacie-online.eu\/ro\/wp-json\/wp\/v2\/media\/9024"}],"wp:attachment":[{"href":"https:\/\/www.farmacie-online.eu\/ro\/wp-json\/wp\/v2\/media?parent=9021"}],"wp:term":[{"taxonomy":"product_brand","embeddable":true,"href":"https:\/\/www.farmacie-online.eu\/ro\/wp-json\/wp\/v2\/product_brand?post=9021"},{"taxonomy":"product_cat","embeddable":true,"href":"https:\/\/www.farmacie-online.eu\/ro\/wp-json\/wp\/v2\/product_cat?post=9021"},{"taxonomy":"product_tag","embeddable":true,"href":"https:\/\/www.farmacie-online.eu\/ro\/wp-json\/wp\/v2\/product_tag?post=9021"}],"curies":[{"name":"wp","href":"https:\/\/api.w.org\/{rel}","templated":true}]}}