{"id":8966,"date":"2025-11-17T07:34:31","date_gmt":"2025-11-17T05:34:31","guid":{"rendered":"https:\/\/www.farmacie-online.eu\/?post_type=product&#038;p=8966"},"modified":"2026-03-30T14:53:32","modified_gmt":"2026-03-30T12:53:32","slug":"magiun-turcesc-sidra-maximum-power-240g","status":"publish","type":"product","link":"https:\/\/www.farmacie-online.eu\/ro\/produs\/magiun-turcesc-sidra-maximum-power-240g\/","title":{"rendered":"Magiun turcesc Sidra Maximum Power 240G"},"content":{"rendered":"<p data-start=\"0\" data-end=\"93\"><strong data-start=\"0\" data-end=\"91\">Magiun Afrodisiac Sidra 240 g \u2013 Energie, Vitalitate \u0219i Armonie Natural\u0103 pentru Ea \u0219i El<\/strong><\/p>\n<p data-start=\"95\" data-end=\"447\"><strong data-start=\"95\" data-end=\"121\">Epimedium Magiun Sidra<\/strong>\u00a0este un supliment 100% natural, conceput pentru a sprijini vitalitatea, performan\u021ba \u0219i echilibrul intim at\u00e2t la b\u0103rba\u021bi, c\u00e2t \u0219i la femei. Realizat dup\u0103 o\u00a0<strong data-start=\"276\" data-end=\"309\">re\u021bet\u0103 tradi\u021bional\u0103 oriental\u0103<\/strong>, acest magiun reune\u0219te \u00eentr-o formul\u0103 concentrat\u0103 o selec\u021bie de ingrediente naturale cu propriet\u0103\u021bi afrodisiace, tonice \u0219i energizante.<\/p>\n<p data-start=\"449\" data-end=\"640\">Certificat de\u00a0<strong data-start=\"463\" data-end=\"508\">Institutul de Bioresurse Alimentare (IBA)<\/strong>\u00a0\u0219i\u00a0<strong data-start=\"512\" data-end=\"535\">\u00eenregistrat la OSIM<\/strong>, produsul garanteaz\u0103 calitate, siguran\u021b\u0103 \u0219i eficien\u021b\u0103, f\u0103r\u0103 substan\u021be chimice sau aditivi artificiali.<\/p>\n<h3 data-start=\"642\" data-end=\"672\">Beneficii \u0219i propriet\u0103\u021bi<\/h3>\n<ul data-start=\"673\" data-end=\"1152\">\n<li data-start=\"673\" data-end=\"755\">\n<p data-start=\"675\" data-end=\"755\"><strong data-start=\"675\" data-end=\"707\">Rezultate naturale \u0219i sigure<\/strong>, f\u0103r\u0103 efecte secundare sau stres suplimentar.<\/p>\n<\/li>\n<li data-start=\"756\" data-end=\"870\">\n<p data-start=\"758\" data-end=\"870\"><strong data-start=\"758\" data-end=\"792\">\u00cembun\u0103t\u0103\u021be\u0219te func\u021bia erectil\u0103<\/strong>\u00a0la b\u0103rba\u021bi \u0219i\u00a0<strong data-start=\"807\" data-end=\"841\">stimuleaz\u0103 circula\u021bia sanguin\u0103<\/strong>\u00a0\u00een zonele intime la femei.<\/p>\n<\/li>\n<li data-start=\"871\" data-end=\"953\">\n<p data-start=\"873\" data-end=\"953\"><strong data-start=\"873\" data-end=\"916\">Sus\u021bine libidoul \u0219i echilibrul hormonal<\/strong>, oferind o stare general\u0103 de bine.<\/p>\n<\/li>\n<li data-start=\"954\" data-end=\"1053\">\n<p data-start=\"956\" data-end=\"1053\"><strong data-start=\"956\" data-end=\"984\">Revitalizeaz\u0103 organismul<\/strong>, cre\u0219te energia \u0219i ajut\u0103 la combaterea oboselii fizice \u0219i mentale.<\/p>\n<\/li>\n<li data-start=\"1054\" data-end=\"1152\">\n<p data-start=\"1056\" data-end=\"1152\">Recomandat pentru reducerea problemelor de\u00a0<strong data-start=\"1099\" data-end=\"1122\">ejaculare prematur\u0103<\/strong>\u00a0\u0219i\u00a0<strong data-start=\"1126\" data-end=\"1149\">disfunc\u021bie erectil\u0103<\/strong>.<\/p>\n<\/li>\n<\/ul>\n<h3 data-start=\"1154\" data-end=\"1177\">Ingrediente cheie<\/h3>\n<p data-start=\"1178\" data-end=\"1293\">Formula\u00a0<strong data-start=\"1186\" data-end=\"1195\">Sidra<\/strong>\u00a0con\u021bine un amestec echilibrat de plante, extracte \u0219i ingrediente naturale cu ac\u021biune sinergic\u0103:<\/p>\n<ul data-start=\"1295\" data-end=\"2426\">\n<li data-start=\"1295\" data-end=\"1397\">\n<p data-start=\"1297\" data-end=\"1397\"><strong data-start=\"1297\" data-end=\"1324\">Maca (Ginseng Peruvian)<\/strong>\u00a0\u2013 stimuleaz\u0103 dorin\u021ba sexual\u0103 \u0219i cre\u0219te vitalitatea pentru ambele sexe.<\/p>\n<\/li>\n<li data-start=\"1398\" data-end=\"1495\">\n<p data-start=\"1400\" data-end=\"1495\"><strong data-start=\"1400\" data-end=\"1423\">Tribulus Terrestris<\/strong>\u00a0\u2013 sus\u021bine nivelul de testosteron, performan\u021ba fizic\u0103 \u0219i fertilitatea.<\/p>\n<\/li>\n<li data-start=\"1496\" data-end=\"1585\">\n<p data-start=\"1498\" data-end=\"1585\"><strong data-start=\"1498\" data-end=\"1511\">Cola Vera<\/strong>\u00a0\u2013 ofer\u0103 energie, combate stresul \u0219i ac\u021bioneaz\u0103 ca antidepresiv natural.<\/p>\n<\/li>\n<li data-start=\"1586\" data-end=\"1689\">\n<p data-start=\"1588\" data-end=\"1689\"><strong data-start=\"1588\" data-end=\"1605\">Ginkgo Biloba<\/strong>\u00a0\u2013 \u00eembun\u0103t\u0103\u021be\u0219te circula\u021bia s\u00e2ngelui, prelunge\u0219te erec\u021bia \u0219i intensific\u0103 pl\u0103cerea.<\/p>\n<\/li>\n<li data-start=\"1690\" data-end=\"1791\">\n<p data-start=\"1692\" data-end=\"1791\"><strong data-start=\"1692\" data-end=\"1711\">Lesser Galangal<\/strong>\u00a0\u2013 ingredient tradi\u021bional asiatic care revigoreaz\u0103 energia \u0219i tonusul general.<\/p>\n<\/li>\n<li data-start=\"1792\" data-end=\"1876\">\n<p data-start=\"1794\" data-end=\"1876\"><strong data-start=\"1794\" data-end=\"1811\">Melas\u0103 de dud<\/strong>\u00a0\u2013 sprijin\u0103 s\u0103n\u0103tatea prostatei \u0219i \u00eent\u0103re\u0219te sistemul imunitar.<\/p>\n<\/li>\n<li data-start=\"1877\" data-end=\"2003\">\n<p data-start=\"1879\" data-end=\"2003\"><strong data-start=\"1879\" data-end=\"1919\">Polen de albine \u0219i l\u0103pti\u0219or de matc\u0103<\/strong>\u00a0\u2013 surse naturale de proteine, vitamine \u0219i minerale, oferind energie \u0219i echilibru.<\/p>\n<\/li>\n<li data-start=\"2004\" data-end=\"2090\">\n<p data-start=\"2006\" data-end=\"2090\"><strong data-start=\"2006\" data-end=\"2028\">Ginseng \u0219i ghimbir<\/strong>\u00a0\u2013 tonice naturale, stimuleaz\u0103 circula\u021bia \u0219i reduc oboseala.<\/p>\n<\/li>\n<li data-start=\"2091\" data-end=\"2195\">\n<p data-start=\"2093\" data-end=\"2195\"><strong data-start=\"2093\" data-end=\"2120\">Urzic\u0103, dovleac \u0219i ov\u0103z<\/strong>\u00a0\u2013 sprijin\u0103 s\u0103n\u0103tatea oaselor, echilibrul hormonal \u0219i vitalitatea pielii.<\/p>\n<\/li>\n<li data-start=\"2196\" data-end=\"2315\">\n<p data-start=\"2198\" data-end=\"2315\"><strong data-start=\"2198\" data-end=\"2224\">Vanilie \u0219i scor\u021bi\u0219oar\u0103<\/strong>\u00a0\u2013 arome naturale care relaxeaz\u0103, \u00eembun\u0103t\u0103\u021besc starea de spirit \u0219i cresc dorin\u021ba sexual\u0103.<\/p>\n<\/li>\n<li data-start=\"2316\" data-end=\"2426\">\n<p data-start=\"2318\" data-end=\"2426\"><strong data-start=\"2318\" data-end=\"2336\">Miere de flori<\/strong>\u00a0\u2013 baz\u0103 nutritiv\u0103 bogat\u0103 \u00een minerale \u0219i enzime, oferind gust pl\u0103cut \u0219i efect energizant.<\/p>\n<\/li>\n<\/ul>\n<h3 data-start=\"2428\" data-end=\"2453\">Mod de administrare<\/h3>\n<ul data-start=\"2454\" data-end=\"2683\">\n<li data-start=\"2454\" data-end=\"2524\">\n<p data-start=\"2456\" data-end=\"2524\"><strong data-start=\"2456\" data-end=\"2475\">Amesteca\u021bi bine<\/strong>\u00a0produsul \u00eenainte de consum pentru omogenizare.<\/p>\n<\/li>\n<li data-start=\"2525\" data-end=\"2577\">\n<p data-start=\"2527\" data-end=\"2577\">Se recomand\u0103\u00a0<strong data-start=\"2540\" data-end=\"2568\">o linguri\u021b\u0103 (aprox. 5 g)<\/strong>\u00a0pe zi.<\/p>\n<\/li>\n<li data-start=\"2578\" data-end=\"2642\">\n<p data-start=\"2580\" data-end=\"2642\">Efectele se resimt la\u00a0<strong data-start=\"2602\" data-end=\"2639\">30\u201345 de minute dup\u0103 administrare<\/strong>.<\/p>\n<\/li>\n<li data-start=\"2643\" data-end=\"2683\">\n<p data-start=\"2645\" data-end=\"2683\">Nu se recomand\u0103 amestecul cu alcool.<\/p>\n<\/li>\n<\/ul>","protected":false},"excerpt":{"rendered":"<p><strong data-start=\"0\" data-end=\"91\">Magiun Afrodisiac Sidra 240 g \u2013 Energie, Vitalitate \u0219i Armonie Natural\u0103 pentru Ea \u0219i El<\/strong><\/p>","protected":false},"featured_media":8968,"comment_status":"closed","ping_status":"closed","template":"..\/public\/views\/revslider-page-template.php","meta":{"inline_featured_image":false},"product_brand":[],"product_cat":[78,50],"product_tag":[133,134],"class_list":{"0":"post-8966","1":"product","2":"type-product","3":"status-publish","4":"has-post-thumbnail","6":"product_cat-viata-sexuala","7":"product_cat-vitamine-suplimente","8":"product_tag-madiun-turcesc","9":"product_tag-magiun-afrodisiac","11":"first","12":"instock","13":"sale","14":"featured","15":"shipping-taxable","16":"purchasable","17":"product-type-simple"},"yoast_head":"<!-- This site is optimized with the Yoast SEO plugin v27.4 - https:\/\/yoast.com\/product\/yoast-seo-wordpress\/ -->\n<title>Magiun turcesc Sidra Maximum Power 240G - Farmacie online!<\/title>\n<meta name=\"robots\" content=\"index, follow, max-snippet:-1, max-image-preview:large, max-video-preview:-1\" \/>\n<link rel=\"canonical\" href=\"https:\/\/www.farmacie-online.eu\/ro\/produs\/magiun-turcesc-sidra-maximum-power-240g\/\" \/>\n<meta property=\"og:locale\" content=\"ro_RO\" \/>\n<meta property=\"og:type\" content=\"article\" \/>\n<meta property=\"og:title\" content=\"Magiun turcesc Sidra Maximum Power 240G - Farmacie online!\" \/>\n<meta property=\"og:description\" content=\"Magiun Afrodisiac Sidra 240 g \u2013 Energie, Vitalitate \u0219i Armonie Natural\u0103 pentru Ea \u0219i El\" \/>\n<meta property=\"og:url\" content=\"https:\/\/www.farmacie-online.eu\/ro\/produs\/magiun-turcesc-sidra-maximum-power-240g\/\" \/>\n<meta property=\"og:site_name\" content=\"Farmacie online!\" \/>\n<meta property=\"article:modified_time\" content=\"2026-03-30T12:53:32+00:00\" \/>\n<meta property=\"og:image\" content=\"https:\/\/www.farmacie-online.eu\/wp-content\/uploads\/2025\/11\/magiun-turcesc-sidra-maximum-power-240g.jpg\" \/>\n\t<meta property=\"og:image:width\" content=\"510\" \/>\n\t<meta property=\"og:image:height\" content=\"382\" \/>\n\t<meta property=\"og:image:type\" content=\"image\/jpeg\" \/>\n<meta name=\"twitter:card\" content=\"summary_large_image\" \/>\n<meta name=\"twitter:label1\" content=\"Timp estimat pentru citire\" \/>\n\t<meta name=\"twitter:data1\" content=\"3 minute\" \/>\n<script type=\"application\/ld+json\" class=\"yoast-schema-graph\">{\"@context\":\"https:\\\/\\\/schema.org\",\"@graph\":[{\"@type\":\"WebPage\",\"@id\":\"https:\\\/\\\/www.farmacie-online.eu\\\/product\\\/magiun-turcesc-sidra-maximum-power-240g\\\/\",\"url\":\"https:\\\/\\\/www.farmacie-online.eu\\\/product\\\/magiun-turcesc-sidra-maximum-power-240g\\\/\",\"name\":\"Magiun turcesc Sidra Maximum Power 240G - Farmacie online!\",\"isPartOf\":{\"@id\":\"https:\\\/\\\/www.farmacie-online.eu\\\/#website\"},\"primaryImageOfPage\":{\"@id\":\"https:\\\/\\\/www.farmacie-online.eu\\\/product\\\/magiun-turcesc-sidra-maximum-power-240g\\\/#primaryimage\"},\"image\":{\"@id\":\"https:\\\/\\\/www.farmacie-online.eu\\\/product\\\/magiun-turcesc-sidra-maximum-power-240g\\\/#primaryimage\"},\"thumbnailUrl\":\"https:\\\/\\\/www.farmacie-online.eu\\\/wp-content\\\/uploads\\\/2025\\\/11\\\/magiun-turcesc-sidra-maximum-power-240g.jpg\",\"datePublished\":\"2025-11-17T05:34:31+00:00\",\"dateModified\":\"2026-03-30T12:53:32+00:00\",\"breadcrumb\":{\"@id\":\"https:\\\/\\\/www.farmacie-online.eu\\\/product\\\/magiun-turcesc-sidra-maximum-power-240g\\\/#breadcrumb\"},\"inLanguage\":\"ro-RO\",\"potentialAction\":[{\"@type\":\"ReadAction\",\"target\":[\"https:\\\/\\\/www.farmacie-online.eu\\\/product\\\/magiun-turcesc-sidra-maximum-power-240g\\\/\"]}]},{\"@type\":\"ImageObject\",\"inLanguage\":\"ro-RO\",\"@id\":\"https:\\\/\\\/www.farmacie-online.eu\\\/product\\\/magiun-turcesc-sidra-maximum-power-240g\\\/#primaryimage\",\"url\":\"https:\\\/\\\/www.farmacie-online.eu\\\/wp-content\\\/uploads\\\/2025\\\/11\\\/magiun-turcesc-sidra-maximum-power-240g.jpg\",\"contentUrl\":\"https:\\\/\\\/www.farmacie-online.eu\\\/wp-content\\\/uploads\\\/2025\\\/11\\\/magiun-turcesc-sidra-maximum-power-240g.jpg\",\"width\":510,\"height\":382},{\"@type\":\"BreadcrumbList\",\"@id\":\"https:\\\/\\\/www.farmacie-online.eu\\\/product\\\/magiun-turcesc-sidra-maximum-power-240g\\\/#breadcrumb\",\"itemListElement\":[{\"@type\":\"ListItem\",\"position\":1,\"name\":\"Prima pagin\u0103\",\"item\":\"https:\\\/\\\/www.farmacie-online.eu\\\/\"},{\"@type\":\"ListItem\",\"position\":2,\"name\":\"Produse\",\"item\":\"https:\\\/\\\/www.farmacie-online.eu\\\/produse\\\/\"},{\"@type\":\"ListItem\",\"position\":3,\"name\":\"Magiun turcesc Sidra Maximum Power 240G\"}]},{\"@type\":\"WebSite\",\"@id\":\"https:\\\/\\\/www.farmacie-online.eu\\\/#website\",\"url\":\"https:\\\/\\\/www.farmacie-online.eu\\\/\",\"name\":\"Farmacie online!\",\"description\":\"Comanzi online, prime\u0219ti rapid!\",\"publisher\":{\"@id\":\"https:\\\/\\\/www.farmacie-online.eu\\\/#organization\"},\"potentialAction\":[{\"@type\":\"SearchAction\",\"target\":{\"@type\":\"EntryPoint\",\"urlTemplate\":\"https:\\\/\\\/www.farmacie-online.eu\\\/?s={search_term_string}\"},\"query-input\":{\"@type\":\"PropertyValueSpecification\",\"valueRequired\":true,\"valueName\":\"search_term_string\"}}],\"inLanguage\":\"ro-RO\"},{\"@type\":\"Organization\",\"@id\":\"https:\\\/\\\/www.farmacie-online.eu\\\/#organization\",\"name\":\"Farmacie online!\",\"url\":\"https:\\\/\\\/www.farmacie-online.eu\\\/\",\"logo\":{\"@type\":\"ImageObject\",\"inLanguage\":\"ro-RO\",\"@id\":\"https:\\\/\\\/www.farmacie-online.eu\\\/#\\\/schema\\\/logo\\\/image\\\/\",\"url\":\"https:\\\/\\\/www.farmacie-online.eu\\\/wp-content\\\/uploads\\\/2023\\\/08\\\/cropped-favicon.webp\",\"contentUrl\":\"https:\\\/\\\/www.farmacie-online.eu\\\/wp-content\\\/uploads\\\/2023\\\/08\\\/cropped-favicon.webp\",\"width\":500,\"height\":211,\"caption\":\"Farmacie online!\"},\"image\":{\"@id\":\"https:\\\/\\\/www.farmacie-online.eu\\\/#\\\/schema\\\/logo\\\/image\\\/\"}}]}<\/script>\n<!-- \/ Yoast SEO plugin. -->","yoast_head_json":{"title":"Magiun turcesc Sidra Maximum Power 240G - Farmacie online!","robots":{"index":"index","follow":"follow","max-snippet":"max-snippet:-1","max-image-preview":"max-image-preview:large","max-video-preview":"max-video-preview:-1"},"canonical":"https:\/\/www.farmacie-online.eu\/ro\/produs\/magiun-turcesc-sidra-maximum-power-240g\/","og_locale":"ro_RO","og_type":"article","og_title":"Magiun turcesc Sidra Maximum Power 240G - Farmacie online!","og_description":"Magiun Afrodisiac Sidra 240 g \u2013 Energie, Vitalitate \u0219i Armonie Natural\u0103 pentru Ea \u0219i El","og_url":"https:\/\/www.farmacie-online.eu\/ro\/produs\/magiun-turcesc-sidra-maximum-power-240g\/","og_site_name":"Farmacie online!","article_modified_time":"2026-03-30T12:53:32+00:00","og_image":[{"width":510,"height":382,"url":"https:\/\/www.farmacie-online.eu\/wp-content\/uploads\/2025\/11\/magiun-turcesc-sidra-maximum-power-240g.jpg","type":"image\/jpeg"}],"twitter_card":"summary_large_image","twitter_misc":{"Timp estimat pentru citire":"3 minute"},"schema":{"@context":"https:\/\/schema.org","@graph":[{"@type":"WebPage","@id":"https:\/\/www.farmacie-online.eu\/product\/magiun-turcesc-sidra-maximum-power-240g\/","url":"https:\/\/www.farmacie-online.eu\/product\/magiun-turcesc-sidra-maximum-power-240g\/","name":"Magiun turcesc Sidra Maximum Power 240G - Farmacie online!","isPartOf":{"@id":"https:\/\/www.farmacie-online.eu\/#website"},"primaryImageOfPage":{"@id":"https:\/\/www.farmacie-online.eu\/product\/magiun-turcesc-sidra-maximum-power-240g\/#primaryimage"},"image":{"@id":"https:\/\/www.farmacie-online.eu\/product\/magiun-turcesc-sidra-maximum-power-240g\/#primaryimage"},"thumbnailUrl":"https:\/\/www.farmacie-online.eu\/wp-content\/uploads\/2025\/11\/magiun-turcesc-sidra-maximum-power-240g.jpg","datePublished":"2025-11-17T05:34:31+00:00","dateModified":"2026-03-30T12:53:32+00:00","breadcrumb":{"@id":"https:\/\/www.farmacie-online.eu\/product\/magiun-turcesc-sidra-maximum-power-240g\/#breadcrumb"},"inLanguage":"ro-RO","potentialAction":[{"@type":"ReadAction","target":["https:\/\/www.farmacie-online.eu\/product\/magiun-turcesc-sidra-maximum-power-240g\/"]}]},{"@type":"ImageObject","inLanguage":"ro-RO","@id":"https:\/\/www.farmacie-online.eu\/product\/magiun-turcesc-sidra-maximum-power-240g\/#primaryimage","url":"https:\/\/www.farmacie-online.eu\/wp-content\/uploads\/2025\/11\/magiun-turcesc-sidra-maximum-power-240g.jpg","contentUrl":"https:\/\/www.farmacie-online.eu\/wp-content\/uploads\/2025\/11\/magiun-turcesc-sidra-maximum-power-240g.jpg","width":510,"height":382},{"@type":"BreadcrumbList","@id":"https:\/\/www.farmacie-online.eu\/product\/magiun-turcesc-sidra-maximum-power-240g\/#breadcrumb","itemListElement":[{"@type":"ListItem","position":1,"name":"Prima pagin\u0103","item":"https:\/\/www.farmacie-online.eu\/"},{"@type":"ListItem","position":2,"name":"Produse","item":"https:\/\/www.farmacie-online.eu\/produse\/"},{"@type":"ListItem","position":3,"name":"Magiun turcesc Sidra Maximum Power 240G"}]},{"@type":"WebSite","@id":"https:\/\/www.farmacie-online.eu\/#website","url":"https:\/\/www.farmacie-online.eu\/","name":"Farmacie online!","description":"Comanzi online, prime\u0219ti rapid!","publisher":{"@id":"https:\/\/www.farmacie-online.eu\/#organization"},"potentialAction":[{"@type":"SearchAction","target":{"@type":"EntryPoint","urlTemplate":"https:\/\/www.farmacie-online.eu\/?s={search_term_string}"},"query-input":{"@type":"PropertyValueSpecification","valueRequired":true,"valueName":"search_term_string"}}],"inLanguage":"ro-RO"},{"@type":"Organization","@id":"https:\/\/www.farmacie-online.eu\/#organization","name":"Farmacie online!","url":"https:\/\/www.farmacie-online.eu\/","logo":{"@type":"ImageObject","inLanguage":"ro-RO","@id":"https:\/\/www.farmacie-online.eu\/#\/schema\/logo\/image\/","url":"https:\/\/www.farmacie-online.eu\/wp-content\/uploads\/2023\/08\/cropped-favicon.webp","contentUrl":"https:\/\/www.farmacie-online.eu\/wp-content\/uploads\/2023\/08\/cropped-favicon.webp","width":500,"height":211,"caption":"Farmacie online!"},"image":{"@id":"https:\/\/www.farmacie-online.eu\/#\/schema\/logo\/image\/"}}]}},"jetpack_sharing_enabled":true,"_links":{"self":[{"href":"https:\/\/www.farmacie-online.eu\/ro\/wp-json\/wp\/v2\/product\/8966","targetHints":{"allow":["GET"]}}],"collection":[{"href":"https:\/\/www.farmacie-online.eu\/ro\/wp-json\/wp\/v2\/product"}],"about":[{"href":"https:\/\/www.farmacie-online.eu\/ro\/wp-json\/wp\/v2\/types\/product"}],"replies":[{"embeddable":true,"href":"https:\/\/www.farmacie-online.eu\/ro\/wp-json\/wp\/v2\/comments?post=8966"}],"wp:featuredmedia":[{"embeddable":true,"href":"https:\/\/www.farmacie-online.eu\/ro\/wp-json\/wp\/v2\/media\/8968"}],"wp:attachment":[{"href":"https:\/\/www.farmacie-online.eu\/ro\/wp-json\/wp\/v2\/media?parent=8966"}],"wp:term":[{"taxonomy":"product_brand","embeddable":true,"href":"https:\/\/www.farmacie-online.eu\/ro\/wp-json\/wp\/v2\/product_brand?post=8966"},{"taxonomy":"product_cat","embeddable":true,"href":"https:\/\/www.farmacie-online.eu\/ro\/wp-json\/wp\/v2\/product_cat?post=8966"},{"taxonomy":"product_tag","embeddable":true,"href":"https:\/\/www.farmacie-online.eu\/ro\/wp-json\/wp\/v2\/product_tag?post=8966"}],"curies":[{"name":"wp","href":"https:\/\/api.w.org\/{rel}","templated":true}]}}