{"id":8812,"date":"2024-04-12T08:10:22","date_gmt":"2024-04-12T06:10:22","guid":{"rendered":"https:\/\/www.farmacie-online.eu\/?post_type=product&#038;p=8812"},"modified":"2024-09-02T00:09:37","modified_gmt":"2024-09-01T22:09:37","slug":"advanced-clinicals-colagen-52-ml","status":"publish","type":"product","link":"https:\/\/www.farmacie-online.eu\/ro\/produs\/advanced-clinicals-colagen-52-ml\/","title":{"rendered":"Advanced Clinicals Colagen (52 ml)"},"content":{"rendered":"<h4 class=\"css-77x51t\">Advanced Clinicals, Colagen, Instant Plumping Ser, 1.75 fl oz (52 ml)<\/h4>\n<ul class=\"a-unordered-list a-vertical a-spacing-mini\">\n<li class=\"a-spacing-mini\"><span class=\"a-list-item\">SER DE COLAGEN \u2013 Colagenul este o protein\u0103 care se g\u0103se\u0219te \u00een mod natural \u00een pielea, oasele \u0219i \u021besutul conjunctiv \u0219i joac\u0103 un rol crucial \u00een men\u021binerea structurii, elasticit\u0103\u021bii \u0219i fermit\u0103\u021bii pielii noastre. Pe m\u0103sur\u0103 ce \u00eemb\u0103tr\u00e2nim, produc\u021bia natural\u0103 de colagen a corpului nostru scade, ceea ce poate duce la apari\u021bia liniilor fine, a ridurilor \u0219i a pielii l\u0103sate. Serul de colagen Advanced Clinicals pentru fa\u021b\u0103 ajut\u0103 la cre\u0219terea elasticit\u0103\u021bii pielii, la restabilirea colagenului din piele \u0219i la hidrateaz\u0103 + hr\u0103ne\u0219te pielea, l\u0103s\u00e2nd-o s\u0103 se simt\u0103 mai moale, suple \u0219i mai rafinat\u0103.<\/span><\/li>\n<li class=\"a-spacing-mini\"><span class=\"a-list-item\">OPRI\u021aI CEA \u2013 Reintroduce\u021bi-v\u0103 pielea obosit\u0103 \u0219i uzat\u0103 de timp \u00een colagen. Un ingredient vedet\u0103 al serului pentru piele, aceast\u0103 protein\u0103 ajut\u0103 la refacerea umidit\u0103\u021bii, rezisten\u021bei \u0219i elasticit\u0103\u021bii pentru pielea care revine. O alternativ\u0103 bl\u00e2nd\u0103 la injec\u021bii care hr\u0103ne\u0219te un ten s\u0103n\u0103tos. Ajut\u0103 la estomparea imperfec\u021biunilor cu aceast\u0103 crem\u0103 hidratant\u0103 cu colagen. Superfructele \u0219i extractele de soia vizeaz\u0103 umflarea pielii, petele de v\u00e2rst\u0103, cearc\u0103nele, liniile fine, ridurile, pielea creponat\u0103 \u0219i multe altele.<\/span><\/li>\n<li class=\"a-spacing-mini\"><span class=\"a-list-item\">HRANIT + HIDRAT \u2013 Odata cu inaintarea in varsta, pielea noastra isi pierde elasticitatea si umiditatea, serul nostru hidratant Collagen Boost Anti-Aging, testat clinic, testat dermatolog si testat pentru alergii, netezeste vizibil aspectul texturii aspre a pielii, repedeaza tonusul general al pielii si reface umiditatea esentiala. pentru a reda vizibil volumul zonelor predispuse la lasare, pete intunecate si riduri. Hr\u0103ne\u0219te, hidrateaz\u0103 \u0219i \u00eemprosp\u0103teaz\u0103 pielea pentru un aspect mai s\u0103n\u0103tos, mai plin \u0219i mai t\u00e2n\u0103r, \u00een acela\u0219i timp \u00eembun\u0103t\u0103\u021bind elasticitatea pielii.<\/span><\/li>\n<li class=\"a-spacing-mini\"><span class=\"a-list-item\">INGREDIENTE EFICIENTE \u2013 Serul de colagen Advanced Clinicals este formulat cu combina\u021bia perfect\u0103 de ingrediente eficiente anti-\u00eemb\u0103tr\u00e2nire \u0219i de str\u00e2ngere a pielii, inclusiv vitamina C, retinol, vitamina E, miere de Manuka, ulei de nuc\u0103 de cocos, ulei de argan, unt de shea \u0219i altele. Retinolul \u00eent\u0103re\u0219te pielea. Untul de Shea, mierea de Manuka \u0219i uleiul de nuc\u0103 de cocos hidrateaz\u0103 \u00een profunzime pielea, \u00eembun\u0103t\u0103\u021besc elasticitatea \u0219i ofer\u0103 o barier\u0103 de protec\u021bie pentru a ajuta la prevenirea pierderii de umiditate. Vitamina C, Aloe Vera \u0219i Vitamina E ajut\u0103 la calmarea \u0219i hidratarea pielii.<\/span><\/li>\n<li class=\"a-spacing-mini\"><span class=\"a-list-item\">RELAX\u0102, PLUMP, &amp; RESTORE \u2013 Formula testat\u0103 dermatolog, testat\u0103 clinic \u0219i testat\u0103 pentru alergii. Fabricat \u00een laboratorul nostru reglementat \u0219i inspectat de FDA din Chicago, SUA. Dac\u0103, din orice motiv, decide\u021bi c\u0103 acest ser Advanced Clinicals Collagen nu este potrivit pentru pielea dvs., suntem aici pentru dvs. Fiecare amestec echilibrat inten\u021bionat de antioxidan\u021bi cheie, supernutrien\u021bi \u0219i activi botanici hr\u0103nitoare sporesc eficacitatea \u0219i ofer\u0103 beneficii de lung\u0103 durat\u0103 pentru piele, f\u0103r\u0103 aditivi sau parfumuri d\u0103un\u0103toare.<\/span><\/li>\n<\/ul>","protected":false},"excerpt":{"rendered":"<p><span class=\"a-list-item\">SER DE COLAGEN \u2013 Colagenul este o protein\u0103 care se g\u0103se\u0219te \u00een mod natural \u00een pielea, oasele \u0219i \u021besutul conjunctiv \u0219i joac\u0103 un rol crucial \u00een men\u021binerea structurii, elasticit\u0103\u021bii \u0219i fermit\u0103\u021bii pielii noastre.<\/span><\/p>","protected":false},"featured_media":8814,"comment_status":"closed","ping_status":"closed","template":"","meta":{"inline_featured_image":false},"product_brand":[],"product_cat":[36],"product_tag":[],"class_list":{"0":"post-8812","1":"product","2":"type-product","3":"status-publish","4":"has-post-thumbnail","6":"product_cat-dermato-cosmetice","8":"first","9":"instock","10":"shipping-taxable","11":"purchasable","12":"product-type-simple"},"yoast_head":"<!-- This site is optimized with the Yoast SEO plugin v27.4 - https:\/\/yoast.com\/product\/yoast-seo-wordpress\/ -->\n<title>Advanced Clinicals Colagen (52 ml) - Farmacie online!<\/title>\n<meta name=\"robots\" content=\"index, follow, max-snippet:-1, max-image-preview:large, max-video-preview:-1\" \/>\n<link rel=\"canonical\" href=\"https:\/\/www.farmacie-online.eu\/ro\/produs\/advanced-clinicals-colagen-52-ml\/\" \/>\n<meta property=\"og:locale\" content=\"ro_RO\" \/>\n<meta property=\"og:type\" content=\"article\" \/>\n<meta property=\"og:title\" content=\"Advanced Clinicals Colagen (52 ml) - Farmacie online!\" \/>\n<meta property=\"og:description\" content=\"SER DE COLAGEN \u2013 Colagenul este o protein\u0103 care se g\u0103se\u0219te \u00een mod natural \u00een pielea, oasele \u0219i \u021besutul conjunctiv \u0219i joac\u0103 un rol crucial \u00een men\u021binerea structurii, elasticit\u0103\u021bii \u0219i fermit\u0103\u021bii pielii noastre.\" \/>\n<meta property=\"og:url\" content=\"https:\/\/www.farmacie-online.eu\/ro\/produs\/advanced-clinicals-colagen-52-ml\/\" \/>\n<meta property=\"og:site_name\" content=\"Farmacie online!\" \/>\n<meta property=\"article:modified_time\" content=\"2024-09-01T22:09:37+00:00\" \/>\n<meta property=\"og:image\" content=\"https:\/\/www.farmacie-online.eu\/wp-content\/uploads\/2024\/04\/Advanced-Clinicals-Colagen-Instant-Plumping-Ser.jpg\" \/>\n\t<meta property=\"og:image:width\" content=\"2560\" \/>\n\t<meta property=\"og:image:height\" content=\"2560\" \/>\n\t<meta property=\"og:image:type\" content=\"image\/jpeg\" \/>\n<meta name=\"twitter:card\" content=\"summary_large_image\" \/>\n<meta name=\"twitter:label1\" content=\"Timp estimat pentru citire\" \/>\n\t<meta name=\"twitter:data1\" content=\"2 minute\" \/>\n<script type=\"application\/ld+json\" class=\"yoast-schema-graph\">{\"@context\":\"https:\\\/\\\/schema.org\",\"@graph\":[{\"@type\":\"WebPage\",\"@id\":\"https:\\\/\\\/www.farmacie-online.eu\\\/product\\\/advanced-clinicals-colagen-52-ml\\\/\",\"url\":\"https:\\\/\\\/www.farmacie-online.eu\\\/product\\\/advanced-clinicals-colagen-52-ml\\\/\",\"name\":\"Advanced Clinicals Colagen (52 ml) - Farmacie online!\",\"isPartOf\":{\"@id\":\"https:\\\/\\\/www.farmacie-online.eu\\\/#website\"},\"primaryImageOfPage\":{\"@id\":\"https:\\\/\\\/www.farmacie-online.eu\\\/product\\\/advanced-clinicals-colagen-52-ml\\\/#primaryimage\"},\"image\":{\"@id\":\"https:\\\/\\\/www.farmacie-online.eu\\\/product\\\/advanced-clinicals-colagen-52-ml\\\/#primaryimage\"},\"thumbnailUrl\":\"https:\\\/\\\/www.farmacie-online.eu\\\/wp-content\\\/uploads\\\/2024\\\/04\\\/Advanced-Clinicals-Colagen-Instant-Plumping-Ser.jpg\",\"datePublished\":\"2024-04-12T06:10:22+00:00\",\"dateModified\":\"2024-09-01T22:09:37+00:00\",\"breadcrumb\":{\"@id\":\"https:\\\/\\\/www.farmacie-online.eu\\\/product\\\/advanced-clinicals-colagen-52-ml\\\/#breadcrumb\"},\"inLanguage\":\"ro-RO\",\"potentialAction\":[{\"@type\":\"ReadAction\",\"target\":[\"https:\\\/\\\/www.farmacie-online.eu\\\/product\\\/advanced-clinicals-colagen-52-ml\\\/\"]}]},{\"@type\":\"ImageObject\",\"inLanguage\":\"ro-RO\",\"@id\":\"https:\\\/\\\/www.farmacie-online.eu\\\/product\\\/advanced-clinicals-colagen-52-ml\\\/#primaryimage\",\"url\":\"https:\\\/\\\/www.farmacie-online.eu\\\/wp-content\\\/uploads\\\/2024\\\/04\\\/Advanced-Clinicals-Colagen-Instant-Plumping-Ser.jpg\",\"contentUrl\":\"https:\\\/\\\/www.farmacie-online.eu\\\/wp-content\\\/uploads\\\/2024\\\/04\\\/Advanced-Clinicals-Colagen-Instant-Plumping-Ser.jpg\",\"width\":2560,\"height\":2560},{\"@type\":\"BreadcrumbList\",\"@id\":\"https:\\\/\\\/www.farmacie-online.eu\\\/product\\\/advanced-clinicals-colagen-52-ml\\\/#breadcrumb\",\"itemListElement\":[{\"@type\":\"ListItem\",\"position\":1,\"name\":\"Prima pagin\u0103\",\"item\":\"https:\\\/\\\/www.farmacie-online.eu\\\/\"},{\"@type\":\"ListItem\",\"position\":2,\"name\":\"Produse\",\"item\":\"https:\\\/\\\/www.farmacie-online.eu\\\/produse\\\/\"},{\"@type\":\"ListItem\",\"position\":3,\"name\":\"Advanced Clinicals Colagen (52 ml)\"}]},{\"@type\":\"WebSite\",\"@id\":\"https:\\\/\\\/www.farmacie-online.eu\\\/#website\",\"url\":\"https:\\\/\\\/www.farmacie-online.eu\\\/\",\"name\":\"Farmacie online!\",\"description\":\"Comanzi online, prime\u0219ti rapid!\",\"publisher\":{\"@id\":\"https:\\\/\\\/www.farmacie-online.eu\\\/#organization\"},\"potentialAction\":[{\"@type\":\"SearchAction\",\"target\":{\"@type\":\"EntryPoint\",\"urlTemplate\":\"https:\\\/\\\/www.farmacie-online.eu\\\/?s={search_term_string}\"},\"query-input\":{\"@type\":\"PropertyValueSpecification\",\"valueRequired\":true,\"valueName\":\"search_term_string\"}}],\"inLanguage\":\"ro-RO\"},{\"@type\":\"Organization\",\"@id\":\"https:\\\/\\\/www.farmacie-online.eu\\\/#organization\",\"name\":\"Farmacie online!\",\"url\":\"https:\\\/\\\/www.farmacie-online.eu\\\/\",\"logo\":{\"@type\":\"ImageObject\",\"inLanguage\":\"ro-RO\",\"@id\":\"https:\\\/\\\/www.farmacie-online.eu\\\/#\\\/schema\\\/logo\\\/image\\\/\",\"url\":\"https:\\\/\\\/www.farmacie-online.eu\\\/wp-content\\\/uploads\\\/2023\\\/08\\\/cropped-favicon.webp\",\"contentUrl\":\"https:\\\/\\\/www.farmacie-online.eu\\\/wp-content\\\/uploads\\\/2023\\\/08\\\/cropped-favicon.webp\",\"width\":500,\"height\":211,\"caption\":\"Farmacie online!\"},\"image\":{\"@id\":\"https:\\\/\\\/www.farmacie-online.eu\\\/#\\\/schema\\\/logo\\\/image\\\/\"}}]}<\/script>\n<!-- \/ Yoast SEO plugin. -->","yoast_head_json":{"title":"Advanced Clinicals Colagen (52 ml) - Farmacie online!","robots":{"index":"index","follow":"follow","max-snippet":"max-snippet:-1","max-image-preview":"max-image-preview:large","max-video-preview":"max-video-preview:-1"},"canonical":"https:\/\/www.farmacie-online.eu\/ro\/produs\/advanced-clinicals-colagen-52-ml\/","og_locale":"ro_RO","og_type":"article","og_title":"Advanced Clinicals Colagen (52 ml) - Farmacie online!","og_description":"SER DE COLAGEN \u2013 Colagenul este o protein\u0103 care se g\u0103se\u0219te \u00een mod natural \u00een pielea, oasele \u0219i \u021besutul conjunctiv \u0219i joac\u0103 un rol crucial \u00een men\u021binerea structurii, elasticit\u0103\u021bii \u0219i fermit\u0103\u021bii pielii noastre.","og_url":"https:\/\/www.farmacie-online.eu\/ro\/produs\/advanced-clinicals-colagen-52-ml\/","og_site_name":"Farmacie online!","article_modified_time":"2024-09-01T22:09:37+00:00","og_image":[{"width":2560,"height":2560,"url":"https:\/\/www.farmacie-online.eu\/wp-content\/uploads\/2024\/04\/Advanced-Clinicals-Colagen-Instant-Plumping-Ser.jpg","type":"image\/jpeg"}],"twitter_card":"summary_large_image","twitter_misc":{"Timp estimat pentru citire":"2 minute"},"schema":{"@context":"https:\/\/schema.org","@graph":[{"@type":"WebPage","@id":"https:\/\/www.farmacie-online.eu\/product\/advanced-clinicals-colagen-52-ml\/","url":"https:\/\/www.farmacie-online.eu\/product\/advanced-clinicals-colagen-52-ml\/","name":"Advanced Clinicals Colagen (52 ml) - Farmacie online!","isPartOf":{"@id":"https:\/\/www.farmacie-online.eu\/#website"},"primaryImageOfPage":{"@id":"https:\/\/www.farmacie-online.eu\/product\/advanced-clinicals-colagen-52-ml\/#primaryimage"},"image":{"@id":"https:\/\/www.farmacie-online.eu\/product\/advanced-clinicals-colagen-52-ml\/#primaryimage"},"thumbnailUrl":"https:\/\/www.farmacie-online.eu\/wp-content\/uploads\/2024\/04\/Advanced-Clinicals-Colagen-Instant-Plumping-Ser.jpg","datePublished":"2024-04-12T06:10:22+00:00","dateModified":"2024-09-01T22:09:37+00:00","breadcrumb":{"@id":"https:\/\/www.farmacie-online.eu\/product\/advanced-clinicals-colagen-52-ml\/#breadcrumb"},"inLanguage":"ro-RO","potentialAction":[{"@type":"ReadAction","target":["https:\/\/www.farmacie-online.eu\/product\/advanced-clinicals-colagen-52-ml\/"]}]},{"@type":"ImageObject","inLanguage":"ro-RO","@id":"https:\/\/www.farmacie-online.eu\/product\/advanced-clinicals-colagen-52-ml\/#primaryimage","url":"https:\/\/www.farmacie-online.eu\/wp-content\/uploads\/2024\/04\/Advanced-Clinicals-Colagen-Instant-Plumping-Ser.jpg","contentUrl":"https:\/\/www.farmacie-online.eu\/wp-content\/uploads\/2024\/04\/Advanced-Clinicals-Colagen-Instant-Plumping-Ser.jpg","width":2560,"height":2560},{"@type":"BreadcrumbList","@id":"https:\/\/www.farmacie-online.eu\/product\/advanced-clinicals-colagen-52-ml\/#breadcrumb","itemListElement":[{"@type":"ListItem","position":1,"name":"Prima pagin\u0103","item":"https:\/\/www.farmacie-online.eu\/"},{"@type":"ListItem","position":2,"name":"Produse","item":"https:\/\/www.farmacie-online.eu\/produse\/"},{"@type":"ListItem","position":3,"name":"Advanced Clinicals Colagen (52 ml)"}]},{"@type":"WebSite","@id":"https:\/\/www.farmacie-online.eu\/#website","url":"https:\/\/www.farmacie-online.eu\/","name":"Farmacie online!","description":"Comanzi online, prime\u0219ti rapid!","publisher":{"@id":"https:\/\/www.farmacie-online.eu\/#organization"},"potentialAction":[{"@type":"SearchAction","target":{"@type":"EntryPoint","urlTemplate":"https:\/\/www.farmacie-online.eu\/?s={search_term_string}"},"query-input":{"@type":"PropertyValueSpecification","valueRequired":true,"valueName":"search_term_string"}}],"inLanguage":"ro-RO"},{"@type":"Organization","@id":"https:\/\/www.farmacie-online.eu\/#organization","name":"Farmacie online!","url":"https:\/\/www.farmacie-online.eu\/","logo":{"@type":"ImageObject","inLanguage":"ro-RO","@id":"https:\/\/www.farmacie-online.eu\/#\/schema\/logo\/image\/","url":"https:\/\/www.farmacie-online.eu\/wp-content\/uploads\/2023\/08\/cropped-favicon.webp","contentUrl":"https:\/\/www.farmacie-online.eu\/wp-content\/uploads\/2023\/08\/cropped-favicon.webp","width":500,"height":211,"caption":"Farmacie online!"},"image":{"@id":"https:\/\/www.farmacie-online.eu\/#\/schema\/logo\/image\/"}}]}},"jetpack_sharing_enabled":true,"_links":{"self":[{"href":"https:\/\/www.farmacie-online.eu\/ro\/wp-json\/wp\/v2\/product\/8812","targetHints":{"allow":["GET"]}}],"collection":[{"href":"https:\/\/www.farmacie-online.eu\/ro\/wp-json\/wp\/v2\/product"}],"about":[{"href":"https:\/\/www.farmacie-online.eu\/ro\/wp-json\/wp\/v2\/types\/product"}],"replies":[{"embeddable":true,"href":"https:\/\/www.farmacie-online.eu\/ro\/wp-json\/wp\/v2\/comments?post=8812"}],"wp:featuredmedia":[{"embeddable":true,"href":"https:\/\/www.farmacie-online.eu\/ro\/wp-json\/wp\/v2\/media\/8814"}],"wp:attachment":[{"href":"https:\/\/www.farmacie-online.eu\/ro\/wp-json\/wp\/v2\/media?parent=8812"}],"wp:term":[{"taxonomy":"product_brand","embeddable":true,"href":"https:\/\/www.farmacie-online.eu\/ro\/wp-json\/wp\/v2\/product_brand?post=8812"},{"taxonomy":"product_cat","embeddable":true,"href":"https:\/\/www.farmacie-online.eu\/ro\/wp-json\/wp\/v2\/product_cat?post=8812"},{"taxonomy":"product_tag","embeddable":true,"href":"https:\/\/www.farmacie-online.eu\/ro\/wp-json\/wp\/v2\/product_tag?post=8812"}],"curies":[{"name":"wp","href":"https:\/\/api.w.org\/{rel}","templated":true}]}}