{"id":8781,"date":"2024-04-11T11:11:27","date_gmt":"2024-04-11T09:11:27","guid":{"rendered":"https:\/\/www.farmacie-online.eu\/?post_type=product&#038;p=8781"},"modified":"2024-08-02T00:01:44","modified_gmt":"2024-08-01T22:01:44","slug":"too-faced-born-this-way-the-natural-nudes","status":"publish","type":"product","link":"https:\/\/www.farmacie-online.eu\/ro\/produs\/too-faced-born-this-way-the-natural-nudes\/","title":{"rendered":"Too Faced Born This Way The Natural Nudes"},"content":{"rendered":"<p>Inspirata din superba colectie de fonduri de ten Born This Way, aceasta paleta de farduri de pleoape contine 16 nuante moderne, extrem de pigmentate. Create pentru a flata aspectul fondului de ten Born This Way, fardurile de pleoape cu efecte metalice, sidefate sau paietate iti ofera o stralucire naturala si sexy, astfel incat toti vor crede ca esti radioasa in mod natural (Born This Way).<\/p>\n<h2 id=\"ingredients_heading\" class=\"css-yd7nle eanm77i0\" data-comp=\"StyledComponent BaseComponent \"><span>Ingrediente<\/span><\/h2>\n<div id=\"ingredients\" class=\"css-1imcv2s\" aria-labelledby=\"ingredients_heading\">\n<div class=\"css-1ue8dmw eanm77i0\" data-comp=\"StyledComponent BaseComponent \">\n<div><span>-Apa de cocos: Ajuta la mentinerea nivelului de umiditate al pielii.<\/span><br \/>\n<span>&#8211; Trandafir alpin: Ajut\u0103 la hr\u0103nirea pielii.<\/span><br \/>\n<span>-Acid hialuronic: Ofera un aspect mai fin, mai tineresc.<\/span><\/p>\n<p><b><span>Leb\u0103da, nud, petal\u0103, trandafir cald:<\/span><\/b><br \/>\n<span>talc, silice, metacrilat de polimetil, dimeticon\u0103, trietoxicaprililsilan, hialuronat de sodiu, suc de fructe de Cocos Nucifera (nuc\u0103 de cocos), endosperm lichid de Cocos Nucifera, extract de rododendron ferrugineum, malat de diizostearil hidroxin\u0103, aluministerilhidroxin\u0103 , ap\u0103\\Aqua\\Eau, hexilen glicol, caprylil glicol, stearat de zinc, fenoxietanol, sorbat de potasiu, benzoat de sodiu, [+\/- mica, dioxid de titan (CI 77891), oxizi de fier (CI 77491), oxizi de fier (CI 77492) , Oxizi de fier (CI 77499), Carmine (CI 75470), Ultramarines (CI 77007), Yellow 5 Lake (CI 19140)].<\/span><\/p>\n<p><b><span>Ar\u021bar, cacao:<\/span><\/b><br \/>\n<span>talc, hidroxid de aluminiu, silice, metacrilat de polimetil, dimeticon\u0103, hialuronat de sodiu, suc de fructe de Cocos Nucifera (nuc\u0103 de cocos), endosperm lichid de Cocos Nucifera, extract de Rhododendron Ferrugineum, malat de diizostearil, glicerin\u0103, ap\u0103 lauraxilane, trilaxililane, ap\u0103 Ap\u0103, hexilenglicol, caprylil glicol, stearat de zinc, fenoxietanol, benzoat de sodiu, sorbat de potasiu, [+\/- mica, dioxid de titan (CI 77891), oxizi de fier (CI 77491), oxizi de fier (CI 77492), oxizi de fier (CI 77492), 77499), Yellow 5 Lake (CI 19140), Carmine (CI 75470)].<\/span><\/p>\n<p><b><span>Scoici de mare, zibel\u0103 spumoas\u0103:<\/span><\/b><br \/>\n<span>talc, silice, metacrilat de polimetil, dimeticon\u0103, trietoxicaprililsilan, hialuronat de sodiu, suc de fructe de Cocos Nucifera (nuc\u0103 de cocos), endosperm lichid de Cocos Nucifera, extract de Rhododendron Ferrugineum, malat de diizostearil, hidroxilac de aluminiu, hidroxilac de aluminiu, hidroxilade de aluminiu \\Eau, hexilen glicol, caprylil glicol, stearat de zinc, fenoxietanol, benzoat de sodiu, sorbat de potasiu, [+\/- mica, oxizi de fier (CI 77491), oxizi de fier (CI 77492), oxizi de fier (CI 77499), carmin (CI 77499), 75470), Yellow 5 Lake (CI 19140)].<\/span><\/p>\n<p><b><span>Z\u0103pad\u0103 str\u0103lucitoare, perla str\u0103lucitoare, lumin\u0103 aurie:<\/span><\/b><br \/>\n<span>borosilicat de calciu \u0219i aluminiu, stearat de octildodecil stearoil, polibuten\u0103, silice, stearat de zinc, dimeticon\u0103, hialuronat de sodiu, suc de fructe de Cocos Nucifera (nuc\u0103 de cocos), endosperm lichid de Cocos Nucifera, extract de rododendron, ferrugin\u0103 , Ap\u0103\\Aqua\\Ap\u0103, hexilen glicol, caprylil glicol, fenoxietanol, sorbat de potasiu, benzoat de sodiu, [+\/- mica, dioxid de titan (CI 77891), oxizi de fier (CI 77491), carmin (CI 75470)].<\/span><\/p>\n<p><b><span>Nisip spumant, castan zaharat:<\/span><\/b><br \/>\n<span>Fluorflogopit sintetic, octildodecil stearoil stearat, borosilicat de calciu aluminiu, talc, pentaeritritil tetraizostearat, stearat de zinc, silice, hialuronat de sodiu, suc de fructe de cocos nucifera (nuc\u0103 de cocos), endosperm lichid de cocos nucifera, extract de ap\u0103 de rhodoxid, magneziu, tindru, extract de ap\u0103, \\Aqua\\Eau, hexilen glicol, caprylil glicol, fenoxietanol, sorbat de potasiu, benzoat de sodiu, [+\/- mica, dioxid de titan (CI 77891), oxizi de fier (CI 77491), oxizi de fier (CI 77499), ferocianura ferica (CI 77499). 77510)].<\/span><\/p>\n<p><b><span>Rom care produce sc\u00e2nteie:<\/span><\/b><br \/>\n<span>borosilicat de sodiu de calciu, stearat de octildodecil stearoil, malat de diizostearil, stearat de zinc, dioxid de siliciu, fluorflogopit sintetic, dimeticon\u0103, cear\u0103 de albine\\Cera Alba\\Cire d&#8217;abeille, hialuronat de sodiu, cocos nucifera, fructe de cocos nucifera (nuci de cocos lichide) Extract de rododendron ferugineu, glicerina, oxid de staniu, apa\\Aqua\\Eau, hexilen glicol, caprylil glicol, fenoxietanol, sorbat de potasiu, benzoat de sodiu, dioxid de titan (CI 77891), oxizi de fier (CI 77491), pulbere de cupru (CI 77400).<\/span><\/p>\n<p><b><span>Aur roz:<\/span><\/b><br \/>\n<span>borosilicat de sodiu de calciu, fluorflogopit sintetic, stearat de octildodecil stearoil, malat de diizostearil, stearat de zinc, silice, dimeticon\u0103, cear\u0103 de albine\\Cera Alba\\Cire D&#8217;abeille, hialuronat de sodiu, cocos nucifera (nuc\u0103 de cocos) lichid, fructe de cocos nucifera Extract de Rhododendron Ferrugineum, glicerina, oxid de staniu, apa\\Aqua\\Eau, hexilenglicol, caprylil glicol, fenoxietanol, sorbat de potasiu, benzoat de sodiu, dioxid de titan (CI 77891), oxizi de fier (CI 77491), carmin (CI 77491).<\/span><\/p>\n<p><b><span>Truf\u0103:<\/span><\/b><br \/>\n<span>fluorflogopit sintetic, polisorbat 20, malat de diizostearil, miristat de magneziu, stearat de octildodecil stearoil, borosilicat de calciu \u0219i sodiu, dimeticon\u0103, hialuronat de sodiu, suc de fructe de Cocos Nucifera (nuc\u0103 de cocos), suc de fructe de cocos nucifera, extract lichid de rhododecil, extract de rhododecifera, tindodendron\u0103, extract de rhododecilic , Ap\u0103\\Aqua\\Ap\u0103, hexilen glicol, caprylil glicol, fenoxietanol, benzoat de sodiu, sorbat de potasiu, mica, dioxid de titan (CI 77891), oxizi de fier (CI 77491), oxizi de fier (CI 77499).<\/span><\/p>\n<p><span>V\u0103 rug\u0103m s\u0103 re\u021bine\u021bi c\u0103 listele de ingrediente se pot schimba sau varia din c\u00e2nd \u00een c\u00e2nd. V\u0103 rug\u0103m s\u0103 consulta\u021bi lista de ingrediente de pe pachetul de produse pe care \u00eel primi\u021bi pentru cea mai actualizat\u0103 list\u0103 de ingrediente.<\/span><\/div>\n<\/div>\n<\/div>\n","protected":false},"excerpt":{"rendered":"<p>Create pentru a flata aspectul fondului de ten Born This Way, fardurile de pleoape cu efecte metalice, sidefate sau paietate iti ofera o stralucire naturala si sexy, astfel incat toti vor crede ca esti radioasa in mod natural<\/p>","protected":false},"featured_media":8782,"comment_status":"closed","ping_status":"closed","template":"","meta":{"inline_featured_image":false},"product_brand":[],"product_cat":[36],"product_tag":[],"class_list":{"0":"post-8781","1":"product","2":"type-product","3":"status-publish","4":"has-post-thumbnail","6":"product_cat-dermato-cosmetice","8":"first","9":"instock","10":"shipping-taxable","11":"purchasable","12":"product-type-simple"},"yoast_head":"<!-- This site is optimized with the Yoast SEO plugin v27.4 - https:\/\/yoast.com\/product\/yoast-seo-wordpress\/ -->\n<title>Too Faced Born This Way The Natural Nudes - Farmacie online!<\/title>\n<meta name=\"robots\" content=\"index, follow, max-snippet:-1, max-image-preview:large, max-video-preview:-1\" \/>\n<link rel=\"canonical\" href=\"https:\/\/www.farmacie-online.eu\/ro\/produs\/too-faced-born-this-way-the-natural-nudes\/\" \/>\n<meta property=\"og:locale\" content=\"ro_RO\" \/>\n<meta property=\"og:type\" content=\"article\" \/>\n<meta property=\"og:title\" content=\"Too Faced Born This Way The Natural Nudes - Farmacie online!\" \/>\n<meta property=\"og:description\" content=\"Create pentru a flata aspectul fondului de ten Born This Way, fardurile de pleoape cu efecte metalice, sidefate sau paietate iti ofera o stralucire naturala si sexy, astfel incat toti vor crede ca esti radioasa in mod natural\" \/>\n<meta property=\"og:url\" content=\"https:\/\/www.farmacie-online.eu\/ro\/produs\/too-faced-born-this-way-the-natural-nudes\/\" \/>\n<meta property=\"og:site_name\" content=\"Farmacie online!\" \/>\n<meta property=\"article:modified_time\" content=\"2024-08-01T22:01:44+00:00\" \/>\n<meta property=\"og:image\" content=\"https:\/\/www.farmacie-online.eu\/wp-content\/uploads\/2024\/04\/Too-Faced-Born-This-Way-The-Natural-Nudes.jpeg\" \/>\n\t<meta property=\"og:image:width\" content=\"234\" \/>\n\t<meta property=\"og:image:height\" content=\"215\" \/>\n\t<meta property=\"og:image:type\" content=\"image\/jpeg\" \/>\n<meta name=\"twitter:card\" content=\"summary_large_image\" \/>\n<meta name=\"twitter:label1\" content=\"Timp estimat pentru citire\" \/>\n\t<meta name=\"twitter:data1\" content=\"4 minute\" \/>\n<script type=\"application\/ld+json\" class=\"yoast-schema-graph\">{\"@context\":\"https:\\\/\\\/schema.org\",\"@graph\":[{\"@type\":\"WebPage\",\"@id\":\"https:\\\/\\\/www.farmacie-online.eu\\\/product\\\/too-faced-born-this-way-the-natural-nudes\\\/\",\"url\":\"https:\\\/\\\/www.farmacie-online.eu\\\/product\\\/too-faced-born-this-way-the-natural-nudes\\\/\",\"name\":\"Too Faced Born This Way The Natural Nudes - Farmacie online!\",\"isPartOf\":{\"@id\":\"https:\\\/\\\/www.farmacie-online.eu\\\/#website\"},\"primaryImageOfPage\":{\"@id\":\"https:\\\/\\\/www.farmacie-online.eu\\\/product\\\/too-faced-born-this-way-the-natural-nudes\\\/#primaryimage\"},\"image\":{\"@id\":\"https:\\\/\\\/www.farmacie-online.eu\\\/product\\\/too-faced-born-this-way-the-natural-nudes\\\/#primaryimage\"},\"thumbnailUrl\":\"https:\\\/\\\/www.farmacie-online.eu\\\/wp-content\\\/uploads\\\/2024\\\/04\\\/Too-Faced-Born-This-Way-The-Natural-Nudes.jpeg\",\"datePublished\":\"2024-04-11T09:11:27+00:00\",\"dateModified\":\"2024-08-01T22:01:44+00:00\",\"breadcrumb\":{\"@id\":\"https:\\\/\\\/www.farmacie-online.eu\\\/product\\\/too-faced-born-this-way-the-natural-nudes\\\/#breadcrumb\"},\"inLanguage\":\"ro-RO\",\"potentialAction\":[{\"@type\":\"ReadAction\",\"target\":[\"https:\\\/\\\/www.farmacie-online.eu\\\/product\\\/too-faced-born-this-way-the-natural-nudes\\\/\"]}]},{\"@type\":\"ImageObject\",\"inLanguage\":\"ro-RO\",\"@id\":\"https:\\\/\\\/www.farmacie-online.eu\\\/product\\\/too-faced-born-this-way-the-natural-nudes\\\/#primaryimage\",\"url\":\"https:\\\/\\\/www.farmacie-online.eu\\\/wp-content\\\/uploads\\\/2024\\\/04\\\/Too-Faced-Born-This-Way-The-Natural-Nudes.jpeg\",\"contentUrl\":\"https:\\\/\\\/www.farmacie-online.eu\\\/wp-content\\\/uploads\\\/2024\\\/04\\\/Too-Faced-Born-This-Way-The-Natural-Nudes.jpeg\",\"width\":234,\"height\":215},{\"@type\":\"BreadcrumbList\",\"@id\":\"https:\\\/\\\/www.farmacie-online.eu\\\/product\\\/too-faced-born-this-way-the-natural-nudes\\\/#breadcrumb\",\"itemListElement\":[{\"@type\":\"ListItem\",\"position\":1,\"name\":\"Prima pagin\u0103\",\"item\":\"https:\\\/\\\/www.farmacie-online.eu\\\/\"},{\"@type\":\"ListItem\",\"position\":2,\"name\":\"Produse\",\"item\":\"https:\\\/\\\/www.farmacie-online.eu\\\/produse\\\/\"},{\"@type\":\"ListItem\",\"position\":3,\"name\":\"Too Faced Born This Way The Natural Nudes\"}]},{\"@type\":\"WebSite\",\"@id\":\"https:\\\/\\\/www.farmacie-online.eu\\\/#website\",\"url\":\"https:\\\/\\\/www.farmacie-online.eu\\\/\",\"name\":\"Farmacie online!\",\"description\":\"Comanzi online, prime\u0219ti rapid!\",\"publisher\":{\"@id\":\"https:\\\/\\\/www.farmacie-online.eu\\\/#organization\"},\"potentialAction\":[{\"@type\":\"SearchAction\",\"target\":{\"@type\":\"EntryPoint\",\"urlTemplate\":\"https:\\\/\\\/www.farmacie-online.eu\\\/?s={search_term_string}\"},\"query-input\":{\"@type\":\"PropertyValueSpecification\",\"valueRequired\":true,\"valueName\":\"search_term_string\"}}],\"inLanguage\":\"ro-RO\"},{\"@type\":\"Organization\",\"@id\":\"https:\\\/\\\/www.farmacie-online.eu\\\/#organization\",\"name\":\"Farmacie online!\",\"url\":\"https:\\\/\\\/www.farmacie-online.eu\\\/\",\"logo\":{\"@type\":\"ImageObject\",\"inLanguage\":\"ro-RO\",\"@id\":\"https:\\\/\\\/www.farmacie-online.eu\\\/#\\\/schema\\\/logo\\\/image\\\/\",\"url\":\"https:\\\/\\\/www.farmacie-online.eu\\\/wp-content\\\/uploads\\\/2023\\\/08\\\/cropped-favicon.webp\",\"contentUrl\":\"https:\\\/\\\/www.farmacie-online.eu\\\/wp-content\\\/uploads\\\/2023\\\/08\\\/cropped-favicon.webp\",\"width\":500,\"height\":211,\"caption\":\"Farmacie online!\"},\"image\":{\"@id\":\"https:\\\/\\\/www.farmacie-online.eu\\\/#\\\/schema\\\/logo\\\/image\\\/\"}}]}<\/script>\n<!-- \/ Yoast SEO plugin. -->","yoast_head_json":{"title":"Too Faced Born This Way The Natural Nudes - Farmacie online!","robots":{"index":"index","follow":"follow","max-snippet":"max-snippet:-1","max-image-preview":"max-image-preview:large","max-video-preview":"max-video-preview:-1"},"canonical":"https:\/\/www.farmacie-online.eu\/ro\/produs\/too-faced-born-this-way-the-natural-nudes\/","og_locale":"ro_RO","og_type":"article","og_title":"Too Faced Born This Way The Natural Nudes - Farmacie online!","og_description":"Create pentru a flata aspectul fondului de ten Born This Way, fardurile de pleoape cu efecte metalice, sidefate sau paietate iti ofera o stralucire naturala si sexy, astfel incat toti vor crede ca esti radioasa in mod natural","og_url":"https:\/\/www.farmacie-online.eu\/ro\/produs\/too-faced-born-this-way-the-natural-nudes\/","og_site_name":"Farmacie online!","article_modified_time":"2024-08-01T22:01:44+00:00","og_image":[{"width":234,"height":215,"url":"https:\/\/www.farmacie-online.eu\/wp-content\/uploads\/2024\/04\/Too-Faced-Born-This-Way-The-Natural-Nudes.jpeg","type":"image\/jpeg"}],"twitter_card":"summary_large_image","twitter_misc":{"Timp estimat pentru citire":"4 minute"},"schema":{"@context":"https:\/\/schema.org","@graph":[{"@type":"WebPage","@id":"https:\/\/www.farmacie-online.eu\/product\/too-faced-born-this-way-the-natural-nudes\/","url":"https:\/\/www.farmacie-online.eu\/product\/too-faced-born-this-way-the-natural-nudes\/","name":"Too Faced Born This Way The Natural Nudes - Farmacie online!","isPartOf":{"@id":"https:\/\/www.farmacie-online.eu\/#website"},"primaryImageOfPage":{"@id":"https:\/\/www.farmacie-online.eu\/product\/too-faced-born-this-way-the-natural-nudes\/#primaryimage"},"image":{"@id":"https:\/\/www.farmacie-online.eu\/product\/too-faced-born-this-way-the-natural-nudes\/#primaryimage"},"thumbnailUrl":"https:\/\/www.farmacie-online.eu\/wp-content\/uploads\/2024\/04\/Too-Faced-Born-This-Way-The-Natural-Nudes.jpeg","datePublished":"2024-04-11T09:11:27+00:00","dateModified":"2024-08-01T22:01:44+00:00","breadcrumb":{"@id":"https:\/\/www.farmacie-online.eu\/product\/too-faced-born-this-way-the-natural-nudes\/#breadcrumb"},"inLanguage":"ro-RO","potentialAction":[{"@type":"ReadAction","target":["https:\/\/www.farmacie-online.eu\/product\/too-faced-born-this-way-the-natural-nudes\/"]}]},{"@type":"ImageObject","inLanguage":"ro-RO","@id":"https:\/\/www.farmacie-online.eu\/product\/too-faced-born-this-way-the-natural-nudes\/#primaryimage","url":"https:\/\/www.farmacie-online.eu\/wp-content\/uploads\/2024\/04\/Too-Faced-Born-This-Way-The-Natural-Nudes.jpeg","contentUrl":"https:\/\/www.farmacie-online.eu\/wp-content\/uploads\/2024\/04\/Too-Faced-Born-This-Way-The-Natural-Nudes.jpeg","width":234,"height":215},{"@type":"BreadcrumbList","@id":"https:\/\/www.farmacie-online.eu\/product\/too-faced-born-this-way-the-natural-nudes\/#breadcrumb","itemListElement":[{"@type":"ListItem","position":1,"name":"Prima pagin\u0103","item":"https:\/\/www.farmacie-online.eu\/"},{"@type":"ListItem","position":2,"name":"Produse","item":"https:\/\/www.farmacie-online.eu\/produse\/"},{"@type":"ListItem","position":3,"name":"Too Faced Born This Way The Natural Nudes"}]},{"@type":"WebSite","@id":"https:\/\/www.farmacie-online.eu\/#website","url":"https:\/\/www.farmacie-online.eu\/","name":"Farmacie online!","description":"Comanzi online, prime\u0219ti rapid!","publisher":{"@id":"https:\/\/www.farmacie-online.eu\/#organization"},"potentialAction":[{"@type":"SearchAction","target":{"@type":"EntryPoint","urlTemplate":"https:\/\/www.farmacie-online.eu\/?s={search_term_string}"},"query-input":{"@type":"PropertyValueSpecification","valueRequired":true,"valueName":"search_term_string"}}],"inLanguage":"ro-RO"},{"@type":"Organization","@id":"https:\/\/www.farmacie-online.eu\/#organization","name":"Farmacie online!","url":"https:\/\/www.farmacie-online.eu\/","logo":{"@type":"ImageObject","inLanguage":"ro-RO","@id":"https:\/\/www.farmacie-online.eu\/#\/schema\/logo\/image\/","url":"https:\/\/www.farmacie-online.eu\/wp-content\/uploads\/2023\/08\/cropped-favicon.webp","contentUrl":"https:\/\/www.farmacie-online.eu\/wp-content\/uploads\/2023\/08\/cropped-favicon.webp","width":500,"height":211,"caption":"Farmacie online!"},"image":{"@id":"https:\/\/www.farmacie-online.eu\/#\/schema\/logo\/image\/"}}]}},"jetpack_sharing_enabled":true,"_links":{"self":[{"href":"https:\/\/www.farmacie-online.eu\/ro\/wp-json\/wp\/v2\/product\/8781","targetHints":{"allow":["GET"]}}],"collection":[{"href":"https:\/\/www.farmacie-online.eu\/ro\/wp-json\/wp\/v2\/product"}],"about":[{"href":"https:\/\/www.farmacie-online.eu\/ro\/wp-json\/wp\/v2\/types\/product"}],"replies":[{"embeddable":true,"href":"https:\/\/www.farmacie-online.eu\/ro\/wp-json\/wp\/v2\/comments?post=8781"}],"wp:featuredmedia":[{"embeddable":true,"href":"https:\/\/www.farmacie-online.eu\/ro\/wp-json\/wp\/v2\/media\/8782"}],"wp:attachment":[{"href":"https:\/\/www.farmacie-online.eu\/ro\/wp-json\/wp\/v2\/media?parent=8781"}],"wp:term":[{"taxonomy":"product_brand","embeddable":true,"href":"https:\/\/www.farmacie-online.eu\/ro\/wp-json\/wp\/v2\/product_brand?post=8781"},{"taxonomy":"product_cat","embeddable":true,"href":"https:\/\/www.farmacie-online.eu\/ro\/wp-json\/wp\/v2\/product_cat?post=8781"},{"taxonomy":"product_tag","embeddable":true,"href":"https:\/\/www.farmacie-online.eu\/ro\/wp-json\/wp\/v2\/product_tag?post=8781"}],"curies":[{"name":"wp","href":"https:\/\/api.w.org\/{rel}","templated":true}]}}