{"id":8771,"date":"2024-04-11T07:57:25","date_gmt":"2024-04-11T05:57:25","guid":{"rendered":"https:\/\/www.farmacie-online.eu\/?post_type=product&#038;p=8771"},"modified":"2026-03-25T16:59:15","modified_gmt":"2026-03-25T14:59:15","slug":"active-essentials-illuminating-face-serum-vitamin-c-collagen","status":"publish","type":"product","link":"https:\/\/www.farmacie-online.eu\/ro\/produs\/active-essentials-illuminating-face-serum-vitamin-c-collagen\/","title":{"rendered":"Active essentials Illuminating Face Serum Vitamin C Collagen"},"content":{"rendered":"<p class=\"lH1 dyH iFc H2s GTB X8m zDA IZT\">Active essentials Illuminating Face Serum Vitamin C Collagen<\/p>\n<ul class=\"a-unordered-list a-vertical a-spacing-mini\">\n<li class=\"a-spacing-mini\"><span class=\"a-list-item\">Acest ser de fa\u021b\u0103\u00a0 stimuleaz\u0103 str\u0103lucirea \u0219i hidratarea v\u0103 va reda str\u0103lucirea natural\u0103 cu puterea vitaminei C \u0219i a colagenului pentru o piele ferm\u0103 \u0219i str\u0103lucitoare.<\/span><\/li>\n<li class=\"a-spacing-mini\"><span class=\"a-list-item\">Restabili\u021bi o complexitate mai proasp\u0103t\u0103, energizeaz\u0103 pielea \u0219i \u00eembun\u0103t\u0103\u021bi\u021bi textura &#8211; Bucura\u021bi-v\u0103 de vibra\u021bia oferit\u0103 de la serul str\u0103lucitor\u00a0<\/span><\/li>\n<li class=\"a-spacing-mini\"><span class=\"a-list-item\">Acest ser u\u0219or de fa\u021b\u0103 se tope\u0219te \u00een piele \u00een timp ce neteze\u0219te \u0219i hidrateaz\u0103 pentru a echilibra \u0219i a-\u021bi amorsa pielea<\/span><\/li>\n<li class=\"a-spacing-mini\"><span class=\"a-list-item\">Simte-te bine cu serul t\u0103u de \u00eengrijire a pielii &#8211; F\u0103r\u0103 parabeni &#8211;\u00a0<\/span><\/li>\n<li class=\"a-spacing-mini\"><span class=\"a-list-item\">Primer ideal \u00eenainte de machiaj &#8211; A\u021bi avut o noapte t\u00e2rzie? Aplica\u021bi acest ser hidratant ca strat de baz\u0103 \u00eenainte de machiaj pentru a a obtine un ten catifelat si un aspect de piele odihnit\u0103<\/span><\/li>\n<\/ul>","protected":false},"excerpt":{"rendered":"<p>Active essentials Illuminating Face Serum Vitamin C Collagen<\/p>","protected":false},"featured_media":8773,"comment_status":"closed","ping_status":"closed","template":"","meta":{"inline_featured_image":false},"product_brand":[],"product_cat":[36],"product_tag":[146,145,143,144],"class_list":{"0":"post-8771","1":"product","2":"type-product","3":"status-publish","4":"has-post-thumbnail","6":"product_cat-dermato-cosmetice","7":"product_tag-active-essentials","8":"product_tag-active-essentials-illuminating-face-serum","9":"product_tag-active-essentials-illuminating-face-serum-vitamin-c-collagen","10":"product_tag-vitamin-c-collagen","12":"first","13":"instock","14":"sale","15":"shipping-taxable","16":"purchasable","17":"product-type-simple"},"yoast_head":"<!-- This site is optimized with the Yoast SEO plugin v27.4 - https:\/\/yoast.com\/product\/yoast-seo-wordpress\/ -->\n<title>Active essentials Illuminating Face Serum Vitamin C Collagen - Farmacie online!<\/title>\n<meta name=\"robots\" content=\"index, follow, max-snippet:-1, max-image-preview:large, max-video-preview:-1\" \/>\n<link rel=\"canonical\" href=\"https:\/\/www.farmacie-online.eu\/ro\/produs\/active-essentials-illuminating-face-serum-vitamin-c-collagen\/\" \/>\n<meta property=\"og:locale\" content=\"ro_RO\" \/>\n<meta property=\"og:type\" content=\"article\" \/>\n<meta property=\"og:title\" content=\"Active essentials Illuminating Face Serum Vitamin C Collagen - Farmacie online!\" \/>\n<meta property=\"og:description\" content=\"Active essentials Illuminating Face Serum Vitamin C Collagen\" \/>\n<meta property=\"og:url\" content=\"https:\/\/www.farmacie-online.eu\/ro\/produs\/active-essentials-illuminating-face-serum-vitamin-c-collagen\/\" \/>\n<meta property=\"og:site_name\" content=\"Farmacie online!\" \/>\n<meta property=\"article:modified_time\" content=\"2026-03-25T14:59:15+00:00\" \/>\n<meta property=\"og:image\" content=\"https:\/\/www.farmacie-online.eu\/wp-content\/uploads\/2024\/04\/m_61634eacae766fd6dee8b130.jpg\" \/>\n\t<meta property=\"og:image:width\" content=\"580\" \/>\n\t<meta property=\"og:image:height\" content=\"580\" \/>\n\t<meta property=\"og:image:type\" content=\"image\/jpeg\" \/>\n<meta name=\"twitter:card\" content=\"summary_large_image\" \/>\n<meta name=\"twitter:label1\" content=\"Timp estimat pentru citire\" \/>\n\t<meta name=\"twitter:data1\" content=\"1 minut\" \/>\n<script type=\"application\/ld+json\" class=\"yoast-schema-graph\">{\"@context\":\"https:\\\/\\\/schema.org\",\"@graph\":[{\"@type\":\"WebPage\",\"@id\":\"https:\\\/\\\/www.farmacie-online.eu\\\/product\\\/active-essentials-illuminating-face-serum-vitamin-c-collagen\\\/\",\"url\":\"https:\\\/\\\/www.farmacie-online.eu\\\/product\\\/active-essentials-illuminating-face-serum-vitamin-c-collagen\\\/\",\"name\":\"Active essentials Illuminating Face Serum Vitamin C Collagen - Farmacie online!\",\"isPartOf\":{\"@id\":\"https:\\\/\\\/www.farmacie-online.eu\\\/#website\"},\"primaryImageOfPage\":{\"@id\":\"https:\\\/\\\/www.farmacie-online.eu\\\/product\\\/active-essentials-illuminating-face-serum-vitamin-c-collagen\\\/#primaryimage\"},\"image\":{\"@id\":\"https:\\\/\\\/www.farmacie-online.eu\\\/product\\\/active-essentials-illuminating-face-serum-vitamin-c-collagen\\\/#primaryimage\"},\"thumbnailUrl\":\"https:\\\/\\\/www.farmacie-online.eu\\\/wp-content\\\/uploads\\\/2024\\\/04\\\/m_61634eacae766fd6dee8b130.jpg\",\"datePublished\":\"2024-04-11T05:57:25+00:00\",\"dateModified\":\"2026-03-25T14:59:15+00:00\",\"breadcrumb\":{\"@id\":\"https:\\\/\\\/www.farmacie-online.eu\\\/product\\\/active-essentials-illuminating-face-serum-vitamin-c-collagen\\\/#breadcrumb\"},\"inLanguage\":\"ro-RO\",\"potentialAction\":[{\"@type\":\"ReadAction\",\"target\":[\"https:\\\/\\\/www.farmacie-online.eu\\\/product\\\/active-essentials-illuminating-face-serum-vitamin-c-collagen\\\/\"]}]},{\"@type\":\"ImageObject\",\"inLanguage\":\"ro-RO\",\"@id\":\"https:\\\/\\\/www.farmacie-online.eu\\\/product\\\/active-essentials-illuminating-face-serum-vitamin-c-collagen\\\/#primaryimage\",\"url\":\"https:\\\/\\\/www.farmacie-online.eu\\\/wp-content\\\/uploads\\\/2024\\\/04\\\/m_61634eacae766fd6dee8b130.jpg\",\"contentUrl\":\"https:\\\/\\\/www.farmacie-online.eu\\\/wp-content\\\/uploads\\\/2024\\\/04\\\/m_61634eacae766fd6dee8b130.jpg\",\"width\":580,\"height\":580},{\"@type\":\"BreadcrumbList\",\"@id\":\"https:\\\/\\\/www.farmacie-online.eu\\\/product\\\/active-essentials-illuminating-face-serum-vitamin-c-collagen\\\/#breadcrumb\",\"itemListElement\":[{\"@type\":\"ListItem\",\"position\":1,\"name\":\"Prima pagin\u0103\",\"item\":\"https:\\\/\\\/www.farmacie-online.eu\\\/\"},{\"@type\":\"ListItem\",\"position\":2,\"name\":\"Produse\",\"item\":\"https:\\\/\\\/www.farmacie-online.eu\\\/produse\\\/\"},{\"@type\":\"ListItem\",\"position\":3,\"name\":\"Active essentials Illuminating Face Serum Vitamin C Collagen\"}]},{\"@type\":\"WebSite\",\"@id\":\"https:\\\/\\\/www.farmacie-online.eu\\\/#website\",\"url\":\"https:\\\/\\\/www.farmacie-online.eu\\\/\",\"name\":\"Farmacie online!\",\"description\":\"Comanzi online, prime\u0219ti rapid!\",\"publisher\":{\"@id\":\"https:\\\/\\\/www.farmacie-online.eu\\\/#organization\"},\"potentialAction\":[{\"@type\":\"SearchAction\",\"target\":{\"@type\":\"EntryPoint\",\"urlTemplate\":\"https:\\\/\\\/www.farmacie-online.eu\\\/?s={search_term_string}\"},\"query-input\":{\"@type\":\"PropertyValueSpecification\",\"valueRequired\":true,\"valueName\":\"search_term_string\"}}],\"inLanguage\":\"ro-RO\"},{\"@type\":\"Organization\",\"@id\":\"https:\\\/\\\/www.farmacie-online.eu\\\/#organization\",\"name\":\"Farmacie online!\",\"url\":\"https:\\\/\\\/www.farmacie-online.eu\\\/\",\"logo\":{\"@type\":\"ImageObject\",\"inLanguage\":\"ro-RO\",\"@id\":\"https:\\\/\\\/www.farmacie-online.eu\\\/#\\\/schema\\\/logo\\\/image\\\/\",\"url\":\"https:\\\/\\\/www.farmacie-online.eu\\\/wp-content\\\/uploads\\\/2023\\\/08\\\/cropped-favicon.webp\",\"contentUrl\":\"https:\\\/\\\/www.farmacie-online.eu\\\/wp-content\\\/uploads\\\/2023\\\/08\\\/cropped-favicon.webp\",\"width\":500,\"height\":211,\"caption\":\"Farmacie online!\"},\"image\":{\"@id\":\"https:\\\/\\\/www.farmacie-online.eu\\\/#\\\/schema\\\/logo\\\/image\\\/\"}}]}<\/script>\n<!-- \/ Yoast SEO plugin. -->","yoast_head_json":{"title":"Active essentials Illuminating Face Serum Vitamin C Collagen - Farmacie online!","robots":{"index":"index","follow":"follow","max-snippet":"max-snippet:-1","max-image-preview":"max-image-preview:large","max-video-preview":"max-video-preview:-1"},"canonical":"https:\/\/www.farmacie-online.eu\/ro\/produs\/active-essentials-illuminating-face-serum-vitamin-c-collagen\/","og_locale":"ro_RO","og_type":"article","og_title":"Active essentials Illuminating Face Serum Vitamin C Collagen - Farmacie online!","og_description":"Active essentials Illuminating Face Serum Vitamin C Collagen","og_url":"https:\/\/www.farmacie-online.eu\/ro\/produs\/active-essentials-illuminating-face-serum-vitamin-c-collagen\/","og_site_name":"Farmacie online!","article_modified_time":"2026-03-25T14:59:15+00:00","og_image":[{"width":580,"height":580,"url":"https:\/\/www.farmacie-online.eu\/wp-content\/uploads\/2024\/04\/m_61634eacae766fd6dee8b130.jpg","type":"image\/jpeg"}],"twitter_card":"summary_large_image","twitter_misc":{"Timp estimat pentru citire":"1 minut"},"schema":{"@context":"https:\/\/schema.org","@graph":[{"@type":"WebPage","@id":"https:\/\/www.farmacie-online.eu\/product\/active-essentials-illuminating-face-serum-vitamin-c-collagen\/","url":"https:\/\/www.farmacie-online.eu\/product\/active-essentials-illuminating-face-serum-vitamin-c-collagen\/","name":"Active essentials Illuminating Face Serum Vitamin C Collagen - Farmacie online!","isPartOf":{"@id":"https:\/\/www.farmacie-online.eu\/#website"},"primaryImageOfPage":{"@id":"https:\/\/www.farmacie-online.eu\/product\/active-essentials-illuminating-face-serum-vitamin-c-collagen\/#primaryimage"},"image":{"@id":"https:\/\/www.farmacie-online.eu\/product\/active-essentials-illuminating-face-serum-vitamin-c-collagen\/#primaryimage"},"thumbnailUrl":"https:\/\/www.farmacie-online.eu\/wp-content\/uploads\/2024\/04\/m_61634eacae766fd6dee8b130.jpg","datePublished":"2024-04-11T05:57:25+00:00","dateModified":"2026-03-25T14:59:15+00:00","breadcrumb":{"@id":"https:\/\/www.farmacie-online.eu\/product\/active-essentials-illuminating-face-serum-vitamin-c-collagen\/#breadcrumb"},"inLanguage":"ro-RO","potentialAction":[{"@type":"ReadAction","target":["https:\/\/www.farmacie-online.eu\/product\/active-essentials-illuminating-face-serum-vitamin-c-collagen\/"]}]},{"@type":"ImageObject","inLanguage":"ro-RO","@id":"https:\/\/www.farmacie-online.eu\/product\/active-essentials-illuminating-face-serum-vitamin-c-collagen\/#primaryimage","url":"https:\/\/www.farmacie-online.eu\/wp-content\/uploads\/2024\/04\/m_61634eacae766fd6dee8b130.jpg","contentUrl":"https:\/\/www.farmacie-online.eu\/wp-content\/uploads\/2024\/04\/m_61634eacae766fd6dee8b130.jpg","width":580,"height":580},{"@type":"BreadcrumbList","@id":"https:\/\/www.farmacie-online.eu\/product\/active-essentials-illuminating-face-serum-vitamin-c-collagen\/#breadcrumb","itemListElement":[{"@type":"ListItem","position":1,"name":"Prima pagin\u0103","item":"https:\/\/www.farmacie-online.eu\/"},{"@type":"ListItem","position":2,"name":"Produse","item":"https:\/\/www.farmacie-online.eu\/produse\/"},{"@type":"ListItem","position":3,"name":"Active essentials Illuminating Face Serum Vitamin C Collagen"}]},{"@type":"WebSite","@id":"https:\/\/www.farmacie-online.eu\/#website","url":"https:\/\/www.farmacie-online.eu\/","name":"Farmacie online!","description":"Comanzi online, prime\u0219ti rapid!","publisher":{"@id":"https:\/\/www.farmacie-online.eu\/#organization"},"potentialAction":[{"@type":"SearchAction","target":{"@type":"EntryPoint","urlTemplate":"https:\/\/www.farmacie-online.eu\/?s={search_term_string}"},"query-input":{"@type":"PropertyValueSpecification","valueRequired":true,"valueName":"search_term_string"}}],"inLanguage":"ro-RO"},{"@type":"Organization","@id":"https:\/\/www.farmacie-online.eu\/#organization","name":"Farmacie online!","url":"https:\/\/www.farmacie-online.eu\/","logo":{"@type":"ImageObject","inLanguage":"ro-RO","@id":"https:\/\/www.farmacie-online.eu\/#\/schema\/logo\/image\/","url":"https:\/\/www.farmacie-online.eu\/wp-content\/uploads\/2023\/08\/cropped-favicon.webp","contentUrl":"https:\/\/www.farmacie-online.eu\/wp-content\/uploads\/2023\/08\/cropped-favicon.webp","width":500,"height":211,"caption":"Farmacie online!"},"image":{"@id":"https:\/\/www.farmacie-online.eu\/#\/schema\/logo\/image\/"}}]}},"jetpack_sharing_enabled":true,"_links":{"self":[{"href":"https:\/\/www.farmacie-online.eu\/ro\/wp-json\/wp\/v2\/product\/8771","targetHints":{"allow":["GET"]}}],"collection":[{"href":"https:\/\/www.farmacie-online.eu\/ro\/wp-json\/wp\/v2\/product"}],"about":[{"href":"https:\/\/www.farmacie-online.eu\/ro\/wp-json\/wp\/v2\/types\/product"}],"replies":[{"embeddable":true,"href":"https:\/\/www.farmacie-online.eu\/ro\/wp-json\/wp\/v2\/comments?post=8771"}],"wp:featuredmedia":[{"embeddable":true,"href":"https:\/\/www.farmacie-online.eu\/ro\/wp-json\/wp\/v2\/media\/8773"}],"wp:attachment":[{"href":"https:\/\/www.farmacie-online.eu\/ro\/wp-json\/wp\/v2\/media?parent=8771"}],"wp:term":[{"taxonomy":"product_brand","embeddable":true,"href":"https:\/\/www.farmacie-online.eu\/ro\/wp-json\/wp\/v2\/product_brand?post=8771"},{"taxonomy":"product_cat","embeddable":true,"href":"https:\/\/www.farmacie-online.eu\/ro\/wp-json\/wp\/v2\/product_cat?post=8771"},{"taxonomy":"product_tag","embeddable":true,"href":"https:\/\/www.farmacie-online.eu\/ro\/wp-json\/wp\/v2\/product_tag?post=8771"}],"curies":[{"name":"wp","href":"https:\/\/api.w.org\/{rel}","templated":true}]}}