{"id":8591,"date":"2023-04-19T08:33:58","date_gmt":"2023-04-19T06:33:58","guid":{"rendered":"https:\/\/farmacie-online.eu\/?post_type=product&#038;p=8591"},"modified":"2024-11-13T15:34:07","modified_gmt":"2024-11-13T13:34:07","slug":"avana-200mg-avanafil-4-capsule","status":"publish","type":"product","link":"https:\/\/www.farmacie-online.eu\/ro\/produs\/avana-200mg-avanafil-4-capsule\/","title":{"rendered":"Avana 200mg Avanafil  &#8211; 4 capsule"},"content":{"rendered":"<h3 class=\"text-bold-700 mt-3\">Avana, cu concentratie de 50 mg, 100 mg, 200mg 4 comprimate.<\/h3>\n<div class=\"mb-3\">\n<p><strong>Indicatii:<br \/>\n<\/strong>Avana con\u0163ine substan\u0163a activ\u0103 avanafil. Aceasta apar\u0163ine grupului de medicamente numite inhibitori ai fosfodiesterazei de tip 5 (PDE5). Spedra este utilizat pentru tratamentul b\u0103rba\u0163ilor adul\u0163i care sufer\u0103 de disfunc\u0163ie erectil\u0103 (cunoscut\u0103 \u015fi ca impoten\u0163\u0103). Aceast\u0103 afec\u0163iune const\u0103 \u00een lipsa sau \u00een imposibilitatea men\u0163inerii penisului \u00eent\u0103rit, \u00een erec\u0163ie, \u00een mod adecvat pentru desf\u0103\u015furarea activit\u0103\u0163ii sexuale<\/p>\n<h3 class=\"text-bold-700 mt-3\">Avana ac\u0163ioneaz\u0103 ajut\u00e2nd vasele de s\u00e2nge din penis s\u0103 se relaxeze. Acest lucru cre\u015fte fluxul de s\u00e2nge \u00een penis, ajut\u00e2nd la men\u0163inerea acestuia \u00eent\u0103rit \u015fi \u00een erec\u0163ie atunci c\u00e2nd exist\u0103 un stimul sexual.<br \/>\nAvana nu v\u0103 vindec\u0103 afec\u0163iunea.<\/h3>\n<p>Este important s\u0103 re\u0163ine\u0163i c\u0103 Avana ac\u0163ioneaz\u0103 numai dac\u0103 sunte\u0163i stimulat sexual. Trebuie ca dumneavoastr\u0103 \u015fi partenera dumneavoastr\u0103 s\u0103 v\u0103 angaja\u0163i \u00een preludiu \u2013 ca \u015fi cum nu a\u0163i lua niciun medicament pentru disfunc\u0163ia erectil\u0103.<\/p>\n<p>Spedra nu v\u0103 va fi de ajutor dac\u0103 nu ave\u0163i disfunc\u0163ie erectil\u0103. Spedra nu este destinat utiliz\u0103rii la femei.<\/p>\n<p><strong>Contraindicatii:<\/strong><br \/>\nNu lua\u0163i Avana:<br \/>\n&#8211; dac\u0103 sunte\u0163i alergic la avanafil sau la oricare dintre celelalte componente ale acestui medicament.<\/p>\n<p>Precautii:<br \/>\n\u00cenainte s\u0103 lua\u0163i Avana, adresa\u0163i-v\u0103 medicului dumneavoastr\u0103 sau farmacistului.<\/p>\n<p>Fertilitatea:<br \/>\nNu a fost observat niciun efect asupra motilit\u0103\u0163ii sau structurii spermatozoizilor dup\u0103 administrarea oral\u0103 a dozelor unice de 200 mg de avanafil la voluntari s\u0103n\u0103to\u015fi.<br \/>\nAdministrarea oral\u0103 repetat\u0103 a avanafil 100 mg pe o perioad\u0103 de 26 s\u0103pt\u0103m\u00e2ni la voluntari s\u0103n\u0103to\u0219i \u0219i la b\u0103rba\u021bi adul\u021bi cu disfunc\u021bie erectil\u0103 u\u0219oar\u0103, nu a fost asociat\u0103 cu niciun efect nedorit asupra concentra\u021biei, num\u0103rului, motilit\u0103\u021bii sau morfologiei spermatozoizilor.<\/p>\n<p><strong>Conducerea vehiculelor \u015fi folosirea utilajelor:<br \/>\n<\/strong>Avana\u00a0 poate determina ame\u0163eli sau tulbur\u0103ri de vedere. Dac\u0103 se \u00eent\u00e2mpl\u0103 acest lucru, nu conduce\u0163i vehicule, nu utiliza\u0163i bicicleta \u015fi nu folosi\u0163i unelte sau utilaje.<\/p>\n<p><strong>Mod de administrare:<\/strong><br \/>\nLua\u0163i \u00eentotdeauna acest medicament exact a\u015fa cum v-a recomandat medicul dumneavoastr\u0103. Discuta\u0163i cu medicul dumneavoastr\u0103 sau cu farmacistul dac\u0103 nu sunte\u0163i sigur.<\/p>\n<p>Doza recomandat\u0103 este un comprimat de 100 mg, dup\u0103 caz. Nu trebuie s\u0103 lua\u0163i Avana\u00a0mai mult de o dat\u0103 pe zi. S-ar putea s\u0103 vi se recomande doza de un comprimat de 200 mg dac\u0103 medicul dumneavoastr\u0103 decide c\u0103 doza de 100 mg a fost prea slab\u0103 pentru dumneavoastr\u0103 sau doza de un<br \/>\ncomprimat de 50 mg dac\u0103 medicul dumneavoastr\u0103 decide c\u0103 doza de 100 mg a fost prea puternic\u0103 pentru dumneavoastr\u0103. De asemenea, ajust\u0103rile dozei pot fi necesare dac\u0103 Avana este utilizat \u00een asociere cu anumite alte medicamente. Dac\u0103 lua\u0163i un medicament cum ar fi eritromicin\u0103, amprenavir, aprepitant, diltiazem, fluconazol, fosamprenavir sau verapamil (\u201einhibitori modera\u0163i ai CYP3A4\u201d), doza recomandat\u0103 de Avanaeste un comprimat de 100 mg, cu un interval de cel pu\u0163in 2 zile \u00eentre doze.<\/p>\n<p>Trebuie s\u0103 lua\u0163i Avana cu aproximativ 30 de minute \u00eenainte s\u0103 \u00eentre\u0163ine\u0163i un act sexual. Re\u0163ine\u0163i c\u0103 Avana v\u0103 ajut\u0103 s\u0103 ob\u0163ine\u0163i erec\u0163ia doar dac\u0103 sunte\u0163i stimulat sexual.<\/p>\n<h3 class=\"text-bold-700 mt-3\">Avanapoate fi luat cu sau f\u0103r\u0103 alimente; dac\u0103 este luat cu alimente, este posibil ca ac\u0163iunea acestuia s\u0103 se produc\u0103 mai \u00eencet.<\/h3>\n<p>Dac\u0103 ave\u021bi orice \u00eentreb\u0103ri suplimentare cu privire la acest medicament, adresa\u021bi-v\u0103 medicului dumneavoastr\u0103, farmacistului sau asistentei medicale.<\/p>\n<p><strong>Compozitie:<\/strong><br \/>\n&#8211; Substan\u0163a activ\u0103 este avanafil. Fiecare comprimat con\u0163ine avanafil 100 mg.<br \/>\n&#8211; Celelalte componente sunt: manitol, acid fumaric, hidroxipropilceluloz\u0103, hidroxipropilceluloz\u0103 slab substituit\u0103, carbonat de calciu, stearat de magneziu \u015fi oxid galben de fier (E172).<\/p>\n<\/div>","protected":false},"excerpt":{"rendered":"<p>Va sfatuim sa\u00a0<em>consultati un medic<\/em>\u00a0 &#8230; <em>inainte de a plasa comanda<\/em>.<\/p>","protected":false},"featured_media":8544,"comment_status":"open","ping_status":"closed","template":"","meta":{"inline_featured_image":false},"product_brand":[],"product_cat":[78],"product_tag":[102,57,35,91,97],"class_list":{"0":"post-8591","1":"product","2":"type-product","3":"status-publish","4":"has-post-thumbnail","6":"product_cat-viata-sexuala","7":"product_tag-avana","8":"product_tag-avanafil","9":"product_tag-cialis","10":"product_tag-disfunctie-erectila","11":"product_tag-erectie","13":"first","14":"outofstock","15":"shipping-taxable","16":"purchasable","17":"product-type-simple"},"yoast_head":"<!-- This site is optimized with the Yoast SEO plugin v27.4 - https:\/\/yoast.com\/product\/yoast-seo-wordpress\/ -->\n<title>Avana 200mg Avanafil - 4 capsule - Farmacie online!<\/title>\n<meta name=\"robots\" content=\"index, follow, max-snippet:-1, max-image-preview:large, max-video-preview:-1\" \/>\n<link rel=\"canonical\" href=\"https:\/\/www.farmacie-online.eu\/ro\/produs\/avana-200mg-avanafil-4-capsule\/\" \/>\n<meta property=\"og:locale\" content=\"ro_RO\" \/>\n<meta property=\"og:type\" content=\"article\" \/>\n<meta property=\"og:title\" content=\"Avana 200mg Avanafil - 4 capsule - Farmacie online!\" \/>\n<meta property=\"og:description\" content=\"Va sfatuim sa\u00a0consultati un medic\u00a0 ... inainte de a plasa comanda.\" \/>\n<meta property=\"og:url\" content=\"https:\/\/www.farmacie-online.eu\/ro\/produs\/avana-200mg-avanafil-4-capsule\/\" \/>\n<meta property=\"og:site_name\" content=\"Farmacie online!\" \/>\n<meta property=\"article:modified_time\" content=\"2024-11-13T13:34:07+00:00\" \/>\n<meta property=\"og:image\" content=\"https:\/\/www.farmacie-online.eu\/wp-content\/uploads\/2023\/04\/avana-200-mg-tablet-500x500-1.webp\" \/>\n\t<meta property=\"og:image:width\" content=\"500\" \/>\n\t<meta property=\"og:image:height\" content=\"500\" \/>\n\t<meta property=\"og:image:type\" content=\"image\/webp\" \/>\n<meta name=\"twitter:card\" content=\"summary_large_image\" \/>\n<meta name=\"twitter:label1\" content=\"Timp estimat pentru citire\" \/>\n\t<meta name=\"twitter:data1\" content=\"3 minute\" \/>\n<script type=\"application\/ld+json\" class=\"yoast-schema-graph\">{\"@context\":\"https:\\\/\\\/schema.org\",\"@graph\":[{\"@type\":\"WebPage\",\"@id\":\"https:\\\/\\\/www.farmacie-online.eu\\\/product\\\/avana-200mg-avanafil-4-capsule\\\/\",\"url\":\"https:\\\/\\\/www.farmacie-online.eu\\\/product\\\/avana-200mg-avanafil-4-capsule\\\/\",\"name\":\"Avana 200mg Avanafil - 4 capsule - Farmacie online!\",\"isPartOf\":{\"@id\":\"https:\\\/\\\/www.farmacie-online.eu\\\/#website\"},\"primaryImageOfPage\":{\"@id\":\"https:\\\/\\\/www.farmacie-online.eu\\\/product\\\/avana-200mg-avanafil-4-capsule\\\/#primaryimage\"},\"image\":{\"@id\":\"https:\\\/\\\/www.farmacie-online.eu\\\/product\\\/avana-200mg-avanafil-4-capsule\\\/#primaryimage\"},\"thumbnailUrl\":\"https:\\\/\\\/www.farmacie-online.eu\\\/wp-content\\\/uploads\\\/2023\\\/04\\\/avana-200-mg-tablet-500x500-1.webp\",\"datePublished\":\"2023-04-19T06:33:58+00:00\",\"dateModified\":\"2024-11-13T13:34:07+00:00\",\"breadcrumb\":{\"@id\":\"https:\\\/\\\/www.farmacie-online.eu\\\/product\\\/avana-200mg-avanafil-4-capsule\\\/#breadcrumb\"},\"inLanguage\":\"ro-RO\",\"potentialAction\":[{\"@type\":\"ReadAction\",\"target\":[\"https:\\\/\\\/www.farmacie-online.eu\\\/product\\\/avana-200mg-avanafil-4-capsule\\\/\"]}]},{\"@type\":\"ImageObject\",\"inLanguage\":\"ro-RO\",\"@id\":\"https:\\\/\\\/www.farmacie-online.eu\\\/product\\\/avana-200mg-avanafil-4-capsule\\\/#primaryimage\",\"url\":\"https:\\\/\\\/www.farmacie-online.eu\\\/wp-content\\\/uploads\\\/2023\\\/04\\\/avana-200-mg-tablet-500x500-1.webp\",\"contentUrl\":\"https:\\\/\\\/www.farmacie-online.eu\\\/wp-content\\\/uploads\\\/2023\\\/04\\\/avana-200-mg-tablet-500x500-1.webp\",\"width\":500,\"height\":500},{\"@type\":\"BreadcrumbList\",\"@id\":\"https:\\\/\\\/www.farmacie-online.eu\\\/product\\\/avana-200mg-avanafil-4-capsule\\\/#breadcrumb\",\"itemListElement\":[{\"@type\":\"ListItem\",\"position\":1,\"name\":\"Prima pagin\u0103\",\"item\":\"https:\\\/\\\/www.farmacie-online.eu\\\/\"},{\"@type\":\"ListItem\",\"position\":2,\"name\":\"Produse\",\"item\":\"https:\\\/\\\/www.farmacie-online.eu\\\/produse\\\/\"},{\"@type\":\"ListItem\",\"position\":3,\"name\":\"Avana 200mg Avanafil &#8211; 4 capsule\"}]},{\"@type\":\"WebSite\",\"@id\":\"https:\\\/\\\/www.farmacie-online.eu\\\/#website\",\"url\":\"https:\\\/\\\/www.farmacie-online.eu\\\/\",\"name\":\"Farmacie online!\",\"description\":\"Comanzi online, prime\u0219ti rapid!\",\"publisher\":{\"@id\":\"https:\\\/\\\/www.farmacie-online.eu\\\/#organization\"},\"potentialAction\":[{\"@type\":\"SearchAction\",\"target\":{\"@type\":\"EntryPoint\",\"urlTemplate\":\"https:\\\/\\\/www.farmacie-online.eu\\\/?s={search_term_string}\"},\"query-input\":{\"@type\":\"PropertyValueSpecification\",\"valueRequired\":true,\"valueName\":\"search_term_string\"}}],\"inLanguage\":\"ro-RO\"},{\"@type\":\"Organization\",\"@id\":\"https:\\\/\\\/www.farmacie-online.eu\\\/#organization\",\"name\":\"Farmacie online!\",\"url\":\"https:\\\/\\\/www.farmacie-online.eu\\\/\",\"logo\":{\"@type\":\"ImageObject\",\"inLanguage\":\"ro-RO\",\"@id\":\"https:\\\/\\\/www.farmacie-online.eu\\\/#\\\/schema\\\/logo\\\/image\\\/\",\"url\":\"https:\\\/\\\/www.farmacie-online.eu\\\/wp-content\\\/uploads\\\/2023\\\/08\\\/cropped-favicon.webp\",\"contentUrl\":\"https:\\\/\\\/www.farmacie-online.eu\\\/wp-content\\\/uploads\\\/2023\\\/08\\\/cropped-favicon.webp\",\"width\":500,\"height\":211,\"caption\":\"Farmacie online!\"},\"image\":{\"@id\":\"https:\\\/\\\/www.farmacie-online.eu\\\/#\\\/schema\\\/logo\\\/image\\\/\"}}]}<\/script>\n<!-- \/ Yoast SEO plugin. -->","yoast_head_json":{"title":"Avana 200mg Avanafil - 4 capsule - Farmacie online!","robots":{"index":"index","follow":"follow","max-snippet":"max-snippet:-1","max-image-preview":"max-image-preview:large","max-video-preview":"max-video-preview:-1"},"canonical":"https:\/\/www.farmacie-online.eu\/ro\/produs\/avana-200mg-avanafil-4-capsule\/","og_locale":"ro_RO","og_type":"article","og_title":"Avana 200mg Avanafil - 4 capsule - Farmacie online!","og_description":"Va sfatuim sa\u00a0consultati un medic\u00a0 ... inainte de a plasa comanda.","og_url":"https:\/\/www.farmacie-online.eu\/ro\/produs\/avana-200mg-avanafil-4-capsule\/","og_site_name":"Farmacie online!","article_modified_time":"2024-11-13T13:34:07+00:00","og_image":[{"width":500,"height":500,"url":"https:\/\/www.farmacie-online.eu\/wp-content\/uploads\/2023\/04\/avana-200-mg-tablet-500x500-1.webp","type":"image\/webp"}],"twitter_card":"summary_large_image","twitter_misc":{"Timp estimat pentru citire":"3 minute"},"schema":{"@context":"https:\/\/schema.org","@graph":[{"@type":"WebPage","@id":"https:\/\/www.farmacie-online.eu\/product\/avana-200mg-avanafil-4-capsule\/","url":"https:\/\/www.farmacie-online.eu\/product\/avana-200mg-avanafil-4-capsule\/","name":"Avana 200mg Avanafil - 4 capsule - Farmacie online!","isPartOf":{"@id":"https:\/\/www.farmacie-online.eu\/#website"},"primaryImageOfPage":{"@id":"https:\/\/www.farmacie-online.eu\/product\/avana-200mg-avanafil-4-capsule\/#primaryimage"},"image":{"@id":"https:\/\/www.farmacie-online.eu\/product\/avana-200mg-avanafil-4-capsule\/#primaryimage"},"thumbnailUrl":"https:\/\/www.farmacie-online.eu\/wp-content\/uploads\/2023\/04\/avana-200-mg-tablet-500x500-1.webp","datePublished":"2023-04-19T06:33:58+00:00","dateModified":"2024-11-13T13:34:07+00:00","breadcrumb":{"@id":"https:\/\/www.farmacie-online.eu\/product\/avana-200mg-avanafil-4-capsule\/#breadcrumb"},"inLanguage":"ro-RO","potentialAction":[{"@type":"ReadAction","target":["https:\/\/www.farmacie-online.eu\/product\/avana-200mg-avanafil-4-capsule\/"]}]},{"@type":"ImageObject","inLanguage":"ro-RO","@id":"https:\/\/www.farmacie-online.eu\/product\/avana-200mg-avanafil-4-capsule\/#primaryimage","url":"https:\/\/www.farmacie-online.eu\/wp-content\/uploads\/2023\/04\/avana-200-mg-tablet-500x500-1.webp","contentUrl":"https:\/\/www.farmacie-online.eu\/wp-content\/uploads\/2023\/04\/avana-200-mg-tablet-500x500-1.webp","width":500,"height":500},{"@type":"BreadcrumbList","@id":"https:\/\/www.farmacie-online.eu\/product\/avana-200mg-avanafil-4-capsule\/#breadcrumb","itemListElement":[{"@type":"ListItem","position":1,"name":"Prima pagin\u0103","item":"https:\/\/www.farmacie-online.eu\/"},{"@type":"ListItem","position":2,"name":"Produse","item":"https:\/\/www.farmacie-online.eu\/produse\/"},{"@type":"ListItem","position":3,"name":"Avana 200mg Avanafil &#8211; 4 capsule"}]},{"@type":"WebSite","@id":"https:\/\/www.farmacie-online.eu\/#website","url":"https:\/\/www.farmacie-online.eu\/","name":"Farmacie online!","description":"Comanzi online, prime\u0219ti rapid!","publisher":{"@id":"https:\/\/www.farmacie-online.eu\/#organization"},"potentialAction":[{"@type":"SearchAction","target":{"@type":"EntryPoint","urlTemplate":"https:\/\/www.farmacie-online.eu\/?s={search_term_string}"},"query-input":{"@type":"PropertyValueSpecification","valueRequired":true,"valueName":"search_term_string"}}],"inLanguage":"ro-RO"},{"@type":"Organization","@id":"https:\/\/www.farmacie-online.eu\/#organization","name":"Farmacie online!","url":"https:\/\/www.farmacie-online.eu\/","logo":{"@type":"ImageObject","inLanguage":"ro-RO","@id":"https:\/\/www.farmacie-online.eu\/#\/schema\/logo\/image\/","url":"https:\/\/www.farmacie-online.eu\/wp-content\/uploads\/2023\/08\/cropped-favicon.webp","contentUrl":"https:\/\/www.farmacie-online.eu\/wp-content\/uploads\/2023\/08\/cropped-favicon.webp","width":500,"height":211,"caption":"Farmacie online!"},"image":{"@id":"https:\/\/www.farmacie-online.eu\/#\/schema\/logo\/image\/"}}]}},"jetpack_sharing_enabled":true,"_links":{"self":[{"href":"https:\/\/www.farmacie-online.eu\/ro\/wp-json\/wp\/v2\/product\/8591","targetHints":{"allow":["GET"]}}],"collection":[{"href":"https:\/\/www.farmacie-online.eu\/ro\/wp-json\/wp\/v2\/product"}],"about":[{"href":"https:\/\/www.farmacie-online.eu\/ro\/wp-json\/wp\/v2\/types\/product"}],"replies":[{"embeddable":true,"href":"https:\/\/www.farmacie-online.eu\/ro\/wp-json\/wp\/v2\/comments?post=8591"}],"wp:featuredmedia":[{"embeddable":true,"href":"https:\/\/www.farmacie-online.eu\/ro\/wp-json\/wp\/v2\/media\/8544"}],"wp:attachment":[{"href":"https:\/\/www.farmacie-online.eu\/ro\/wp-json\/wp\/v2\/media?parent=8591"}],"wp:term":[{"taxonomy":"product_brand","embeddable":true,"href":"https:\/\/www.farmacie-online.eu\/ro\/wp-json\/wp\/v2\/product_brand?post=8591"},{"taxonomy":"product_cat","embeddable":true,"href":"https:\/\/www.farmacie-online.eu\/ro\/wp-json\/wp\/v2\/product_cat?post=8591"},{"taxonomy":"product_tag","embeddable":true,"href":"https:\/\/www.farmacie-online.eu\/ro\/wp-json\/wp\/v2\/product_tag?post=8591"}],"curies":[{"name":"wp","href":"https:\/\/api.w.org\/{rel}","templated":true}]}}