{"id":8500,"date":"2023-04-18T18:29:17","date_gmt":"2023-04-18T16:29:17","guid":{"rendered":"https:\/\/farmacie-online.eu\/?post_type=product&#038;p=8500"},"modified":"2024-03-11T16:34:23","modified_gmt":"2024-03-11T14:34:23","slug":"cialis-20-mg-12-comprimate-filmate-eli-lilly","status":"publish","type":"product","link":"https:\/\/www.farmacie-online.eu\/ro\/produs\/cialis-20-mg-12-comprimate-filmate-eli-lilly\/","title":{"rendered":"Cialis, 20 mg, 12 comprimate filmate, Eli Lilly"},"content":{"rendered":"<h3 class=\"text-bold-700 mt-3\">Cialis, 20 mg, 12 comprimate filmate, Eli Lilly<\/h3>\n<div class=\"mb-3\">\n<p><strong>Indicatii:<\/strong><br \/>\nCIALIS este folosit pentru tratamentul b\u0103rba\u0163ilor cu disfunc\u0163ie erectil\u0103. Aceasta este situa\u0163ia c\u00e2nd un b\u0103rbat nu poate s\u0103 aib\u0103 sau s\u0103-\u015fi men\u0163in\u0103 penisul \u00eent\u0103rit, \u00een erec\u0163ie, a\u015fa cum este necesar pentru activitatea sexual\u0103. CIALIS a dovedit c\u0103 \u00eembun\u0103t\u0103\u0163e\u015fte semnificativ capacitatea b\u0103rba\u0163ilor de a ob\u0163ine erec\u0163ia penisului pentru activitatea sexual\u0103.<\/p>\n<p>CIALIS con\u0163ine substan\u0163a activ\u0103 tadalafil, care face parte din grupul de medicamente numite inhibitori de fosfodiesteraz\u0103 tip 5. \u00cen urma stimul\u0103rii sexuale, CIALIS ac\u0163ioneaz\u0103 ajut\u00e2nd vasele de s\u00e2nge din penis s\u0103 se relaxeze \u015fi s\u0103 permit\u0103 p\u0103trunderea unei cantit\u0103\u0163i mai mari de s\u00e2nge \u00een penis. Rezultatul este \u00eembun\u0103t\u0103\u0163irea func\u0163iei erectile. CIALIS nu v\u0103 va fi de ajutor dac\u0103 nu ave\u0163i disfunc\u0163ie erectil\u0103.<\/p>\n<p>Este important s\u0103 re\u0163ine\u0163i c\u0103 CIALIS nu ac\u0163ioneaz\u0103 dac\u0103 nu exist\u0103 stimulare sexual\u0103. Trebuie ca dumneavoastr\u0103 \u015fi partenera dumneavoastr\u0103 s\u0103 v\u0103 angaja\u0163i \u00een preludiu ca \u015fi cum nu a\u0163i lua nici un medicament pentru disfunc\u0163ia erectil\u0103.<\/p>\n<p><strong>Contraindicatii:<\/strong><br \/>\nNu lua\u0163i CIALIS dac\u0103:<br \/>\n&#8211; sunte\u0163i alergic la tadalafil sau la oricare dintre celelalte componentele ale acestui medicament.<\/p>\n<p><strong>Precautii:<\/strong><br \/>\n\u00cenainte s\u0103 lua\u0163i CIALIS, adresa\u0163i-v\u0103 medicului dumneavoastr\u0103 sau farmacistului.<\/p>\n<p><strong>Fertilitatea:<\/strong><br \/>\n\u00cen urma administrarii la c\u00e2ini, s-a observat diminuarea form\u0103rii spermei \u00een testicule. Sc\u0103derea concentra\u0163iei spermei a fost observat\u0103 \u015fi la unii b\u0103rba\u0163i. Este pu\u0163in probabil ca aceste efecte s\u0103 determine pierderea capacit\u0103\u0163ii de reproducere.<\/p>\n<p><strong>Conducerea vehiculelor \u015fi folosirea utilajelor:<\/strong><br \/>\nUnii b\u0103rba\u0163ii care au luat CIALIS \u00een timpul studiilor clinice au raportat ame\u0163eli. Verifica\u0163i cu aten\u0163ie cum reac\u0163iona\u0163i la aceste comprimate \u00eenainte de a conduce vehicule sau de a folosi utilaje.<\/p>\n<p><strong>Mod de administrare:<\/strong><br \/>\nLua\u0163i \u00eentotdeauna acest medicament exact a\u015fa cum v-a recomandat medicul dumneavoastr\u0103. Discuta\u0163i cu medicul dumneavoastr\u0103 sau cu farmacistul dac\u0103 nu sunte\u0163i sigur.<\/p>\n<p>CIALIS comprimate sunt destinate numai administr\u0103rii la b\u0103rba\u0163i. \u00cenghi\u0163i\u0163i comprimatul \u00eentreg cu pu\u0163in\u0103 ap\u0103. Comprimatele pot fi luate cu sau f\u0103r\u0103 alimente.<\/p>\n<p>Doza recomandat\u0103 este de un comprimat de 10 mg luat \u00eenainte de a avea activitate sexual\u0103. Dac\u0103 efectul acestei doze este prea slab, medicul dumneavoastr\u0103 v\u0103 poate cre\u015fte doza la 20 mg. Comprimatele de CIALIS sunt destinate administr\u0103rii pe cale oral\u0103.<\/p>\n<p>Pute\u0163i lua comprimatul de CIALIS cu cel pu\u0163in 30 minute \u00eenainte de a avea activitate sexual\u0103.<br \/>\nCIALIS poate fi eficient p\u00e2n\u0103 la 36 ore de la administrarea comprimatului.<\/p>\n<p>Nu trebuie s\u0103 lua\u0163i CIALIS mai des dec\u00e2t o dat\u0103 pe zi. CIALIS 10 mg \u015fi 20 mg este destinat utiliz\u0103rii \u00eenainte de a avea o activitate sexual\u0103 anticipat\u0103 \u015fi nu este recomandat pentru utilizare zilnic\u0103.<\/p>\n<p>Este important s\u0103 re\u0163ine\u0163i c\u0103 CIALIS nu ac\u0163ioneaz\u0103 dac\u0103 nu exist\u0103 stimulare sexual\u0103. Dumneavoastr\u0103 \u015fi partenera dumneavoastr\u0103 va trebui s\u0103 v\u0103 angaja\u0163i \u00een preludiu, ca \u015fi c\u00e2nd nu a\u0163i lua un medicament pentru disfunc\u0163ie erectil\u0103.<\/p>\n<p>Consumul de alcool etilic v\u0103 poate afecta capacitatea de a ob\u0163ine o erec\u0163ie \u015fi v\u0103 poate sc\u0103dea temporar tensiunea arterial\u0103. Dac\u0103 a\u0163i luat sau planifica\u0163i s\u0103 lua\u0163i CIALIS, evita\u0163i consumul excesiv de alcool etilic (alcoolemie de 0,08% sau mai mare), deoarece acesta poate cre\u015fte riscul de apari\u0163ie a ame\u0163elilor c\u00e2nd v\u0103 ridica\u0163i \u00een picioare.<\/p>\n<p>Dac\u0103 ave\u0163i orice \u00eentreb\u0103ri suplimentare cu privire la acest medicament, adresa\u0163i-v\u0103 medicului dumneavoastr\u0103 sau farmacistului.<\/p>\n<p><strong>Compozitie:<\/strong><br \/>\n&#8211; Substan\u0163a activ\u0103 este tadalafil. Fiecare comprimat con\u0163ine tadalafil 20 mg.<br \/>\n&#8211; Celelalte componente sunt: Nucleu: lactoz\u0103 monohidrat, croscarmeloz\u0103 sodic\u0103, hidroxipropilceluloz\u0103, celuloz\u0103 microcristalin\u0103, laurilsulfat de sodiu, stearat de magneziu. CIALIS con\u021bine lactoz\u0103.<br \/>\nFilm: lactoz\u0103 monohidrat, hipromeloz\u0103, triacetin\u0103, dioxid de titan (E171), oxid galben de fier (E172), talc.<\/p>\n<p><strong>Prezentare:<\/strong><br \/>\n12 comprimate filmate<\/p>\n<\/div>","protected":false},"excerpt":{"rendered":"<h3 class=\"text-bold-700 mt-3\">Cialis, 20 mg, 12 comprimate filmate, Eli Lilly<\/h3>","protected":false},"featured_media":8529,"comment_status":"open","ping_status":"closed","template":"","meta":{"inline_featured_image":false},"product_brand":[],"product_cat":[78],"product_tag":[35,91,90,53],"class_list":{"0":"post-8500","1":"product","2":"type-product","3":"status-publish","4":"has-post-thumbnail","6":"product_cat-viata-sexuala","7":"product_tag-cialis","8":"product_tag-disfunctie-erectila","9":"product_tag-potenta","10":"product_tag-tadalafil","12":"first","13":"outofstock","14":"shipping-taxable","15":"purchasable","16":"product-type-simple"},"yoast_head":"<!-- This site is optimized with the Yoast SEO plugin v27.4 - https:\/\/yoast.com\/product\/yoast-seo-wordpress\/ -->\n<title>Cialis, 20 mg, 12 comprimate filmate, Eli Lilly - Farmacie online!<\/title>\n<meta name=\"robots\" content=\"index, follow, max-snippet:-1, max-image-preview:large, max-video-preview:-1\" \/>\n<link rel=\"canonical\" href=\"https:\/\/www.farmacie-online.eu\/ro\/produs\/cialis-20-mg-12-comprimate-filmate-eli-lilly\/\" \/>\n<meta property=\"og:locale\" content=\"ro_RO\" \/>\n<meta property=\"og:type\" content=\"article\" \/>\n<meta property=\"og:title\" content=\"Cialis, 20 mg, 12 comprimate filmate, Eli Lilly - Farmacie online!\" \/>\n<meta property=\"og:description\" content=\"Cialis, 20 mg, 12 comprimate filmate, Eli Lilly\" \/>\n<meta property=\"og:url\" content=\"https:\/\/www.farmacie-online.eu\/ro\/produs\/cialis-20-mg-12-comprimate-filmate-eli-lilly\/\" \/>\n<meta property=\"og:site_name\" content=\"Farmacie online!\" \/>\n<meta property=\"article:modified_time\" content=\"2024-03-11T14:34:23+00:00\" \/>\n<meta property=\"og:image\" content=\"https:\/\/www.farmacie-online.eu\/wp-content\/uploads\/2023\/04\/farmacia-online-Cialis-20mg.jpg\" \/>\n\t<meta property=\"og:image:width\" content=\"800\" \/>\n\t<meta property=\"og:image:height\" content=\"800\" \/>\n\t<meta property=\"og:image:type\" content=\"image\/jpeg\" \/>\n<meta name=\"twitter:card\" content=\"summary_large_image\" \/>\n<meta name=\"twitter:label1\" content=\"Timp estimat pentru citire\" \/>\n\t<meta name=\"twitter:data1\" content=\"3 minute\" \/>\n<script type=\"application\/ld+json\" class=\"yoast-schema-graph\">{\"@context\":\"https:\\\/\\\/schema.org\",\"@graph\":[{\"@type\":\"WebPage\",\"@id\":\"https:\\\/\\\/www.farmacie-online.eu\\\/product\\\/cialis-20-mg-12-comprimate-filmate-eli-lilly\\\/\",\"url\":\"https:\\\/\\\/www.farmacie-online.eu\\\/product\\\/cialis-20-mg-12-comprimate-filmate-eli-lilly\\\/\",\"name\":\"Cialis, 20 mg, 12 comprimate filmate, Eli Lilly - Farmacie online!\",\"isPartOf\":{\"@id\":\"https:\\\/\\\/www.farmacie-online.eu\\\/#website\"},\"primaryImageOfPage\":{\"@id\":\"https:\\\/\\\/www.farmacie-online.eu\\\/product\\\/cialis-20-mg-12-comprimate-filmate-eli-lilly\\\/#primaryimage\"},\"image\":{\"@id\":\"https:\\\/\\\/www.farmacie-online.eu\\\/product\\\/cialis-20-mg-12-comprimate-filmate-eli-lilly\\\/#primaryimage\"},\"thumbnailUrl\":\"https:\\\/\\\/www.farmacie-online.eu\\\/wp-content\\\/uploads\\\/2023\\\/04\\\/farmacia-online-Cialis-20mg.jpg\",\"datePublished\":\"2023-04-18T16:29:17+00:00\",\"dateModified\":\"2024-03-11T14:34:23+00:00\",\"breadcrumb\":{\"@id\":\"https:\\\/\\\/www.farmacie-online.eu\\\/product\\\/cialis-20-mg-12-comprimate-filmate-eli-lilly\\\/#breadcrumb\"},\"inLanguage\":\"ro-RO\",\"potentialAction\":[{\"@type\":\"ReadAction\",\"target\":[\"https:\\\/\\\/www.farmacie-online.eu\\\/product\\\/cialis-20-mg-12-comprimate-filmate-eli-lilly\\\/\"]}]},{\"@type\":\"ImageObject\",\"inLanguage\":\"ro-RO\",\"@id\":\"https:\\\/\\\/www.farmacie-online.eu\\\/product\\\/cialis-20-mg-12-comprimate-filmate-eli-lilly\\\/#primaryimage\",\"url\":\"https:\\\/\\\/www.farmacie-online.eu\\\/wp-content\\\/uploads\\\/2023\\\/04\\\/farmacia-online-Cialis-20mg.jpg\",\"contentUrl\":\"https:\\\/\\\/www.farmacie-online.eu\\\/wp-content\\\/uploads\\\/2023\\\/04\\\/farmacia-online-Cialis-20mg.jpg\",\"width\":800,\"height\":800},{\"@type\":\"BreadcrumbList\",\"@id\":\"https:\\\/\\\/www.farmacie-online.eu\\\/product\\\/cialis-20-mg-12-comprimate-filmate-eli-lilly\\\/#breadcrumb\",\"itemListElement\":[{\"@type\":\"ListItem\",\"position\":1,\"name\":\"Prima pagin\u0103\",\"item\":\"https:\\\/\\\/www.farmacie-online.eu\\\/\"},{\"@type\":\"ListItem\",\"position\":2,\"name\":\"Produse\",\"item\":\"https:\\\/\\\/www.farmacie-online.eu\\\/produse\\\/\"},{\"@type\":\"ListItem\",\"position\":3,\"name\":\"Cialis, 20 mg, 12 comprimate filmate, Eli Lilly\"}]},{\"@type\":\"WebSite\",\"@id\":\"https:\\\/\\\/www.farmacie-online.eu\\\/#website\",\"url\":\"https:\\\/\\\/www.farmacie-online.eu\\\/\",\"name\":\"Farmacie online!\",\"description\":\"Comanzi online, prime\u0219ti rapid!\",\"publisher\":{\"@id\":\"https:\\\/\\\/www.farmacie-online.eu\\\/#organization\"},\"potentialAction\":[{\"@type\":\"SearchAction\",\"target\":{\"@type\":\"EntryPoint\",\"urlTemplate\":\"https:\\\/\\\/www.farmacie-online.eu\\\/?s={search_term_string}\"},\"query-input\":{\"@type\":\"PropertyValueSpecification\",\"valueRequired\":true,\"valueName\":\"search_term_string\"}}],\"inLanguage\":\"ro-RO\"},{\"@type\":\"Organization\",\"@id\":\"https:\\\/\\\/www.farmacie-online.eu\\\/#organization\",\"name\":\"Farmacie online!\",\"url\":\"https:\\\/\\\/www.farmacie-online.eu\\\/\",\"logo\":{\"@type\":\"ImageObject\",\"inLanguage\":\"ro-RO\",\"@id\":\"https:\\\/\\\/www.farmacie-online.eu\\\/#\\\/schema\\\/logo\\\/image\\\/\",\"url\":\"https:\\\/\\\/www.farmacie-online.eu\\\/wp-content\\\/uploads\\\/2023\\\/08\\\/cropped-favicon.webp\",\"contentUrl\":\"https:\\\/\\\/www.farmacie-online.eu\\\/wp-content\\\/uploads\\\/2023\\\/08\\\/cropped-favicon.webp\",\"width\":500,\"height\":211,\"caption\":\"Farmacie online!\"},\"image\":{\"@id\":\"https:\\\/\\\/www.farmacie-online.eu\\\/#\\\/schema\\\/logo\\\/image\\\/\"}}]}<\/script>\n<!-- \/ Yoast SEO plugin. -->","yoast_head_json":{"title":"Cialis, 20 mg, 12 comprimate filmate, Eli Lilly - Farmacie online!","robots":{"index":"index","follow":"follow","max-snippet":"max-snippet:-1","max-image-preview":"max-image-preview:large","max-video-preview":"max-video-preview:-1"},"canonical":"https:\/\/www.farmacie-online.eu\/ro\/produs\/cialis-20-mg-12-comprimate-filmate-eli-lilly\/","og_locale":"ro_RO","og_type":"article","og_title":"Cialis, 20 mg, 12 comprimate filmate, Eli Lilly - Farmacie online!","og_description":"Cialis, 20 mg, 12 comprimate filmate, Eli Lilly","og_url":"https:\/\/www.farmacie-online.eu\/ro\/produs\/cialis-20-mg-12-comprimate-filmate-eli-lilly\/","og_site_name":"Farmacie online!","article_modified_time":"2024-03-11T14:34:23+00:00","og_image":[{"width":800,"height":800,"url":"https:\/\/www.farmacie-online.eu\/wp-content\/uploads\/2023\/04\/farmacia-online-Cialis-20mg.jpg","type":"image\/jpeg"}],"twitter_card":"summary_large_image","twitter_misc":{"Timp estimat pentru citire":"3 minute"},"schema":{"@context":"https:\/\/schema.org","@graph":[{"@type":"WebPage","@id":"https:\/\/www.farmacie-online.eu\/product\/cialis-20-mg-12-comprimate-filmate-eli-lilly\/","url":"https:\/\/www.farmacie-online.eu\/product\/cialis-20-mg-12-comprimate-filmate-eli-lilly\/","name":"Cialis, 20 mg, 12 comprimate filmate, Eli Lilly - Farmacie online!","isPartOf":{"@id":"https:\/\/www.farmacie-online.eu\/#website"},"primaryImageOfPage":{"@id":"https:\/\/www.farmacie-online.eu\/product\/cialis-20-mg-12-comprimate-filmate-eli-lilly\/#primaryimage"},"image":{"@id":"https:\/\/www.farmacie-online.eu\/product\/cialis-20-mg-12-comprimate-filmate-eli-lilly\/#primaryimage"},"thumbnailUrl":"https:\/\/www.farmacie-online.eu\/wp-content\/uploads\/2023\/04\/farmacia-online-Cialis-20mg.jpg","datePublished":"2023-04-18T16:29:17+00:00","dateModified":"2024-03-11T14:34:23+00:00","breadcrumb":{"@id":"https:\/\/www.farmacie-online.eu\/product\/cialis-20-mg-12-comprimate-filmate-eli-lilly\/#breadcrumb"},"inLanguage":"ro-RO","potentialAction":[{"@type":"ReadAction","target":["https:\/\/www.farmacie-online.eu\/product\/cialis-20-mg-12-comprimate-filmate-eli-lilly\/"]}]},{"@type":"ImageObject","inLanguage":"ro-RO","@id":"https:\/\/www.farmacie-online.eu\/product\/cialis-20-mg-12-comprimate-filmate-eli-lilly\/#primaryimage","url":"https:\/\/www.farmacie-online.eu\/wp-content\/uploads\/2023\/04\/farmacia-online-Cialis-20mg.jpg","contentUrl":"https:\/\/www.farmacie-online.eu\/wp-content\/uploads\/2023\/04\/farmacia-online-Cialis-20mg.jpg","width":800,"height":800},{"@type":"BreadcrumbList","@id":"https:\/\/www.farmacie-online.eu\/product\/cialis-20-mg-12-comprimate-filmate-eli-lilly\/#breadcrumb","itemListElement":[{"@type":"ListItem","position":1,"name":"Prima pagin\u0103","item":"https:\/\/www.farmacie-online.eu\/"},{"@type":"ListItem","position":2,"name":"Produse","item":"https:\/\/www.farmacie-online.eu\/produse\/"},{"@type":"ListItem","position":3,"name":"Cialis, 20 mg, 12 comprimate filmate, Eli Lilly"}]},{"@type":"WebSite","@id":"https:\/\/www.farmacie-online.eu\/#website","url":"https:\/\/www.farmacie-online.eu\/","name":"Farmacie online!","description":"Comanzi online, prime\u0219ti rapid!","publisher":{"@id":"https:\/\/www.farmacie-online.eu\/#organization"},"potentialAction":[{"@type":"SearchAction","target":{"@type":"EntryPoint","urlTemplate":"https:\/\/www.farmacie-online.eu\/?s={search_term_string}"},"query-input":{"@type":"PropertyValueSpecification","valueRequired":true,"valueName":"search_term_string"}}],"inLanguage":"ro-RO"},{"@type":"Organization","@id":"https:\/\/www.farmacie-online.eu\/#organization","name":"Farmacie online!","url":"https:\/\/www.farmacie-online.eu\/","logo":{"@type":"ImageObject","inLanguage":"ro-RO","@id":"https:\/\/www.farmacie-online.eu\/#\/schema\/logo\/image\/","url":"https:\/\/www.farmacie-online.eu\/wp-content\/uploads\/2023\/08\/cropped-favicon.webp","contentUrl":"https:\/\/www.farmacie-online.eu\/wp-content\/uploads\/2023\/08\/cropped-favicon.webp","width":500,"height":211,"caption":"Farmacie online!"},"image":{"@id":"https:\/\/www.farmacie-online.eu\/#\/schema\/logo\/image\/"}}]}},"jetpack_sharing_enabled":true,"_links":{"self":[{"href":"https:\/\/www.farmacie-online.eu\/ro\/wp-json\/wp\/v2\/product\/8500","targetHints":{"allow":["GET"]}}],"collection":[{"href":"https:\/\/www.farmacie-online.eu\/ro\/wp-json\/wp\/v2\/product"}],"about":[{"href":"https:\/\/www.farmacie-online.eu\/ro\/wp-json\/wp\/v2\/types\/product"}],"replies":[{"embeddable":true,"href":"https:\/\/www.farmacie-online.eu\/ro\/wp-json\/wp\/v2\/comments?post=8500"}],"wp:featuredmedia":[{"embeddable":true,"href":"https:\/\/www.farmacie-online.eu\/ro\/wp-json\/wp\/v2\/media\/8529"}],"wp:attachment":[{"href":"https:\/\/www.farmacie-online.eu\/ro\/wp-json\/wp\/v2\/media?parent=8500"}],"wp:term":[{"taxonomy":"product_brand","embeddable":true,"href":"https:\/\/www.farmacie-online.eu\/ro\/wp-json\/wp\/v2\/product_brand?post=8500"},{"taxonomy":"product_cat","embeddable":true,"href":"https:\/\/www.farmacie-online.eu\/ro\/wp-json\/wp\/v2\/product_cat?post=8500"},{"taxonomy":"product_tag","embeddable":true,"href":"https:\/\/www.farmacie-online.eu\/ro\/wp-json\/wp\/v2\/product_tag?post=8500"}],"curies":[{"name":"wp","href":"https:\/\/api.w.org\/{rel}","templated":true}]}}