{"id":231,"date":"2020-10-21T08:31:07","date_gmt":"2020-10-21T08:31:07","guid":{"rendered":"http:\/\/source.wpopal.com\/medilazar\/product\/herbal-cough-syrup-in-ahmedabad\/"},"modified":"2025-05-08T10:03:27","modified_gmt":"2025-05-08T08:03:27","slug":"extra-super-tadarise","status":"publish","type":"product","link":"https:\/\/www.farmacie-online.eu\/ro\/produs\/extra-super-tadarise\/","title":{"rendered":"Extra Super  Tadarise"},"content":{"rendered":"<p><strong>Extra Super Tadarise<\/strong>\u00a0<strong>(Tadalafil 40mg &amp; Dapoxetina 60mg)<\/strong>, actiune 2 in 1,\u00a0 este un tratament nou at\u00e2t pentru disfunc\u021bia erectil\u0103, c\u00e2t \u0219i<span style=\"font-size: 1rem;\">\u00a0pentru ejacularea precoce. Acesta utilizeaz\u0103 puternica, inovativa \u0219i revolu\u021bionara combina\u021bie 2 in 1 de\u00a0<\/span><strong style=\"font-size: 1rem;\">Tadalafil (40mg) \u0219i Dapoxetin\u0103 (60mg)<\/strong><span style=\"font-size: 1rem;\">\u00a0pentru a forma o singur\u0103 tablet\u0103 de 100mg.<\/span><\/p>\n<p><strong>Tadalafilul\u00a0 (40mg)<\/strong>\u00a0este in inhibitor al PDE5 care \u00eei ajut\u0103 pe b\u0103rba\u021bi s\u0103-\u0219i men\u021bin\u0103 o erec\u021bie puternic\u0103 pentru mai mult de 4 ore dup\u0103 tratament.<\/p>\n<p><strong>Dapoxetina (60mg)<\/strong>\u00a0este un inhibitor selictiv al recept\u0103rii serotoninei (SSRI) cu ac\u021biune scurt\u0103 care ajut\u0103 la controlarea ejacularii precoce \u0219i \u00een am\u00e2narea orgasmului. Extra Super Tadarise cre\u0219te nivelul de testosteron \u00eentr-un act sexual stimulat \u0219i ajut\u0103 la combaterea momentelor jenante \u0219i problemelor sexuale.<\/p>","protected":false},"excerpt":{"rendered":"<p>Va sfatuim sa\u00a0<em>consultati un medic<\/em>\u00a0 &#8230; <em>inainte de a plasa comanda<\/em>.<br \/>\n<span style=\"font-size: 1rem;\">Acest produs utilizeaz\u0103 puternica, inovativa \u0219i revolu\u021bionara combina\u021bie 2 in 1 de <\/span><strong style=\"font-size: 1rem;\">Tadalafil (40mg) \u0219i Dapoxetin\u0103 (60mg)<\/strong><span style=\"font-size: 1rem;\">\u00a0pentru a forma o singur\u0103 tablet\u0103 de 100mg.<\/span><\/p>\n<p><strong>La comenzi de peste 150 lei, GRATUIT primiti 5 comprimate de <a href=\"https:\/\/www.farmacie-online.eu\/ro\/produs\/vidalista-10-mg-10-comprimate\/\">Vidalista 10mg<\/a>.<\/strong><\/p>","protected":false},"featured_media":8667,"comment_status":"open","ping_status":"closed","template":"","meta":{"inline_featured_image":false},"product_brand":[],"product_cat":[78],"product_tag":[100,120,90,53,51],"class_list":{"0":"post-231","1":"product","2":"type-product","3":"status-publish","4":"has-post-thumbnail","6":"product_cat-viata-sexuala","7":"product_tag-dapoxetina","8":"product_tag-extra-super-tadarise","9":"product_tag-potenta","10":"product_tag-tadalafil","11":"product_tag-viagra","13":"first","14":"outofstock","15":"shipping-taxable","16":"purchasable","17":"product-type-simple"},"yoast_head":"<!-- This site is optimized with the Yoast SEO plugin v27.4 - https:\/\/yoast.com\/product\/yoast-seo-wordpress\/ -->\n<title>Extra Super Tadarise - Farmacie online!<\/title>\n<meta name=\"robots\" content=\"index, follow, max-snippet:-1, max-image-preview:large, max-video-preview:-1\" \/>\n<link rel=\"canonical\" href=\"https:\/\/www.farmacie-online.eu\/ro\/produs\/extra-super-tadarise\/\" \/>\n<meta property=\"og:locale\" content=\"ro_RO\" \/>\n<meta property=\"og:type\" content=\"article\" \/>\n<meta property=\"og:title\" content=\"Extra Super Tadarise - Farmacie online!\" \/>\n<meta property=\"og:description\" content=\"Va sfatuim sa\u00a0consultati un medic\u00a0 ... inainte de a plasa comanda. Acest produs utilizeaz\u0103 puternica, inovativa \u0219i revolu\u021bionara combina\u021bie 2 in 1 de Tadalafil (40mg) \u0219i Dapoxetin\u0103 (60mg)\u00a0pentru a forma o singur\u0103 tablet\u0103 de 100mg.  La comenzi de peste 150 lei, GRATUIT primiti 5 comprimate de Vidalista 10mg.\" \/>\n<meta property=\"og:url\" content=\"https:\/\/www.farmacie-online.eu\/ro\/produs\/extra-super-tadarise\/\" \/>\n<meta property=\"og:site_name\" content=\"Farmacie online!\" \/>\n<meta property=\"article:modified_time\" content=\"2025-05-08T08:03:27+00:00\" \/>\n<meta property=\"og:image\" content=\"https:\/\/www.farmacie-online.eu\/wp-content\/uploads\/2020\/10\/Extra-Super-Tadarise.jpg\" \/>\n\t<meta property=\"og:image:width\" content=\"600\" \/>\n\t<meta property=\"og:image:height\" content=\"600\" \/>\n\t<meta property=\"og:image:type\" content=\"image\/jpeg\" \/>\n<meta name=\"twitter:card\" content=\"summary_large_image\" \/>\n<meta name=\"twitter:label1\" content=\"Timp estimat pentru citire\" \/>\n\t<meta name=\"twitter:data1\" content=\"1 minut\" \/>\n<script type=\"application\/ld+json\" class=\"yoast-schema-graph\">{\"@context\":\"https:\\\/\\\/schema.org\",\"@graph\":[{\"@type\":\"WebPage\",\"@id\":\"https:\\\/\\\/www.farmacie-online.eu\\\/product\\\/extra-super-tadarise\\\/\",\"url\":\"https:\\\/\\\/www.farmacie-online.eu\\\/product\\\/extra-super-tadarise\\\/\",\"name\":\"Extra Super Tadarise - Farmacie online!\",\"isPartOf\":{\"@id\":\"https:\\\/\\\/www.farmacie-online.eu\\\/#website\"},\"primaryImageOfPage\":{\"@id\":\"https:\\\/\\\/www.farmacie-online.eu\\\/product\\\/extra-super-tadarise\\\/#primaryimage\"},\"image\":{\"@id\":\"https:\\\/\\\/www.farmacie-online.eu\\\/product\\\/extra-super-tadarise\\\/#primaryimage\"},\"thumbnailUrl\":\"https:\\\/\\\/www.farmacie-online.eu\\\/wp-content\\\/uploads\\\/2020\\\/10\\\/Extra-Super-Tadarise.jpg\",\"datePublished\":\"2020-10-21T08:31:07+00:00\",\"dateModified\":\"2025-05-08T08:03:27+00:00\",\"breadcrumb\":{\"@id\":\"https:\\\/\\\/www.farmacie-online.eu\\\/product\\\/extra-super-tadarise\\\/#breadcrumb\"},\"inLanguage\":\"ro-RO\",\"potentialAction\":[{\"@type\":\"ReadAction\",\"target\":[\"https:\\\/\\\/www.farmacie-online.eu\\\/product\\\/extra-super-tadarise\\\/\"]}]},{\"@type\":\"ImageObject\",\"inLanguage\":\"ro-RO\",\"@id\":\"https:\\\/\\\/www.farmacie-online.eu\\\/product\\\/extra-super-tadarise\\\/#primaryimage\",\"url\":\"https:\\\/\\\/www.farmacie-online.eu\\\/wp-content\\\/uploads\\\/2020\\\/10\\\/Extra-Super-Tadarise.jpg\",\"contentUrl\":\"https:\\\/\\\/www.farmacie-online.eu\\\/wp-content\\\/uploads\\\/2020\\\/10\\\/Extra-Super-Tadarise.jpg\",\"width\":600,\"height\":600},{\"@type\":\"BreadcrumbList\",\"@id\":\"https:\\\/\\\/www.farmacie-online.eu\\\/product\\\/extra-super-tadarise\\\/#breadcrumb\",\"itemListElement\":[{\"@type\":\"ListItem\",\"position\":1,\"name\":\"Prima pagin\u0103\",\"item\":\"https:\\\/\\\/www.farmacie-online.eu\\\/\"},{\"@type\":\"ListItem\",\"position\":2,\"name\":\"Produse\",\"item\":\"https:\\\/\\\/www.farmacie-online.eu\\\/produse\\\/\"},{\"@type\":\"ListItem\",\"position\":3,\"name\":\"Extra Super Tadarise\"}]},{\"@type\":\"WebSite\",\"@id\":\"https:\\\/\\\/www.farmacie-online.eu\\\/#website\",\"url\":\"https:\\\/\\\/www.farmacie-online.eu\\\/\",\"name\":\"Farmacie online!\",\"description\":\"Comanzi online, prime\u0219ti rapid!\",\"publisher\":{\"@id\":\"https:\\\/\\\/www.farmacie-online.eu\\\/#organization\"},\"potentialAction\":[{\"@type\":\"SearchAction\",\"target\":{\"@type\":\"EntryPoint\",\"urlTemplate\":\"https:\\\/\\\/www.farmacie-online.eu\\\/?s={search_term_string}\"},\"query-input\":{\"@type\":\"PropertyValueSpecification\",\"valueRequired\":true,\"valueName\":\"search_term_string\"}}],\"inLanguage\":\"ro-RO\"},{\"@type\":\"Organization\",\"@id\":\"https:\\\/\\\/www.farmacie-online.eu\\\/#organization\",\"name\":\"Farmacie online!\",\"url\":\"https:\\\/\\\/www.farmacie-online.eu\\\/\",\"logo\":{\"@type\":\"ImageObject\",\"inLanguage\":\"ro-RO\",\"@id\":\"https:\\\/\\\/www.farmacie-online.eu\\\/#\\\/schema\\\/logo\\\/image\\\/\",\"url\":\"https:\\\/\\\/www.farmacie-online.eu\\\/wp-content\\\/uploads\\\/2023\\\/08\\\/cropped-favicon.webp\",\"contentUrl\":\"https:\\\/\\\/www.farmacie-online.eu\\\/wp-content\\\/uploads\\\/2023\\\/08\\\/cropped-favicon.webp\",\"width\":500,\"height\":211,\"caption\":\"Farmacie online!\"},\"image\":{\"@id\":\"https:\\\/\\\/www.farmacie-online.eu\\\/#\\\/schema\\\/logo\\\/image\\\/\"}}]}<\/script>\n<!-- \/ Yoast SEO plugin. -->","yoast_head_json":{"title":"Extra Super Tadarise - Farmacie online!","robots":{"index":"index","follow":"follow","max-snippet":"max-snippet:-1","max-image-preview":"max-image-preview:large","max-video-preview":"max-video-preview:-1"},"canonical":"https:\/\/www.farmacie-online.eu\/ro\/produs\/extra-super-tadarise\/","og_locale":"ro_RO","og_type":"article","og_title":"Extra Super Tadarise - Farmacie online!","og_description":"Va sfatuim sa\u00a0consultati un medic\u00a0 ... inainte de a plasa comanda. Acest produs utilizeaz\u0103 puternica, inovativa \u0219i revolu\u021bionara combina\u021bie 2 in 1 de Tadalafil (40mg) \u0219i Dapoxetin\u0103 (60mg)\u00a0pentru a forma o singur\u0103 tablet\u0103 de 100mg.  La comenzi de peste 150 lei, GRATUIT primiti 5 comprimate de Vidalista 10mg.","og_url":"https:\/\/www.farmacie-online.eu\/ro\/produs\/extra-super-tadarise\/","og_site_name":"Farmacie online!","article_modified_time":"2025-05-08T08:03:27+00:00","og_image":[{"width":600,"height":600,"url":"https:\/\/www.farmacie-online.eu\/wp-content\/uploads\/2020\/10\/Extra-Super-Tadarise.jpg","type":"image\/jpeg"}],"twitter_card":"summary_large_image","twitter_misc":{"Timp estimat pentru citire":"1 minut"},"schema":{"@context":"https:\/\/schema.org","@graph":[{"@type":"WebPage","@id":"https:\/\/www.farmacie-online.eu\/product\/extra-super-tadarise\/","url":"https:\/\/www.farmacie-online.eu\/product\/extra-super-tadarise\/","name":"Extra Super Tadarise - Farmacie online!","isPartOf":{"@id":"https:\/\/www.farmacie-online.eu\/#website"},"primaryImageOfPage":{"@id":"https:\/\/www.farmacie-online.eu\/product\/extra-super-tadarise\/#primaryimage"},"image":{"@id":"https:\/\/www.farmacie-online.eu\/product\/extra-super-tadarise\/#primaryimage"},"thumbnailUrl":"https:\/\/www.farmacie-online.eu\/wp-content\/uploads\/2020\/10\/Extra-Super-Tadarise.jpg","datePublished":"2020-10-21T08:31:07+00:00","dateModified":"2025-05-08T08:03:27+00:00","breadcrumb":{"@id":"https:\/\/www.farmacie-online.eu\/product\/extra-super-tadarise\/#breadcrumb"},"inLanguage":"ro-RO","potentialAction":[{"@type":"ReadAction","target":["https:\/\/www.farmacie-online.eu\/product\/extra-super-tadarise\/"]}]},{"@type":"ImageObject","inLanguage":"ro-RO","@id":"https:\/\/www.farmacie-online.eu\/product\/extra-super-tadarise\/#primaryimage","url":"https:\/\/www.farmacie-online.eu\/wp-content\/uploads\/2020\/10\/Extra-Super-Tadarise.jpg","contentUrl":"https:\/\/www.farmacie-online.eu\/wp-content\/uploads\/2020\/10\/Extra-Super-Tadarise.jpg","width":600,"height":600},{"@type":"BreadcrumbList","@id":"https:\/\/www.farmacie-online.eu\/product\/extra-super-tadarise\/#breadcrumb","itemListElement":[{"@type":"ListItem","position":1,"name":"Prima pagin\u0103","item":"https:\/\/www.farmacie-online.eu\/"},{"@type":"ListItem","position":2,"name":"Produse","item":"https:\/\/www.farmacie-online.eu\/produse\/"},{"@type":"ListItem","position":3,"name":"Extra Super Tadarise"}]},{"@type":"WebSite","@id":"https:\/\/www.farmacie-online.eu\/#website","url":"https:\/\/www.farmacie-online.eu\/","name":"Farmacie online!","description":"Comanzi online, prime\u0219ti rapid!","publisher":{"@id":"https:\/\/www.farmacie-online.eu\/#organization"},"potentialAction":[{"@type":"SearchAction","target":{"@type":"EntryPoint","urlTemplate":"https:\/\/www.farmacie-online.eu\/?s={search_term_string}"},"query-input":{"@type":"PropertyValueSpecification","valueRequired":true,"valueName":"search_term_string"}}],"inLanguage":"ro-RO"},{"@type":"Organization","@id":"https:\/\/www.farmacie-online.eu\/#organization","name":"Farmacie online!","url":"https:\/\/www.farmacie-online.eu\/","logo":{"@type":"ImageObject","inLanguage":"ro-RO","@id":"https:\/\/www.farmacie-online.eu\/#\/schema\/logo\/image\/","url":"https:\/\/www.farmacie-online.eu\/wp-content\/uploads\/2023\/08\/cropped-favicon.webp","contentUrl":"https:\/\/www.farmacie-online.eu\/wp-content\/uploads\/2023\/08\/cropped-favicon.webp","width":500,"height":211,"caption":"Farmacie online!"},"image":{"@id":"https:\/\/www.farmacie-online.eu\/#\/schema\/logo\/image\/"}}]}},"jetpack_sharing_enabled":true,"_links":{"self":[{"href":"https:\/\/www.farmacie-online.eu\/ro\/wp-json\/wp\/v2\/product\/231","targetHints":{"allow":["GET"]}}],"collection":[{"href":"https:\/\/www.farmacie-online.eu\/ro\/wp-json\/wp\/v2\/product"}],"about":[{"href":"https:\/\/www.farmacie-online.eu\/ro\/wp-json\/wp\/v2\/types\/product"}],"replies":[{"embeddable":true,"href":"https:\/\/www.farmacie-online.eu\/ro\/wp-json\/wp\/v2\/comments?post=231"}],"wp:featuredmedia":[{"embeddable":true,"href":"https:\/\/www.farmacie-online.eu\/ro\/wp-json\/wp\/v2\/media\/8667"}],"wp:attachment":[{"href":"https:\/\/www.farmacie-online.eu\/ro\/wp-json\/wp\/v2\/media?parent=231"}],"wp:term":[{"taxonomy":"product_brand","embeddable":true,"href":"https:\/\/www.farmacie-online.eu\/ro\/wp-json\/wp\/v2\/product_brand?post=231"},{"taxonomy":"product_cat","embeddable":true,"href":"https:\/\/www.farmacie-online.eu\/ro\/wp-json\/wp\/v2\/product_cat?post=231"},{"taxonomy":"product_tag","embeddable":true,"href":"https:\/\/www.farmacie-online.eu\/ro\/wp-json\/wp\/v2\/product_tag?post=231"}],"curies":[{"name":"wp","href":"https:\/\/api.w.org\/{rel}","templated":true}]}}