{"id":223,"date":"2020-10-21T08:30:59","date_gmt":"2020-10-21T08:30:59","guid":{"rendered":"http:\/\/source.wpopal.com\/medilazar\/product\/cbd-and-joint-pain\/"},"modified":"2024-04-08T12:53:33","modified_gmt":"2024-04-08T10:53:33","slug":"cbd-and-joint-pain","status":"publish","type":"product","link":"https:\/\/www.farmacie-online.eu\/ro\/produs\/cbd-and-joint-pain\/","title":{"rendered":"Gerocilan, 20 mg, 12 comprimate filmate, Lannacher\u00a0"},"content":{"rendered":"<h3 class=\"text-bold-700 mt-3\">Gerocilan, 20 mg, 12 comprimate filmate, Lannacher<\/h3>\n<div class=\"mb-3\">\n<p><strong>Indicatii:<\/strong><br \/>\nGerocilan este folosit pentru tratamentul b\u0103rba\u0163ilor cu disfunc\u0163ie erectil\u0103. Aceasta este situa\u0163ia c\u00e2nd un b\u0103rbat nu poate s\u0103 aib\u0103 sau s\u0103-\u015fi men\u0163in\u0103 penisul \u00eent\u0103rit, \u00een erec\u0163ie, a\u015fa cum este necesar pentru activitatea sexual\u0103. Tadalafil a dovedit c\u0103 \u00eembun\u0103t\u0103\u0163e\u015fte semnificativ capacitatea b\u0103rba\u0163ilor de a ob\u0163ine erec\u0163ia penisului pentru activitatea sexual\u0103.<\/p>\n<p>Gerocilan con\u0163ine substan\u0163a activ\u0103 tadalafil, care face parte din grupul de medicamente numite inhibitori de fosfodiesteraz\u0103 tip 5. \u00cen urma stimul\u0103rii sexuale, Gerocilan ac\u0163ioneaz\u0103 ajut\u00e2nd vasele de s\u00e2nge din penis s\u0103 se relaxeze \u015fi s\u0103 permit\u0103 p\u0103trunderea unei cantit\u0103\u0163i mai mari de s\u00e2nge \u00een penis. Rezultatul este \u00eembun\u0103t\u0103\u0163irea func\u0163iei erectile. Gerocilan nu v\u0103 va fi de ajutor dac\u0103 nu ave\u0163i disfunc\u0163ie erectil\u0103.<\/p>\n<p>Este important s\u0103 re\u0163ine\u0163i c\u0103 Gerocilan nu ac\u0163ioneaz\u0103 dac\u0103 nu exist\u0103 stimulare sexual\u0103. Trebuie ca dumneavoastr\u0103 \u015fi partenera dumneavoastr\u0103 s\u0103 v\u0103 angaja\u0163i \u00een preludiu ca \u015fi cum nu a\u0163i lua nici un medicament pentru disfunc\u0163ia erectil\u0103.<\/p>\n<p><strong>Contraindicatii:<\/strong><br \/>\nNu lua\u0163i Gerocilan:<br \/>\n&#8211; dac\u0103 sunte\u0163i alergic la tadalafil sau la oricare dintre celelalte componentele ale acestui medicament.<\/p>\n<p><strong>Precautii:<\/strong><br \/>\nInainte s\u0103 lua\u0163i Gerocilan, adresa\u0163i-v\u0103 medicului dumneavoastr\u0103 sau farmacistului.<\/p>\n<p><strong>Fertilitatea:<\/strong><br \/>\n\u00cen urma administr\u0103rii la c\u00e2ini, s-a observat diminuarea form\u0103rii spermei \u00een testicule. Sc\u0103derea concentra\u0163iei spermei a fost observat\u0103 \u015fi la unii b\u0103rba\u0163i. Este pu\u0163in probabil ca aceste efecte s\u0103 determine pierderea capacit\u0103\u0163ii de reproducere.<\/p>\n<p><strong>Conducerea vehiculelor \u015fi folosirea utilajelor:<\/strong><br \/>\nUnii b\u0103rba\u0163ii care au luat tadalafil \u00een timpul studiilor clinice au raportat ame\u0163eli. Verifica\u0163i cu aten\u0163ie cum reac\u0163iona\u0163i la aceste comprimate \u00eenainte de a conduce vehicule sau de a folosi utilaje.Produsul nu influen\u0163eaz\u0103 capacitatea de a conduce vehicule sau de a folosi utilaje.<\/p>\n<p><strong>Mod de administrare:<\/strong><br \/>\nLua\u0163i \u00eentotdeauna acest medicament exact a\u015fa cum v-a spus medicul sau farmacistul. Discuta\u0163i cu medicul dumneavoastr\u0103 sau cu farmacistul dac\u0103 nu sunte\u0163i sigur.<\/p>\n<p>Gerocilan este destinat numai administr\u0103rii orale la b\u0103rba\u0163i. \u00cenghi\u0163i\u0163i comprimatul \u00eentreg, cu pu\u0163in\u0103 ap\u0103.<br \/>\nComprimatele pot fi luate cu sau f\u0103r\u0103 alimente.<\/p>\n<p>Doza recomandat\u0103 pentru \u00eenceput este de un comprimat de 10 mg luat \u00eenainte de activitatea sexual\u0103.<\/p>\n<p>Cu toate acestea, dumneavoastr\u0103 vi s-a prescris doza de un comprimat de 20 mg deoarece medicul dumneavoastr\u0103 a decis c\u0103 doza recomandat\u0103 de 10 mg este prea slab\u0103.<\/p>\n<p>Pute\u0163i lua un comprimat Gerocilan cu cel pu\u0163in 30 minute \u00eenainte de activitatea sexual\u0103. Gerocilan poate fi eficace p\u00e2n\u0103 la 36 ore dup\u0103 ce a\u0163i luat comprimatul.<\/p>\n<p>Nu lua\u0163i Gerocilan mai des de o dat\u0103 pe zi. Gerocilan 10 mg \u015fi 20 mg este destinat utiliz\u0103rii \u00eenainte de activitatea sexual\u0103 anticipat\u0103 \u015fi nu este recomandat pentru utilizare zilnic\u0103.<\/p>\n<p>Este important s\u0103 re\u0163ine\u0163i c\u0103 Gerocilan nu ac\u0163ioneaz\u0103 dac\u0103 nu exist\u0103 stimulare sexual\u0103. Dumneavoastr\u0103 \u015fi partenera dumneavoastr\u0103 va trebui s\u0103 v\u0103 angaja\u0163i \u00een preludiu, ca \u015fi c\u00e2nd nu a\u0163i lua un medicament pentru disfunc\u0163ie erectil\u0103.<\/p>\n<p>Consumul de alcool etilic v\u0103 poate afecta capacitatea de a ob\u0163ine o erec\u0163ie \u015fi v\u0103 poate sc\u0103dea temporar tensiunea arterial\u0103. Dac\u0103 a\u0163i luat sau planifica\u0163i s\u0103 lua\u0163i Gerocilan, evita\u0163i consumul excesiv de alcool etilic (alcoolemie de 0,08% sau mai mare), deoarece acesta poate cre\u015fte riscul de apari\u0163ie a ame\u0163elilor c\u00e2nd v\u0103 ridica\u0163i \u00een picioare.<\/p>\n<p>Dac\u0103 ave\u0163i orice \u00eentreb\u0103ri suplimentare cu privire la acest medicament, adresa\u0163i-v\u0103 medicului dumneavoastr\u0103 sau farmacistului.<\/p>\n<p><strong>Compozitie:<\/strong><br \/>\n&#8211; Substan\u0163a activ\u0103 este tadalafil. Gerocilan 20 mg: fiecare comprimat filmat con\u0163ine tadalafil 20 mg.<br \/>\n&#8211; Celelalte componente sunt:<br \/>\nNucleu:<br \/>\nLactoz\u0103 anhidr\u0103<br \/>\nCroscarmeloz\u0103 sodic\u0103<br \/>\nLaurilsulfat de sodiu<br \/>\nHidroxipropilceluloz\u0103<br \/>\nPolisorbat 80<br \/>\nStearat de magneziu<br \/>\nFilm:<br \/>\nHipromeloz\u0103 2910 (E 464)<br \/>\nLactoz\u0103 monohidrat<br \/>\nDioxid de titan (E 171)<br \/>\nTriacetin\u0103<br \/>\nTalc (E 553b)<br \/>\nOxid galben de fer (E 172).<\/p>\n<\/div>","protected":false},"excerpt":{"rendered":"<p>Gerocilan este folosit pentru tratamentul b\u0103rba\u0163ilor cu disfunc\u0163ie erectil\u0103. Aceasta este situa\u0163ia c\u00e2nd un b\u0103rbat nu poate s\u0103 aib\u0103 sau s\u0103-\u015fi men\u0163in\u0103 penisul \u00eent\u0103rit, \u00een erec\u0163ie, a\u015fa cum este necesar pentru activitatea sexual\u0103.<\/p>","protected":false},"featured_media":8656,"comment_status":"open","ping_status":"closed","template":"","meta":{"inline_featured_image":false},"product_brand":[],"product_cat":[67,50],"product_tag":[35,117,63,53],"class_list":{"0":"post-223","1":"product","2":"type-product","3":"status-publish","4":"has-post-thumbnail","6":"product_cat-ingrijire-personala","7":"product_cat-vitamine-suplimente","8":"product_tag-cialis","9":"product_tag-gerocilan","10":"product_tag-organic","11":"product_tag-tadalafil","13":"first","14":"outofstock","15":"shipping-taxable","16":"purchasable","17":"product-type-simple"},"yoast_head":"<!-- This site is optimized with the Yoast SEO plugin v27.4 - https:\/\/yoast.com\/product\/yoast-seo-wordpress\/ -->\n<title>Gerocilan, 20 mg, 12 comprimate filmate, Lannacher\u00a0 - Farmacie online!<\/title>\n<meta name=\"robots\" content=\"index, follow, max-snippet:-1, max-image-preview:large, max-video-preview:-1\" \/>\n<link rel=\"canonical\" href=\"https:\/\/www.farmacie-online.eu\/ro\/produs\/cbd-and-joint-pain\/\" \/>\n<meta property=\"og:locale\" content=\"ro_RO\" \/>\n<meta property=\"og:type\" content=\"article\" \/>\n<meta property=\"og:title\" content=\"Gerocilan, 20 mg, 12 comprimate filmate, Lannacher\u00a0 - Farmacie online!\" \/>\n<meta property=\"og:description\" content=\"Gerocilan este folosit pentru tratamentul b\u0103rba\u0163ilor cu disfunc\u0163ie erectil\u0103. Aceasta este situa\u0163ia c\u00e2nd un b\u0103rbat nu poate s\u0103 aib\u0103 sau s\u0103-\u015fi men\u0163in\u0103 penisul \u00eent\u0103rit, \u00een erec\u0163ie, a\u015fa cum este necesar pentru activitatea sexual\u0103.\" \/>\n<meta property=\"og:url\" content=\"https:\/\/www.farmacie-online.eu\/ro\/produs\/cbd-and-joint-pain\/\" \/>\n<meta property=\"og:site_name\" content=\"Farmacie online!\" \/>\n<meta property=\"article:modified_time\" content=\"2024-04-08T10:53:33+00:00\" \/>\n<meta property=\"og:image\" content=\"https:\/\/www.farmacie-online.eu\/wp-content\/uploads\/2020\/10\/Gerocilan20mg.jpg\" \/>\n\t<meta property=\"og:image:width\" content=\"600\" \/>\n\t<meta property=\"og:image:height\" content=\"600\" \/>\n\t<meta property=\"og:image:type\" content=\"image\/jpeg\" \/>\n<meta name=\"twitter:card\" content=\"summary_large_image\" \/>\n<meta name=\"twitter:label1\" content=\"Timp estimat pentru citire\" \/>\n\t<meta name=\"twitter:data1\" content=\"3 minute\" \/>\n<script type=\"application\/ld+json\" class=\"yoast-schema-graph\">{\"@context\":\"https:\\\/\\\/schema.org\",\"@graph\":[{\"@type\":\"WebPage\",\"@id\":\"https:\\\/\\\/www.farmacie-online.eu\\\/product\\\/cbd-and-joint-pain\\\/\",\"url\":\"https:\\\/\\\/www.farmacie-online.eu\\\/product\\\/cbd-and-joint-pain\\\/\",\"name\":\"Gerocilan, 20 mg, 12 comprimate filmate, Lannacher\u00a0 - Farmacie online!\",\"isPartOf\":{\"@id\":\"https:\\\/\\\/www.farmacie-online.eu\\\/#website\"},\"primaryImageOfPage\":{\"@id\":\"https:\\\/\\\/www.farmacie-online.eu\\\/product\\\/cbd-and-joint-pain\\\/#primaryimage\"},\"image\":{\"@id\":\"https:\\\/\\\/www.farmacie-online.eu\\\/product\\\/cbd-and-joint-pain\\\/#primaryimage\"},\"thumbnailUrl\":\"https:\\\/\\\/www.farmacie-online.eu\\\/wp-content\\\/uploads\\\/2020\\\/10\\\/Gerocilan20mg.jpg\",\"datePublished\":\"2020-10-21T08:30:59+00:00\",\"dateModified\":\"2024-04-08T10:53:33+00:00\",\"breadcrumb\":{\"@id\":\"https:\\\/\\\/www.farmacie-online.eu\\\/product\\\/cbd-and-joint-pain\\\/#breadcrumb\"},\"inLanguage\":\"ro-RO\",\"potentialAction\":[{\"@type\":\"ReadAction\",\"target\":[\"https:\\\/\\\/www.farmacie-online.eu\\\/product\\\/cbd-and-joint-pain\\\/\"]}]},{\"@type\":\"ImageObject\",\"inLanguage\":\"ro-RO\",\"@id\":\"https:\\\/\\\/www.farmacie-online.eu\\\/product\\\/cbd-and-joint-pain\\\/#primaryimage\",\"url\":\"https:\\\/\\\/www.farmacie-online.eu\\\/wp-content\\\/uploads\\\/2020\\\/10\\\/Gerocilan20mg.jpg\",\"contentUrl\":\"https:\\\/\\\/www.farmacie-online.eu\\\/wp-content\\\/uploads\\\/2020\\\/10\\\/Gerocilan20mg.jpg\",\"width\":600,\"height\":600},{\"@type\":\"BreadcrumbList\",\"@id\":\"https:\\\/\\\/www.farmacie-online.eu\\\/product\\\/cbd-and-joint-pain\\\/#breadcrumb\",\"itemListElement\":[{\"@type\":\"ListItem\",\"position\":1,\"name\":\"Prima pagin\u0103\",\"item\":\"https:\\\/\\\/www.farmacie-online.eu\\\/\"},{\"@type\":\"ListItem\",\"position\":2,\"name\":\"Produse\",\"item\":\"https:\\\/\\\/www.farmacie-online.eu\\\/produse\\\/\"},{\"@type\":\"ListItem\",\"position\":3,\"name\":\"Gerocilan, 20 mg, 12 comprimate filmate, Lannacher\u00a0\"}]},{\"@type\":\"WebSite\",\"@id\":\"https:\\\/\\\/www.farmacie-online.eu\\\/#website\",\"url\":\"https:\\\/\\\/www.farmacie-online.eu\\\/\",\"name\":\"Farmacie online!\",\"description\":\"Comanzi online, prime\u0219ti rapid!\",\"publisher\":{\"@id\":\"https:\\\/\\\/www.farmacie-online.eu\\\/#organization\"},\"potentialAction\":[{\"@type\":\"SearchAction\",\"target\":{\"@type\":\"EntryPoint\",\"urlTemplate\":\"https:\\\/\\\/www.farmacie-online.eu\\\/?s={search_term_string}\"},\"query-input\":{\"@type\":\"PropertyValueSpecification\",\"valueRequired\":true,\"valueName\":\"search_term_string\"}}],\"inLanguage\":\"ro-RO\"},{\"@type\":\"Organization\",\"@id\":\"https:\\\/\\\/www.farmacie-online.eu\\\/#organization\",\"name\":\"Farmacie online!\",\"url\":\"https:\\\/\\\/www.farmacie-online.eu\\\/\",\"logo\":{\"@type\":\"ImageObject\",\"inLanguage\":\"ro-RO\",\"@id\":\"https:\\\/\\\/www.farmacie-online.eu\\\/#\\\/schema\\\/logo\\\/image\\\/\",\"url\":\"https:\\\/\\\/www.farmacie-online.eu\\\/wp-content\\\/uploads\\\/2023\\\/08\\\/cropped-favicon.webp\",\"contentUrl\":\"https:\\\/\\\/www.farmacie-online.eu\\\/wp-content\\\/uploads\\\/2023\\\/08\\\/cropped-favicon.webp\",\"width\":500,\"height\":211,\"caption\":\"Farmacie online!\"},\"image\":{\"@id\":\"https:\\\/\\\/www.farmacie-online.eu\\\/#\\\/schema\\\/logo\\\/image\\\/\"}}]}<\/script>\n<!-- \/ Yoast SEO plugin. -->","yoast_head_json":{"title":"Gerocilan, 20 mg, 12 comprimate filmate, Lannacher\u00a0 - Farmacie online!","robots":{"index":"index","follow":"follow","max-snippet":"max-snippet:-1","max-image-preview":"max-image-preview:large","max-video-preview":"max-video-preview:-1"},"canonical":"https:\/\/www.farmacie-online.eu\/ro\/produs\/cbd-and-joint-pain\/","og_locale":"ro_RO","og_type":"article","og_title":"Gerocilan, 20 mg, 12 comprimate filmate, Lannacher\u00a0 - Farmacie online!","og_description":"Gerocilan este folosit pentru tratamentul b\u0103rba\u0163ilor cu disfunc\u0163ie erectil\u0103. Aceasta este situa\u0163ia c\u00e2nd un b\u0103rbat nu poate s\u0103 aib\u0103 sau s\u0103-\u015fi men\u0163in\u0103 penisul \u00eent\u0103rit, \u00een erec\u0163ie, a\u015fa cum este necesar pentru activitatea sexual\u0103.","og_url":"https:\/\/www.farmacie-online.eu\/ro\/produs\/cbd-and-joint-pain\/","og_site_name":"Farmacie online!","article_modified_time":"2024-04-08T10:53:33+00:00","og_image":[{"width":600,"height":600,"url":"https:\/\/www.farmacie-online.eu\/wp-content\/uploads\/2020\/10\/Gerocilan20mg.jpg","type":"image\/jpeg"}],"twitter_card":"summary_large_image","twitter_misc":{"Timp estimat pentru citire":"3 minute"},"schema":{"@context":"https:\/\/schema.org","@graph":[{"@type":"WebPage","@id":"https:\/\/www.farmacie-online.eu\/product\/cbd-and-joint-pain\/","url":"https:\/\/www.farmacie-online.eu\/product\/cbd-and-joint-pain\/","name":"Gerocilan, 20 mg, 12 comprimate filmate, Lannacher\u00a0 - Farmacie online!","isPartOf":{"@id":"https:\/\/www.farmacie-online.eu\/#website"},"primaryImageOfPage":{"@id":"https:\/\/www.farmacie-online.eu\/product\/cbd-and-joint-pain\/#primaryimage"},"image":{"@id":"https:\/\/www.farmacie-online.eu\/product\/cbd-and-joint-pain\/#primaryimage"},"thumbnailUrl":"https:\/\/www.farmacie-online.eu\/wp-content\/uploads\/2020\/10\/Gerocilan20mg.jpg","datePublished":"2020-10-21T08:30:59+00:00","dateModified":"2024-04-08T10:53:33+00:00","breadcrumb":{"@id":"https:\/\/www.farmacie-online.eu\/product\/cbd-and-joint-pain\/#breadcrumb"},"inLanguage":"ro-RO","potentialAction":[{"@type":"ReadAction","target":["https:\/\/www.farmacie-online.eu\/product\/cbd-and-joint-pain\/"]}]},{"@type":"ImageObject","inLanguage":"ro-RO","@id":"https:\/\/www.farmacie-online.eu\/product\/cbd-and-joint-pain\/#primaryimage","url":"https:\/\/www.farmacie-online.eu\/wp-content\/uploads\/2020\/10\/Gerocilan20mg.jpg","contentUrl":"https:\/\/www.farmacie-online.eu\/wp-content\/uploads\/2020\/10\/Gerocilan20mg.jpg","width":600,"height":600},{"@type":"BreadcrumbList","@id":"https:\/\/www.farmacie-online.eu\/product\/cbd-and-joint-pain\/#breadcrumb","itemListElement":[{"@type":"ListItem","position":1,"name":"Prima pagin\u0103","item":"https:\/\/www.farmacie-online.eu\/"},{"@type":"ListItem","position":2,"name":"Produse","item":"https:\/\/www.farmacie-online.eu\/produse\/"},{"@type":"ListItem","position":3,"name":"Gerocilan, 20 mg, 12 comprimate filmate, Lannacher\u00a0"}]},{"@type":"WebSite","@id":"https:\/\/www.farmacie-online.eu\/#website","url":"https:\/\/www.farmacie-online.eu\/","name":"Farmacie online!","description":"Comanzi online, prime\u0219ti rapid!","publisher":{"@id":"https:\/\/www.farmacie-online.eu\/#organization"},"potentialAction":[{"@type":"SearchAction","target":{"@type":"EntryPoint","urlTemplate":"https:\/\/www.farmacie-online.eu\/?s={search_term_string}"},"query-input":{"@type":"PropertyValueSpecification","valueRequired":true,"valueName":"search_term_string"}}],"inLanguage":"ro-RO"},{"@type":"Organization","@id":"https:\/\/www.farmacie-online.eu\/#organization","name":"Farmacie online!","url":"https:\/\/www.farmacie-online.eu\/","logo":{"@type":"ImageObject","inLanguage":"ro-RO","@id":"https:\/\/www.farmacie-online.eu\/#\/schema\/logo\/image\/","url":"https:\/\/www.farmacie-online.eu\/wp-content\/uploads\/2023\/08\/cropped-favicon.webp","contentUrl":"https:\/\/www.farmacie-online.eu\/wp-content\/uploads\/2023\/08\/cropped-favicon.webp","width":500,"height":211,"caption":"Farmacie online!"},"image":{"@id":"https:\/\/www.farmacie-online.eu\/#\/schema\/logo\/image\/"}}]}},"jetpack_sharing_enabled":true,"_links":{"self":[{"href":"https:\/\/www.farmacie-online.eu\/ro\/wp-json\/wp\/v2\/product\/223","targetHints":{"allow":["GET"]}}],"collection":[{"href":"https:\/\/www.farmacie-online.eu\/ro\/wp-json\/wp\/v2\/product"}],"about":[{"href":"https:\/\/www.farmacie-online.eu\/ro\/wp-json\/wp\/v2\/types\/product"}],"replies":[{"embeddable":true,"href":"https:\/\/www.farmacie-online.eu\/ro\/wp-json\/wp\/v2\/comments?post=223"}],"wp:featuredmedia":[{"embeddable":true,"href":"https:\/\/www.farmacie-online.eu\/ro\/wp-json\/wp\/v2\/media\/8656"}],"wp:attachment":[{"href":"https:\/\/www.farmacie-online.eu\/ro\/wp-json\/wp\/v2\/media?parent=223"}],"wp:term":[{"taxonomy":"product_brand","embeddable":true,"href":"https:\/\/www.farmacie-online.eu\/ro\/wp-json\/wp\/v2\/product_brand?post=223"},{"taxonomy":"product_cat","embeddable":true,"href":"https:\/\/www.farmacie-online.eu\/ro\/wp-json\/wp\/v2\/product_cat?post=223"},{"taxonomy":"product_tag","embeddable":true,"href":"https:\/\/www.farmacie-online.eu\/ro\/wp-json\/wp\/v2\/product_tag?post=223"}],"curies":[{"name":"wp","href":"https:\/\/api.w.org\/{rel}","templated":true}]}}