{"id":5276,"date":"2023-04-03T14:28:27","date_gmt":"2023-04-03T14:28:27","guid":{"rendered":"http:\/\/source.wpopal.com\/medilazar\/?page_id=5276"},"modified":"2023-04-03T14:28:27","modified_gmt":"2023-04-03T14:28:27","slug":"retur-garantie","status":"publish","type":"page","link":"https:\/\/www.farmacie-online.eu\/ro\/retur-garantie\/","title":{"rendered":"Retur \u0219i garan\u021bie"},"content":{"rendered":"<p>Retur \u0219i garan\u021bie<\/p>\r\n<p><strong>CADRUL LEGAL, DREPTUL DE RETRAGERE \u0218I EXCEPT\u0102RILE PREV\u0102ZUTE DE LEGE<\/strong><\/p>\r\n<p>Conform\u00a0<strong>Oug nr. 34\/2014 privind drepturile consumatorilor \u00een cadrul contractelor \u00eencheiate cu profesioni\u0219tii<\/strong>\u00a0consumatorul are dreptul* s\u0103 notifice \u00een scris comerciantul c\u0103 renun\u021b\u0103 la cump\u0103rare (c\u0103 vrea s\u0103 returneze par\u021bial sau total), f\u0103r\u0103 penalit\u0103\u021bi \u0219i f\u0103r\u0103 invocarea unui motiv, \u00een termen de 14 zile calendaristice de la primirea produsului sau, \u00een cazul prest\u0103rilor de servicii, de la \u00eencheierea contractului.<\/p>\r\n<p>*Consumatorul\u00a0<strong>nu poate denun\u021ba unilateral (nu poate returna), \u00een condi\u021biile art. 16, lit. d), e), f), OUG 34\/2014<\/strong>, contracte de furnizare a unor produse care, prin natura lor, nu pot fi returnate (de exemplu: suplimente desigilate, produse cosmetice desigilate, testate) sau care se pot degrada ori deteriora rapid si anume: hran\u0103 bebelu\u0219i (lapte, piureuri, sucuri, etc.), produse de igien\u0103 intim\u0103 \u0219i produse care vin \u00een contact cu mucoasele\/pielea (de exemplu: pompe san, protec\u021bii mameloane, irigatoare, biberoane, suzete, tetine, c\u0103nu\u021be bebe, juc\u0103rii denti\u021bie, chilo\u021bi de unic\u0103 folosin\u021b\u0103, bustiere, sutiene, termometre rectale, nebulizatoare, aspiratoare nazale, centuri postnatale, scutece, dus bucal, periute de dinti, rezerve de periute de dinti, produse de igiena intima, vibratoare, etc.).<\/p>\r\n<p><strong>APLICABILITATE<\/strong><\/p>\r\n<p>Dreptul de retur se aplic\u0103 doar produselor parafarmaceutice (non-farma) comandate \u0219i pl\u0103tite prin intermediul site-ului Farmacie-online.eu\u00a0 Reglement\u0103rile OUG 34\/2014 cu privire la dreptul de retur al consumatorului, nu se adreseaz\u0103 persoanelor juridice \u0219i persoanelor ce ridic\u0103 de la sediul farmacie-online.eu\u00a0 produsele comandate \u0219i achitate.<\/p>\r\n<ul>\r\n<li>Acest articol nu se aplica medicamentelor (RX) si vaccinurilor prezentate pe site, ce se pot achizitiona doar din punctele de lucru ale Farmaciei Online!<\/li>\r\n<li>Conditiile de retur se refera la\u00a0<strong>achizitia online<\/strong>\u00a0a produselor\u00a0<strong>parafarmaceutice\/non-farma<\/strong>. Medicamentele nu pot fi returnate!<\/li>\r\n<li>Acest articol nu se aplica medicamentelor acestea nu se pot returna!<\/li>\r\n<\/ul>\r\n<p><strong>PROCEDURA DE RETUR \/ FORMULAR DE RETUR<\/strong><\/p>\r\n<p>Pentru returul TOTAL sau PAR\u021aIAL al unei comenzi, pute\u021bi s\u0103 \u00eenregistra\u021bi o cerere de returnare, \u00een contul de client, \u00een termen de 14 zile calendaristice de la primirea produselor.<\/p>\r\n<p>&nbsp;<\/p>","protected":false},"excerpt":{"rendered":"<p>Retur \u0219i garan\u021bie CADRUL LEGAL, DREPTUL DE RETRAGERE \u0218I EXCEPT\u0102RILE PREV\u0102ZUTE DE LEGE Conform\u00a0Oug nr. 34\/2014 privind drepturile consumatorilor \u00een cadrul contractelor \u00eencheiate cu profesioni\u0219tii\u00a0consumatorul are dreptul* s\u0103 notifice \u00een scris comerciantul c\u0103 renun\u021b\u0103 la cump\u0103rare (c\u0103 vrea s\u0103 returneze par\u021bial sau total), f\u0103r\u0103 penalit\u0103\u021bi \u0219i f\u0103r\u0103 invocarea unui motiv, \u00een termen de 14 zile &hellip; <\/p>\n<p class=\"more-link-wrap\"><a href=\"https:\/\/www.farmacie-online.eu\/ro\/retur-garantie\/\" class=\"more-link\"><i class=\"opal-icon-plus\" aria-hidden=\"true\"><\/i><span>Citeste Mai Mult<span class=\"screen-reader-text\"> &#8220;Retur \u0219i garan\u021bie&#8221;<\/span><\/span><\/a><\/p>","protected":false},"author":1,"featured_media":0,"parent":0,"menu_order":0,"comment_status":"closed","ping_status":"closed","template":"","meta":{"inline_featured_image":false,"footnotes":""},"class_list":["post-5276","page","type-page","status-publish","hentry"],"yoast_head":"<!-- This site is optimized with the Yoast SEO plugin v27.4 - https:\/\/yoast.com\/product\/yoast-seo-wordpress\/ -->\n<title>Retur \u0219i garan\u021bie - Farmacie online!<\/title>\n<meta name=\"robots\" content=\"index, follow, max-snippet:-1, max-image-preview:large, max-video-preview:-1\" \/>\n<link rel=\"canonical\" href=\"https:\/\/www.farmacie-online.eu\/ro\/retur-garantie\/\" \/>\n<meta property=\"og:locale\" content=\"ro_RO\" \/>\n<meta property=\"og:type\" content=\"article\" \/>\n<meta property=\"og:title\" content=\"Retur \u0219i garan\u021bie - Farmacie online!\" \/>\n<meta property=\"og:description\" content=\"Retur \u0219i garan\u021bie CADRUL LEGAL, DREPTUL DE RETRAGERE \u0218I EXCEPT\u0102RILE PREV\u0102ZUTE DE LEGE Conform\u00a0Oug nr. 34\/2014 privind drepturile consumatorilor \u00een cadrul contractelor \u00eencheiate cu profesioni\u0219tii\u00a0consumatorul are dreptul* s\u0103 notifice \u00een scris comerciantul c\u0103 renun\u021b\u0103 la cump\u0103rare (c\u0103 vrea s\u0103 returneze par\u021bial sau total), f\u0103r\u0103 penalit\u0103\u021bi \u0219i f\u0103r\u0103 invocarea unui motiv, \u00een termen de 14 zile &hellip; Citeste Mai Mult &quot;Retur \u0219i garan\u021bie&quot;\" \/>\n<meta property=\"og:url\" content=\"https:\/\/www.farmacie-online.eu\/ro\/retur-garantie\/\" \/>\n<meta property=\"og:site_name\" content=\"Farmacie online!\" \/>\n<meta name=\"twitter:card\" content=\"summary_large_image\" \/>\n<meta name=\"twitter:label1\" content=\"Timp estimat pentru citire\" \/>\n\t<meta name=\"twitter:data1\" content=\"2 minute\" \/>\n<script type=\"application\/ld+json\" class=\"yoast-schema-graph\">{\"@context\":\"https:\\\/\\\/schema.org\",\"@graph\":[{\"@type\":\"WebPage\",\"@id\":\"https:\\\/\\\/www.farmacie-online.eu\\\/retur-garantie\\\/\",\"url\":\"https:\\\/\\\/www.farmacie-online.eu\\\/retur-garantie\\\/\",\"name\":\"Retur \u0219i garan\u021bie - Farmacie online!\",\"isPartOf\":{\"@id\":\"https:\\\/\\\/www.farmacie-online.eu\\\/#website\"},\"datePublished\":\"2023-04-03T14:28:27+00:00\",\"breadcrumb\":{\"@id\":\"https:\\\/\\\/www.farmacie-online.eu\\\/retur-garantie\\\/#breadcrumb\"},\"inLanguage\":\"ro-RO\",\"potentialAction\":[{\"@type\":\"ReadAction\",\"target\":[\"https:\\\/\\\/www.farmacie-online.eu\\\/retur-garantie\\\/\"]}]},{\"@type\":\"BreadcrumbList\",\"@id\":\"https:\\\/\\\/www.farmacie-online.eu\\\/retur-garantie\\\/#breadcrumb\",\"itemListElement\":[{\"@type\":\"ListItem\",\"position\":1,\"name\":\"Prima pagin\u0103\",\"item\":\"https:\\\/\\\/www.farmacie-online.eu\\\/\"},{\"@type\":\"ListItem\",\"position\":2,\"name\":\"Retur \u0219i garan\u021bie\"}]},{\"@type\":\"WebSite\",\"@id\":\"https:\\\/\\\/www.farmacie-online.eu\\\/#website\",\"url\":\"https:\\\/\\\/www.farmacie-online.eu\\\/\",\"name\":\"Farmacie online!\",\"description\":\"Comanzi online, prime\u0219ti rapid!\",\"publisher\":{\"@id\":\"https:\\\/\\\/www.farmacie-online.eu\\\/#organization\"},\"potentialAction\":[{\"@type\":\"SearchAction\",\"target\":{\"@type\":\"EntryPoint\",\"urlTemplate\":\"https:\\\/\\\/www.farmacie-online.eu\\\/?s={search_term_string}\"},\"query-input\":{\"@type\":\"PropertyValueSpecification\",\"valueRequired\":true,\"valueName\":\"search_term_string\"}}],\"inLanguage\":\"ro-RO\"},{\"@type\":\"Organization\",\"@id\":\"https:\\\/\\\/www.farmacie-online.eu\\\/#organization\",\"name\":\"Farmacie online!\",\"url\":\"https:\\\/\\\/www.farmacie-online.eu\\\/\",\"logo\":{\"@type\":\"ImageObject\",\"inLanguage\":\"ro-RO\",\"@id\":\"https:\\\/\\\/www.farmacie-online.eu\\\/#\\\/schema\\\/logo\\\/image\\\/\",\"url\":\"https:\\\/\\\/www.farmacie-online.eu\\\/wp-content\\\/uploads\\\/2023\\\/08\\\/cropped-favicon.webp\",\"contentUrl\":\"https:\\\/\\\/www.farmacie-online.eu\\\/wp-content\\\/uploads\\\/2023\\\/08\\\/cropped-favicon.webp\",\"width\":500,\"height\":211,\"caption\":\"Farmacie online!\"},\"image\":{\"@id\":\"https:\\\/\\\/www.farmacie-online.eu\\\/#\\\/schema\\\/logo\\\/image\\\/\"}}]}<\/script>\n<!-- \/ Yoast SEO plugin. -->","yoast_head_json":{"title":"Retur \u0219i garan\u021bie - Farmacie online!","robots":{"index":"index","follow":"follow","max-snippet":"max-snippet:-1","max-image-preview":"max-image-preview:large","max-video-preview":"max-video-preview:-1"},"canonical":"https:\/\/www.farmacie-online.eu\/ro\/retur-garantie\/","og_locale":"ro_RO","og_type":"article","og_title":"Retur \u0219i garan\u021bie - Farmacie online!","og_description":"Retur \u0219i garan\u021bie CADRUL LEGAL, DREPTUL DE RETRAGERE \u0218I EXCEPT\u0102RILE PREV\u0102ZUTE DE LEGE Conform\u00a0Oug nr. 34\/2014 privind drepturile consumatorilor \u00een cadrul contractelor \u00eencheiate cu profesioni\u0219tii\u00a0consumatorul are dreptul* s\u0103 notifice \u00een scris comerciantul c\u0103 renun\u021b\u0103 la cump\u0103rare (c\u0103 vrea s\u0103 returneze par\u021bial sau total), f\u0103r\u0103 penalit\u0103\u021bi \u0219i f\u0103r\u0103 invocarea unui motiv, \u00een termen de 14 zile &hellip; Citeste Mai Mult \"Retur \u0219i garan\u021bie\"","og_url":"https:\/\/www.farmacie-online.eu\/ro\/retur-garantie\/","og_site_name":"Farmacie online!","twitter_card":"summary_large_image","twitter_misc":{"Timp estimat pentru citire":"2 minute"},"schema":{"@context":"https:\/\/schema.org","@graph":[{"@type":"WebPage","@id":"https:\/\/www.farmacie-online.eu\/retur-garantie\/","url":"https:\/\/www.farmacie-online.eu\/retur-garantie\/","name":"Retur \u0219i garan\u021bie - Farmacie online!","isPartOf":{"@id":"https:\/\/www.farmacie-online.eu\/#website"},"datePublished":"2023-04-03T14:28:27+00:00","breadcrumb":{"@id":"https:\/\/www.farmacie-online.eu\/retur-garantie\/#breadcrumb"},"inLanguage":"ro-RO","potentialAction":[{"@type":"ReadAction","target":["https:\/\/www.farmacie-online.eu\/retur-garantie\/"]}]},{"@type":"BreadcrumbList","@id":"https:\/\/www.farmacie-online.eu\/retur-garantie\/#breadcrumb","itemListElement":[{"@type":"ListItem","position":1,"name":"Prima pagin\u0103","item":"https:\/\/www.farmacie-online.eu\/"},{"@type":"ListItem","position":2,"name":"Retur \u0219i garan\u021bie"}]},{"@type":"WebSite","@id":"https:\/\/www.farmacie-online.eu\/#website","url":"https:\/\/www.farmacie-online.eu\/","name":"Farmacie online!","description":"Comanzi online, prime\u0219ti rapid!","publisher":{"@id":"https:\/\/www.farmacie-online.eu\/#organization"},"potentialAction":[{"@type":"SearchAction","target":{"@type":"EntryPoint","urlTemplate":"https:\/\/www.farmacie-online.eu\/?s={search_term_string}"},"query-input":{"@type":"PropertyValueSpecification","valueRequired":true,"valueName":"search_term_string"}}],"inLanguage":"ro-RO"},{"@type":"Organization","@id":"https:\/\/www.farmacie-online.eu\/#organization","name":"Farmacie online!","url":"https:\/\/www.farmacie-online.eu\/","logo":{"@type":"ImageObject","inLanguage":"ro-RO","@id":"https:\/\/www.farmacie-online.eu\/#\/schema\/logo\/image\/","url":"https:\/\/www.farmacie-online.eu\/wp-content\/uploads\/2023\/08\/cropped-favicon.webp","contentUrl":"https:\/\/www.farmacie-online.eu\/wp-content\/uploads\/2023\/08\/cropped-favicon.webp","width":500,"height":211,"caption":"Farmacie online!"},"image":{"@id":"https:\/\/www.farmacie-online.eu\/#\/schema\/logo\/image\/"}}]}},"_hostinger_reach_plugin_has_subscription_block":false,"_hostinger_reach_plugin_is_elementor":false,"jetpack_sharing_enabled":true,"_links":{"self":[{"href":"https:\/\/www.farmacie-online.eu\/ro\/wp-json\/wp\/v2\/pages\/5276","targetHints":{"allow":["GET"]}}],"collection":[{"href":"https:\/\/www.farmacie-online.eu\/ro\/wp-json\/wp\/v2\/pages"}],"about":[{"href":"https:\/\/www.farmacie-online.eu\/ro\/wp-json\/wp\/v2\/types\/page"}],"author":[{"embeddable":true,"href":"https:\/\/www.farmacie-online.eu\/ro\/wp-json\/wp\/v2\/users\/1"}],"replies":[{"embeddable":true,"href":"https:\/\/www.farmacie-online.eu\/ro\/wp-json\/wp\/v2\/comments?post=5276"}],"version-history":[{"count":1,"href":"https:\/\/www.farmacie-online.eu\/ro\/wp-json\/wp\/v2\/pages\/5276\/revisions"}],"predecessor-version":[{"id":8214,"href":"https:\/\/www.farmacie-online.eu\/ro\/wp-json\/wp\/v2\/pages\/5276\/revisions\/8214"}],"wp:attachment":[{"href":"https:\/\/www.farmacie-online.eu\/ro\/wp-json\/wp\/v2\/media?parent=5276"}],"curies":[{"name":"wp","href":"https:\/\/api.w.org\/{rel}","templated":true}]}}