{"id":8821,"date":"2024-04-12T08:34:44","date_gmt":"2024-04-12T06:34:44","guid":{"rendered":"https:\/\/www.farmacie-online.eu\/?post_type=product&#038;p=8821"},"modified":"2026-03-30T11:16:22","modified_gmt":"2026-03-30T09:16:22","slug":"clinique-even-better-clinical-foundation-spectrum-spf-25","status":"publish","type":"product","link":"https:\/\/www.farmacie-online.eu\/en_gb\/product\/clinique-even-better-clinical-foundation-spectrum-spf-25\/","title":{"rendered":"Clinique Even Better Clinical Foundation Spectrum SPF 25"},"content":{"rendered":"<p><strong> Clinique Even Better Clinical Foundation Spectrum SPF 25<\/strong><br \/>\nFondul de ten cu ser cu acoperire complet\u0103 24 de ore se perfecteaz\u0103 instantaneu cu un finisaj mat, plus \u00eembun\u0103t\u0103\u021be\u0219te vizibil pielea cu tehnologia 3 ser. Testat de dermatolog.<\/p>\n<p>BeneficiiReduce vizibil petele \u00eentunecate, retexturizeaz\u0103 pielea \u0219i revigoreaz\u0103 pielea.finalizareaMateAcoperireAcoperire complet\u0103, construibil\u0103Ingrediente cheieUP302 + Vitamina C, acid salicilic, acid hialuronic, protectie solara minerala SPF 25Tip de pieleCombina\u021bie uleios, uleios<\/p>\n","protected":false},"excerpt":{"rendered":"<p>Hidrateaz\u0103 tenul instantaneu, iar, pe termen lung, are grij\u0103 ca fa\u021ba dvs. s\u0103 par\u0103 mai t\u00e2n\u0103r\u0103, chiar \u0219i f\u0103r\u0103 machiaj. Alege\u021bi acest fond de ten cu eficien\u021b\u0103 dovedit\u0103 de teste clinice &#8211; \u0219i nu ve\u021bi mai dori niciodat\u0103 altul.<\/p>\n","protected":false},"featured_media":8822,"comment_status":"closed","ping_status":"closed","template":"","meta":{"inline_featured_image":false},"product_brand":[],"product_cat":[36],"product_tag":[136,135,137],"class_list":{"0":"post-8821","1":"product","2":"type-product","3":"status-publish","4":"has-post-thumbnail","6":"product_cat-dermato-cosmetice","7":"product_tag-clinique-even-better-clinical-foundation","8":"product_tag-clinique-even-better-clinical-foundation-spectrum-spf-25","9":"product_tag-spectrum-spf-25","11":"first","12":"instock","13":"shipping-taxable","14":"purchasable","15":"product-type-simple"},"yoast_head":"<!-- This site is optimized with the Yoast SEO plugin v27.4 - https:\/\/yoast.com\/product\/yoast-seo-wordpress\/ -->\n<title>Clinique Even Better Clinical Foundation Spectrum SPF 25 - Farmacie online!<\/title>\n<meta name=\"robots\" content=\"index, follow, max-snippet:-1, max-image-preview:large, max-video-preview:-1\" \/>\n<link rel=\"canonical\" href=\"https:\/\/www.farmacie-online.eu\/en_gb\/product\/clinique-even-better-clinical-foundation-spectrum-spf-25\/\" \/>\n<meta property=\"og:locale\" content=\"en_GB\" \/>\n<meta property=\"og:type\" content=\"article\" \/>\n<meta property=\"og:title\" content=\"Clinique Even Better Clinical Foundation Spectrum SPF 25 - Farmacie online!\" \/>\n<meta property=\"og:description\" content=\"Hidrateaz\u0103 tenul instantaneu, iar, pe termen lung, are grij\u0103 ca fa\u021ba dvs. s\u0103 par\u0103 mai t\u00e2n\u0103r\u0103, chiar \u0219i f\u0103r\u0103 machiaj. Alege\u021bi acest fond de ten cu eficien\u021b\u0103 dovedit\u0103 de teste clinice - \u0219i nu ve\u021bi mai dori niciodat\u0103 altul.\" \/>\n<meta property=\"og:url\" content=\"https:\/\/www.farmacie-online.eu\/en_gb\/product\/clinique-even-better-clinical-foundation-spectrum-spf-25\/\" \/>\n<meta property=\"og:site_name\" content=\"Farmacie online!\" \/>\n<meta property=\"article:modified_time\" content=\"2026-03-30T09:16:22+00:00\" \/>\n<meta property=\"og:image\" content=\"https:\/\/www.farmacie-online.eu\/wp-content\/uploads\/2024\/04\/Clinique-Even-Better-Clinical-Foundation-Spectrum-SPF-25.jpg\" \/>\n\t<meta property=\"og:image:width\" content=\"473\" \/>\n\t<meta property=\"og:image:height\" content=\"1000\" \/>\n\t<meta property=\"og:image:type\" content=\"image\/jpeg\" \/>\n<meta name=\"twitter:card\" content=\"summary_large_image\" \/>\n<meta name=\"twitter:label1\" content=\"Estimated reading time\" \/>\n\t<meta name=\"twitter:data1\" content=\"1 minute\" \/>\n<script type=\"application\/ld+json\" class=\"yoast-schema-graph\">{\"@context\":\"https:\\\/\\\/schema.org\",\"@graph\":[{\"@type\":\"WebPage\",\"@id\":\"https:\\\/\\\/www.farmacie-online.eu\\\/product\\\/clinique-even-better-clinical-foundation-spectrum-spf-25\\\/\",\"url\":\"https:\\\/\\\/www.farmacie-online.eu\\\/product\\\/clinique-even-better-clinical-foundation-spectrum-spf-25\\\/\",\"name\":\"Clinique Even Better Clinical Foundation Spectrum SPF 25 - Farmacie online!\",\"isPartOf\":{\"@id\":\"https:\\\/\\\/www.farmacie-online.eu\\\/#website\"},\"primaryImageOfPage\":{\"@id\":\"https:\\\/\\\/www.farmacie-online.eu\\\/product\\\/clinique-even-better-clinical-foundation-spectrum-spf-25\\\/#primaryimage\"},\"image\":{\"@id\":\"https:\\\/\\\/www.farmacie-online.eu\\\/product\\\/clinique-even-better-clinical-foundation-spectrum-spf-25\\\/#primaryimage\"},\"thumbnailUrl\":\"https:\\\/\\\/www.farmacie-online.eu\\\/wp-content\\\/uploads\\\/2024\\\/04\\\/Clinique-Even-Better-Clinical-Foundation-Spectrum-SPF-25.jpg\",\"datePublished\":\"2024-04-12T06:34:44+00:00\",\"dateModified\":\"2026-03-30T09:16:22+00:00\",\"breadcrumb\":{\"@id\":\"https:\\\/\\\/www.farmacie-online.eu\\\/product\\\/clinique-even-better-clinical-foundation-spectrum-spf-25\\\/#breadcrumb\"},\"inLanguage\":\"en-GB\",\"potentialAction\":[{\"@type\":\"ReadAction\",\"target\":[\"https:\\\/\\\/www.farmacie-online.eu\\\/product\\\/clinique-even-better-clinical-foundation-spectrum-spf-25\\\/\"]}]},{\"@type\":\"ImageObject\",\"inLanguage\":\"en-GB\",\"@id\":\"https:\\\/\\\/www.farmacie-online.eu\\\/product\\\/clinique-even-better-clinical-foundation-spectrum-spf-25\\\/#primaryimage\",\"url\":\"https:\\\/\\\/www.farmacie-online.eu\\\/wp-content\\\/uploads\\\/2024\\\/04\\\/Clinique-Even-Better-Clinical-Foundation-Spectrum-SPF-25.jpg\",\"contentUrl\":\"https:\\\/\\\/www.farmacie-online.eu\\\/wp-content\\\/uploads\\\/2024\\\/04\\\/Clinique-Even-Better-Clinical-Foundation-Spectrum-SPF-25.jpg\",\"width\":473,\"height\":1000},{\"@type\":\"BreadcrumbList\",\"@id\":\"https:\\\/\\\/www.farmacie-online.eu\\\/product\\\/clinique-even-better-clinical-foundation-spectrum-spf-25\\\/#breadcrumb\",\"itemListElement\":[{\"@type\":\"ListItem\",\"position\":1,\"name\":\"Prima pagin\u0103\",\"item\":\"https:\\\/\\\/www.farmacie-online.eu\\\/\"},{\"@type\":\"ListItem\",\"position\":2,\"name\":\"Produse\",\"item\":\"https:\\\/\\\/www.farmacie-online.eu\\\/produse\\\/\"},{\"@type\":\"ListItem\",\"position\":3,\"name\":\"Clinique Even Better Clinical Foundation Spectrum SPF 25\"}]},{\"@type\":\"WebSite\",\"@id\":\"https:\\\/\\\/www.farmacie-online.eu\\\/#website\",\"url\":\"https:\\\/\\\/www.farmacie-online.eu\\\/\",\"name\":\"Farmacie online!\",\"description\":\"Comanzi online, prime\u0219ti rapid!\",\"publisher\":{\"@id\":\"https:\\\/\\\/www.farmacie-online.eu\\\/#organization\"},\"potentialAction\":[{\"@type\":\"SearchAction\",\"target\":{\"@type\":\"EntryPoint\",\"urlTemplate\":\"https:\\\/\\\/www.farmacie-online.eu\\\/?s={search_term_string}\"},\"query-input\":{\"@type\":\"PropertyValueSpecification\",\"valueRequired\":true,\"valueName\":\"search_term_string\"}}],\"inLanguage\":\"en-GB\"},{\"@type\":\"Organization\",\"@id\":\"https:\\\/\\\/www.farmacie-online.eu\\\/#organization\",\"name\":\"Farmacie online!\",\"url\":\"https:\\\/\\\/www.farmacie-online.eu\\\/\",\"logo\":{\"@type\":\"ImageObject\",\"inLanguage\":\"en-GB\",\"@id\":\"https:\\\/\\\/www.farmacie-online.eu\\\/#\\\/schema\\\/logo\\\/image\\\/\",\"url\":\"https:\\\/\\\/www.farmacie-online.eu\\\/wp-content\\\/uploads\\\/2023\\\/08\\\/cropped-favicon.webp\",\"contentUrl\":\"https:\\\/\\\/www.farmacie-online.eu\\\/wp-content\\\/uploads\\\/2023\\\/08\\\/cropped-favicon.webp\",\"width\":500,\"height\":211,\"caption\":\"Farmacie online!\"},\"image\":{\"@id\":\"https:\\\/\\\/www.farmacie-online.eu\\\/#\\\/schema\\\/logo\\\/image\\\/\"}}]}<\/script>\n<!-- \/ Yoast SEO plugin. -->","yoast_head_json":{"title":"Clinique Even Better Clinical Foundation Spectrum SPF 25 - Farmacie online!","robots":{"index":"index","follow":"follow","max-snippet":"max-snippet:-1","max-image-preview":"max-image-preview:large","max-video-preview":"max-video-preview:-1"},"canonical":"https:\/\/www.farmacie-online.eu\/en_gb\/product\/clinique-even-better-clinical-foundation-spectrum-spf-25\/","og_locale":"en_GB","og_type":"article","og_title":"Clinique Even Better Clinical Foundation Spectrum SPF 25 - Farmacie online!","og_description":"Hidrateaz\u0103 tenul instantaneu, iar, pe termen lung, are grij\u0103 ca fa\u021ba dvs. s\u0103 par\u0103 mai t\u00e2n\u0103r\u0103, chiar \u0219i f\u0103r\u0103 machiaj. Alege\u021bi acest fond de ten cu eficien\u021b\u0103 dovedit\u0103 de teste clinice - \u0219i nu ve\u021bi mai dori niciodat\u0103 altul.","og_url":"https:\/\/www.farmacie-online.eu\/en_gb\/product\/clinique-even-better-clinical-foundation-spectrum-spf-25\/","og_site_name":"Farmacie online!","article_modified_time":"2026-03-30T09:16:22+00:00","og_image":[{"width":473,"height":1000,"url":"https:\/\/www.farmacie-online.eu\/wp-content\/uploads\/2024\/04\/Clinique-Even-Better-Clinical-Foundation-Spectrum-SPF-25.jpg","type":"image\/jpeg"}],"twitter_card":"summary_large_image","twitter_misc":{"Estimated reading time":"1 minute"},"schema":{"@context":"https:\/\/schema.org","@graph":[{"@type":"WebPage","@id":"https:\/\/www.farmacie-online.eu\/product\/clinique-even-better-clinical-foundation-spectrum-spf-25\/","url":"https:\/\/www.farmacie-online.eu\/product\/clinique-even-better-clinical-foundation-spectrum-spf-25\/","name":"Clinique Even Better Clinical Foundation Spectrum SPF 25 - Farmacie online!","isPartOf":{"@id":"https:\/\/www.farmacie-online.eu\/#website"},"primaryImageOfPage":{"@id":"https:\/\/www.farmacie-online.eu\/product\/clinique-even-better-clinical-foundation-spectrum-spf-25\/#primaryimage"},"image":{"@id":"https:\/\/www.farmacie-online.eu\/product\/clinique-even-better-clinical-foundation-spectrum-spf-25\/#primaryimage"},"thumbnailUrl":"https:\/\/www.farmacie-online.eu\/wp-content\/uploads\/2024\/04\/Clinique-Even-Better-Clinical-Foundation-Spectrum-SPF-25.jpg","datePublished":"2024-04-12T06:34:44+00:00","dateModified":"2026-03-30T09:16:22+00:00","breadcrumb":{"@id":"https:\/\/www.farmacie-online.eu\/product\/clinique-even-better-clinical-foundation-spectrum-spf-25\/#breadcrumb"},"inLanguage":"en-GB","potentialAction":[{"@type":"ReadAction","target":["https:\/\/www.farmacie-online.eu\/product\/clinique-even-better-clinical-foundation-spectrum-spf-25\/"]}]},{"@type":"ImageObject","inLanguage":"en-GB","@id":"https:\/\/www.farmacie-online.eu\/product\/clinique-even-better-clinical-foundation-spectrum-spf-25\/#primaryimage","url":"https:\/\/www.farmacie-online.eu\/wp-content\/uploads\/2024\/04\/Clinique-Even-Better-Clinical-Foundation-Spectrum-SPF-25.jpg","contentUrl":"https:\/\/www.farmacie-online.eu\/wp-content\/uploads\/2024\/04\/Clinique-Even-Better-Clinical-Foundation-Spectrum-SPF-25.jpg","width":473,"height":1000},{"@type":"BreadcrumbList","@id":"https:\/\/www.farmacie-online.eu\/product\/clinique-even-better-clinical-foundation-spectrum-spf-25\/#breadcrumb","itemListElement":[{"@type":"ListItem","position":1,"name":"Prima pagin\u0103","item":"https:\/\/www.farmacie-online.eu\/"},{"@type":"ListItem","position":2,"name":"Produse","item":"https:\/\/www.farmacie-online.eu\/produse\/"},{"@type":"ListItem","position":3,"name":"Clinique Even Better Clinical Foundation Spectrum SPF 25"}]},{"@type":"WebSite","@id":"https:\/\/www.farmacie-online.eu\/#website","url":"https:\/\/www.farmacie-online.eu\/","name":"Farmacie online!","description":"Comanzi online, prime\u0219ti rapid!","publisher":{"@id":"https:\/\/www.farmacie-online.eu\/#organization"},"potentialAction":[{"@type":"SearchAction","target":{"@type":"EntryPoint","urlTemplate":"https:\/\/www.farmacie-online.eu\/?s={search_term_string}"},"query-input":{"@type":"PropertyValueSpecification","valueRequired":true,"valueName":"search_term_string"}}],"inLanguage":"en-GB"},{"@type":"Organization","@id":"https:\/\/www.farmacie-online.eu\/#organization","name":"Farmacie online!","url":"https:\/\/www.farmacie-online.eu\/","logo":{"@type":"ImageObject","inLanguage":"en-GB","@id":"https:\/\/www.farmacie-online.eu\/#\/schema\/logo\/image\/","url":"https:\/\/www.farmacie-online.eu\/wp-content\/uploads\/2023\/08\/cropped-favicon.webp","contentUrl":"https:\/\/www.farmacie-online.eu\/wp-content\/uploads\/2023\/08\/cropped-favicon.webp","width":500,"height":211,"caption":"Farmacie online!"},"image":{"@id":"https:\/\/www.farmacie-online.eu\/#\/schema\/logo\/image\/"}}]}},"jetpack_sharing_enabled":true,"_links":{"self":[{"href":"https:\/\/www.farmacie-online.eu\/en_gb\/wp-json\/wp\/v2\/product\/8821","targetHints":{"allow":["GET"]}}],"collection":[{"href":"https:\/\/www.farmacie-online.eu\/en_gb\/wp-json\/wp\/v2\/product"}],"about":[{"href":"https:\/\/www.farmacie-online.eu\/en_gb\/wp-json\/wp\/v2\/types\/product"}],"replies":[{"embeddable":true,"href":"https:\/\/www.farmacie-online.eu\/en_gb\/wp-json\/wp\/v2\/comments?post=8821"}],"wp:featuredmedia":[{"embeddable":true,"href":"https:\/\/www.farmacie-online.eu\/en_gb\/wp-json\/wp\/v2\/media\/8822"}],"wp:attachment":[{"href":"https:\/\/www.farmacie-online.eu\/en_gb\/wp-json\/wp\/v2\/media?parent=8821"}],"wp:term":[{"taxonomy":"product_brand","embeddable":true,"href":"https:\/\/www.farmacie-online.eu\/en_gb\/wp-json\/wp\/v2\/product_brand?post=8821"},{"taxonomy":"product_cat","embeddable":true,"href":"https:\/\/www.farmacie-online.eu\/en_gb\/wp-json\/wp\/v2\/product_cat?post=8821"},{"taxonomy":"product_tag","embeddable":true,"href":"https:\/\/www.farmacie-online.eu\/en_gb\/wp-json\/wp\/v2\/product_tag?post=8821"}],"curies":[{"name":"wp","href":"https:\/\/api.w.org\/{rel}","templated":true}]}}