{"id":8818,"date":"2024-04-12T08:21:55","date_gmt":"2024-04-12T06:21:55","guid":{"rendered":"https:\/\/www.farmacie-online.eu\/?post_type=product&#038;p=8818"},"modified":"2024-09-02T00:09:37","modified_gmt":"2024-09-01T22:09:37","slug":"clear-beauty-24k-gold-and-collagen","status":"publish","type":"product","link":"https:\/\/www.farmacie-online.eu\/en_gb\/product\/clear-beauty-24k-gold-and-collagen\/","title":{"rendered":"Clear Beauty 24K Gold and Collagen"},"content":{"rendered":"<h4 class=\"css-77x51t\">Clear Beauty 24K Gold and Collagen Lifting &amp; Firming Day Cream<\/h4>\n<p>\u00ceNGRIJIREA DE LUX: R\u0103sf\u0103\u021ba\u021bi-v\u0103 cu luxul cremei noastre hidratante de zi \u00eembog\u0103\u021bite cu aur de 24K \u0219i colagen. Experimenta\u021bi opulen\u021ba \u0219i beneficiile acestor ingrediente premium pentru o rutin\u0103 de \u00eengrijire a pielii cu adev\u0103rat r\u0103sf\u0103\u021b\u0103toare.<br \/>\nHIDRATARE \u0218I FERMARE: Crema noastr\u0103 de zi hidrateaz\u0103 \u0219i hr\u0103ne\u0219te pielea \u00een profunzime, oferind o hidratare intens\u0103 \u0219i ajut\u00e2nd la \u00eembun\u0103t\u0103\u021birea elasticit\u0103\u021bii pielii. Ob\u021bine un ten plin \u0219i tineresc cu puterea combinat\u0103 a aurului de 24K \u0219i a colagenului.<br \/>\nStr\u0103lucire RADIANT\u0102: Infuzia de particule de aur de 24K ajut\u0103 la promovarea unui ten radiant \u0219i luminos. \u00cembun\u0103t\u0103\u021be\u0219te-\u021bi str\u0103lucirea natural\u0103 \u0219i bucur\u0103-te de un aspect revitalizat cu propriet\u0103\u021bile de iluminare ale cremei noastre de zi.<br \/>\nAPLICARE U\u0219oar\u0103: Crema noastr\u0103 de zi este conceput\u0103 pentru o utilizare u\u0219oar\u0103 \u0219i convenabil\u0103. Pur \u0219i simplu aplica\u021bi o cantitate mic\u0103 pe pielea cur\u0103\u021bat\u0103 \u0219i masa\u021bi u\u0219or p\u00e2n\u0103 la absorb\u021bia complet\u0103. Bucura\u021bi-v\u0103 de textura u\u0219oar\u0103 care nu las\u0103 reziduuri grase.<\/p>\n","protected":false},"excerpt":{"rendered":"<p>R\u0103sf\u0103\u021ba\u021bi-v\u0103 cu luxul cremei noastre hidratante de zi \u00eembog\u0103\u021bite cu aur de 24K \u0219i colagen.<\/p>\n","protected":false},"featured_media":8819,"comment_status":"closed","ping_status":"closed","template":"","meta":{"inline_featured_image":false},"product_brand":[],"product_cat":[36],"product_tag":[],"class_list":{"0":"post-8818","1":"product","2":"type-product","3":"status-publish","4":"has-post-thumbnail","6":"product_cat-dermato-cosmetice","8":"first","9":"instock","10":"shipping-taxable","11":"purchasable","12":"product-type-simple"},"yoast_head":"<!-- This site is optimized with the Yoast SEO plugin v27.4 - https:\/\/yoast.com\/product\/yoast-seo-wordpress\/ -->\n<title>Clear Beauty 24K Gold and Collagen - Farmacie online!<\/title>\n<meta name=\"robots\" content=\"index, follow, max-snippet:-1, max-image-preview:large, max-video-preview:-1\" \/>\n<link rel=\"canonical\" href=\"https:\/\/www.farmacie-online.eu\/en_gb\/product\/clear-beauty-24k-gold-and-collagen\/\" \/>\n<meta property=\"og:locale\" content=\"en_GB\" \/>\n<meta property=\"og:type\" content=\"article\" \/>\n<meta property=\"og:title\" content=\"Clear Beauty 24K Gold and Collagen - Farmacie online!\" \/>\n<meta property=\"og:description\" content=\"R\u0103sf\u0103\u021ba\u021bi-v\u0103 cu luxul cremei noastre hidratante de zi \u00eembog\u0103\u021bite cu aur de 24K \u0219i colagen.\" \/>\n<meta property=\"og:url\" content=\"https:\/\/www.farmacie-online.eu\/en_gb\/product\/clear-beauty-24k-gold-and-collagen\/\" \/>\n<meta property=\"og:site_name\" content=\"Farmacie online!\" \/>\n<meta property=\"article:modified_time\" content=\"2024-09-01T22:09:37+00:00\" \/>\n<meta property=\"og:image\" content=\"https:\/\/www.farmacie-online.eu\/wp-content\/uploads\/2024\/04\/Clear-Beauty-24K-Gold-and-Collagen-Lifting-Firming-Day-Cream.jpeg\" \/>\n\t<meta property=\"og:image:width\" content=\"225\" \/>\n\t<meta property=\"og:image:height\" content=\"225\" \/>\n\t<meta property=\"og:image:type\" content=\"image\/jpeg\" \/>\n<meta name=\"twitter:card\" content=\"summary_large_image\" \/>\n<meta name=\"twitter:label1\" content=\"Estimated reading time\" \/>\n\t<meta name=\"twitter:data1\" content=\"1 minute\" \/>\n<script type=\"application\/ld+json\" class=\"yoast-schema-graph\">{\"@context\":\"https:\\\/\\\/schema.org\",\"@graph\":[{\"@type\":\"WebPage\",\"@id\":\"https:\\\/\\\/www.farmacie-online.eu\\\/product\\\/clear-beauty-24k-gold-and-collagen\\\/\",\"url\":\"https:\\\/\\\/www.farmacie-online.eu\\\/product\\\/clear-beauty-24k-gold-and-collagen\\\/\",\"name\":\"Clear Beauty 24K Gold and Collagen - Farmacie online!\",\"isPartOf\":{\"@id\":\"https:\\\/\\\/www.farmacie-online.eu\\\/#website\"},\"primaryImageOfPage\":{\"@id\":\"https:\\\/\\\/www.farmacie-online.eu\\\/product\\\/clear-beauty-24k-gold-and-collagen\\\/#primaryimage\"},\"image\":{\"@id\":\"https:\\\/\\\/www.farmacie-online.eu\\\/product\\\/clear-beauty-24k-gold-and-collagen\\\/#primaryimage\"},\"thumbnailUrl\":\"https:\\\/\\\/www.farmacie-online.eu\\\/wp-content\\\/uploads\\\/2024\\\/04\\\/Clear-Beauty-24K-Gold-and-Collagen-Lifting-Firming-Day-Cream.jpeg\",\"datePublished\":\"2024-04-12T06:21:55+00:00\",\"dateModified\":\"2024-09-01T22:09:37+00:00\",\"breadcrumb\":{\"@id\":\"https:\\\/\\\/www.farmacie-online.eu\\\/product\\\/clear-beauty-24k-gold-and-collagen\\\/#breadcrumb\"},\"inLanguage\":\"en-GB\",\"potentialAction\":[{\"@type\":\"ReadAction\",\"target\":[\"https:\\\/\\\/www.farmacie-online.eu\\\/product\\\/clear-beauty-24k-gold-and-collagen\\\/\"]}]},{\"@type\":\"ImageObject\",\"inLanguage\":\"en-GB\",\"@id\":\"https:\\\/\\\/www.farmacie-online.eu\\\/product\\\/clear-beauty-24k-gold-and-collagen\\\/#primaryimage\",\"url\":\"https:\\\/\\\/www.farmacie-online.eu\\\/wp-content\\\/uploads\\\/2024\\\/04\\\/Clear-Beauty-24K-Gold-and-Collagen-Lifting-Firming-Day-Cream.jpeg\",\"contentUrl\":\"https:\\\/\\\/www.farmacie-online.eu\\\/wp-content\\\/uploads\\\/2024\\\/04\\\/Clear-Beauty-24K-Gold-and-Collagen-Lifting-Firming-Day-Cream.jpeg\",\"width\":225,\"height\":225},{\"@type\":\"BreadcrumbList\",\"@id\":\"https:\\\/\\\/www.farmacie-online.eu\\\/product\\\/clear-beauty-24k-gold-and-collagen\\\/#breadcrumb\",\"itemListElement\":[{\"@type\":\"ListItem\",\"position\":1,\"name\":\"Prima pagin\u0103\",\"item\":\"https:\\\/\\\/www.farmacie-online.eu\\\/\"},{\"@type\":\"ListItem\",\"position\":2,\"name\":\"Produse\",\"item\":\"https:\\\/\\\/www.farmacie-online.eu\\\/produse\\\/\"},{\"@type\":\"ListItem\",\"position\":3,\"name\":\"Clear Beauty 24K Gold and Collagen\"}]},{\"@type\":\"WebSite\",\"@id\":\"https:\\\/\\\/www.farmacie-online.eu\\\/#website\",\"url\":\"https:\\\/\\\/www.farmacie-online.eu\\\/\",\"name\":\"Farmacie online!\",\"description\":\"Comanzi online, prime\u0219ti rapid!\",\"publisher\":{\"@id\":\"https:\\\/\\\/www.farmacie-online.eu\\\/#organization\"},\"potentialAction\":[{\"@type\":\"SearchAction\",\"target\":{\"@type\":\"EntryPoint\",\"urlTemplate\":\"https:\\\/\\\/www.farmacie-online.eu\\\/?s={search_term_string}\"},\"query-input\":{\"@type\":\"PropertyValueSpecification\",\"valueRequired\":true,\"valueName\":\"search_term_string\"}}],\"inLanguage\":\"en-GB\"},{\"@type\":\"Organization\",\"@id\":\"https:\\\/\\\/www.farmacie-online.eu\\\/#organization\",\"name\":\"Farmacie online!\",\"url\":\"https:\\\/\\\/www.farmacie-online.eu\\\/\",\"logo\":{\"@type\":\"ImageObject\",\"inLanguage\":\"en-GB\",\"@id\":\"https:\\\/\\\/www.farmacie-online.eu\\\/#\\\/schema\\\/logo\\\/image\\\/\",\"url\":\"https:\\\/\\\/www.farmacie-online.eu\\\/wp-content\\\/uploads\\\/2023\\\/08\\\/cropped-favicon.webp\",\"contentUrl\":\"https:\\\/\\\/www.farmacie-online.eu\\\/wp-content\\\/uploads\\\/2023\\\/08\\\/cropped-favicon.webp\",\"width\":500,\"height\":211,\"caption\":\"Farmacie online!\"},\"image\":{\"@id\":\"https:\\\/\\\/www.farmacie-online.eu\\\/#\\\/schema\\\/logo\\\/image\\\/\"}}]}<\/script>\n<!-- \/ Yoast SEO plugin. -->","yoast_head_json":{"title":"Clear Beauty 24K Gold and Collagen - Farmacie online!","robots":{"index":"index","follow":"follow","max-snippet":"max-snippet:-1","max-image-preview":"max-image-preview:large","max-video-preview":"max-video-preview:-1"},"canonical":"https:\/\/www.farmacie-online.eu\/en_gb\/product\/clear-beauty-24k-gold-and-collagen\/","og_locale":"en_GB","og_type":"article","og_title":"Clear Beauty 24K Gold and Collagen - Farmacie online!","og_description":"R\u0103sf\u0103\u021ba\u021bi-v\u0103 cu luxul cremei noastre hidratante de zi \u00eembog\u0103\u021bite cu aur de 24K \u0219i colagen.","og_url":"https:\/\/www.farmacie-online.eu\/en_gb\/product\/clear-beauty-24k-gold-and-collagen\/","og_site_name":"Farmacie online!","article_modified_time":"2024-09-01T22:09:37+00:00","og_image":[{"width":225,"height":225,"url":"https:\/\/www.farmacie-online.eu\/wp-content\/uploads\/2024\/04\/Clear-Beauty-24K-Gold-and-Collagen-Lifting-Firming-Day-Cream.jpeg","type":"image\/jpeg"}],"twitter_card":"summary_large_image","twitter_misc":{"Estimated reading time":"1 minute"},"schema":{"@context":"https:\/\/schema.org","@graph":[{"@type":"WebPage","@id":"https:\/\/www.farmacie-online.eu\/product\/clear-beauty-24k-gold-and-collagen\/","url":"https:\/\/www.farmacie-online.eu\/product\/clear-beauty-24k-gold-and-collagen\/","name":"Clear Beauty 24K Gold and Collagen - Farmacie online!","isPartOf":{"@id":"https:\/\/www.farmacie-online.eu\/#website"},"primaryImageOfPage":{"@id":"https:\/\/www.farmacie-online.eu\/product\/clear-beauty-24k-gold-and-collagen\/#primaryimage"},"image":{"@id":"https:\/\/www.farmacie-online.eu\/product\/clear-beauty-24k-gold-and-collagen\/#primaryimage"},"thumbnailUrl":"https:\/\/www.farmacie-online.eu\/wp-content\/uploads\/2024\/04\/Clear-Beauty-24K-Gold-and-Collagen-Lifting-Firming-Day-Cream.jpeg","datePublished":"2024-04-12T06:21:55+00:00","dateModified":"2024-09-01T22:09:37+00:00","breadcrumb":{"@id":"https:\/\/www.farmacie-online.eu\/product\/clear-beauty-24k-gold-and-collagen\/#breadcrumb"},"inLanguage":"en-GB","potentialAction":[{"@type":"ReadAction","target":["https:\/\/www.farmacie-online.eu\/product\/clear-beauty-24k-gold-and-collagen\/"]}]},{"@type":"ImageObject","inLanguage":"en-GB","@id":"https:\/\/www.farmacie-online.eu\/product\/clear-beauty-24k-gold-and-collagen\/#primaryimage","url":"https:\/\/www.farmacie-online.eu\/wp-content\/uploads\/2024\/04\/Clear-Beauty-24K-Gold-and-Collagen-Lifting-Firming-Day-Cream.jpeg","contentUrl":"https:\/\/www.farmacie-online.eu\/wp-content\/uploads\/2024\/04\/Clear-Beauty-24K-Gold-and-Collagen-Lifting-Firming-Day-Cream.jpeg","width":225,"height":225},{"@type":"BreadcrumbList","@id":"https:\/\/www.farmacie-online.eu\/product\/clear-beauty-24k-gold-and-collagen\/#breadcrumb","itemListElement":[{"@type":"ListItem","position":1,"name":"Prima pagin\u0103","item":"https:\/\/www.farmacie-online.eu\/"},{"@type":"ListItem","position":2,"name":"Produse","item":"https:\/\/www.farmacie-online.eu\/produse\/"},{"@type":"ListItem","position":3,"name":"Clear Beauty 24K Gold and Collagen"}]},{"@type":"WebSite","@id":"https:\/\/www.farmacie-online.eu\/#website","url":"https:\/\/www.farmacie-online.eu\/","name":"Farmacie online!","description":"Comanzi online, prime\u0219ti rapid!","publisher":{"@id":"https:\/\/www.farmacie-online.eu\/#organization"},"potentialAction":[{"@type":"SearchAction","target":{"@type":"EntryPoint","urlTemplate":"https:\/\/www.farmacie-online.eu\/?s={search_term_string}"},"query-input":{"@type":"PropertyValueSpecification","valueRequired":true,"valueName":"search_term_string"}}],"inLanguage":"en-GB"},{"@type":"Organization","@id":"https:\/\/www.farmacie-online.eu\/#organization","name":"Farmacie online!","url":"https:\/\/www.farmacie-online.eu\/","logo":{"@type":"ImageObject","inLanguage":"en-GB","@id":"https:\/\/www.farmacie-online.eu\/#\/schema\/logo\/image\/","url":"https:\/\/www.farmacie-online.eu\/wp-content\/uploads\/2023\/08\/cropped-favicon.webp","contentUrl":"https:\/\/www.farmacie-online.eu\/wp-content\/uploads\/2023\/08\/cropped-favicon.webp","width":500,"height":211,"caption":"Farmacie online!"},"image":{"@id":"https:\/\/www.farmacie-online.eu\/#\/schema\/logo\/image\/"}}]}},"jetpack_sharing_enabled":true,"_links":{"self":[{"href":"https:\/\/www.farmacie-online.eu\/en_gb\/wp-json\/wp\/v2\/product\/8818","targetHints":{"allow":["GET"]}}],"collection":[{"href":"https:\/\/www.farmacie-online.eu\/en_gb\/wp-json\/wp\/v2\/product"}],"about":[{"href":"https:\/\/www.farmacie-online.eu\/en_gb\/wp-json\/wp\/v2\/types\/product"}],"replies":[{"embeddable":true,"href":"https:\/\/www.farmacie-online.eu\/en_gb\/wp-json\/wp\/v2\/comments?post=8818"}],"wp:featuredmedia":[{"embeddable":true,"href":"https:\/\/www.farmacie-online.eu\/en_gb\/wp-json\/wp\/v2\/media\/8819"}],"wp:attachment":[{"href":"https:\/\/www.farmacie-online.eu\/en_gb\/wp-json\/wp\/v2\/media?parent=8818"}],"wp:term":[{"taxonomy":"product_brand","embeddable":true,"href":"https:\/\/www.farmacie-online.eu\/en_gb\/wp-json\/wp\/v2\/product_brand?post=8818"},{"taxonomy":"product_cat","embeddable":true,"href":"https:\/\/www.farmacie-online.eu\/en_gb\/wp-json\/wp\/v2\/product_cat?post=8818"},{"taxonomy":"product_tag","embeddable":true,"href":"https:\/\/www.farmacie-online.eu\/en_gb\/wp-json\/wp\/v2\/product_tag?post=8818"}],"curies":[{"name":"wp","href":"https:\/\/api.w.org\/{rel}","templated":true}]}}