{"id":8816,"date":"2024-04-12T08:17:13","date_gmt":"2024-04-12T06:17:13","guid":{"rendered":"https:\/\/www.farmacie-online.eu\/?post_type=product&#038;p=8816"},"modified":"2024-09-02T00:09:37","modified_gmt":"2024-09-01T22:09:37","slug":"dead-sea-collection-hyaluronic-acid","status":"publish","type":"product","link":"https:\/\/www.farmacie-online.eu\/en_gb\/product\/dead-sea-collection-hyaluronic-acid\/","title":{"rendered":"Dead Sea Collection Hyaluronic Acid"},"content":{"rendered":"<p><span style=\"font-size: 1rem; font-weight: 800;\">Dead Sea Collection Hyaluronic Acid<br \/>\nRejuvenation Day Cream<\/span><\/p>\n<p><strong>Hidrateaz\u0103 pielea<br \/>\nIdeal pentru orice rutin\u0103 de frumuse\u021be<br \/>\nAmestecat cu minerale de la Marea Moart\u0103<br \/>\ninforma\u021bie<br \/>\nCrema de zi pentru \u00eentinerire cu acid hialuronic Colec\u021bia de la Marea Moart\u0103 ajut\u0103 la hr\u0103nirea \u0219i hidratarea intens\u0103 a pielii. Acidul hialuronic are un efect de hidratare \u0219i poate cre\u0219te elasticitatea pielii, f\u0103c\u00e2nd pielea s\u0103 se simt\u0103 mai t\u00e2n\u0103r\u0103 \u0219i mai s\u0103n\u0103toas\u0103. Aceast\u0103 crem\u0103 de \u00eentinerire este \u00eembog\u0103\u021bit\u0103 cu minerale \u0219i vitamine de la Marea Moart\u0103 \u0219i este ideal\u0103 pentru rutina ta de \u00eenfrumuse\u021bare.<\/strong><\/p>\n","protected":false},"excerpt":{"rendered":"<p>Dead Sea Collection Hyaluronic Acid Rejuvenation Day Cream<\/p>\n","protected":false},"featured_media":8817,"comment_status":"closed","ping_status":"closed","template":"","meta":{"inline_featured_image":false},"product_brand":[],"product_cat":[36],"product_tag":[],"class_list":{"0":"post-8816","1":"product","2":"type-product","3":"status-publish","4":"has-post-thumbnail","6":"product_cat-dermato-cosmetice","8":"first","9":"instock","10":"shipping-taxable","11":"purchasable","12":"product-type-simple"},"yoast_head":"<!-- This site is optimized with the Yoast SEO plugin v27.4 - https:\/\/yoast.com\/product\/yoast-seo-wordpress\/ -->\n<title>Dead Sea Collection Hyaluronic Acid - Farmacie online!<\/title>\n<meta name=\"robots\" content=\"index, follow, max-snippet:-1, max-image-preview:large, max-video-preview:-1\" \/>\n<link rel=\"canonical\" href=\"https:\/\/www.farmacie-online.eu\/en_gb\/product\/dead-sea-collection-hyaluronic-acid\/\" \/>\n<meta property=\"og:locale\" content=\"en_GB\" \/>\n<meta property=\"og:type\" content=\"article\" \/>\n<meta property=\"og:title\" content=\"Dead Sea Collection Hyaluronic Acid - Farmacie online!\" \/>\n<meta property=\"og:description\" content=\"Dead Sea Collection Hyaluronic Acid Rejuvenation Day Cream\" \/>\n<meta property=\"og:url\" content=\"https:\/\/www.farmacie-online.eu\/en_gb\/product\/dead-sea-collection-hyaluronic-acid\/\" \/>\n<meta property=\"og:site_name\" content=\"Farmacie online!\" \/>\n<meta property=\"article:modified_time\" content=\"2024-09-01T22:09:37+00:00\" \/>\n<meta property=\"og:image\" content=\"https:\/\/www.farmacie-online.eu\/wp-content\/uploads\/2024\/04\/Dead-Sea-Collection-Hyaluronic-Acid-Rejuvenation-Day-Cream.jpg\" \/>\n\t<meta property=\"og:image:width\" content=\"628\" \/>\n\t<meta property=\"og:image:height\" content=\"559\" \/>\n\t<meta property=\"og:image:type\" content=\"image\/jpeg\" \/>\n<meta name=\"twitter:card\" content=\"summary_large_image\" \/>\n<meta name=\"twitter:label1\" content=\"Estimated reading time\" \/>\n\t<meta name=\"twitter:data1\" content=\"1 minute\" \/>\n<script type=\"application\/ld+json\" class=\"yoast-schema-graph\">{\"@context\":\"https:\\\/\\\/schema.org\",\"@graph\":[{\"@type\":\"WebPage\",\"@id\":\"https:\\\/\\\/www.farmacie-online.eu\\\/product\\\/dead-sea-collection-hyaluronic-acid\\\/\",\"url\":\"https:\\\/\\\/www.farmacie-online.eu\\\/product\\\/dead-sea-collection-hyaluronic-acid\\\/\",\"name\":\"Dead Sea Collection Hyaluronic Acid - Farmacie online!\",\"isPartOf\":{\"@id\":\"https:\\\/\\\/www.farmacie-online.eu\\\/#website\"},\"primaryImageOfPage\":{\"@id\":\"https:\\\/\\\/www.farmacie-online.eu\\\/product\\\/dead-sea-collection-hyaluronic-acid\\\/#primaryimage\"},\"image\":{\"@id\":\"https:\\\/\\\/www.farmacie-online.eu\\\/product\\\/dead-sea-collection-hyaluronic-acid\\\/#primaryimage\"},\"thumbnailUrl\":\"https:\\\/\\\/www.farmacie-online.eu\\\/wp-content\\\/uploads\\\/2024\\\/04\\\/Dead-Sea-Collection-Hyaluronic-Acid-Rejuvenation-Day-Cream.jpg\",\"datePublished\":\"2024-04-12T06:17:13+00:00\",\"dateModified\":\"2024-09-01T22:09:37+00:00\",\"breadcrumb\":{\"@id\":\"https:\\\/\\\/www.farmacie-online.eu\\\/product\\\/dead-sea-collection-hyaluronic-acid\\\/#breadcrumb\"},\"inLanguage\":\"en-GB\",\"potentialAction\":[{\"@type\":\"ReadAction\",\"target\":[\"https:\\\/\\\/www.farmacie-online.eu\\\/product\\\/dead-sea-collection-hyaluronic-acid\\\/\"]}]},{\"@type\":\"ImageObject\",\"inLanguage\":\"en-GB\",\"@id\":\"https:\\\/\\\/www.farmacie-online.eu\\\/product\\\/dead-sea-collection-hyaluronic-acid\\\/#primaryimage\",\"url\":\"https:\\\/\\\/www.farmacie-online.eu\\\/wp-content\\\/uploads\\\/2024\\\/04\\\/Dead-Sea-Collection-Hyaluronic-Acid-Rejuvenation-Day-Cream.jpg\",\"contentUrl\":\"https:\\\/\\\/www.farmacie-online.eu\\\/wp-content\\\/uploads\\\/2024\\\/04\\\/Dead-Sea-Collection-Hyaluronic-Acid-Rejuvenation-Day-Cream.jpg\",\"width\":628,\"height\":559},{\"@type\":\"BreadcrumbList\",\"@id\":\"https:\\\/\\\/www.farmacie-online.eu\\\/product\\\/dead-sea-collection-hyaluronic-acid\\\/#breadcrumb\",\"itemListElement\":[{\"@type\":\"ListItem\",\"position\":1,\"name\":\"Prima pagin\u0103\",\"item\":\"https:\\\/\\\/www.farmacie-online.eu\\\/\"},{\"@type\":\"ListItem\",\"position\":2,\"name\":\"Produse\",\"item\":\"https:\\\/\\\/www.farmacie-online.eu\\\/produse\\\/\"},{\"@type\":\"ListItem\",\"position\":3,\"name\":\"Dead Sea Collection Hyaluronic Acid\"}]},{\"@type\":\"WebSite\",\"@id\":\"https:\\\/\\\/www.farmacie-online.eu\\\/#website\",\"url\":\"https:\\\/\\\/www.farmacie-online.eu\\\/\",\"name\":\"Farmacie online!\",\"description\":\"Comanzi online, prime\u0219ti rapid!\",\"publisher\":{\"@id\":\"https:\\\/\\\/www.farmacie-online.eu\\\/#organization\"},\"potentialAction\":[{\"@type\":\"SearchAction\",\"target\":{\"@type\":\"EntryPoint\",\"urlTemplate\":\"https:\\\/\\\/www.farmacie-online.eu\\\/?s={search_term_string}\"},\"query-input\":{\"@type\":\"PropertyValueSpecification\",\"valueRequired\":true,\"valueName\":\"search_term_string\"}}],\"inLanguage\":\"en-GB\"},{\"@type\":\"Organization\",\"@id\":\"https:\\\/\\\/www.farmacie-online.eu\\\/#organization\",\"name\":\"Farmacie online!\",\"url\":\"https:\\\/\\\/www.farmacie-online.eu\\\/\",\"logo\":{\"@type\":\"ImageObject\",\"inLanguage\":\"en-GB\",\"@id\":\"https:\\\/\\\/www.farmacie-online.eu\\\/#\\\/schema\\\/logo\\\/image\\\/\",\"url\":\"https:\\\/\\\/www.farmacie-online.eu\\\/wp-content\\\/uploads\\\/2023\\\/08\\\/cropped-favicon.webp\",\"contentUrl\":\"https:\\\/\\\/www.farmacie-online.eu\\\/wp-content\\\/uploads\\\/2023\\\/08\\\/cropped-favicon.webp\",\"width\":500,\"height\":211,\"caption\":\"Farmacie online!\"},\"image\":{\"@id\":\"https:\\\/\\\/www.farmacie-online.eu\\\/#\\\/schema\\\/logo\\\/image\\\/\"}}]}<\/script>\n<!-- \/ Yoast SEO plugin. -->","yoast_head_json":{"title":"Dead Sea Collection Hyaluronic Acid - Farmacie online!","robots":{"index":"index","follow":"follow","max-snippet":"max-snippet:-1","max-image-preview":"max-image-preview:large","max-video-preview":"max-video-preview:-1"},"canonical":"https:\/\/www.farmacie-online.eu\/en_gb\/product\/dead-sea-collection-hyaluronic-acid\/","og_locale":"en_GB","og_type":"article","og_title":"Dead Sea Collection Hyaluronic Acid - Farmacie online!","og_description":"Dead Sea Collection Hyaluronic Acid Rejuvenation Day Cream","og_url":"https:\/\/www.farmacie-online.eu\/en_gb\/product\/dead-sea-collection-hyaluronic-acid\/","og_site_name":"Farmacie online!","article_modified_time":"2024-09-01T22:09:37+00:00","og_image":[{"width":628,"height":559,"url":"https:\/\/www.farmacie-online.eu\/wp-content\/uploads\/2024\/04\/Dead-Sea-Collection-Hyaluronic-Acid-Rejuvenation-Day-Cream.jpg","type":"image\/jpeg"}],"twitter_card":"summary_large_image","twitter_misc":{"Estimated reading time":"1 minute"},"schema":{"@context":"https:\/\/schema.org","@graph":[{"@type":"WebPage","@id":"https:\/\/www.farmacie-online.eu\/product\/dead-sea-collection-hyaluronic-acid\/","url":"https:\/\/www.farmacie-online.eu\/product\/dead-sea-collection-hyaluronic-acid\/","name":"Dead Sea Collection Hyaluronic Acid - Farmacie online!","isPartOf":{"@id":"https:\/\/www.farmacie-online.eu\/#website"},"primaryImageOfPage":{"@id":"https:\/\/www.farmacie-online.eu\/product\/dead-sea-collection-hyaluronic-acid\/#primaryimage"},"image":{"@id":"https:\/\/www.farmacie-online.eu\/product\/dead-sea-collection-hyaluronic-acid\/#primaryimage"},"thumbnailUrl":"https:\/\/www.farmacie-online.eu\/wp-content\/uploads\/2024\/04\/Dead-Sea-Collection-Hyaluronic-Acid-Rejuvenation-Day-Cream.jpg","datePublished":"2024-04-12T06:17:13+00:00","dateModified":"2024-09-01T22:09:37+00:00","breadcrumb":{"@id":"https:\/\/www.farmacie-online.eu\/product\/dead-sea-collection-hyaluronic-acid\/#breadcrumb"},"inLanguage":"en-GB","potentialAction":[{"@type":"ReadAction","target":["https:\/\/www.farmacie-online.eu\/product\/dead-sea-collection-hyaluronic-acid\/"]}]},{"@type":"ImageObject","inLanguage":"en-GB","@id":"https:\/\/www.farmacie-online.eu\/product\/dead-sea-collection-hyaluronic-acid\/#primaryimage","url":"https:\/\/www.farmacie-online.eu\/wp-content\/uploads\/2024\/04\/Dead-Sea-Collection-Hyaluronic-Acid-Rejuvenation-Day-Cream.jpg","contentUrl":"https:\/\/www.farmacie-online.eu\/wp-content\/uploads\/2024\/04\/Dead-Sea-Collection-Hyaluronic-Acid-Rejuvenation-Day-Cream.jpg","width":628,"height":559},{"@type":"BreadcrumbList","@id":"https:\/\/www.farmacie-online.eu\/product\/dead-sea-collection-hyaluronic-acid\/#breadcrumb","itemListElement":[{"@type":"ListItem","position":1,"name":"Prima pagin\u0103","item":"https:\/\/www.farmacie-online.eu\/"},{"@type":"ListItem","position":2,"name":"Produse","item":"https:\/\/www.farmacie-online.eu\/produse\/"},{"@type":"ListItem","position":3,"name":"Dead Sea Collection Hyaluronic Acid"}]},{"@type":"WebSite","@id":"https:\/\/www.farmacie-online.eu\/#website","url":"https:\/\/www.farmacie-online.eu\/","name":"Farmacie online!","description":"Comanzi online, prime\u0219ti rapid!","publisher":{"@id":"https:\/\/www.farmacie-online.eu\/#organization"},"potentialAction":[{"@type":"SearchAction","target":{"@type":"EntryPoint","urlTemplate":"https:\/\/www.farmacie-online.eu\/?s={search_term_string}"},"query-input":{"@type":"PropertyValueSpecification","valueRequired":true,"valueName":"search_term_string"}}],"inLanguage":"en-GB"},{"@type":"Organization","@id":"https:\/\/www.farmacie-online.eu\/#organization","name":"Farmacie online!","url":"https:\/\/www.farmacie-online.eu\/","logo":{"@type":"ImageObject","inLanguage":"en-GB","@id":"https:\/\/www.farmacie-online.eu\/#\/schema\/logo\/image\/","url":"https:\/\/www.farmacie-online.eu\/wp-content\/uploads\/2023\/08\/cropped-favicon.webp","contentUrl":"https:\/\/www.farmacie-online.eu\/wp-content\/uploads\/2023\/08\/cropped-favicon.webp","width":500,"height":211,"caption":"Farmacie online!"},"image":{"@id":"https:\/\/www.farmacie-online.eu\/#\/schema\/logo\/image\/"}}]}},"jetpack_sharing_enabled":true,"_links":{"self":[{"href":"https:\/\/www.farmacie-online.eu\/en_gb\/wp-json\/wp\/v2\/product\/8816","targetHints":{"allow":["GET"]}}],"collection":[{"href":"https:\/\/www.farmacie-online.eu\/en_gb\/wp-json\/wp\/v2\/product"}],"about":[{"href":"https:\/\/www.farmacie-online.eu\/en_gb\/wp-json\/wp\/v2\/types\/product"}],"replies":[{"embeddable":true,"href":"https:\/\/www.farmacie-online.eu\/en_gb\/wp-json\/wp\/v2\/comments?post=8816"}],"wp:featuredmedia":[{"embeddable":true,"href":"https:\/\/www.farmacie-online.eu\/en_gb\/wp-json\/wp\/v2\/media\/8817"}],"wp:attachment":[{"href":"https:\/\/www.farmacie-online.eu\/en_gb\/wp-json\/wp\/v2\/media?parent=8816"}],"wp:term":[{"taxonomy":"product_brand","embeddable":true,"href":"https:\/\/www.farmacie-online.eu\/en_gb\/wp-json\/wp\/v2\/product_brand?post=8816"},{"taxonomy":"product_cat","embeddable":true,"href":"https:\/\/www.farmacie-online.eu\/en_gb\/wp-json\/wp\/v2\/product_cat?post=8816"},{"taxonomy":"product_tag","embeddable":true,"href":"https:\/\/www.farmacie-online.eu\/en_gb\/wp-json\/wp\/v2\/product_tag?post=8816"}],"curies":[{"name":"wp","href":"https:\/\/api.w.org\/{rel}","templated":true}]}}