{"id":8809,"date":"2024-04-12T07:31:34","date_gmt":"2024-04-12T05:31:34","guid":{"rendered":"https:\/\/www.farmacie-online.eu\/?post_type=product&#038;p=8809"},"modified":"2024-09-02T00:09:37","modified_gmt":"2024-09-01T22:09:37","slug":"nuventin-collagen-face-serum","status":"publish","type":"product","link":"https:\/\/www.farmacie-online.eu\/en_gb\/product\/nuventin-collagen-face-serum\/","title":{"rendered":"Nuventin Collagen Face Serum"},"content":{"rendered":"<h4 class=\"css-77x51t\">Nuventin Collagen Face Serum Skin Care Anti Aging Moisturizer<\/h4>\n<p>Serul de fermitate Nuventin Collagen \u00ee\u021bi hidrateaz\u0103 imediat pielea, elimina de asemenea porii dilata\u021bi \u0219i tonurile neuniforme ale pielii. Formula non-grasa, se absoarbe rapid in piele, lasandu-ti pielea hidratata. Serul de iluminare cu acid hialuronic este un hidratant excelent \u0219i este perfect pentru pielea uscat\u0103. Trandafirul are propriet\u0103\u021bi naturale de vindecare \u0219i antiinflamatoare \u0219i poate fi eficient asupra cicatricilor de acnee \u0219i a pielii iritate. Cica (Iarba Tigrului) protejeaz\u0103 \u00eempotriva polu\u0103rii \u0219i ajut\u0103 la repararea pielii iritate. Serul u\u0219or se aplic\u0103 cel mai bine dup\u0103 demachiantul facial \u0219i \u00eenainte de crema sau uleiul de fa\u021b\u0103. Serul l\u0103ptos aproape c\u0103 se simte ca o crem\u0103 u\u0219oar\u0103 anti-\u00eemb\u0103tr\u00e2nire. Se poate folosi un ser de zi sau un ser de noapte.<\/p>\n<p>Ser de colagen Nuventin de 2 oz pentru riduri, piele l\u0103sat\u0103, pete aspre \u0219i piele uscat\u0103. Ser anti-imbatranire cu Acid Hialuronic, Cica, Trandafir, Vitamina E.<\/p>\n","protected":false},"excerpt":{"rendered":"<p>Serul de fermitate Nuventin Collagen \u00ee\u021bi hidrateaz\u0103 imediat pielea, elimina de asemenea porii dilata\u021bi \u0219i tonurile neuniforme ale pielii<\/p>\n","protected":false},"featured_media":8810,"comment_status":"closed","ping_status":"closed","template":"","meta":{"inline_featured_image":false},"product_brand":[],"product_cat":[36],"product_tag":[],"class_list":{"0":"post-8809","1":"product","2":"type-product","3":"status-publish","4":"has-post-thumbnail","6":"product_cat-dermato-cosmetice","8":"first","9":"instock","10":"shipping-taxable","11":"purchasable","12":"product-type-simple"},"yoast_head":"<!-- This site is optimized with the Yoast SEO plugin v27.4 - https:\/\/yoast.com\/product\/yoast-seo-wordpress\/ -->\n<title>Nuventin Collagen Face Serum - Farmacie online!<\/title>\n<meta name=\"robots\" content=\"index, follow, max-snippet:-1, max-image-preview:large, max-video-preview:-1\" \/>\n<link rel=\"canonical\" href=\"https:\/\/www.farmacie-online.eu\/en_gb\/product\/nuventin-collagen-face-serum\/\" \/>\n<meta property=\"og:locale\" content=\"en_GB\" \/>\n<meta property=\"og:type\" content=\"article\" \/>\n<meta property=\"og:title\" content=\"Nuventin Collagen Face Serum - Farmacie online!\" \/>\n<meta property=\"og:description\" content=\"Serul de fermitate Nuventin Collagen \u00ee\u021bi hidrateaz\u0103 imediat pielea, elimina de asemenea porii dilata\u021bi \u0219i tonurile neuniforme ale pielii\" \/>\n<meta property=\"og:url\" content=\"https:\/\/www.farmacie-online.eu\/en_gb\/product\/nuventin-collagen-face-serum\/\" \/>\n<meta property=\"og:site_name\" content=\"Farmacie online!\" \/>\n<meta property=\"article:modified_time\" content=\"2024-09-01T22:09:37+00:00\" \/>\n<meta property=\"og:image\" content=\"https:\/\/www.farmacie-online.eu\/wp-content\/uploads\/2024\/04\/Nuventin-Collagen-Face-Serum-Skin-Care-Anti-Aging-Moisturizer.jpeg\" \/>\n\t<meta property=\"og:image:width\" content=\"187\" \/>\n\t<meta property=\"og:image:height\" content=\"270\" \/>\n\t<meta property=\"og:image:type\" content=\"image\/jpeg\" \/>\n<meta name=\"twitter:card\" content=\"summary_large_image\" \/>\n<meta name=\"twitter:label1\" content=\"Estimated reading time\" \/>\n\t<meta name=\"twitter:data1\" content=\"1 minute\" \/>\n<script type=\"application\/ld+json\" class=\"yoast-schema-graph\">{\"@context\":\"https:\\\/\\\/schema.org\",\"@graph\":[{\"@type\":\"WebPage\",\"@id\":\"https:\\\/\\\/www.farmacie-online.eu\\\/product\\\/nuventin-collagen-face-serum\\\/\",\"url\":\"https:\\\/\\\/www.farmacie-online.eu\\\/product\\\/nuventin-collagen-face-serum\\\/\",\"name\":\"Nuventin Collagen Face Serum - Farmacie online!\",\"isPartOf\":{\"@id\":\"https:\\\/\\\/www.farmacie-online.eu\\\/#website\"},\"primaryImageOfPage\":{\"@id\":\"https:\\\/\\\/www.farmacie-online.eu\\\/product\\\/nuventin-collagen-face-serum\\\/#primaryimage\"},\"image\":{\"@id\":\"https:\\\/\\\/www.farmacie-online.eu\\\/product\\\/nuventin-collagen-face-serum\\\/#primaryimage\"},\"thumbnailUrl\":\"https:\\\/\\\/www.farmacie-online.eu\\\/wp-content\\\/uploads\\\/2024\\\/04\\\/Nuventin-Collagen-Face-Serum-Skin-Care-Anti-Aging-Moisturizer.jpeg\",\"datePublished\":\"2024-04-12T05:31:34+00:00\",\"dateModified\":\"2024-09-01T22:09:37+00:00\",\"breadcrumb\":{\"@id\":\"https:\\\/\\\/www.farmacie-online.eu\\\/product\\\/nuventin-collagen-face-serum\\\/#breadcrumb\"},\"inLanguage\":\"en-GB\",\"potentialAction\":[{\"@type\":\"ReadAction\",\"target\":[\"https:\\\/\\\/www.farmacie-online.eu\\\/product\\\/nuventin-collagen-face-serum\\\/\"]}]},{\"@type\":\"ImageObject\",\"inLanguage\":\"en-GB\",\"@id\":\"https:\\\/\\\/www.farmacie-online.eu\\\/product\\\/nuventin-collagen-face-serum\\\/#primaryimage\",\"url\":\"https:\\\/\\\/www.farmacie-online.eu\\\/wp-content\\\/uploads\\\/2024\\\/04\\\/Nuventin-Collagen-Face-Serum-Skin-Care-Anti-Aging-Moisturizer.jpeg\",\"contentUrl\":\"https:\\\/\\\/www.farmacie-online.eu\\\/wp-content\\\/uploads\\\/2024\\\/04\\\/Nuventin-Collagen-Face-Serum-Skin-Care-Anti-Aging-Moisturizer.jpeg\",\"width\":187,\"height\":270},{\"@type\":\"BreadcrumbList\",\"@id\":\"https:\\\/\\\/www.farmacie-online.eu\\\/product\\\/nuventin-collagen-face-serum\\\/#breadcrumb\",\"itemListElement\":[{\"@type\":\"ListItem\",\"position\":1,\"name\":\"Prima pagin\u0103\",\"item\":\"https:\\\/\\\/www.farmacie-online.eu\\\/\"},{\"@type\":\"ListItem\",\"position\":2,\"name\":\"Produse\",\"item\":\"https:\\\/\\\/www.farmacie-online.eu\\\/produse\\\/\"},{\"@type\":\"ListItem\",\"position\":3,\"name\":\"Nuventin Collagen Face Serum\"}]},{\"@type\":\"WebSite\",\"@id\":\"https:\\\/\\\/www.farmacie-online.eu\\\/#website\",\"url\":\"https:\\\/\\\/www.farmacie-online.eu\\\/\",\"name\":\"Farmacie online!\",\"description\":\"Comanzi online, prime\u0219ti rapid!\",\"publisher\":{\"@id\":\"https:\\\/\\\/www.farmacie-online.eu\\\/#organization\"},\"potentialAction\":[{\"@type\":\"SearchAction\",\"target\":{\"@type\":\"EntryPoint\",\"urlTemplate\":\"https:\\\/\\\/www.farmacie-online.eu\\\/?s={search_term_string}\"},\"query-input\":{\"@type\":\"PropertyValueSpecification\",\"valueRequired\":true,\"valueName\":\"search_term_string\"}}],\"inLanguage\":\"en-GB\"},{\"@type\":\"Organization\",\"@id\":\"https:\\\/\\\/www.farmacie-online.eu\\\/#organization\",\"name\":\"Farmacie online!\",\"url\":\"https:\\\/\\\/www.farmacie-online.eu\\\/\",\"logo\":{\"@type\":\"ImageObject\",\"inLanguage\":\"en-GB\",\"@id\":\"https:\\\/\\\/www.farmacie-online.eu\\\/#\\\/schema\\\/logo\\\/image\\\/\",\"url\":\"https:\\\/\\\/www.farmacie-online.eu\\\/wp-content\\\/uploads\\\/2023\\\/08\\\/cropped-favicon.webp\",\"contentUrl\":\"https:\\\/\\\/www.farmacie-online.eu\\\/wp-content\\\/uploads\\\/2023\\\/08\\\/cropped-favicon.webp\",\"width\":500,\"height\":211,\"caption\":\"Farmacie online!\"},\"image\":{\"@id\":\"https:\\\/\\\/www.farmacie-online.eu\\\/#\\\/schema\\\/logo\\\/image\\\/\"}}]}<\/script>\n<!-- \/ Yoast SEO plugin. -->","yoast_head_json":{"title":"Nuventin Collagen Face Serum - Farmacie online!","robots":{"index":"index","follow":"follow","max-snippet":"max-snippet:-1","max-image-preview":"max-image-preview:large","max-video-preview":"max-video-preview:-1"},"canonical":"https:\/\/www.farmacie-online.eu\/en_gb\/product\/nuventin-collagen-face-serum\/","og_locale":"en_GB","og_type":"article","og_title":"Nuventin Collagen Face Serum - Farmacie online!","og_description":"Serul de fermitate Nuventin Collagen \u00ee\u021bi hidrateaz\u0103 imediat pielea, elimina de asemenea porii dilata\u021bi \u0219i tonurile neuniforme ale pielii","og_url":"https:\/\/www.farmacie-online.eu\/en_gb\/product\/nuventin-collagen-face-serum\/","og_site_name":"Farmacie online!","article_modified_time":"2024-09-01T22:09:37+00:00","og_image":[{"width":187,"height":270,"url":"https:\/\/www.farmacie-online.eu\/wp-content\/uploads\/2024\/04\/Nuventin-Collagen-Face-Serum-Skin-Care-Anti-Aging-Moisturizer.jpeg","type":"image\/jpeg"}],"twitter_card":"summary_large_image","twitter_misc":{"Estimated reading time":"1 minute"},"schema":{"@context":"https:\/\/schema.org","@graph":[{"@type":"WebPage","@id":"https:\/\/www.farmacie-online.eu\/product\/nuventin-collagen-face-serum\/","url":"https:\/\/www.farmacie-online.eu\/product\/nuventin-collagen-face-serum\/","name":"Nuventin Collagen Face Serum - Farmacie online!","isPartOf":{"@id":"https:\/\/www.farmacie-online.eu\/#website"},"primaryImageOfPage":{"@id":"https:\/\/www.farmacie-online.eu\/product\/nuventin-collagen-face-serum\/#primaryimage"},"image":{"@id":"https:\/\/www.farmacie-online.eu\/product\/nuventin-collagen-face-serum\/#primaryimage"},"thumbnailUrl":"https:\/\/www.farmacie-online.eu\/wp-content\/uploads\/2024\/04\/Nuventin-Collagen-Face-Serum-Skin-Care-Anti-Aging-Moisturizer.jpeg","datePublished":"2024-04-12T05:31:34+00:00","dateModified":"2024-09-01T22:09:37+00:00","breadcrumb":{"@id":"https:\/\/www.farmacie-online.eu\/product\/nuventin-collagen-face-serum\/#breadcrumb"},"inLanguage":"en-GB","potentialAction":[{"@type":"ReadAction","target":["https:\/\/www.farmacie-online.eu\/product\/nuventin-collagen-face-serum\/"]}]},{"@type":"ImageObject","inLanguage":"en-GB","@id":"https:\/\/www.farmacie-online.eu\/product\/nuventin-collagen-face-serum\/#primaryimage","url":"https:\/\/www.farmacie-online.eu\/wp-content\/uploads\/2024\/04\/Nuventin-Collagen-Face-Serum-Skin-Care-Anti-Aging-Moisturizer.jpeg","contentUrl":"https:\/\/www.farmacie-online.eu\/wp-content\/uploads\/2024\/04\/Nuventin-Collagen-Face-Serum-Skin-Care-Anti-Aging-Moisturizer.jpeg","width":187,"height":270},{"@type":"BreadcrumbList","@id":"https:\/\/www.farmacie-online.eu\/product\/nuventin-collagen-face-serum\/#breadcrumb","itemListElement":[{"@type":"ListItem","position":1,"name":"Prima pagin\u0103","item":"https:\/\/www.farmacie-online.eu\/"},{"@type":"ListItem","position":2,"name":"Produse","item":"https:\/\/www.farmacie-online.eu\/produse\/"},{"@type":"ListItem","position":3,"name":"Nuventin Collagen Face Serum"}]},{"@type":"WebSite","@id":"https:\/\/www.farmacie-online.eu\/#website","url":"https:\/\/www.farmacie-online.eu\/","name":"Farmacie online!","description":"Comanzi online, prime\u0219ti rapid!","publisher":{"@id":"https:\/\/www.farmacie-online.eu\/#organization"},"potentialAction":[{"@type":"SearchAction","target":{"@type":"EntryPoint","urlTemplate":"https:\/\/www.farmacie-online.eu\/?s={search_term_string}"},"query-input":{"@type":"PropertyValueSpecification","valueRequired":true,"valueName":"search_term_string"}}],"inLanguage":"en-GB"},{"@type":"Organization","@id":"https:\/\/www.farmacie-online.eu\/#organization","name":"Farmacie online!","url":"https:\/\/www.farmacie-online.eu\/","logo":{"@type":"ImageObject","inLanguage":"en-GB","@id":"https:\/\/www.farmacie-online.eu\/#\/schema\/logo\/image\/","url":"https:\/\/www.farmacie-online.eu\/wp-content\/uploads\/2023\/08\/cropped-favicon.webp","contentUrl":"https:\/\/www.farmacie-online.eu\/wp-content\/uploads\/2023\/08\/cropped-favicon.webp","width":500,"height":211,"caption":"Farmacie online!"},"image":{"@id":"https:\/\/www.farmacie-online.eu\/#\/schema\/logo\/image\/"}}]}},"jetpack_sharing_enabled":true,"_links":{"self":[{"href":"https:\/\/www.farmacie-online.eu\/en_gb\/wp-json\/wp\/v2\/product\/8809","targetHints":{"allow":["GET"]}}],"collection":[{"href":"https:\/\/www.farmacie-online.eu\/en_gb\/wp-json\/wp\/v2\/product"}],"about":[{"href":"https:\/\/www.farmacie-online.eu\/en_gb\/wp-json\/wp\/v2\/types\/product"}],"replies":[{"embeddable":true,"href":"https:\/\/www.farmacie-online.eu\/en_gb\/wp-json\/wp\/v2\/comments?post=8809"}],"wp:featuredmedia":[{"embeddable":true,"href":"https:\/\/www.farmacie-online.eu\/en_gb\/wp-json\/wp\/v2\/media\/8810"}],"wp:attachment":[{"href":"https:\/\/www.farmacie-online.eu\/en_gb\/wp-json\/wp\/v2\/media?parent=8809"}],"wp:term":[{"taxonomy":"product_brand","embeddable":true,"href":"https:\/\/www.farmacie-online.eu\/en_gb\/wp-json\/wp\/v2\/product_brand?post=8809"},{"taxonomy":"product_cat","embeddable":true,"href":"https:\/\/www.farmacie-online.eu\/en_gb\/wp-json\/wp\/v2\/product_cat?post=8809"},{"taxonomy":"product_tag","embeddable":true,"href":"https:\/\/www.farmacie-online.eu\/en_gb\/wp-json\/wp\/v2\/product_tag?post=8809"}],"curies":[{"name":"wp","href":"https:\/\/api.w.org\/{rel}","templated":true}]}}