{"id":8801,"date":"2024-04-12T07:03:59","date_gmt":"2024-04-12T05:03:59","guid":{"rendered":"https:\/\/www.farmacie-online.eu\/?post_type=product&#038;p=8801"},"modified":"2026-03-25T08:04:17","modified_gmt":"2026-03-25T06:04:17","slug":"mac-studio-fix-contouring-palette-light-medium","status":"publish","type":"product","link":"https:\/\/www.farmacie-online.eu\/en_gb\/product\/mac-studio-fix-contouring-palette-light-medium\/","title":{"rendered":"MAC Studio Fix Contouring Palette &#8211; Light \/ Medium"},"content":{"rendered":"<div class=\"bg-white pt-4 pb-1 px-4 rounded-global\">\n<p class=\"paragraph mb-4\" data-v-89d52bb9=\"\">Paleta de conturare con\u021bine at\u00e2t nuan\u021be mate, c\u00e2t \u0219i nuan\u021be luminoase. Nuan\u021bele de eviden\u021biere reflect\u0103 u\u0219or lumina cu tehnologia soft-focus, \u00een timp ce nuan\u021bele de conturare ofer\u0103 o acoperire subtil\u0103 pentru un aspect umbrit natural.<\/p>\n<\/div>\n<div class=\"bg-white pt-4 px-4 pb-1 rounded-global\">\n<p class=\"paragraph mb-4\" data-v-89d52bb9=\"\">Caracteristici:<\/p>\n<ul>\n<li>paleta con\u021bine 3 nuan\u021be mate de pudre pentru conturare \u0219i 3 nuan\u021be de iluminatori sub form\u0103 de pudr\u0103 care str\u0103lucesc u\u0219or,<\/li>\n<li>potrivit pentru pielea deschis\u0103 p\u00e2n\u0103 la medie \u00eenchis\u0103,<\/li>\n<li>reflect\u0103 u\u0219or lumina datorit\u0103 tehnologiei soft-focus,<\/li>\n<li>nu provoac\u0103 acnee, testat dermatologic.<\/li>\n<\/ul>\n<\/div>\n<div class=\"bg-white pt-4 px-4 pb-1 rounded-global\">\n<p class=\"paragraph mb-4\" data-v-89d52bb9=\"\">Aplica\u021bi pe piele cu o perie. Folosi\u021bi nuan\u021be mai deschise pe obraji, nas \u0219i sub spr\u00e2ncene. Contura\u021bi fa\u021ba cu nuan\u021be mai \u00eenchise.<\/p>\n<\/div>\n","protected":false},"excerpt":{"rendered":"<p>Paleta de conturare con\u021bine at\u00e2t nuan\u021be mate, c\u00e2t \u0219i nuan\u021be luminoase. Nuan\u021bele de eviden\u021biere reflect\u0103 u\u0219or lumina cu tehnologia soft-focus, \u00een timp ce nuan\u021bele de conturare ofer\u0103 o acoperire subtil\u0103 pentru un aspect umbrit natural.<\/p>\n","protected":false},"featured_media":8802,"comment_status":"closed","ping_status":"closed","template":"","meta":{"inline_featured_image":false},"product_brand":[],"product_cat":[36],"product_tag":[142,141,140],"class_list":{"0":"post-8801","1":"product","2":"type-product","3":"status-publish","4":"has-post-thumbnail","6":"product_cat-dermato-cosmetice","7":"product_tag-mac-studio","8":"product_tag-mac-studio-fix-contouring-palette","9":"product_tag-mac-studio-fix-contouring-palette-light-medium","11":"first","12":"instock","13":"sale","14":"shipping-taxable","15":"purchasable","16":"product-type-simple"},"yoast_head":"<!-- This site is optimized with the Yoast SEO plugin v27.4 - https:\/\/yoast.com\/product\/yoast-seo-wordpress\/ -->\n<title>MAC Studio Fix Contouring Palette - Light \/ Medium - Farmacie online!<\/title>\n<meta name=\"robots\" content=\"index, follow, max-snippet:-1, max-image-preview:large, max-video-preview:-1\" \/>\n<link rel=\"canonical\" href=\"https:\/\/www.farmacie-online.eu\/en_gb\/product\/mac-studio-fix-contouring-palette-light-medium\/\" \/>\n<meta property=\"og:locale\" content=\"en_GB\" \/>\n<meta property=\"og:type\" content=\"article\" \/>\n<meta property=\"og:title\" content=\"MAC Studio Fix Contouring Palette - Light \/ Medium - Farmacie online!\" \/>\n<meta property=\"og:description\" content=\"Paleta de conturare con\u021bine at\u00e2t nuan\u021be mate, c\u00e2t \u0219i nuan\u021be luminoase. Nuan\u021bele de eviden\u021biere reflect\u0103 u\u0219or lumina cu tehnologia soft-focus, \u00een timp ce nuan\u021bele de conturare ofer\u0103 o acoperire subtil\u0103 pentru un aspect umbrit natural.\" \/>\n<meta property=\"og:url\" content=\"https:\/\/www.farmacie-online.eu\/en_gb\/product\/mac-studio-fix-contouring-palette-light-medium\/\" \/>\n<meta property=\"og:site_name\" content=\"Farmacie online!\" \/>\n<meta property=\"article:modified_time\" content=\"2026-03-25T06:04:17+00:00\" \/>\n<meta property=\"og:image\" content=\"https:\/\/www.farmacie-online.eu\/wp-content\/uploads\/2024\/04\/1-mac-emphasize-cream-accentuate-taupe-sculpt-bone-beige-light-medium.jpeg\" \/>\n\t<meta property=\"og:image:width\" content=\"255\" \/>\n\t<meta property=\"og:image:height\" content=\"198\" \/>\n\t<meta property=\"og:image:type\" content=\"image\/jpeg\" \/>\n<meta name=\"twitter:card\" content=\"summary_large_image\" \/>\n<meta name=\"twitter:label1\" content=\"Estimated reading time\" \/>\n\t<meta name=\"twitter:data1\" content=\"1 minute\" \/>\n<script type=\"application\/ld+json\" class=\"yoast-schema-graph\">{\"@context\":\"https:\\\/\\\/schema.org\",\"@graph\":[{\"@type\":\"WebPage\",\"@id\":\"https:\\\/\\\/www.farmacie-online.eu\\\/product\\\/mac-studio-fix-contouring-palette-light-medium\\\/\",\"url\":\"https:\\\/\\\/www.farmacie-online.eu\\\/product\\\/mac-studio-fix-contouring-palette-light-medium\\\/\",\"name\":\"MAC Studio Fix Contouring Palette - Light \\\/ Medium - Farmacie online!\",\"isPartOf\":{\"@id\":\"https:\\\/\\\/www.farmacie-online.eu\\\/#website\"},\"primaryImageOfPage\":{\"@id\":\"https:\\\/\\\/www.farmacie-online.eu\\\/product\\\/mac-studio-fix-contouring-palette-light-medium\\\/#primaryimage\"},\"image\":{\"@id\":\"https:\\\/\\\/www.farmacie-online.eu\\\/product\\\/mac-studio-fix-contouring-palette-light-medium\\\/#primaryimage\"},\"thumbnailUrl\":\"https:\\\/\\\/www.farmacie-online.eu\\\/wp-content\\\/uploads\\\/2024\\\/04\\\/1-mac-emphasize-cream-accentuate-taupe-sculpt-bone-beige-light-medium.jpeg\",\"datePublished\":\"2024-04-12T05:03:59+00:00\",\"dateModified\":\"2026-03-25T06:04:17+00:00\",\"breadcrumb\":{\"@id\":\"https:\\\/\\\/www.farmacie-online.eu\\\/product\\\/mac-studio-fix-contouring-palette-light-medium\\\/#breadcrumb\"},\"inLanguage\":\"en-GB\",\"potentialAction\":[{\"@type\":\"ReadAction\",\"target\":[\"https:\\\/\\\/www.farmacie-online.eu\\\/product\\\/mac-studio-fix-contouring-palette-light-medium\\\/\"]}]},{\"@type\":\"ImageObject\",\"inLanguage\":\"en-GB\",\"@id\":\"https:\\\/\\\/www.farmacie-online.eu\\\/product\\\/mac-studio-fix-contouring-palette-light-medium\\\/#primaryimage\",\"url\":\"https:\\\/\\\/www.farmacie-online.eu\\\/wp-content\\\/uploads\\\/2024\\\/04\\\/1-mac-emphasize-cream-accentuate-taupe-sculpt-bone-beige-light-medium.jpeg\",\"contentUrl\":\"https:\\\/\\\/www.farmacie-online.eu\\\/wp-content\\\/uploads\\\/2024\\\/04\\\/1-mac-emphasize-cream-accentuate-taupe-sculpt-bone-beige-light-medium.jpeg\",\"width\":255,\"height\":198},{\"@type\":\"BreadcrumbList\",\"@id\":\"https:\\\/\\\/www.farmacie-online.eu\\\/product\\\/mac-studio-fix-contouring-palette-light-medium\\\/#breadcrumb\",\"itemListElement\":[{\"@type\":\"ListItem\",\"position\":1,\"name\":\"Prima pagin\u0103\",\"item\":\"https:\\\/\\\/www.farmacie-online.eu\\\/\"},{\"@type\":\"ListItem\",\"position\":2,\"name\":\"Produse\",\"item\":\"https:\\\/\\\/www.farmacie-online.eu\\\/produse\\\/\"},{\"@type\":\"ListItem\",\"position\":3,\"name\":\"MAC Studio Fix Contouring Palette &#8211; Light \\\/ Medium\"}]},{\"@type\":\"WebSite\",\"@id\":\"https:\\\/\\\/www.farmacie-online.eu\\\/#website\",\"url\":\"https:\\\/\\\/www.farmacie-online.eu\\\/\",\"name\":\"Farmacie online!\",\"description\":\"Comanzi online, prime\u0219ti rapid!\",\"publisher\":{\"@id\":\"https:\\\/\\\/www.farmacie-online.eu\\\/#organization\"},\"potentialAction\":[{\"@type\":\"SearchAction\",\"target\":{\"@type\":\"EntryPoint\",\"urlTemplate\":\"https:\\\/\\\/www.farmacie-online.eu\\\/?s={search_term_string}\"},\"query-input\":{\"@type\":\"PropertyValueSpecification\",\"valueRequired\":true,\"valueName\":\"search_term_string\"}}],\"inLanguage\":\"en-GB\"},{\"@type\":\"Organization\",\"@id\":\"https:\\\/\\\/www.farmacie-online.eu\\\/#organization\",\"name\":\"Farmacie online!\",\"url\":\"https:\\\/\\\/www.farmacie-online.eu\\\/\",\"logo\":{\"@type\":\"ImageObject\",\"inLanguage\":\"en-GB\",\"@id\":\"https:\\\/\\\/www.farmacie-online.eu\\\/#\\\/schema\\\/logo\\\/image\\\/\",\"url\":\"https:\\\/\\\/www.farmacie-online.eu\\\/wp-content\\\/uploads\\\/2023\\\/08\\\/cropped-favicon.webp\",\"contentUrl\":\"https:\\\/\\\/www.farmacie-online.eu\\\/wp-content\\\/uploads\\\/2023\\\/08\\\/cropped-favicon.webp\",\"width\":500,\"height\":211,\"caption\":\"Farmacie online!\"},\"image\":{\"@id\":\"https:\\\/\\\/www.farmacie-online.eu\\\/#\\\/schema\\\/logo\\\/image\\\/\"}}]}<\/script>\n<!-- \/ Yoast SEO plugin. -->","yoast_head_json":{"title":"MAC Studio Fix Contouring Palette - Light \/ Medium - Farmacie online!","robots":{"index":"index","follow":"follow","max-snippet":"max-snippet:-1","max-image-preview":"max-image-preview:large","max-video-preview":"max-video-preview:-1"},"canonical":"https:\/\/www.farmacie-online.eu\/en_gb\/product\/mac-studio-fix-contouring-palette-light-medium\/","og_locale":"en_GB","og_type":"article","og_title":"MAC Studio Fix Contouring Palette - Light \/ Medium - Farmacie online!","og_description":"Paleta de conturare con\u021bine at\u00e2t nuan\u021be mate, c\u00e2t \u0219i nuan\u021be luminoase. Nuan\u021bele de eviden\u021biere reflect\u0103 u\u0219or lumina cu tehnologia soft-focus, \u00een timp ce nuan\u021bele de conturare ofer\u0103 o acoperire subtil\u0103 pentru un aspect umbrit natural.","og_url":"https:\/\/www.farmacie-online.eu\/en_gb\/product\/mac-studio-fix-contouring-palette-light-medium\/","og_site_name":"Farmacie online!","article_modified_time":"2026-03-25T06:04:17+00:00","og_image":[{"width":255,"height":198,"url":"https:\/\/www.farmacie-online.eu\/wp-content\/uploads\/2024\/04\/1-mac-emphasize-cream-accentuate-taupe-sculpt-bone-beige-light-medium.jpeg","type":"image\/jpeg"}],"twitter_card":"summary_large_image","twitter_misc":{"Estimated reading time":"1 minute"},"schema":{"@context":"https:\/\/schema.org","@graph":[{"@type":"WebPage","@id":"https:\/\/www.farmacie-online.eu\/product\/mac-studio-fix-contouring-palette-light-medium\/","url":"https:\/\/www.farmacie-online.eu\/product\/mac-studio-fix-contouring-palette-light-medium\/","name":"MAC Studio Fix Contouring Palette - Light \/ Medium - Farmacie online!","isPartOf":{"@id":"https:\/\/www.farmacie-online.eu\/#website"},"primaryImageOfPage":{"@id":"https:\/\/www.farmacie-online.eu\/product\/mac-studio-fix-contouring-palette-light-medium\/#primaryimage"},"image":{"@id":"https:\/\/www.farmacie-online.eu\/product\/mac-studio-fix-contouring-palette-light-medium\/#primaryimage"},"thumbnailUrl":"https:\/\/www.farmacie-online.eu\/wp-content\/uploads\/2024\/04\/1-mac-emphasize-cream-accentuate-taupe-sculpt-bone-beige-light-medium.jpeg","datePublished":"2024-04-12T05:03:59+00:00","dateModified":"2026-03-25T06:04:17+00:00","breadcrumb":{"@id":"https:\/\/www.farmacie-online.eu\/product\/mac-studio-fix-contouring-palette-light-medium\/#breadcrumb"},"inLanguage":"en-GB","potentialAction":[{"@type":"ReadAction","target":["https:\/\/www.farmacie-online.eu\/product\/mac-studio-fix-contouring-palette-light-medium\/"]}]},{"@type":"ImageObject","inLanguage":"en-GB","@id":"https:\/\/www.farmacie-online.eu\/product\/mac-studio-fix-contouring-palette-light-medium\/#primaryimage","url":"https:\/\/www.farmacie-online.eu\/wp-content\/uploads\/2024\/04\/1-mac-emphasize-cream-accentuate-taupe-sculpt-bone-beige-light-medium.jpeg","contentUrl":"https:\/\/www.farmacie-online.eu\/wp-content\/uploads\/2024\/04\/1-mac-emphasize-cream-accentuate-taupe-sculpt-bone-beige-light-medium.jpeg","width":255,"height":198},{"@type":"BreadcrumbList","@id":"https:\/\/www.farmacie-online.eu\/product\/mac-studio-fix-contouring-palette-light-medium\/#breadcrumb","itemListElement":[{"@type":"ListItem","position":1,"name":"Prima pagin\u0103","item":"https:\/\/www.farmacie-online.eu\/"},{"@type":"ListItem","position":2,"name":"Produse","item":"https:\/\/www.farmacie-online.eu\/produse\/"},{"@type":"ListItem","position":3,"name":"MAC Studio Fix Contouring Palette &#8211; Light \/ Medium"}]},{"@type":"WebSite","@id":"https:\/\/www.farmacie-online.eu\/#website","url":"https:\/\/www.farmacie-online.eu\/","name":"Farmacie online!","description":"Comanzi online, prime\u0219ti rapid!","publisher":{"@id":"https:\/\/www.farmacie-online.eu\/#organization"},"potentialAction":[{"@type":"SearchAction","target":{"@type":"EntryPoint","urlTemplate":"https:\/\/www.farmacie-online.eu\/?s={search_term_string}"},"query-input":{"@type":"PropertyValueSpecification","valueRequired":true,"valueName":"search_term_string"}}],"inLanguage":"en-GB"},{"@type":"Organization","@id":"https:\/\/www.farmacie-online.eu\/#organization","name":"Farmacie online!","url":"https:\/\/www.farmacie-online.eu\/","logo":{"@type":"ImageObject","inLanguage":"en-GB","@id":"https:\/\/www.farmacie-online.eu\/#\/schema\/logo\/image\/","url":"https:\/\/www.farmacie-online.eu\/wp-content\/uploads\/2023\/08\/cropped-favicon.webp","contentUrl":"https:\/\/www.farmacie-online.eu\/wp-content\/uploads\/2023\/08\/cropped-favicon.webp","width":500,"height":211,"caption":"Farmacie online!"},"image":{"@id":"https:\/\/www.farmacie-online.eu\/#\/schema\/logo\/image\/"}}]}},"jetpack_sharing_enabled":true,"_links":{"self":[{"href":"https:\/\/www.farmacie-online.eu\/en_gb\/wp-json\/wp\/v2\/product\/8801","targetHints":{"allow":["GET"]}}],"collection":[{"href":"https:\/\/www.farmacie-online.eu\/en_gb\/wp-json\/wp\/v2\/product"}],"about":[{"href":"https:\/\/www.farmacie-online.eu\/en_gb\/wp-json\/wp\/v2\/types\/product"}],"replies":[{"embeddable":true,"href":"https:\/\/www.farmacie-online.eu\/en_gb\/wp-json\/wp\/v2\/comments?post=8801"}],"wp:featuredmedia":[{"embeddable":true,"href":"https:\/\/www.farmacie-online.eu\/en_gb\/wp-json\/wp\/v2\/media\/8802"}],"wp:attachment":[{"href":"https:\/\/www.farmacie-online.eu\/en_gb\/wp-json\/wp\/v2\/media?parent=8801"}],"wp:term":[{"taxonomy":"product_brand","embeddable":true,"href":"https:\/\/www.farmacie-online.eu\/en_gb\/wp-json\/wp\/v2\/product_brand?post=8801"},{"taxonomy":"product_cat","embeddable":true,"href":"https:\/\/www.farmacie-online.eu\/en_gb\/wp-json\/wp\/v2\/product_cat?post=8801"},{"taxonomy":"product_tag","embeddable":true,"href":"https:\/\/www.farmacie-online.eu\/en_gb\/wp-json\/wp\/v2\/product_tag?post=8801"}],"curies":[{"name":"wp","href":"https:\/\/api.w.org\/{rel}","templated":true}]}}