{"id":8798,"date":"2024-04-11T12:48:57","date_gmt":"2024-04-11T10:48:57","guid":{"rendered":"https:\/\/www.farmacie-online.eu\/?post_type=product&#038;p=8798"},"modified":"2024-08-02T00:01:44","modified_gmt":"2024-08-01T22:01:44","slug":"bobbi-brown-luxe-eye-cheek-palette","status":"publish","type":"product","link":"https:\/\/www.farmacie-online.eu\/en_gb\/product\/bobbi-brown-luxe-eye-cheek-palette\/","title":{"rendered":"BOBBI BROWN  Luxe Eye &#038; Cheek Palette"},"content":{"rendered":"<p>O colec\u021bie \u00een edi\u021bie limitat\u0103 de nuan\u021be selectate de arti\u0219ti care lumineaz\u0103 ochii cu finisaje metalice bogate, mate \u0219i str\u0103lucitoare pentru o culoare multidimensional\u0103 \u0219i lumineaz\u0103 obrajii toat\u0103 ziua cu o str\u0103lucire luminoas\u0103 \u0219i luxoas\u0103. Dou\u0103 palete ofer\u0103 nuan\u021be de fard de pleoape Luxe gata de s\u0103rb\u0103tori, \u00een auriu roz str\u0103lucitor, corali vii, cupru str\u0103lucitor \u0219i metale topite &#8211; plus Pudr\u0103 de iluminare pentru a ilumina pleoapele \u0219i obrajii cu o str\u0103lucire \u00eenc\u00e2nt\u0103toare &#8211; toate \u00eembr\u0103cate \u00eentr-un design de s\u0103rb\u0103tori \u00een edi\u021bie limitat\u0103.<\/p>\n","protected":false},"excerpt":{"rendered":"<p>Preg\u0103te\u0219te-te pentru sezonul petrecerilor cu paleta Luxe a lui Bobbi Brown \u2013 o colec\u021bie de farduri de pleoape create de artist care lumineaz\u0103 ochii, plus un iluminator orbitor pentru o str\u0103lucire luxoas\u0103. A\u0219tepta\u021bi-v\u0103 la aur roz str\u0103lucitor, corali vii, cupru str\u0103lucitor \u0219i metale topite \u00een finisaje str\u0103lucitoare \u0219i mate pentru o culoare multidimensional\u0103, prezentate \u00eentr-o edi\u021bie limitat\u0103 de design de s\u0103rb\u0103tori pentru a v\u0103 aduce \u00een spiritul sezonului.<\/p>\n","protected":false},"featured_media":8800,"comment_status":"closed","ping_status":"closed","template":"","meta":{"inline_featured_image":false},"product_brand":[],"product_cat":[36,83],"product_tag":[],"class_list":{"0":"post-8798","1":"product","2":"type-product","3":"status-publish","4":"has-post-thumbnail","6":"product_cat-dermato-cosmetice","7":"product_cat-uncategorized","9":"first","10":"instock","11":"shipping-taxable","12":"purchasable","13":"product-type-simple"},"yoast_head":"<!-- This site is optimized with the Yoast SEO plugin v27.4 - https:\/\/yoast.com\/product\/yoast-seo-wordpress\/ -->\n<title>BOBBI BROWN Luxe Eye &amp; Cheek Palette - Farmacie online!<\/title>\n<meta name=\"robots\" content=\"index, follow, max-snippet:-1, max-image-preview:large, max-video-preview:-1\" \/>\n<link rel=\"canonical\" href=\"https:\/\/www.farmacie-online.eu\/en_gb\/product\/bobbi-brown-luxe-eye-cheek-palette\/\" \/>\n<meta property=\"og:locale\" content=\"en_GB\" \/>\n<meta property=\"og:type\" content=\"article\" \/>\n<meta property=\"og:title\" content=\"BOBBI BROWN Luxe Eye &amp; Cheek Palette - Farmacie online!\" \/>\n<meta property=\"og:description\" content=\"Preg\u0103te\u0219te-te pentru sezonul petrecerilor cu paleta Luxe a lui Bobbi Brown \u2013 o colec\u021bie de farduri de pleoape create de artist care lumineaz\u0103 ochii, plus un iluminator orbitor pentru o str\u0103lucire luxoas\u0103. A\u0219tepta\u021bi-v\u0103 la aur roz str\u0103lucitor, corali vii, cupru str\u0103lucitor \u0219i metale topite \u00een finisaje str\u0103lucitoare \u0219i mate pentru o culoare multidimensional\u0103, prezentate \u00eentr-o edi\u021bie limitat\u0103 de design de s\u0103rb\u0103tori pentru a v\u0103 aduce \u00een spiritul sezonului.\" \/>\n<meta property=\"og:url\" content=\"https:\/\/www.farmacie-online.eu\/en_gb\/product\/bobbi-brown-luxe-eye-cheek-palette\/\" \/>\n<meta property=\"og:site_name\" content=\"Farmacie online!\" \/>\n<meta property=\"article:modified_time\" content=\"2024-08-01T22:01:44+00:00\" \/>\n<meta property=\"og:image\" content=\"https:\/\/www.farmacie-online.eu\/wp-content\/uploads\/2024\/04\/2Bobbi-Brown-luxe-eye-and-cheek-palette-incandescent-glow.jpg\" \/>\n\t<meta property=\"og:image:width\" content=\"2048\" \/>\n\t<meta property=\"og:image:height\" content=\"2328\" \/>\n\t<meta property=\"og:image:type\" content=\"image\/jpeg\" \/>\n<meta name=\"twitter:card\" content=\"summary_large_image\" \/>\n<meta name=\"twitter:label1\" content=\"Estimated reading time\" \/>\n\t<meta name=\"twitter:data1\" content=\"1 minute\" \/>\n<script type=\"application\/ld+json\" class=\"yoast-schema-graph\">{\"@context\":\"https:\\\/\\\/schema.org\",\"@graph\":[{\"@type\":\"WebPage\",\"@id\":\"https:\\\/\\\/www.farmacie-online.eu\\\/product\\\/bobbi-brown-luxe-eye-cheek-palette\\\/\",\"url\":\"https:\\\/\\\/www.farmacie-online.eu\\\/product\\\/bobbi-brown-luxe-eye-cheek-palette\\\/\",\"name\":\"BOBBI BROWN Luxe Eye & Cheek Palette - Farmacie online!\",\"isPartOf\":{\"@id\":\"https:\\\/\\\/www.farmacie-online.eu\\\/#website\"},\"primaryImageOfPage\":{\"@id\":\"https:\\\/\\\/www.farmacie-online.eu\\\/product\\\/bobbi-brown-luxe-eye-cheek-palette\\\/#primaryimage\"},\"image\":{\"@id\":\"https:\\\/\\\/www.farmacie-online.eu\\\/product\\\/bobbi-brown-luxe-eye-cheek-palette\\\/#primaryimage\"},\"thumbnailUrl\":\"https:\\\/\\\/www.farmacie-online.eu\\\/wp-content\\\/uploads\\\/2024\\\/04\\\/2Bobbi-Brown-luxe-eye-and-cheek-palette-incandescent-glow.jpg\",\"datePublished\":\"2024-04-11T10:48:57+00:00\",\"dateModified\":\"2024-08-01T22:01:44+00:00\",\"breadcrumb\":{\"@id\":\"https:\\\/\\\/www.farmacie-online.eu\\\/product\\\/bobbi-brown-luxe-eye-cheek-palette\\\/#breadcrumb\"},\"inLanguage\":\"en-GB\",\"potentialAction\":[{\"@type\":\"ReadAction\",\"target\":[\"https:\\\/\\\/www.farmacie-online.eu\\\/product\\\/bobbi-brown-luxe-eye-cheek-palette\\\/\"]}]},{\"@type\":\"ImageObject\",\"inLanguage\":\"en-GB\",\"@id\":\"https:\\\/\\\/www.farmacie-online.eu\\\/product\\\/bobbi-brown-luxe-eye-cheek-palette\\\/#primaryimage\",\"url\":\"https:\\\/\\\/www.farmacie-online.eu\\\/wp-content\\\/uploads\\\/2024\\\/04\\\/2Bobbi-Brown-luxe-eye-and-cheek-palette-incandescent-glow.jpg\",\"contentUrl\":\"https:\\\/\\\/www.farmacie-online.eu\\\/wp-content\\\/uploads\\\/2024\\\/04\\\/2Bobbi-Brown-luxe-eye-and-cheek-palette-incandescent-glow.jpg\",\"width\":2048,\"height\":2328},{\"@type\":\"BreadcrumbList\",\"@id\":\"https:\\\/\\\/www.farmacie-online.eu\\\/product\\\/bobbi-brown-luxe-eye-cheek-palette\\\/#breadcrumb\",\"itemListElement\":[{\"@type\":\"ListItem\",\"position\":1,\"name\":\"Prima pagin\u0103\",\"item\":\"https:\\\/\\\/www.farmacie-online.eu\\\/\"},{\"@type\":\"ListItem\",\"position\":2,\"name\":\"Produse\",\"item\":\"https:\\\/\\\/www.farmacie-online.eu\\\/produse\\\/\"},{\"@type\":\"ListItem\",\"position\":3,\"name\":\"BOBBI BROWN Luxe Eye &#038; Cheek Palette\"}]},{\"@type\":\"WebSite\",\"@id\":\"https:\\\/\\\/www.farmacie-online.eu\\\/#website\",\"url\":\"https:\\\/\\\/www.farmacie-online.eu\\\/\",\"name\":\"Farmacie online!\",\"description\":\"Comanzi online, prime\u0219ti rapid!\",\"publisher\":{\"@id\":\"https:\\\/\\\/www.farmacie-online.eu\\\/#organization\"},\"potentialAction\":[{\"@type\":\"SearchAction\",\"target\":{\"@type\":\"EntryPoint\",\"urlTemplate\":\"https:\\\/\\\/www.farmacie-online.eu\\\/?s={search_term_string}\"},\"query-input\":{\"@type\":\"PropertyValueSpecification\",\"valueRequired\":true,\"valueName\":\"search_term_string\"}}],\"inLanguage\":\"en-GB\"},{\"@type\":\"Organization\",\"@id\":\"https:\\\/\\\/www.farmacie-online.eu\\\/#organization\",\"name\":\"Farmacie online!\",\"url\":\"https:\\\/\\\/www.farmacie-online.eu\\\/\",\"logo\":{\"@type\":\"ImageObject\",\"inLanguage\":\"en-GB\",\"@id\":\"https:\\\/\\\/www.farmacie-online.eu\\\/#\\\/schema\\\/logo\\\/image\\\/\",\"url\":\"https:\\\/\\\/www.farmacie-online.eu\\\/wp-content\\\/uploads\\\/2023\\\/08\\\/cropped-favicon.webp\",\"contentUrl\":\"https:\\\/\\\/www.farmacie-online.eu\\\/wp-content\\\/uploads\\\/2023\\\/08\\\/cropped-favicon.webp\",\"width\":500,\"height\":211,\"caption\":\"Farmacie online!\"},\"image\":{\"@id\":\"https:\\\/\\\/www.farmacie-online.eu\\\/#\\\/schema\\\/logo\\\/image\\\/\"}}]}<\/script>\n<!-- \/ Yoast SEO plugin. -->","yoast_head_json":{"title":"BOBBI BROWN Luxe Eye & Cheek Palette - Farmacie online!","robots":{"index":"index","follow":"follow","max-snippet":"max-snippet:-1","max-image-preview":"max-image-preview:large","max-video-preview":"max-video-preview:-1"},"canonical":"https:\/\/www.farmacie-online.eu\/en_gb\/product\/bobbi-brown-luxe-eye-cheek-palette\/","og_locale":"en_GB","og_type":"article","og_title":"BOBBI BROWN Luxe Eye & Cheek Palette - Farmacie online!","og_description":"Preg\u0103te\u0219te-te pentru sezonul petrecerilor cu paleta Luxe a lui Bobbi Brown \u2013 o colec\u021bie de farduri de pleoape create de artist care lumineaz\u0103 ochii, plus un iluminator orbitor pentru o str\u0103lucire luxoas\u0103. A\u0219tepta\u021bi-v\u0103 la aur roz str\u0103lucitor, corali vii, cupru str\u0103lucitor \u0219i metale topite \u00een finisaje str\u0103lucitoare \u0219i mate pentru o culoare multidimensional\u0103, prezentate \u00eentr-o edi\u021bie limitat\u0103 de design de s\u0103rb\u0103tori pentru a v\u0103 aduce \u00een spiritul sezonului.","og_url":"https:\/\/www.farmacie-online.eu\/en_gb\/product\/bobbi-brown-luxe-eye-cheek-palette\/","og_site_name":"Farmacie online!","article_modified_time":"2024-08-01T22:01:44+00:00","og_image":[{"width":2048,"height":2328,"url":"https:\/\/www.farmacie-online.eu\/wp-content\/uploads\/2024\/04\/2Bobbi-Brown-luxe-eye-and-cheek-palette-incandescent-glow.jpg","type":"image\/jpeg"}],"twitter_card":"summary_large_image","twitter_misc":{"Estimated reading time":"1 minute"},"schema":{"@context":"https:\/\/schema.org","@graph":[{"@type":"WebPage","@id":"https:\/\/www.farmacie-online.eu\/product\/bobbi-brown-luxe-eye-cheek-palette\/","url":"https:\/\/www.farmacie-online.eu\/product\/bobbi-brown-luxe-eye-cheek-palette\/","name":"BOBBI BROWN Luxe Eye & Cheek Palette - Farmacie online!","isPartOf":{"@id":"https:\/\/www.farmacie-online.eu\/#website"},"primaryImageOfPage":{"@id":"https:\/\/www.farmacie-online.eu\/product\/bobbi-brown-luxe-eye-cheek-palette\/#primaryimage"},"image":{"@id":"https:\/\/www.farmacie-online.eu\/product\/bobbi-brown-luxe-eye-cheek-palette\/#primaryimage"},"thumbnailUrl":"https:\/\/www.farmacie-online.eu\/wp-content\/uploads\/2024\/04\/2Bobbi-Brown-luxe-eye-and-cheek-palette-incandescent-glow.jpg","datePublished":"2024-04-11T10:48:57+00:00","dateModified":"2024-08-01T22:01:44+00:00","breadcrumb":{"@id":"https:\/\/www.farmacie-online.eu\/product\/bobbi-brown-luxe-eye-cheek-palette\/#breadcrumb"},"inLanguage":"en-GB","potentialAction":[{"@type":"ReadAction","target":["https:\/\/www.farmacie-online.eu\/product\/bobbi-brown-luxe-eye-cheek-palette\/"]}]},{"@type":"ImageObject","inLanguage":"en-GB","@id":"https:\/\/www.farmacie-online.eu\/product\/bobbi-brown-luxe-eye-cheek-palette\/#primaryimage","url":"https:\/\/www.farmacie-online.eu\/wp-content\/uploads\/2024\/04\/2Bobbi-Brown-luxe-eye-and-cheek-palette-incandescent-glow.jpg","contentUrl":"https:\/\/www.farmacie-online.eu\/wp-content\/uploads\/2024\/04\/2Bobbi-Brown-luxe-eye-and-cheek-palette-incandescent-glow.jpg","width":2048,"height":2328},{"@type":"BreadcrumbList","@id":"https:\/\/www.farmacie-online.eu\/product\/bobbi-brown-luxe-eye-cheek-palette\/#breadcrumb","itemListElement":[{"@type":"ListItem","position":1,"name":"Prima pagin\u0103","item":"https:\/\/www.farmacie-online.eu\/"},{"@type":"ListItem","position":2,"name":"Produse","item":"https:\/\/www.farmacie-online.eu\/produse\/"},{"@type":"ListItem","position":3,"name":"BOBBI BROWN Luxe Eye &#038; Cheek Palette"}]},{"@type":"WebSite","@id":"https:\/\/www.farmacie-online.eu\/#website","url":"https:\/\/www.farmacie-online.eu\/","name":"Farmacie online!","description":"Comanzi online, prime\u0219ti rapid!","publisher":{"@id":"https:\/\/www.farmacie-online.eu\/#organization"},"potentialAction":[{"@type":"SearchAction","target":{"@type":"EntryPoint","urlTemplate":"https:\/\/www.farmacie-online.eu\/?s={search_term_string}"},"query-input":{"@type":"PropertyValueSpecification","valueRequired":true,"valueName":"search_term_string"}}],"inLanguage":"en-GB"},{"@type":"Organization","@id":"https:\/\/www.farmacie-online.eu\/#organization","name":"Farmacie online!","url":"https:\/\/www.farmacie-online.eu\/","logo":{"@type":"ImageObject","inLanguage":"en-GB","@id":"https:\/\/www.farmacie-online.eu\/#\/schema\/logo\/image\/","url":"https:\/\/www.farmacie-online.eu\/wp-content\/uploads\/2023\/08\/cropped-favicon.webp","contentUrl":"https:\/\/www.farmacie-online.eu\/wp-content\/uploads\/2023\/08\/cropped-favicon.webp","width":500,"height":211,"caption":"Farmacie online!"},"image":{"@id":"https:\/\/www.farmacie-online.eu\/#\/schema\/logo\/image\/"}}]}},"jetpack_sharing_enabled":true,"_links":{"self":[{"href":"https:\/\/www.farmacie-online.eu\/en_gb\/wp-json\/wp\/v2\/product\/8798","targetHints":{"allow":["GET"]}}],"collection":[{"href":"https:\/\/www.farmacie-online.eu\/en_gb\/wp-json\/wp\/v2\/product"}],"about":[{"href":"https:\/\/www.farmacie-online.eu\/en_gb\/wp-json\/wp\/v2\/types\/product"}],"replies":[{"embeddable":true,"href":"https:\/\/www.farmacie-online.eu\/en_gb\/wp-json\/wp\/v2\/comments?post=8798"}],"wp:featuredmedia":[{"embeddable":true,"href":"https:\/\/www.farmacie-online.eu\/en_gb\/wp-json\/wp\/v2\/media\/8800"}],"wp:attachment":[{"href":"https:\/\/www.farmacie-online.eu\/en_gb\/wp-json\/wp\/v2\/media?parent=8798"}],"wp:term":[{"taxonomy":"product_brand","embeddable":true,"href":"https:\/\/www.farmacie-online.eu\/en_gb\/wp-json\/wp\/v2\/product_brand?post=8798"},{"taxonomy":"product_cat","embeddable":true,"href":"https:\/\/www.farmacie-online.eu\/en_gb\/wp-json\/wp\/v2\/product_cat?post=8798"},{"taxonomy":"product_tag","embeddable":true,"href":"https:\/\/www.farmacie-online.eu\/en_gb\/wp-json\/wp\/v2\/product_tag?post=8798"}],"curies":[{"name":"wp","href":"https:\/\/api.w.org\/{rel}","templated":true}]}}