{"id":8793,"date":"2024-04-11T12:31:13","date_gmt":"2024-04-11T10:31:13","guid":{"rendered":"https:\/\/www.farmacie-online.eu\/?post_type=product&#038;p=8793"},"modified":"2026-03-31T06:48:59","modified_gmt":"2026-03-31T04:48:59","slug":"glamglow-gravitymud-firming-treatment-masca","status":"publish","type":"product","link":"https:\/\/www.farmacie-online.eu\/en_gb\/product\/glamglow-gravitymud-firming-treatment-masca\/","title":{"rendered":"Glamglow Gravitymud Firming Treatment Masca"},"content":{"rendered":"<div class=\"sc-b1ieoh-3 iCJBwW\">\n<div class=\"sc-aohf13-8 jCoylc\">\n<div class=\"sc-aohf13-9 ijTVaG\"><span class=\"sc-aohf13-12 ceHoqL\">Glamglow GravityMud Marilyn Monroe<\/span><\/div>\n<\/div>\n<\/div>\n<div id=\"description-tab\" tabindex=\"0\" role=\"tabpanel\" aria-hidden=\"false\">\n<div class=\"sc-b1ieoh-1 hOxXvK\">\n<section id=\"pdDescription\" class=\"sc-aohf13-13 sc-1eu1dd2-0 emApjc iXnJIz\">\n<div id=\"pd-description-wrapper\" class=\"sc-aohf13-14 sc-1eu1dd2-1 cDOhlm fXhpiT\" data-testid=\"pd-description-wrapper\">\n<div class=\"sc-1uodfit-0 dQOesq\">\n<div id=\"pd-description-text\" class=\"sc-1eu1dd2-3 iNzXLP\" data-testid=\"pd-description-text\">\n<p>Sim\u021bi\u021bi c\u0103 tenul dvs. nu este \u00een cea mai bun\u0103 form\u0103 \u0219i c\u0103 are nevoie de o \u00eengrijire suplimentar\u0103 fa\u021b\u0103 de cea oferit\u0103 de crema facial\u0103? Masca facial\u0103 Glamglow GravityMud Marilyn Monroe v\u0103 va \u00eembog\u0103\u021bi perfect rutina de \u00eengrijire \u2013 va r\u0103sf\u0103\u021ba tenul \u0219i \u00eei va oferi o \u00eengrijire intensiv\u0103, care \u00eei va \u00eembun\u0103t\u0103\u021bi imediat aspectul.<\/p>\n<p><strong>Caracteristici:<\/strong><\/p>\n<li>red\u0103 pielii elasticitatea \u0219i sentimentul de confort<\/li>\n<li>ilumineaz\u0103 \u0219i \u00eemprosp\u0103teaz\u0103<\/li>\n<\/ul>\n<p><strong>Cum se utilizeaz\u0103:<\/strong><br \/>\nMasca se aplic\u0103 \u00een strat sub\u021bire pe fa\u021ba curat\u0103, evit\u00e2nd zona ochilor. Se las\u0103 s\u0103 ac\u021bioneze pe perioada specificat\u0103 pe ambalaj.<\/p>\n<\/div>\n<\/div>\n<\/div>\n<\/section>\n<\/div>\n<\/div>\n","protected":false},"excerpt":{"rendered":"<h2>Gravitymud Firming Treatment, Masca pentru fermitate, 50 g\u00a0 \u00a0Glamglow<\/h2>\n<p>. Profita acum de pretul special de doar 239 lei pentru acesta!<\/p>\n<p>Comanda acum si produsul va ajunge la tine in\u00a01-4 zile lucratoare.<\/p>\n<p>Masca Glamglow Gravitymud Firming Treatment ofer\u0103 un efect de lifting instant \u0219i ajut\u0103 la tonifierea pielii, l\u0103s\u00e2nd tenul mai ferm, neted \u0219i luminos dup\u0103 fiecare utilizare.<\/p>\n","protected":false},"featured_media":8794,"comment_status":"closed","ping_status":"closed","template":"","meta":{"inline_featured_image":false},"product_brand":[],"product_cat":[36],"product_tag":[],"class_list":{"0":"post-8793","1":"product","2":"type-product","3":"status-publish","4":"has-post-thumbnail","6":"product_cat-dermato-cosmetice","8":"first","9":"instock","10":"sale","11":"shipping-taxable","12":"purchasable","13":"product-type-simple"},"yoast_head":"<!-- This site is optimized with the Yoast SEO plugin v27.4 - https:\/\/yoast.com\/product\/yoast-seo-wordpress\/ -->\n<title>Glamglow Gravitymud Firming Treatment Masca - Farmacie online!<\/title>\n<meta name=\"description\" content=\"Masca Glamglow Gravitymud Firming Treatment ofer\u0103 un efect de lifting instant \u0219i ajut\u0103 la tonifierea pielii, l\u0103s\u00e2nd tenul mai ferm, neted \u0219i luminos dup\u0103 fiecare utilizare. Farmacie online!\" \/>\n<meta name=\"robots\" content=\"index, follow, max-snippet:-1, max-image-preview:large, max-video-preview:-1\" \/>\n<link rel=\"canonical\" href=\"https:\/\/www.farmacie-online.eu\/en_gb\/product\/glamglow-gravitymud-firming-treatment-masca\/\" \/>\n<meta property=\"og:locale\" content=\"en_GB\" \/>\n<meta property=\"og:type\" content=\"article\" \/>\n<meta property=\"og:title\" content=\"Glamglow Gravitymud Firming Treatment Masca - Farmacie online!\" \/>\n<meta property=\"og:description\" content=\"Masca Glamglow Gravitymud Firming Treatment ofer\u0103 un efect de lifting instant \u0219i ajut\u0103 la tonifierea pielii, l\u0103s\u00e2nd tenul mai ferm, neted \u0219i luminos dup\u0103 fiecare utilizare. Farmacie online!\" \/>\n<meta property=\"og:url\" content=\"https:\/\/www.farmacie-online.eu\/en_gb\/product\/glamglow-gravitymud-firming-treatment-masca\/\" \/>\n<meta property=\"og:site_name\" content=\"Farmacie online!\" \/>\n<meta property=\"article:modified_time\" content=\"2026-03-31T04:48:59+00:00\" \/>\n<meta property=\"og:image\" content=\"https:\/\/www.farmacie-online.eu\/wp-content\/uploads\/2024\/04\/Glamglow-Gravitymud-Firming-Treatment-Masca2.jpeg\" \/>\n\t<meta property=\"og:image:width\" content=\"600\" \/>\n\t<meta property=\"og:image:height\" content=\"514\" \/>\n\t<meta property=\"og:image:type\" content=\"image\/jpeg\" \/>\n<meta name=\"twitter:card\" content=\"summary_large_image\" \/>\n<meta name=\"twitter:label1\" content=\"Estimated reading time\" \/>\n\t<meta name=\"twitter:data1\" content=\"1 minute\" \/>\n<script type=\"application\/ld+json\" class=\"yoast-schema-graph\">{\"@context\":\"https:\\\/\\\/schema.org\",\"@graph\":[{\"@type\":\"WebPage\",\"@id\":\"https:\\\/\\\/www.farmacie-online.eu\\\/product\\\/glamglow-gravitymud-firming-treatment-masca\\\/\",\"url\":\"https:\\\/\\\/www.farmacie-online.eu\\\/product\\\/glamglow-gravitymud-firming-treatment-masca\\\/\",\"name\":\"Glamglow Gravitymud Firming Treatment Masca - Farmacie online!\",\"isPartOf\":{\"@id\":\"https:\\\/\\\/www.farmacie-online.eu\\\/#website\"},\"primaryImageOfPage\":{\"@id\":\"https:\\\/\\\/www.farmacie-online.eu\\\/product\\\/glamglow-gravitymud-firming-treatment-masca\\\/#primaryimage\"},\"image\":{\"@id\":\"https:\\\/\\\/www.farmacie-online.eu\\\/product\\\/glamglow-gravitymud-firming-treatment-masca\\\/#primaryimage\"},\"thumbnailUrl\":\"https:\\\/\\\/www.farmacie-online.eu\\\/wp-content\\\/uploads\\\/2024\\\/04\\\/Glamglow-Gravitymud-Firming-Treatment-Masca2.jpeg\",\"datePublished\":\"2024-04-11T10:31:13+00:00\",\"dateModified\":\"2026-03-31T04:48:59+00:00\",\"description\":\"Masca Glamglow Gravitymud Firming Treatment ofer\u0103 un efect de lifting instant \u0219i ajut\u0103 la tonifierea pielii, l\u0103s\u00e2nd tenul mai ferm, neted \u0219i luminos dup\u0103 fiecare utilizare. Farmacie online!\",\"breadcrumb\":{\"@id\":\"https:\\\/\\\/www.farmacie-online.eu\\\/product\\\/glamglow-gravitymud-firming-treatment-masca\\\/#breadcrumb\"},\"inLanguage\":\"en-GB\",\"potentialAction\":[{\"@type\":\"ReadAction\",\"target\":[\"https:\\\/\\\/www.farmacie-online.eu\\\/product\\\/glamglow-gravitymud-firming-treatment-masca\\\/\"]}]},{\"@type\":\"ImageObject\",\"inLanguage\":\"en-GB\",\"@id\":\"https:\\\/\\\/www.farmacie-online.eu\\\/product\\\/glamglow-gravitymud-firming-treatment-masca\\\/#primaryimage\",\"url\":\"https:\\\/\\\/www.farmacie-online.eu\\\/wp-content\\\/uploads\\\/2024\\\/04\\\/Glamglow-Gravitymud-Firming-Treatment-Masca2.jpeg\",\"contentUrl\":\"https:\\\/\\\/www.farmacie-online.eu\\\/wp-content\\\/uploads\\\/2024\\\/04\\\/Glamglow-Gravitymud-Firming-Treatment-Masca2.jpeg\",\"width\":600,\"height\":514},{\"@type\":\"BreadcrumbList\",\"@id\":\"https:\\\/\\\/www.farmacie-online.eu\\\/product\\\/glamglow-gravitymud-firming-treatment-masca\\\/#breadcrumb\",\"itemListElement\":[{\"@type\":\"ListItem\",\"position\":1,\"name\":\"Prima pagin\u0103\",\"item\":\"https:\\\/\\\/www.farmacie-online.eu\\\/\"},{\"@type\":\"ListItem\",\"position\":2,\"name\":\"Produse\",\"item\":\"https:\\\/\\\/www.farmacie-online.eu\\\/produse\\\/\"},{\"@type\":\"ListItem\",\"position\":3,\"name\":\"Glamglow Gravitymud Firming Treatment Masca\"}]},{\"@type\":\"WebSite\",\"@id\":\"https:\\\/\\\/www.farmacie-online.eu\\\/#website\",\"url\":\"https:\\\/\\\/www.farmacie-online.eu\\\/\",\"name\":\"Farmacie online!\",\"description\":\"Comanzi online, prime\u0219ti rapid!\",\"publisher\":{\"@id\":\"https:\\\/\\\/www.farmacie-online.eu\\\/#organization\"},\"potentialAction\":[{\"@type\":\"SearchAction\",\"target\":{\"@type\":\"EntryPoint\",\"urlTemplate\":\"https:\\\/\\\/www.farmacie-online.eu\\\/?s={search_term_string}\"},\"query-input\":{\"@type\":\"PropertyValueSpecification\",\"valueRequired\":true,\"valueName\":\"search_term_string\"}}],\"inLanguage\":\"en-GB\"},{\"@type\":\"Organization\",\"@id\":\"https:\\\/\\\/www.farmacie-online.eu\\\/#organization\",\"name\":\"Farmacie online!\",\"url\":\"https:\\\/\\\/www.farmacie-online.eu\\\/\",\"logo\":{\"@type\":\"ImageObject\",\"inLanguage\":\"en-GB\",\"@id\":\"https:\\\/\\\/www.farmacie-online.eu\\\/#\\\/schema\\\/logo\\\/image\\\/\",\"url\":\"https:\\\/\\\/www.farmacie-online.eu\\\/wp-content\\\/uploads\\\/2023\\\/08\\\/cropped-favicon.webp\",\"contentUrl\":\"https:\\\/\\\/www.farmacie-online.eu\\\/wp-content\\\/uploads\\\/2023\\\/08\\\/cropped-favicon.webp\",\"width\":500,\"height\":211,\"caption\":\"Farmacie online!\"},\"image\":{\"@id\":\"https:\\\/\\\/www.farmacie-online.eu\\\/#\\\/schema\\\/logo\\\/image\\\/\"}}]}<\/script>\n<!-- \/ Yoast SEO plugin. -->","yoast_head_json":{"title":"Glamglow Gravitymud Firming Treatment Masca - Farmacie online!","description":"Masca Glamglow Gravitymud Firming Treatment ofer\u0103 un efect de lifting instant \u0219i ajut\u0103 la tonifierea pielii, l\u0103s\u00e2nd tenul mai ferm, neted \u0219i luminos dup\u0103 fiecare utilizare. Farmacie online!","robots":{"index":"index","follow":"follow","max-snippet":"max-snippet:-1","max-image-preview":"max-image-preview:large","max-video-preview":"max-video-preview:-1"},"canonical":"https:\/\/www.farmacie-online.eu\/en_gb\/product\/glamglow-gravitymud-firming-treatment-masca\/","og_locale":"en_GB","og_type":"article","og_title":"Glamglow Gravitymud Firming Treatment Masca - Farmacie online!","og_description":"Masca Glamglow Gravitymud Firming Treatment ofer\u0103 un efect de lifting instant \u0219i ajut\u0103 la tonifierea pielii, l\u0103s\u00e2nd tenul mai ferm, neted \u0219i luminos dup\u0103 fiecare utilizare. Farmacie online!","og_url":"https:\/\/www.farmacie-online.eu\/en_gb\/product\/glamglow-gravitymud-firming-treatment-masca\/","og_site_name":"Farmacie online!","article_modified_time":"2026-03-31T04:48:59+00:00","og_image":[{"width":600,"height":514,"url":"https:\/\/www.farmacie-online.eu\/wp-content\/uploads\/2024\/04\/Glamglow-Gravitymud-Firming-Treatment-Masca2.jpeg","type":"image\/jpeg"}],"twitter_card":"summary_large_image","twitter_misc":{"Estimated reading time":"1 minute"},"schema":{"@context":"https:\/\/schema.org","@graph":[{"@type":"WebPage","@id":"https:\/\/www.farmacie-online.eu\/product\/glamglow-gravitymud-firming-treatment-masca\/","url":"https:\/\/www.farmacie-online.eu\/product\/glamglow-gravitymud-firming-treatment-masca\/","name":"Glamglow Gravitymud Firming Treatment Masca - Farmacie online!","isPartOf":{"@id":"https:\/\/www.farmacie-online.eu\/#website"},"primaryImageOfPage":{"@id":"https:\/\/www.farmacie-online.eu\/product\/glamglow-gravitymud-firming-treatment-masca\/#primaryimage"},"image":{"@id":"https:\/\/www.farmacie-online.eu\/product\/glamglow-gravitymud-firming-treatment-masca\/#primaryimage"},"thumbnailUrl":"https:\/\/www.farmacie-online.eu\/wp-content\/uploads\/2024\/04\/Glamglow-Gravitymud-Firming-Treatment-Masca2.jpeg","datePublished":"2024-04-11T10:31:13+00:00","dateModified":"2026-03-31T04:48:59+00:00","description":"Masca Glamglow Gravitymud Firming Treatment ofer\u0103 un efect de lifting instant \u0219i ajut\u0103 la tonifierea pielii, l\u0103s\u00e2nd tenul mai ferm, neted \u0219i luminos dup\u0103 fiecare utilizare. Farmacie online!","breadcrumb":{"@id":"https:\/\/www.farmacie-online.eu\/product\/glamglow-gravitymud-firming-treatment-masca\/#breadcrumb"},"inLanguage":"en-GB","potentialAction":[{"@type":"ReadAction","target":["https:\/\/www.farmacie-online.eu\/product\/glamglow-gravitymud-firming-treatment-masca\/"]}]},{"@type":"ImageObject","inLanguage":"en-GB","@id":"https:\/\/www.farmacie-online.eu\/product\/glamglow-gravitymud-firming-treatment-masca\/#primaryimage","url":"https:\/\/www.farmacie-online.eu\/wp-content\/uploads\/2024\/04\/Glamglow-Gravitymud-Firming-Treatment-Masca2.jpeg","contentUrl":"https:\/\/www.farmacie-online.eu\/wp-content\/uploads\/2024\/04\/Glamglow-Gravitymud-Firming-Treatment-Masca2.jpeg","width":600,"height":514},{"@type":"BreadcrumbList","@id":"https:\/\/www.farmacie-online.eu\/product\/glamglow-gravitymud-firming-treatment-masca\/#breadcrumb","itemListElement":[{"@type":"ListItem","position":1,"name":"Prima pagin\u0103","item":"https:\/\/www.farmacie-online.eu\/"},{"@type":"ListItem","position":2,"name":"Produse","item":"https:\/\/www.farmacie-online.eu\/produse\/"},{"@type":"ListItem","position":3,"name":"Glamglow Gravitymud Firming Treatment Masca"}]},{"@type":"WebSite","@id":"https:\/\/www.farmacie-online.eu\/#website","url":"https:\/\/www.farmacie-online.eu\/","name":"Farmacie online!","description":"Comanzi online, prime\u0219ti rapid!","publisher":{"@id":"https:\/\/www.farmacie-online.eu\/#organization"},"potentialAction":[{"@type":"SearchAction","target":{"@type":"EntryPoint","urlTemplate":"https:\/\/www.farmacie-online.eu\/?s={search_term_string}"},"query-input":{"@type":"PropertyValueSpecification","valueRequired":true,"valueName":"search_term_string"}}],"inLanguage":"en-GB"},{"@type":"Organization","@id":"https:\/\/www.farmacie-online.eu\/#organization","name":"Farmacie online!","url":"https:\/\/www.farmacie-online.eu\/","logo":{"@type":"ImageObject","inLanguage":"en-GB","@id":"https:\/\/www.farmacie-online.eu\/#\/schema\/logo\/image\/","url":"https:\/\/www.farmacie-online.eu\/wp-content\/uploads\/2023\/08\/cropped-favicon.webp","contentUrl":"https:\/\/www.farmacie-online.eu\/wp-content\/uploads\/2023\/08\/cropped-favicon.webp","width":500,"height":211,"caption":"Farmacie online!"},"image":{"@id":"https:\/\/www.farmacie-online.eu\/#\/schema\/logo\/image\/"}}]}},"jetpack_sharing_enabled":true,"_links":{"self":[{"href":"https:\/\/www.farmacie-online.eu\/en_gb\/wp-json\/wp\/v2\/product\/8793","targetHints":{"allow":["GET"]}}],"collection":[{"href":"https:\/\/www.farmacie-online.eu\/en_gb\/wp-json\/wp\/v2\/product"}],"about":[{"href":"https:\/\/www.farmacie-online.eu\/en_gb\/wp-json\/wp\/v2\/types\/product"}],"replies":[{"embeddable":true,"href":"https:\/\/www.farmacie-online.eu\/en_gb\/wp-json\/wp\/v2\/comments?post=8793"}],"wp:featuredmedia":[{"embeddable":true,"href":"https:\/\/www.farmacie-online.eu\/en_gb\/wp-json\/wp\/v2\/media\/8794"}],"wp:attachment":[{"href":"https:\/\/www.farmacie-online.eu\/en_gb\/wp-json\/wp\/v2\/media?parent=8793"}],"wp:term":[{"taxonomy":"product_brand","embeddable":true,"href":"https:\/\/www.farmacie-online.eu\/en_gb\/wp-json\/wp\/v2\/product_brand?post=8793"},{"taxonomy":"product_cat","embeddable":true,"href":"https:\/\/www.farmacie-online.eu\/en_gb\/wp-json\/wp\/v2\/product_cat?post=8793"},{"taxonomy":"product_tag","embeddable":true,"href":"https:\/\/www.farmacie-online.eu\/en_gb\/wp-json\/wp\/v2\/product_tag?post=8793"}],"curies":[{"name":"wp","href":"https:\/\/api.w.org\/{rel}","templated":true}]}}