{"id":8787,"date":"2024-04-11T12:14:42","date_gmt":"2024-04-11T10:14:42","guid":{"rendered":"https:\/\/www.farmacie-online.eu\/?post_type=product&#038;p=8787"},"modified":"2026-03-31T07:01:28","modified_gmt":"2026-03-31T05:01:28","slug":"too-faced-born-this-way-sunset-stripped","status":"publish","type":"product","link":"https:\/\/www.farmacie-online.eu\/en_gb\/product\/too-faced-born-this-way-sunset-stripped\/","title":{"rendered":"Too Faced Born this Way Sunset stripped"},"content":{"rendered":"<p>Inspir\u00e2ndu-se din apusul de soare din California, paleta de farduri de pleoape Too Faced Born This Way Sunset Stripped prezint\u0103 o gam\u0103 larg\u0103 de nuan\u021be \u00eembinate de soare \u00een mat unt, str\u0103lucire sidefat\u0103 \u0219i finisaje metalice multidimensionale.<\/p>\n<p>Fiecare fard de pleoape se m\u00e2ndre\u0219te cu o formul\u0103 foarte pigmentat\u0103, oferind o preluare instantanee \u0219i o singur\u0103 glisare. Un amestec iubitor de piele de ap\u0103 de nuc\u0103 de cocos, trandafir alpin \u0219i acid hialuronic infuzeaz\u0103 pudra, oferind umiditate pielii pentru a promova un finisaj neted, f\u0103r\u0103 sudur\u0103. G\u0103zduit\u0103 \u00eentr-o compact\u0103 inspirat\u0103 de LA, cu o oglind\u0103 \u00eencorporat\u0103, paleta cu 16 t\u0103vi este un must-have pentru un aspect cald \u0219i sufocant.<\/p>\n","protected":false},"excerpt":{"rendered":"<p style=\"font-weight: 400;\">Bucura-te de vara, zi sau noapte, cu aceste 16 farduri de pleaope care iti vor oferi un efect sun-kissed.<br \/>\nDirect dintr-un vis Californian, aceasta paleta nude ofera nuante bogate, metalice, cremoase si ultra-pigmentate pentru un look glamour si seducator.<\/p>\n<p>Too Faced Born This Way Sunset Stripped este o palet\u0103 de farduri \u00een tonuri nude \u0219i bronz, ideal\u0103 pentru look-uri de zi \u0219i sear\u0103, oferind culori intense \u0219i rezisten\u021b\u0103 \u00eendelungat\u0103.<\/p>\n","protected":false},"featured_media":8789,"comment_status":"closed","ping_status":"closed","template":"","meta":{"inline_featured_image":false},"product_brand":[],"product_cat":[36],"product_tag":[],"class_list":{"0":"post-8787","1":"product","2":"type-product","3":"status-publish","4":"has-post-thumbnail","6":"product_cat-dermato-cosmetice","8":"first","9":"instock","10":"sale","11":"shipping-taxable","12":"purchasable","13":"product-type-simple"},"yoast_head":"<!-- This site is optimized with the Yoast SEO plugin v27.4 - https:\/\/yoast.com\/product\/yoast-seo-wordpress\/ -->\n<title>Too Faced Born this Way Sunset stripped - Farmacie online!<\/title>\n<meta name=\"description\" content=\"Too Faced Born This Way Sunset Stripped este o palet\u0103 de farduri \u00een tonuri nude \u0219i bronz, ideal\u0103 pentru look-uri de zi \u0219i sear\u0103, oferind culori intense \u0219i rezisten\u021b\u0103 \u00eendelungat\u0103.\" \/>\n<meta name=\"robots\" content=\"index, follow, max-snippet:-1, max-image-preview:large, max-video-preview:-1\" \/>\n<link rel=\"canonical\" href=\"https:\/\/www.farmacie-online.eu\/en_gb\/product\/too-faced-born-this-way-sunset-stripped\/\" \/>\n<meta property=\"og:locale\" content=\"en_GB\" \/>\n<meta property=\"og:type\" content=\"article\" \/>\n<meta property=\"og:title\" content=\"Too Faced Born this Way Sunset stripped - Farmacie online!\" \/>\n<meta property=\"og:description\" content=\"Too Faced Born This Way Sunset Stripped este o palet\u0103 de farduri \u00een tonuri nude \u0219i bronz, ideal\u0103 pentru look-uri de zi \u0219i sear\u0103, oferind culori intense \u0219i rezisten\u021b\u0103 \u00eendelungat\u0103.\" \/>\n<meta property=\"og:url\" content=\"https:\/\/www.farmacie-online.eu\/en_gb\/product\/too-faced-born-this-way-sunset-stripped\/\" \/>\n<meta property=\"og:site_name\" content=\"Farmacie online!\" \/>\n<meta property=\"article:modified_time\" content=\"2026-03-31T05:01:28+00:00\" \/>\n<meta property=\"og:image\" content=\"https:\/\/www.farmacie-online.eu\/wp-content\/uploads\/2024\/04\/Too-Faced-Born-this-Way-Sunset-stripped.jpg\" \/>\n\t<meta property=\"og:image:width\" content=\"232\" \/>\n\t<meta property=\"og:image:height\" content=\"232\" \/>\n\t<meta property=\"og:image:type\" content=\"image\/jpeg\" \/>\n<meta name=\"twitter:card\" content=\"summary_large_image\" \/>\n<meta name=\"twitter:label1\" content=\"Estimated reading time\" \/>\n\t<meta name=\"twitter:data1\" content=\"1 minute\" \/>\n<script type=\"application\/ld+json\" class=\"yoast-schema-graph\">{\"@context\":\"https:\\\/\\\/schema.org\",\"@graph\":[{\"@type\":\"WebPage\",\"@id\":\"https:\\\/\\\/www.farmacie-online.eu\\\/product\\\/too-faced-born-this-way-sunset-stripped\\\/\",\"url\":\"https:\\\/\\\/www.farmacie-online.eu\\\/product\\\/too-faced-born-this-way-sunset-stripped\\\/\",\"name\":\"Too Faced Born this Way Sunset stripped - Farmacie online!\",\"isPartOf\":{\"@id\":\"https:\\\/\\\/www.farmacie-online.eu\\\/#website\"},\"primaryImageOfPage\":{\"@id\":\"https:\\\/\\\/www.farmacie-online.eu\\\/product\\\/too-faced-born-this-way-sunset-stripped\\\/#primaryimage\"},\"image\":{\"@id\":\"https:\\\/\\\/www.farmacie-online.eu\\\/product\\\/too-faced-born-this-way-sunset-stripped\\\/#primaryimage\"},\"thumbnailUrl\":\"https:\\\/\\\/www.farmacie-online.eu\\\/wp-content\\\/uploads\\\/2024\\\/04\\\/Too-Faced-Born-this-Way-Sunset-stripped.jpg\",\"datePublished\":\"2024-04-11T10:14:42+00:00\",\"dateModified\":\"2026-03-31T05:01:28+00:00\",\"description\":\"Too Faced Born This Way Sunset Stripped este o palet\u0103 de farduri \u00een tonuri nude \u0219i bronz, ideal\u0103 pentru look-uri de zi \u0219i sear\u0103, oferind culori intense \u0219i rezisten\u021b\u0103 \u00eendelungat\u0103.\",\"breadcrumb\":{\"@id\":\"https:\\\/\\\/www.farmacie-online.eu\\\/product\\\/too-faced-born-this-way-sunset-stripped\\\/#breadcrumb\"},\"inLanguage\":\"en-GB\",\"potentialAction\":[{\"@type\":\"ReadAction\",\"target\":[\"https:\\\/\\\/www.farmacie-online.eu\\\/product\\\/too-faced-born-this-way-sunset-stripped\\\/\"]}]},{\"@type\":\"ImageObject\",\"inLanguage\":\"en-GB\",\"@id\":\"https:\\\/\\\/www.farmacie-online.eu\\\/product\\\/too-faced-born-this-way-sunset-stripped\\\/#primaryimage\",\"url\":\"https:\\\/\\\/www.farmacie-online.eu\\\/wp-content\\\/uploads\\\/2024\\\/04\\\/Too-Faced-Born-this-Way-Sunset-stripped.jpg\",\"contentUrl\":\"https:\\\/\\\/www.farmacie-online.eu\\\/wp-content\\\/uploads\\\/2024\\\/04\\\/Too-Faced-Born-this-Way-Sunset-stripped.jpg\",\"width\":232,\"height\":232},{\"@type\":\"BreadcrumbList\",\"@id\":\"https:\\\/\\\/www.farmacie-online.eu\\\/product\\\/too-faced-born-this-way-sunset-stripped\\\/#breadcrumb\",\"itemListElement\":[{\"@type\":\"ListItem\",\"position\":1,\"name\":\"Prima pagin\u0103\",\"item\":\"https:\\\/\\\/www.farmacie-online.eu\\\/\"},{\"@type\":\"ListItem\",\"position\":2,\"name\":\"Produse\",\"item\":\"https:\\\/\\\/www.farmacie-online.eu\\\/produse\\\/\"},{\"@type\":\"ListItem\",\"position\":3,\"name\":\"Too Faced Born this Way Sunset stripped\"}]},{\"@type\":\"WebSite\",\"@id\":\"https:\\\/\\\/www.farmacie-online.eu\\\/#website\",\"url\":\"https:\\\/\\\/www.farmacie-online.eu\\\/\",\"name\":\"Farmacie online!\",\"description\":\"Comanzi online, prime\u0219ti rapid!\",\"publisher\":{\"@id\":\"https:\\\/\\\/www.farmacie-online.eu\\\/#organization\"},\"potentialAction\":[{\"@type\":\"SearchAction\",\"target\":{\"@type\":\"EntryPoint\",\"urlTemplate\":\"https:\\\/\\\/www.farmacie-online.eu\\\/?s={search_term_string}\"},\"query-input\":{\"@type\":\"PropertyValueSpecification\",\"valueRequired\":true,\"valueName\":\"search_term_string\"}}],\"inLanguage\":\"en-GB\"},{\"@type\":\"Organization\",\"@id\":\"https:\\\/\\\/www.farmacie-online.eu\\\/#organization\",\"name\":\"Farmacie online!\",\"url\":\"https:\\\/\\\/www.farmacie-online.eu\\\/\",\"logo\":{\"@type\":\"ImageObject\",\"inLanguage\":\"en-GB\",\"@id\":\"https:\\\/\\\/www.farmacie-online.eu\\\/#\\\/schema\\\/logo\\\/image\\\/\",\"url\":\"https:\\\/\\\/www.farmacie-online.eu\\\/wp-content\\\/uploads\\\/2023\\\/08\\\/cropped-favicon.webp\",\"contentUrl\":\"https:\\\/\\\/www.farmacie-online.eu\\\/wp-content\\\/uploads\\\/2023\\\/08\\\/cropped-favicon.webp\",\"width\":500,\"height\":211,\"caption\":\"Farmacie online!\"},\"image\":{\"@id\":\"https:\\\/\\\/www.farmacie-online.eu\\\/#\\\/schema\\\/logo\\\/image\\\/\"}}]}<\/script>\n<!-- \/ Yoast SEO plugin. -->","yoast_head_json":{"title":"Too Faced Born this Way Sunset stripped - Farmacie online!","description":"Too Faced Born This Way Sunset Stripped este o palet\u0103 de farduri \u00een tonuri nude \u0219i bronz, ideal\u0103 pentru look-uri de zi \u0219i sear\u0103, oferind culori intense \u0219i rezisten\u021b\u0103 \u00eendelungat\u0103.","robots":{"index":"index","follow":"follow","max-snippet":"max-snippet:-1","max-image-preview":"max-image-preview:large","max-video-preview":"max-video-preview:-1"},"canonical":"https:\/\/www.farmacie-online.eu\/en_gb\/product\/too-faced-born-this-way-sunset-stripped\/","og_locale":"en_GB","og_type":"article","og_title":"Too Faced Born this Way Sunset stripped - Farmacie online!","og_description":"Too Faced Born This Way Sunset Stripped este o palet\u0103 de farduri \u00een tonuri nude \u0219i bronz, ideal\u0103 pentru look-uri de zi \u0219i sear\u0103, oferind culori intense \u0219i rezisten\u021b\u0103 \u00eendelungat\u0103.","og_url":"https:\/\/www.farmacie-online.eu\/en_gb\/product\/too-faced-born-this-way-sunset-stripped\/","og_site_name":"Farmacie online!","article_modified_time":"2026-03-31T05:01:28+00:00","og_image":[{"width":232,"height":232,"url":"https:\/\/www.farmacie-online.eu\/wp-content\/uploads\/2024\/04\/Too-Faced-Born-this-Way-Sunset-stripped.jpg","type":"image\/jpeg"}],"twitter_card":"summary_large_image","twitter_misc":{"Estimated reading time":"1 minute"},"schema":{"@context":"https:\/\/schema.org","@graph":[{"@type":"WebPage","@id":"https:\/\/www.farmacie-online.eu\/product\/too-faced-born-this-way-sunset-stripped\/","url":"https:\/\/www.farmacie-online.eu\/product\/too-faced-born-this-way-sunset-stripped\/","name":"Too Faced Born this Way Sunset stripped - Farmacie online!","isPartOf":{"@id":"https:\/\/www.farmacie-online.eu\/#website"},"primaryImageOfPage":{"@id":"https:\/\/www.farmacie-online.eu\/product\/too-faced-born-this-way-sunset-stripped\/#primaryimage"},"image":{"@id":"https:\/\/www.farmacie-online.eu\/product\/too-faced-born-this-way-sunset-stripped\/#primaryimage"},"thumbnailUrl":"https:\/\/www.farmacie-online.eu\/wp-content\/uploads\/2024\/04\/Too-Faced-Born-this-Way-Sunset-stripped.jpg","datePublished":"2024-04-11T10:14:42+00:00","dateModified":"2026-03-31T05:01:28+00:00","description":"Too Faced Born This Way Sunset Stripped este o palet\u0103 de farduri \u00een tonuri nude \u0219i bronz, ideal\u0103 pentru look-uri de zi \u0219i sear\u0103, oferind culori intense \u0219i rezisten\u021b\u0103 \u00eendelungat\u0103.","breadcrumb":{"@id":"https:\/\/www.farmacie-online.eu\/product\/too-faced-born-this-way-sunset-stripped\/#breadcrumb"},"inLanguage":"en-GB","potentialAction":[{"@type":"ReadAction","target":["https:\/\/www.farmacie-online.eu\/product\/too-faced-born-this-way-sunset-stripped\/"]}]},{"@type":"ImageObject","inLanguage":"en-GB","@id":"https:\/\/www.farmacie-online.eu\/product\/too-faced-born-this-way-sunset-stripped\/#primaryimage","url":"https:\/\/www.farmacie-online.eu\/wp-content\/uploads\/2024\/04\/Too-Faced-Born-this-Way-Sunset-stripped.jpg","contentUrl":"https:\/\/www.farmacie-online.eu\/wp-content\/uploads\/2024\/04\/Too-Faced-Born-this-Way-Sunset-stripped.jpg","width":232,"height":232},{"@type":"BreadcrumbList","@id":"https:\/\/www.farmacie-online.eu\/product\/too-faced-born-this-way-sunset-stripped\/#breadcrumb","itemListElement":[{"@type":"ListItem","position":1,"name":"Prima pagin\u0103","item":"https:\/\/www.farmacie-online.eu\/"},{"@type":"ListItem","position":2,"name":"Produse","item":"https:\/\/www.farmacie-online.eu\/produse\/"},{"@type":"ListItem","position":3,"name":"Too Faced Born this Way Sunset stripped"}]},{"@type":"WebSite","@id":"https:\/\/www.farmacie-online.eu\/#website","url":"https:\/\/www.farmacie-online.eu\/","name":"Farmacie online!","description":"Comanzi online, prime\u0219ti rapid!","publisher":{"@id":"https:\/\/www.farmacie-online.eu\/#organization"},"potentialAction":[{"@type":"SearchAction","target":{"@type":"EntryPoint","urlTemplate":"https:\/\/www.farmacie-online.eu\/?s={search_term_string}"},"query-input":{"@type":"PropertyValueSpecification","valueRequired":true,"valueName":"search_term_string"}}],"inLanguage":"en-GB"},{"@type":"Organization","@id":"https:\/\/www.farmacie-online.eu\/#organization","name":"Farmacie online!","url":"https:\/\/www.farmacie-online.eu\/","logo":{"@type":"ImageObject","inLanguage":"en-GB","@id":"https:\/\/www.farmacie-online.eu\/#\/schema\/logo\/image\/","url":"https:\/\/www.farmacie-online.eu\/wp-content\/uploads\/2023\/08\/cropped-favicon.webp","contentUrl":"https:\/\/www.farmacie-online.eu\/wp-content\/uploads\/2023\/08\/cropped-favicon.webp","width":500,"height":211,"caption":"Farmacie online!"},"image":{"@id":"https:\/\/www.farmacie-online.eu\/#\/schema\/logo\/image\/"}}]}},"jetpack_sharing_enabled":true,"_links":{"self":[{"href":"https:\/\/www.farmacie-online.eu\/en_gb\/wp-json\/wp\/v2\/product\/8787","targetHints":{"allow":["GET"]}}],"collection":[{"href":"https:\/\/www.farmacie-online.eu\/en_gb\/wp-json\/wp\/v2\/product"}],"about":[{"href":"https:\/\/www.farmacie-online.eu\/en_gb\/wp-json\/wp\/v2\/types\/product"}],"replies":[{"embeddable":true,"href":"https:\/\/www.farmacie-online.eu\/en_gb\/wp-json\/wp\/v2\/comments?post=8787"}],"wp:featuredmedia":[{"embeddable":true,"href":"https:\/\/www.farmacie-online.eu\/en_gb\/wp-json\/wp\/v2\/media\/8789"}],"wp:attachment":[{"href":"https:\/\/www.farmacie-online.eu\/en_gb\/wp-json\/wp\/v2\/media?parent=8787"}],"wp:term":[{"taxonomy":"product_brand","embeddable":true,"href":"https:\/\/www.farmacie-online.eu\/en_gb\/wp-json\/wp\/v2\/product_brand?post=8787"},{"taxonomy":"product_cat","embeddable":true,"href":"https:\/\/www.farmacie-online.eu\/en_gb\/wp-json\/wp\/v2\/product_cat?post=8787"},{"taxonomy":"product_tag","embeddable":true,"href":"https:\/\/www.farmacie-online.eu\/en_gb\/wp-json\/wp\/v2\/product_tag?post=8787"}],"curies":[{"name":"wp","href":"https:\/\/api.w.org\/{rel}","templated":true}]}}