{"id":8778,"date":"2024-04-11T08:25:40","date_gmt":"2024-04-11T06:25:40","guid":{"rendered":"https:\/\/www.farmacie-online.eu\/?post_type=product&#038;p=8778"},"modified":"2024-04-11T10:57:51","modified_gmt":"2024-04-11T08:57:51","slug":"the-ordinary-powder-niacinamide","status":"publish","type":"product","link":"https:\/\/www.farmacie-online.eu\/en_gb\/product\/the-ordinary-powder-niacinamide\/","title":{"rendered":"The Ordinary powder niacinamide"},"content":{"rendered":"<p>Reechilibreaz\u0103 tipurile de ten gras sau mixt cu acest produs inovator de \u00eengrijire a pielii. Pudra cu niacinamid\u0103 100% de la The Ordinary prezint\u0103 o textur\u0103 fin\u0103 de pudr\u0103, oferind o form\u0103 solubil\u0103 \u00een ap\u0103 de vitamina B3. Acest ingredient activ multifunc\u021bional este renumit pentru multiplele beneficii aduse pielii. Contribuie la echilibrarea activit\u0103\u021bii seboreice vizibile \u0219i la sus\u021binerea produc\u021biei de componente care joac\u0103 un rol central \u00een integritatea structural\u0103 \u0219i func\u021bional\u0103 a pielii. Pudra poate fi combinat\u0103 cu rutina ta actual\u0103 de \u00eengrijire a pielii pentru a viza porii m\u0103ri\u021bi, luciul vizibil \u0219i iregularit\u0103\u021bile texturale. Formatul pudr\u0103 permite cea mai direct\u0103 aplicare a Niacinamidei pe piele, facilit\u00e2nd o eficien\u021b\u0103 optim\u0103.<\/p>\n<p>Pudra este conceput\u0103 pentru a fi amestecat\u0103 cu produse de \u00eengrijire a pielii pe baz\u0103 de ap\u0103, dizolv\u00e2ndu-se rapid pentru a crea o textur\u0103 neted\u0103, nedetectabil\u0103. Formula ofer\u0103 o expunere mai direct\u0103 la Niacinamid\u0103 dec\u00e2t serul Niacinamid\u0103 10% + Zinc 1%, oferind o experien\u021b\u0103 personal\u0103, pentru utilizare personalizat\u0103, adaptat\u0103. Combin\u0103 cu produse de \u00eengrijire a pielii compatibile, pentru a combate simultan mai multe probleme ale pielii.<\/p>\n<p>Aten\u021bie: Nu se recomand\u0103 combinarea niacinamidei cu vitamina C de uz extern (acid L-ascorbic, acid L-ascorbic etilat \u0219i deriva\u021bi ai vitaminei C) \u00een acela\u0219i regim. Dac\u0103 vitamina C este utilizat\u0103 ca parte a regimului de \u00eengrijire a pielii, te sf\u0103tuim s\u0103 le aplici alternativ cu aceast\u0103 formul\u0103 (\u00een mod ideal, vitamina C seara \u0219i aceast\u0103 formul\u0103 diminea\u021ba). \u00cen plus, nu recomand\u0103m dizolvarea pudrei de niacinamid\u0103 \u00een acizi direc\u021bi. Te rug\u0103m s\u0103 consul\u021bi Ghidul de amestecare al m\u0103rcii pentru \u00eendrum\u0103ri referitoare la selectarea bazelor de dizolvare potrivite.<\/p>\n","protected":false},"excerpt":{"rendered":"<p>The Ordinary powder niacinamide<\/p>\n","protected":false},"featured_media":8780,"comment_status":"closed","ping_status":"closed","template":"","meta":{"inline_featured_image":false},"product_brand":[],"product_cat":[36],"product_tag":[],"class_list":{"0":"post-8778","1":"product","2":"type-product","3":"status-publish","4":"has-post-thumbnail","6":"product_cat-dermato-cosmetice","8":"first","9":"instock","10":"sale","11":"shipping-taxable","12":"purchasable","13":"product-type-simple"},"yoast_head":"<!-- This site is optimized with the Yoast SEO plugin v27.4 - https:\/\/yoast.com\/product\/yoast-seo-wordpress\/ -->\n<title>The Ordinary powder niacinamide - Farmacie online!<\/title>\n<meta name=\"robots\" content=\"index, follow, max-snippet:-1, max-image-preview:large, max-video-preview:-1\" \/>\n<link rel=\"canonical\" href=\"https:\/\/www.farmacie-online.eu\/en_gb\/product\/the-ordinary-powder-niacinamide\/\" \/>\n<meta property=\"og:locale\" content=\"en_GB\" \/>\n<meta property=\"og:type\" content=\"article\" \/>\n<meta property=\"og:title\" content=\"The Ordinary powder niacinamide - Farmacie online!\" \/>\n<meta property=\"og:description\" content=\"The Ordinary powder niacinamide\" \/>\n<meta property=\"og:url\" content=\"https:\/\/www.farmacie-online.eu\/en_gb\/product\/the-ordinary-powder-niacinamide\/\" \/>\n<meta property=\"og:site_name\" content=\"Farmacie online!\" \/>\n<meta property=\"article:modified_time\" content=\"2024-04-11T08:57:51+00:00\" \/>\n<meta property=\"og:image\" content=\"https:\/\/www.farmacie-online.eu\/wp-content\/uploads\/2024\/04\/The-Ordinary-powder.jpeg\" \/>\n\t<meta property=\"og:image:width\" content=\"225\" \/>\n\t<meta property=\"og:image:height\" content=\"225\" \/>\n\t<meta property=\"og:image:type\" content=\"image\/jpeg\" \/>\n<meta name=\"twitter:card\" content=\"summary_large_image\" \/>\n<meta name=\"twitter:label1\" content=\"Estimated reading time\" \/>\n\t<meta name=\"twitter:data1\" content=\"1 minute\" \/>\n<script type=\"application\/ld+json\" class=\"yoast-schema-graph\">{\"@context\":\"https:\\\/\\\/schema.org\",\"@graph\":[{\"@type\":\"WebPage\",\"@id\":\"https:\\\/\\\/www.farmacie-online.eu\\\/product\\\/the-ordinary-powder-niacinamide\\\/\",\"url\":\"https:\\\/\\\/www.farmacie-online.eu\\\/product\\\/the-ordinary-powder-niacinamide\\\/\",\"name\":\"The Ordinary powder niacinamide - Farmacie online!\",\"isPartOf\":{\"@id\":\"https:\\\/\\\/www.farmacie-online.eu\\\/#website\"},\"primaryImageOfPage\":{\"@id\":\"https:\\\/\\\/www.farmacie-online.eu\\\/product\\\/the-ordinary-powder-niacinamide\\\/#primaryimage\"},\"image\":{\"@id\":\"https:\\\/\\\/www.farmacie-online.eu\\\/product\\\/the-ordinary-powder-niacinamide\\\/#primaryimage\"},\"thumbnailUrl\":\"https:\\\/\\\/www.farmacie-online.eu\\\/wp-content\\\/uploads\\\/2024\\\/04\\\/The-Ordinary-powder.jpeg\",\"datePublished\":\"2024-04-11T06:25:40+00:00\",\"dateModified\":\"2024-04-11T08:57:51+00:00\",\"breadcrumb\":{\"@id\":\"https:\\\/\\\/www.farmacie-online.eu\\\/product\\\/the-ordinary-powder-niacinamide\\\/#breadcrumb\"},\"inLanguage\":\"en-GB\",\"potentialAction\":[{\"@type\":\"ReadAction\",\"target\":[\"https:\\\/\\\/www.farmacie-online.eu\\\/product\\\/the-ordinary-powder-niacinamide\\\/\"]}]},{\"@type\":\"ImageObject\",\"inLanguage\":\"en-GB\",\"@id\":\"https:\\\/\\\/www.farmacie-online.eu\\\/product\\\/the-ordinary-powder-niacinamide\\\/#primaryimage\",\"url\":\"https:\\\/\\\/www.farmacie-online.eu\\\/wp-content\\\/uploads\\\/2024\\\/04\\\/The-Ordinary-powder.jpeg\",\"contentUrl\":\"https:\\\/\\\/www.farmacie-online.eu\\\/wp-content\\\/uploads\\\/2024\\\/04\\\/The-Ordinary-powder.jpeg\",\"width\":225,\"height\":225},{\"@type\":\"BreadcrumbList\",\"@id\":\"https:\\\/\\\/www.farmacie-online.eu\\\/product\\\/the-ordinary-powder-niacinamide\\\/#breadcrumb\",\"itemListElement\":[{\"@type\":\"ListItem\",\"position\":1,\"name\":\"Prima pagin\u0103\",\"item\":\"https:\\\/\\\/www.farmacie-online.eu\\\/\"},{\"@type\":\"ListItem\",\"position\":2,\"name\":\"Produse\",\"item\":\"https:\\\/\\\/www.farmacie-online.eu\\\/produse\\\/\"},{\"@type\":\"ListItem\",\"position\":3,\"name\":\"The Ordinary powder niacinamide\"}]},{\"@type\":\"WebSite\",\"@id\":\"https:\\\/\\\/www.farmacie-online.eu\\\/#website\",\"url\":\"https:\\\/\\\/www.farmacie-online.eu\\\/\",\"name\":\"Farmacie online!\",\"description\":\"Comanzi online, prime\u0219ti rapid!\",\"publisher\":{\"@id\":\"https:\\\/\\\/www.farmacie-online.eu\\\/#organization\"},\"potentialAction\":[{\"@type\":\"SearchAction\",\"target\":{\"@type\":\"EntryPoint\",\"urlTemplate\":\"https:\\\/\\\/www.farmacie-online.eu\\\/?s={search_term_string}\"},\"query-input\":{\"@type\":\"PropertyValueSpecification\",\"valueRequired\":true,\"valueName\":\"search_term_string\"}}],\"inLanguage\":\"en-GB\"},{\"@type\":\"Organization\",\"@id\":\"https:\\\/\\\/www.farmacie-online.eu\\\/#organization\",\"name\":\"Farmacie online!\",\"url\":\"https:\\\/\\\/www.farmacie-online.eu\\\/\",\"logo\":{\"@type\":\"ImageObject\",\"inLanguage\":\"en-GB\",\"@id\":\"https:\\\/\\\/www.farmacie-online.eu\\\/#\\\/schema\\\/logo\\\/image\\\/\",\"url\":\"https:\\\/\\\/www.farmacie-online.eu\\\/wp-content\\\/uploads\\\/2023\\\/08\\\/cropped-favicon.webp\",\"contentUrl\":\"https:\\\/\\\/www.farmacie-online.eu\\\/wp-content\\\/uploads\\\/2023\\\/08\\\/cropped-favicon.webp\",\"width\":500,\"height\":211,\"caption\":\"Farmacie online!\"},\"image\":{\"@id\":\"https:\\\/\\\/www.farmacie-online.eu\\\/#\\\/schema\\\/logo\\\/image\\\/\"}}]}<\/script>\n<!-- \/ Yoast SEO plugin. -->","yoast_head_json":{"title":"The Ordinary powder niacinamide - Farmacie online!","robots":{"index":"index","follow":"follow","max-snippet":"max-snippet:-1","max-image-preview":"max-image-preview:large","max-video-preview":"max-video-preview:-1"},"canonical":"https:\/\/www.farmacie-online.eu\/en_gb\/product\/the-ordinary-powder-niacinamide\/","og_locale":"en_GB","og_type":"article","og_title":"The Ordinary powder niacinamide - Farmacie online!","og_description":"The Ordinary powder niacinamide","og_url":"https:\/\/www.farmacie-online.eu\/en_gb\/product\/the-ordinary-powder-niacinamide\/","og_site_name":"Farmacie online!","article_modified_time":"2024-04-11T08:57:51+00:00","og_image":[{"width":225,"height":225,"url":"https:\/\/www.farmacie-online.eu\/wp-content\/uploads\/2024\/04\/The-Ordinary-powder.jpeg","type":"image\/jpeg"}],"twitter_card":"summary_large_image","twitter_misc":{"Estimated reading time":"1 minute"},"schema":{"@context":"https:\/\/schema.org","@graph":[{"@type":"WebPage","@id":"https:\/\/www.farmacie-online.eu\/product\/the-ordinary-powder-niacinamide\/","url":"https:\/\/www.farmacie-online.eu\/product\/the-ordinary-powder-niacinamide\/","name":"The Ordinary powder niacinamide - Farmacie online!","isPartOf":{"@id":"https:\/\/www.farmacie-online.eu\/#website"},"primaryImageOfPage":{"@id":"https:\/\/www.farmacie-online.eu\/product\/the-ordinary-powder-niacinamide\/#primaryimage"},"image":{"@id":"https:\/\/www.farmacie-online.eu\/product\/the-ordinary-powder-niacinamide\/#primaryimage"},"thumbnailUrl":"https:\/\/www.farmacie-online.eu\/wp-content\/uploads\/2024\/04\/The-Ordinary-powder.jpeg","datePublished":"2024-04-11T06:25:40+00:00","dateModified":"2024-04-11T08:57:51+00:00","breadcrumb":{"@id":"https:\/\/www.farmacie-online.eu\/product\/the-ordinary-powder-niacinamide\/#breadcrumb"},"inLanguage":"en-GB","potentialAction":[{"@type":"ReadAction","target":["https:\/\/www.farmacie-online.eu\/product\/the-ordinary-powder-niacinamide\/"]}]},{"@type":"ImageObject","inLanguage":"en-GB","@id":"https:\/\/www.farmacie-online.eu\/product\/the-ordinary-powder-niacinamide\/#primaryimage","url":"https:\/\/www.farmacie-online.eu\/wp-content\/uploads\/2024\/04\/The-Ordinary-powder.jpeg","contentUrl":"https:\/\/www.farmacie-online.eu\/wp-content\/uploads\/2024\/04\/The-Ordinary-powder.jpeg","width":225,"height":225},{"@type":"BreadcrumbList","@id":"https:\/\/www.farmacie-online.eu\/product\/the-ordinary-powder-niacinamide\/#breadcrumb","itemListElement":[{"@type":"ListItem","position":1,"name":"Prima pagin\u0103","item":"https:\/\/www.farmacie-online.eu\/"},{"@type":"ListItem","position":2,"name":"Produse","item":"https:\/\/www.farmacie-online.eu\/produse\/"},{"@type":"ListItem","position":3,"name":"The Ordinary powder niacinamide"}]},{"@type":"WebSite","@id":"https:\/\/www.farmacie-online.eu\/#website","url":"https:\/\/www.farmacie-online.eu\/","name":"Farmacie online!","description":"Comanzi online, prime\u0219ti rapid!","publisher":{"@id":"https:\/\/www.farmacie-online.eu\/#organization"},"potentialAction":[{"@type":"SearchAction","target":{"@type":"EntryPoint","urlTemplate":"https:\/\/www.farmacie-online.eu\/?s={search_term_string}"},"query-input":{"@type":"PropertyValueSpecification","valueRequired":true,"valueName":"search_term_string"}}],"inLanguage":"en-GB"},{"@type":"Organization","@id":"https:\/\/www.farmacie-online.eu\/#organization","name":"Farmacie online!","url":"https:\/\/www.farmacie-online.eu\/","logo":{"@type":"ImageObject","inLanguage":"en-GB","@id":"https:\/\/www.farmacie-online.eu\/#\/schema\/logo\/image\/","url":"https:\/\/www.farmacie-online.eu\/wp-content\/uploads\/2023\/08\/cropped-favicon.webp","contentUrl":"https:\/\/www.farmacie-online.eu\/wp-content\/uploads\/2023\/08\/cropped-favicon.webp","width":500,"height":211,"caption":"Farmacie online!"},"image":{"@id":"https:\/\/www.farmacie-online.eu\/#\/schema\/logo\/image\/"}}]}},"jetpack_sharing_enabled":true,"_links":{"self":[{"href":"https:\/\/www.farmacie-online.eu\/en_gb\/wp-json\/wp\/v2\/product\/8778","targetHints":{"allow":["GET"]}}],"collection":[{"href":"https:\/\/www.farmacie-online.eu\/en_gb\/wp-json\/wp\/v2\/product"}],"about":[{"href":"https:\/\/www.farmacie-online.eu\/en_gb\/wp-json\/wp\/v2\/types\/product"}],"replies":[{"embeddable":true,"href":"https:\/\/www.farmacie-online.eu\/en_gb\/wp-json\/wp\/v2\/comments?post=8778"}],"wp:featuredmedia":[{"embeddable":true,"href":"https:\/\/www.farmacie-online.eu\/en_gb\/wp-json\/wp\/v2\/media\/8780"}],"wp:attachment":[{"href":"https:\/\/www.farmacie-online.eu\/en_gb\/wp-json\/wp\/v2\/media?parent=8778"}],"wp:term":[{"taxonomy":"product_brand","embeddable":true,"href":"https:\/\/www.farmacie-online.eu\/en_gb\/wp-json\/wp\/v2\/product_brand?post=8778"},{"taxonomy":"product_cat","embeddable":true,"href":"https:\/\/www.farmacie-online.eu\/en_gb\/wp-json\/wp\/v2\/product_cat?post=8778"},{"taxonomy":"product_tag","embeddable":true,"href":"https:\/\/www.farmacie-online.eu\/en_gb\/wp-json\/wp\/v2\/product_tag?post=8778"}],"curies":[{"name":"wp","href":"https:\/\/api.w.org\/{rel}","templated":true}]}}