{"id":8750,"date":"2024-02-23T09:23:17","date_gmt":"2024-02-23T07:23:17","guid":{"rendered":"https:\/\/www.farmacie-online.eu\/?post_type=product&#038;p=8750"},"modified":"2026-03-31T07:24:54","modified_gmt":"2026-03-31T05:24:54","slug":"epimedyumlu-macun-magiun-turcesc","status":"publish","type":"product","link":"https:\/\/www.farmacie-online.eu\/en_gb\/product\/epimedyumlu-macun-magiun-turcesc\/","title":{"rendered":"Epimedyumlu macun  (magiun turcesc)"},"content":{"rendered":"<p>THEMRA &#8211; PASTA EPIMEDYUM 100% NATURALA pentru cresterea potentei<\/p>\n<p>Pasta THEMRA EPIMEDium este un remediu 100% natural care are un efect complex asupra organismului b\u0103rba\u021bilor \u0219i femeilor:<br \/>\n1. RESTAUR\u0102 POTENTA<br \/>\n2. MARESTE PRODUC\u021aIA DE TESTOSTERON<br \/>\n3. INTARZIE EJACULA\u021aIA PREMATUR\u0102<br \/>\n4. MARESTE EREC\u021aIA<br \/>\n5. PRELUNGE\u0218TE ACTUL SEXUAL<br \/>\n6. CRE\u0218TE NIVELUL DE ESTROGEN CRE\u0218TE SECRE\u021aIA VAGINAL\u0102<br \/>\n7. CRE\u0218TE LIBIDOUL\u00a0 CRE\u0218TE SENSIBILITATEA<\/p>\n<p>Are un efect benefic asupra s\u0103n\u0103t\u0103\u021bii generale at\u00e2t a b\u0103rba\u021bilor, c\u00e2t \u0219i a femeilor Produc\u0103tor: Turcia<\/p>\n","protected":false},"excerpt":{"rendered":"<p>Epimedyumlu Macun este o past\u0103 natural\u0103 din plante, cunoscut\u0103 pentru efectele sale energizante \u0219i afrodisiace, contribuind la cre\u0219terea vitalit\u0103\u021bii \u0219i a performan\u021bei.<br \/>\n<strong>La comenzi de peste 500 lei, GRATUIT primiti 10 comprimate de <a href=\"https:\/\/www.farmacie-online.eu\/product\/vidalista-10-mg-10-comprimate\/\">Vidalista 10mg<\/a>.<\/strong><br \/>\n<strong>Utilizare:<\/strong>\u00a0Doza este de o lingurita pe zi si poate fi consumata normal sau amestecata intr-o bautura de orice fel.<br \/>\nEfectele se resimt dup\u0103 20-30 de minute si pot dura pana la 24 de ore.<br \/>\nIn compozitia sa intra 20 de ingrediente bio naturale, ale caror efecte benefice pentru sanatate sunt recunoscute, iar consistenta este data de mierea de albine.<br \/>\nMagiunul afrodisiac Themra nu contine niciun compus chimic, conservanti, coloranti, inlocuitori sau alti derivati sintetici.<\/p>\n<p><strong>Ingrediente:<\/strong>\u00a0Maca (Ginseng Peruvian), Tribulus Terrestris, Cola Vera, Ginkgo biloba, Lesser Galangal, Mulberry molasses, Polen de albina, Laptisor de matca, Ginseng, Ghimbir, Urzica, Dovleac, Vanilie, Ovaz, Miere de flori, Scortisoara.<\/p>\n","protected":false},"featured_media":8757,"comment_status":"closed","ping_status":"closed","template":"..\/public\/views\/revslider-page-template.php","meta":{"inline_featured_image":false},"product_brand":[],"product_cat":[78,50],"product_tag":[],"class_list":{"0":"post-8750","1":"product","2":"type-product","3":"status-publish","4":"has-post-thumbnail","6":"product_cat-viata-sexuala","7":"product_cat-vitamine-suplimente","9":"first","10":"instock","11":"featured","12":"shipping-taxable","13":"purchasable","14":"product-type-simple"},"yoast_head":"<!-- This site is optimized with the Yoast SEO plugin v27.4 - https:\/\/yoast.com\/product\/yoast-seo-wordpress\/ -->\n<title>Epimedyumlu macun (magiun turcesc) - Farmacie online!<\/title>\n<meta name=\"description\" content=\"Epimedyumlu Macun este o past\u0103 natural\u0103 din plante, cunoscut\u0103 pentru efectele sale energizante \u0219i afrodisiace, contribuind la cre\u0219terea vitalit\u0103\u021bii \u0219i a performan\u021bei.\" \/>\n<meta name=\"robots\" content=\"index, follow, max-snippet:-1, max-image-preview:large, max-video-preview:-1\" \/>\n<link rel=\"canonical\" href=\"https:\/\/www.farmacie-online.eu\/en_gb\/product\/epimedyumlu-macun-magiun-turcesc\/\" \/>\n<meta property=\"og:locale\" content=\"en_GB\" \/>\n<meta property=\"og:type\" content=\"article\" \/>\n<meta property=\"og:title\" content=\"Epimedyumlu macun (magiun turcesc) - Farmacie online!\" \/>\n<meta property=\"og:description\" content=\"Epimedyumlu Macun este o past\u0103 natural\u0103 din plante, cunoscut\u0103 pentru efectele sale energizante \u0219i afrodisiace, contribuind la cre\u0219terea vitalit\u0103\u021bii \u0219i a performan\u021bei.\" \/>\n<meta property=\"og:url\" content=\"https:\/\/www.farmacie-online.eu\/en_gb\/product\/epimedyumlu-macun-magiun-turcesc\/\" \/>\n<meta property=\"og:site_name\" content=\"Farmacie online!\" \/>\n<meta property=\"article:modified_time\" content=\"2026-03-31T05:24:54+00:00\" \/>\n<meta property=\"og:image\" content=\"https:\/\/www.farmacie-online.eu\/wp-content\/uploads\/2024\/02\/magiun-2-1.webp\" \/>\n\t<meta property=\"og:image:width\" content=\"326\" \/>\n\t<meta property=\"og:image:height\" content=\"425\" \/>\n\t<meta property=\"og:image:type\" content=\"image\/webp\" \/>\n<meta name=\"twitter:card\" content=\"summary_large_image\" \/>\n<meta name=\"twitter:label1\" content=\"Estimated reading time\" \/>\n\t<meta name=\"twitter:data1\" content=\"1 minute\" \/>\n<script type=\"application\/ld+json\" class=\"yoast-schema-graph\">{\"@context\":\"https:\\\/\\\/schema.org\",\"@graph\":[{\"@type\":\"WebPage\",\"@id\":\"https:\\\/\\\/www.farmacie-online.eu\\\/product\\\/epimedyumlu-macun-magiun-turcesc\\\/\",\"url\":\"https:\\\/\\\/www.farmacie-online.eu\\\/product\\\/epimedyumlu-macun-magiun-turcesc\\\/\",\"name\":\"Epimedyumlu macun (magiun turcesc) - Farmacie online!\",\"isPartOf\":{\"@id\":\"https:\\\/\\\/www.farmacie-online.eu\\\/#website\"},\"primaryImageOfPage\":{\"@id\":\"https:\\\/\\\/www.farmacie-online.eu\\\/product\\\/epimedyumlu-macun-magiun-turcesc\\\/#primaryimage\"},\"image\":{\"@id\":\"https:\\\/\\\/www.farmacie-online.eu\\\/product\\\/epimedyumlu-macun-magiun-turcesc\\\/#primaryimage\"},\"thumbnailUrl\":\"https:\\\/\\\/www.farmacie-online.eu\\\/wp-content\\\/uploads\\\/2024\\\/02\\\/magiun-2-1.webp\",\"datePublished\":\"2024-02-23T07:23:17+00:00\",\"dateModified\":\"2026-03-31T05:24:54+00:00\",\"description\":\"Epimedyumlu Macun este o past\u0103 natural\u0103 din plante, cunoscut\u0103 pentru efectele sale energizante \u0219i afrodisiace, contribuind la cre\u0219terea vitalit\u0103\u021bii \u0219i a performan\u021bei.\",\"breadcrumb\":{\"@id\":\"https:\\\/\\\/www.farmacie-online.eu\\\/product\\\/epimedyumlu-macun-magiun-turcesc\\\/#breadcrumb\"},\"inLanguage\":\"en-GB\",\"potentialAction\":[{\"@type\":\"ReadAction\",\"target\":[\"https:\\\/\\\/www.farmacie-online.eu\\\/product\\\/epimedyumlu-macun-magiun-turcesc\\\/\"]}]},{\"@type\":\"ImageObject\",\"inLanguage\":\"en-GB\",\"@id\":\"https:\\\/\\\/www.farmacie-online.eu\\\/product\\\/epimedyumlu-macun-magiun-turcesc\\\/#primaryimage\",\"url\":\"https:\\\/\\\/www.farmacie-online.eu\\\/wp-content\\\/uploads\\\/2024\\\/02\\\/magiun-2-1.webp\",\"contentUrl\":\"https:\\\/\\\/www.farmacie-online.eu\\\/wp-content\\\/uploads\\\/2024\\\/02\\\/magiun-2-1.webp\",\"width\":326,\"height\":425},{\"@type\":\"BreadcrumbList\",\"@id\":\"https:\\\/\\\/www.farmacie-online.eu\\\/product\\\/epimedyumlu-macun-magiun-turcesc\\\/#breadcrumb\",\"itemListElement\":[{\"@type\":\"ListItem\",\"position\":1,\"name\":\"Prima pagin\u0103\",\"item\":\"https:\\\/\\\/www.farmacie-online.eu\\\/\"},{\"@type\":\"ListItem\",\"position\":2,\"name\":\"Produse\",\"item\":\"https:\\\/\\\/www.farmacie-online.eu\\\/produse\\\/\"},{\"@type\":\"ListItem\",\"position\":3,\"name\":\"Epimedyumlu macun (magiun turcesc)\"}]},{\"@type\":\"WebSite\",\"@id\":\"https:\\\/\\\/www.farmacie-online.eu\\\/#website\",\"url\":\"https:\\\/\\\/www.farmacie-online.eu\\\/\",\"name\":\"Farmacie online!\",\"description\":\"Comanzi online, prime\u0219ti rapid!\",\"publisher\":{\"@id\":\"https:\\\/\\\/www.farmacie-online.eu\\\/#organization\"},\"potentialAction\":[{\"@type\":\"SearchAction\",\"target\":{\"@type\":\"EntryPoint\",\"urlTemplate\":\"https:\\\/\\\/www.farmacie-online.eu\\\/?s={search_term_string}\"},\"query-input\":{\"@type\":\"PropertyValueSpecification\",\"valueRequired\":true,\"valueName\":\"search_term_string\"}}],\"inLanguage\":\"en-GB\"},{\"@type\":\"Organization\",\"@id\":\"https:\\\/\\\/www.farmacie-online.eu\\\/#organization\",\"name\":\"Farmacie online!\",\"url\":\"https:\\\/\\\/www.farmacie-online.eu\\\/\",\"logo\":{\"@type\":\"ImageObject\",\"inLanguage\":\"en-GB\",\"@id\":\"https:\\\/\\\/www.farmacie-online.eu\\\/#\\\/schema\\\/logo\\\/image\\\/\",\"url\":\"https:\\\/\\\/www.farmacie-online.eu\\\/wp-content\\\/uploads\\\/2023\\\/08\\\/cropped-favicon.webp\",\"contentUrl\":\"https:\\\/\\\/www.farmacie-online.eu\\\/wp-content\\\/uploads\\\/2023\\\/08\\\/cropped-favicon.webp\",\"width\":500,\"height\":211,\"caption\":\"Farmacie online!\"},\"image\":{\"@id\":\"https:\\\/\\\/www.farmacie-online.eu\\\/#\\\/schema\\\/logo\\\/image\\\/\"}}]}<\/script>\n<!-- \/ Yoast SEO plugin. -->","yoast_head_json":{"title":"Epimedyumlu macun (magiun turcesc) - Farmacie online!","description":"Epimedyumlu Macun este o past\u0103 natural\u0103 din plante, cunoscut\u0103 pentru efectele sale energizante \u0219i afrodisiace, contribuind la cre\u0219terea vitalit\u0103\u021bii \u0219i a performan\u021bei.","robots":{"index":"index","follow":"follow","max-snippet":"max-snippet:-1","max-image-preview":"max-image-preview:large","max-video-preview":"max-video-preview:-1"},"canonical":"https:\/\/www.farmacie-online.eu\/en_gb\/product\/epimedyumlu-macun-magiun-turcesc\/","og_locale":"en_GB","og_type":"article","og_title":"Epimedyumlu macun (magiun turcesc) - Farmacie online!","og_description":"Epimedyumlu Macun este o past\u0103 natural\u0103 din plante, cunoscut\u0103 pentru efectele sale energizante \u0219i afrodisiace, contribuind la cre\u0219terea vitalit\u0103\u021bii \u0219i a performan\u021bei.","og_url":"https:\/\/www.farmacie-online.eu\/en_gb\/product\/epimedyumlu-macun-magiun-turcesc\/","og_site_name":"Farmacie online!","article_modified_time":"2026-03-31T05:24:54+00:00","og_image":[{"width":326,"height":425,"url":"https:\/\/www.farmacie-online.eu\/wp-content\/uploads\/2024\/02\/magiun-2-1.webp","type":"image\/webp"}],"twitter_card":"summary_large_image","twitter_misc":{"Estimated reading time":"1 minute"},"schema":{"@context":"https:\/\/schema.org","@graph":[{"@type":"WebPage","@id":"https:\/\/www.farmacie-online.eu\/product\/epimedyumlu-macun-magiun-turcesc\/","url":"https:\/\/www.farmacie-online.eu\/product\/epimedyumlu-macun-magiun-turcesc\/","name":"Epimedyumlu macun (magiun turcesc) - Farmacie online!","isPartOf":{"@id":"https:\/\/www.farmacie-online.eu\/#website"},"primaryImageOfPage":{"@id":"https:\/\/www.farmacie-online.eu\/product\/epimedyumlu-macun-magiun-turcesc\/#primaryimage"},"image":{"@id":"https:\/\/www.farmacie-online.eu\/product\/epimedyumlu-macun-magiun-turcesc\/#primaryimage"},"thumbnailUrl":"https:\/\/www.farmacie-online.eu\/wp-content\/uploads\/2024\/02\/magiun-2-1.webp","datePublished":"2024-02-23T07:23:17+00:00","dateModified":"2026-03-31T05:24:54+00:00","description":"Epimedyumlu Macun este o past\u0103 natural\u0103 din plante, cunoscut\u0103 pentru efectele sale energizante \u0219i afrodisiace, contribuind la cre\u0219terea vitalit\u0103\u021bii \u0219i a performan\u021bei.","breadcrumb":{"@id":"https:\/\/www.farmacie-online.eu\/product\/epimedyumlu-macun-magiun-turcesc\/#breadcrumb"},"inLanguage":"en-GB","potentialAction":[{"@type":"ReadAction","target":["https:\/\/www.farmacie-online.eu\/product\/epimedyumlu-macun-magiun-turcesc\/"]}]},{"@type":"ImageObject","inLanguage":"en-GB","@id":"https:\/\/www.farmacie-online.eu\/product\/epimedyumlu-macun-magiun-turcesc\/#primaryimage","url":"https:\/\/www.farmacie-online.eu\/wp-content\/uploads\/2024\/02\/magiun-2-1.webp","contentUrl":"https:\/\/www.farmacie-online.eu\/wp-content\/uploads\/2024\/02\/magiun-2-1.webp","width":326,"height":425},{"@type":"BreadcrumbList","@id":"https:\/\/www.farmacie-online.eu\/product\/epimedyumlu-macun-magiun-turcesc\/#breadcrumb","itemListElement":[{"@type":"ListItem","position":1,"name":"Prima pagin\u0103","item":"https:\/\/www.farmacie-online.eu\/"},{"@type":"ListItem","position":2,"name":"Produse","item":"https:\/\/www.farmacie-online.eu\/produse\/"},{"@type":"ListItem","position":3,"name":"Epimedyumlu macun (magiun turcesc)"}]},{"@type":"WebSite","@id":"https:\/\/www.farmacie-online.eu\/#website","url":"https:\/\/www.farmacie-online.eu\/","name":"Farmacie online!","description":"Comanzi online, prime\u0219ti rapid!","publisher":{"@id":"https:\/\/www.farmacie-online.eu\/#organization"},"potentialAction":[{"@type":"SearchAction","target":{"@type":"EntryPoint","urlTemplate":"https:\/\/www.farmacie-online.eu\/?s={search_term_string}"},"query-input":{"@type":"PropertyValueSpecification","valueRequired":true,"valueName":"search_term_string"}}],"inLanguage":"en-GB"},{"@type":"Organization","@id":"https:\/\/www.farmacie-online.eu\/#organization","name":"Farmacie online!","url":"https:\/\/www.farmacie-online.eu\/","logo":{"@type":"ImageObject","inLanguage":"en-GB","@id":"https:\/\/www.farmacie-online.eu\/#\/schema\/logo\/image\/","url":"https:\/\/www.farmacie-online.eu\/wp-content\/uploads\/2023\/08\/cropped-favicon.webp","contentUrl":"https:\/\/www.farmacie-online.eu\/wp-content\/uploads\/2023\/08\/cropped-favicon.webp","width":500,"height":211,"caption":"Farmacie online!"},"image":{"@id":"https:\/\/www.farmacie-online.eu\/#\/schema\/logo\/image\/"}}]}},"jetpack_sharing_enabled":true,"_links":{"self":[{"href":"https:\/\/www.farmacie-online.eu\/en_gb\/wp-json\/wp\/v2\/product\/8750","targetHints":{"allow":["GET"]}}],"collection":[{"href":"https:\/\/www.farmacie-online.eu\/en_gb\/wp-json\/wp\/v2\/product"}],"about":[{"href":"https:\/\/www.farmacie-online.eu\/en_gb\/wp-json\/wp\/v2\/types\/product"}],"replies":[{"embeddable":true,"href":"https:\/\/www.farmacie-online.eu\/en_gb\/wp-json\/wp\/v2\/comments?post=8750"}],"wp:featuredmedia":[{"embeddable":true,"href":"https:\/\/www.farmacie-online.eu\/en_gb\/wp-json\/wp\/v2\/media\/8757"}],"wp:attachment":[{"href":"https:\/\/www.farmacie-online.eu\/en_gb\/wp-json\/wp\/v2\/media?parent=8750"}],"wp:term":[{"taxonomy":"product_brand","embeddable":true,"href":"https:\/\/www.farmacie-online.eu\/en_gb\/wp-json\/wp\/v2\/product_brand?post=8750"},{"taxonomy":"product_cat","embeddable":true,"href":"https:\/\/www.farmacie-online.eu\/en_gb\/wp-json\/wp\/v2\/product_cat?post=8750"},{"taxonomy":"product_tag","embeddable":true,"href":"https:\/\/www.farmacie-online.eu\/en_gb\/wp-json\/wp\/v2\/product_tag?post=8750"}],"curies":[{"name":"wp","href":"https:\/\/api.w.org\/{rel}","templated":true}]}}