{"id":8602,"date":"2023-04-20T11:58:52","date_gmt":"2023-04-20T09:58:52","guid":{"rendered":"https:\/\/farmacie-online.eu\/?post_type=product&#038;p=8602"},"modified":"2026-03-31T07:35:28","modified_gmt":"2026-03-31T05:35:28","slug":"cenforce-200mg-blister10-capsule","status":"publish","type":"product","link":"https:\/\/www.farmacie-online.eu\/en_gb\/product\/cenforce-200mg-blister10-capsule\/","title":{"rendered":"Cenforce 200mg &#8211;  blister10 capsule"},"content":{"rendered":"<p dir=\"ltr\">Cenforce 200 mg este un brand care este fabricat de Centurion Laboratories \u0219i este foarte recomandat de medici pentru tratarea disfunc\u021biei erectile.<br \/>\nCenforce 200 mg este o pastil\u0103 care con\u021bine citrat de sildenafil cu o concentra\u021bie de 200 mg.\u00a0Este cea mai mare form\u0103 de doz\u0103 de citrat de sildenafil \u0219i, prin urmare, ar trebui utilizat\u0103 numai \u00een cazuri extreme de disfunc\u021bie erectil\u0103.<br \/>\n<b>Utiliz\u0103ri medicale:<\/b><br \/>\nCenforce 200 mg con\u021bine citrat de sildenafil, un ingredient medical activ care ajut\u0103 \u00een tratamentul disfunc\u021biei erectile.<br \/>\nDisfunc\u021bia erectil\u0103 este o disfunc\u021bie sexual\u0103 la b\u0103rba\u021bi \u00een care ob\u021binerea \u0219i men\u021binerea unei erec\u021bii satisf\u0103c\u0103toare este un aspect discutabil.<br \/>\nCum func\u021bioneaz\u0103 Cenforce 200 mg?<br \/>\nCenforce are ca sare citrat de sildenafil, care func\u021bioneaz\u0103 prin cre\u0219terea nivelului de cGMP (guanozin monofosfat ciclic), care este responsabil pentru relaxarea mu\u0219chilor \u0219i are ca rezultat o cre\u0219tere a fluxului de s\u00e2nge prin penis.<br \/>\nDisfunc\u021bia erectil\u0103 apare atunci c\u00e2nd enzimele cunoscute sub numele de fosfodiesteraza de tip 5 \u00eempiedic\u0103 producerea de cGMP \u00een organism.\u00a0Citratul de sildenafil func\u021bioneaz\u0103 prin inhibarea acestor enzime.\u00a0Induce erec\u021bia corect\u0103 a penisului \u00een timpul stimul\u0103rii sexuale \u0219i ajut\u0103 la \u00eembun\u0103t\u0103\u021birea actului sexual.<br \/>\nCum s\u0103 lua\u021bi Cenforce 200 mg?\u00a0Consuma\u021bi Cenforce 200 mg pe cale oral\u0103 cu un pahar cu ap\u0103 cu 30 de minute sau o or\u0103 \u00eenainte de a avea activitate sexual\u0103.\u00a0Efectele sale \u00eencep \u00een decurs de 15 minute dup\u0103 administrarea medicamentului \u0219i r\u0103m\u00e2n timp de patru p\u00e2n\u0103 la cinci ore dup\u0103 administrarea acestuia.\u00a0BENEFICII ALE Cenforce 200 mg TABLET<br \/>\n<b>\u00cen disfunc\u021bia erectil\u0103<\/b><br \/>\nCenforce 200 mg comprimat apar\u021bine unui grup de medicamente numite inhibitori PDE5.\u00a0Func\u021bioneaz\u0103 prin relaxarea vaselor de s\u00e2nge din penis.\u00a0Acest lucru permite s\u00e2ngelui s\u0103 curg\u0103 \u00een penis \u0219i s\u0103 produc\u0103 o erec\u021bie atunci c\u00e2nd este excitat sexual.\u00a0Acest medicament v\u0103 va ajuta s\u0103 ob\u021bine\u021bi o erec\u021bie numai dac\u0103 sunte\u021bi stimulat sexual.\u00a0Este foarte eficient, dar trebuie luat cu cel pu\u021bin 30 de minute \u00eenainte de activitatea sexual\u0103.<\/p>\n<p dir=\"ltr\"><b>Efecte secundare ale Cenforce 200 mg:<\/b><br \/>\nCenforce 200 mg are unele efecte secundare care pot varia ca frecven\u021b\u0103 \u0219i severitate de la persoan\u0103 la persoan\u0103, cum ar fi: &#8211;<br \/>\nIndigestie<br \/>\nDiaree<br \/>\nDureri de cap<\/p>\n<p>CenForce 200 \u2013 200mg Sildenafil Citrate<\/p>\n<p>PRODUS ORIGINAL * Centurion Laboratories * INDIA<\/p>\n<p>&nbsp;<\/p>\n","protected":false},"excerpt":{"rendered":"<p>Cenforce D ajut\u0103 la ob\u021binerea \u0219i men\u021binerea erec\u021biei \u0219i la \u00eent\u00e2rzierea ejacul\u0103rii, oferind o solu\u021bie eficient\u0103 pentru \u00eembun\u0103t\u0103\u021birea vie\u021bii sexuale.<br \/>\nRecupera\u021bi-v\u0103 \u00eencrederea cu Cenforce 200 mg! Aceast\u0103 pastil\u0103 poate s\u0103 v\u0103 transforme via\u021ba sexual\u0103 ast\u0103zi. Comanda\u021bi acum!<br \/>\n<strong>La comenzi de peste 500 lei, GRATUIT primiti 10 comprimate de <a href=\"https:\/\/www.farmacie-online.eu\/product\/vidalista-10-mg-10-comprimate\/\">Vidalista 10mg<\/a>.<\/strong><\/p>\n","protected":false},"featured_media":8605,"comment_status":"closed","ping_status":"closed","template":"","meta":{"inline_featured_image":false},"product_brand":[],"product_cat":[78],"product_tag":[100,111,90,112],"class_list":{"0":"post-8602","1":"product","2":"type-product","3":"status-publish","4":"has-post-thumbnail","6":"product_cat-viata-sexuala","7":"product_tag-dapoxetina","8":"product_tag-libidou","9":"product_tag-potenta","10":"product_tag-sildenafil-citrat","12":"first","13":"instock","14":"sale","15":"shipping-taxable","16":"purchasable","17":"product-type-simple"},"yoast_head":"<!-- This site is optimized with the Yoast SEO plugin v26.9 - https:\/\/yoast.com\/product\/yoast-seo-wordpress\/ -->\n<title>Cenforce 200mg - blister10 capsule - Farmacie online!<\/title>\n<meta name=\"description\" content=\"Recupera\u021bi-v\u0103 \u00eencrederea cu Cenforce 200 mg! Aceast\u0103 pastil\u0103 poate s\u0103 v\u0103 transforme via\u021ba sexual\u0103 ast\u0103zi. Comanda\u021bi acum!\" \/>\n<meta name=\"robots\" content=\"index, follow, max-snippet:-1, max-image-preview:large, max-video-preview:-1\" \/>\n<link rel=\"canonical\" href=\"https:\/\/www.farmacie-online.eu\/en_gb\/product\/cenforce-200mg-blister10-capsule\/\" \/>\n<meta property=\"og:locale\" content=\"en_GB\" \/>\n<meta property=\"og:type\" content=\"article\" \/>\n<meta property=\"og:title\" content=\"Cenforce 200mg - blister10 capsule - Farmacie online!\" \/>\n<meta property=\"og:description\" content=\"Recupera\u021bi-v\u0103 \u00eencrederea cu Cenforce 200 mg! Aceast\u0103 pastil\u0103 poate s\u0103 v\u0103 transforme via\u021ba sexual\u0103 ast\u0103zi. Comanda\u021bi acum!\" \/>\n<meta property=\"og:url\" content=\"https:\/\/www.farmacie-online.eu\/en_gb\/product\/cenforce-200mg-blister10-capsule\/\" \/>\n<meta property=\"og:site_name\" content=\"Farmacie online!\" \/>\n<meta property=\"article:modified_time\" content=\"2026-03-31T05:35:28+00:00\" \/>\n<meta property=\"og:image\" content=\"https:\/\/www.farmacie-online.eu\/wp-content\/uploads\/2023\/04\/96959a7a8286bdb35badc9a7aa7611fc.jpg\" \/>\n\t<meta property=\"og:image:width\" content=\"750\" \/>\n\t<meta property=\"og:image:height\" content=\"750\" \/>\n\t<meta property=\"og:image:type\" content=\"image\/jpeg\" \/>\n<meta name=\"twitter:card\" content=\"summary_large_image\" \/>\n<meta name=\"twitter:label1\" content=\"Estimated reading time\" \/>\n\t<meta name=\"twitter:data1\" content=\"3 minutes\" \/>\n<script type=\"application\/ld+json\" class=\"yoast-schema-graph\">{\"@context\":\"https:\/\/schema.org\",\"@graph\":[{\"@type\":\"WebPage\",\"@id\":\"https:\/\/www.farmacie-online.eu\/product\/cenforce-200mg-blister10-capsule\/\",\"url\":\"https:\/\/www.farmacie-online.eu\/product\/cenforce-200mg-blister10-capsule\/\",\"name\":\"Cenforce 200mg - blister10 capsule - Farmacie online!\",\"isPartOf\":{\"@id\":\"https:\/\/www.farmacie-online.eu\/#website\"},\"primaryImageOfPage\":{\"@id\":\"https:\/\/www.farmacie-online.eu\/product\/cenforce-200mg-blister10-capsule\/#primaryimage\"},\"image\":{\"@id\":\"https:\/\/www.farmacie-online.eu\/product\/cenforce-200mg-blister10-capsule\/#primaryimage\"},\"thumbnailUrl\":\"https:\/\/www.farmacie-online.eu\/wp-content\/uploads\/2023\/04\/96959a7a8286bdb35badc9a7aa7611fc.jpg\",\"datePublished\":\"2023-04-20T09:58:52+00:00\",\"dateModified\":\"2026-03-31T05:35:28+00:00\",\"description\":\"Recupera\u021bi-v\u0103 \u00eencrederea cu Cenforce 200 mg! Aceast\u0103 pastil\u0103 poate s\u0103 v\u0103 transforme via\u021ba sexual\u0103 ast\u0103zi. Comanda\u021bi acum!\",\"breadcrumb\":{\"@id\":\"https:\/\/www.farmacie-online.eu\/product\/cenforce-200mg-blister10-capsule\/#breadcrumb\"},\"inLanguage\":\"en-GB\",\"potentialAction\":[{\"@type\":\"ReadAction\",\"target\":[\"https:\/\/www.farmacie-online.eu\/product\/cenforce-200mg-blister10-capsule\/\"]}]},{\"@type\":\"ImageObject\",\"inLanguage\":\"en-GB\",\"@id\":\"https:\/\/www.farmacie-online.eu\/product\/cenforce-200mg-blister10-capsule\/#primaryimage\",\"url\":\"https:\/\/www.farmacie-online.eu\/wp-content\/uploads\/2023\/04\/96959a7a8286bdb35badc9a7aa7611fc.jpg\",\"contentUrl\":\"https:\/\/www.farmacie-online.eu\/wp-content\/uploads\/2023\/04\/96959a7a8286bdb35badc9a7aa7611fc.jpg\",\"width\":750,\"height\":750},{\"@type\":\"BreadcrumbList\",\"@id\":\"https:\/\/www.farmacie-online.eu\/product\/cenforce-200mg-blister10-capsule\/#breadcrumb\",\"itemListElement\":[{\"@type\":\"ListItem\",\"position\":1,\"name\":\"Prima pagin\u0103\",\"item\":\"https:\/\/www.farmacie-online.eu\/\"},{\"@type\":\"ListItem\",\"position\":2,\"name\":\"Produse\",\"item\":\"https:\/\/www.farmacie-online.eu\/produse\/\"},{\"@type\":\"ListItem\",\"position\":3,\"name\":\"Cenforce 200mg &#8211; blister10 capsule\"}]},{\"@type\":\"WebSite\",\"@id\":\"https:\/\/www.farmacie-online.eu\/#website\",\"url\":\"https:\/\/www.farmacie-online.eu\/\",\"name\":\"Farmacie online!\",\"description\":\"Comanzi online, prime\u0219ti rapid!\",\"publisher\":{\"@id\":\"https:\/\/www.farmacie-online.eu\/#organization\"},\"potentialAction\":[{\"@type\":\"SearchAction\",\"target\":{\"@type\":\"EntryPoint\",\"urlTemplate\":\"https:\/\/www.farmacie-online.eu\/?s={search_term_string}\"},\"query-input\":{\"@type\":\"PropertyValueSpecification\",\"valueRequired\":true,\"valueName\":\"search_term_string\"}}],\"inLanguage\":\"en-GB\"},{\"@type\":\"Organization\",\"@id\":\"https:\/\/www.farmacie-online.eu\/#organization\",\"name\":\"Farmacie online!\",\"url\":\"https:\/\/www.farmacie-online.eu\/\",\"logo\":{\"@type\":\"ImageObject\",\"inLanguage\":\"en-GB\",\"@id\":\"https:\/\/www.farmacie-online.eu\/#\/schema\/logo\/image\/\",\"url\":\"https:\/\/www.farmacie-online.eu\/wp-content\/uploads\/2023\/08\/cropped-favicon.webp\",\"contentUrl\":\"https:\/\/www.farmacie-online.eu\/wp-content\/uploads\/2023\/08\/cropped-favicon.webp\",\"width\":500,\"height\":211,\"caption\":\"Farmacie online!\"},\"image\":{\"@id\":\"https:\/\/www.farmacie-online.eu\/#\/schema\/logo\/image\/\"}}]}<\/script>\n<!-- \/ Yoast SEO plugin. -->","yoast_head_json":{"title":"Cenforce 200mg - blister10 capsule - Farmacie online!","description":"Recupera\u021bi-v\u0103 \u00eencrederea cu Cenforce 200 mg! Aceast\u0103 pastil\u0103 poate s\u0103 v\u0103 transforme via\u021ba sexual\u0103 ast\u0103zi. Comanda\u021bi acum!","robots":{"index":"index","follow":"follow","max-snippet":"max-snippet:-1","max-image-preview":"max-image-preview:large","max-video-preview":"max-video-preview:-1"},"canonical":"https:\/\/www.farmacie-online.eu\/en_gb\/product\/cenforce-200mg-blister10-capsule\/","og_locale":"en_GB","og_type":"article","og_title":"Cenforce 200mg - blister10 capsule - Farmacie online!","og_description":"Recupera\u021bi-v\u0103 \u00eencrederea cu Cenforce 200 mg! Aceast\u0103 pastil\u0103 poate s\u0103 v\u0103 transforme via\u021ba sexual\u0103 ast\u0103zi. Comanda\u021bi acum!","og_url":"https:\/\/www.farmacie-online.eu\/en_gb\/product\/cenforce-200mg-blister10-capsule\/","og_site_name":"Farmacie online!","article_modified_time":"2026-03-31T05:35:28+00:00","og_image":[{"width":750,"height":750,"url":"https:\/\/www.farmacie-online.eu\/wp-content\/uploads\/2023\/04\/96959a7a8286bdb35badc9a7aa7611fc.jpg","type":"image\/jpeg"}],"twitter_card":"summary_large_image","twitter_misc":{"Estimated reading time":"3 minutes"},"schema":{"@context":"https:\/\/schema.org","@graph":[{"@type":"WebPage","@id":"https:\/\/www.farmacie-online.eu\/product\/cenforce-200mg-blister10-capsule\/","url":"https:\/\/www.farmacie-online.eu\/product\/cenforce-200mg-blister10-capsule\/","name":"Cenforce 200mg - blister10 capsule - Farmacie online!","isPartOf":{"@id":"https:\/\/www.farmacie-online.eu\/#website"},"primaryImageOfPage":{"@id":"https:\/\/www.farmacie-online.eu\/product\/cenforce-200mg-blister10-capsule\/#primaryimage"},"image":{"@id":"https:\/\/www.farmacie-online.eu\/product\/cenforce-200mg-blister10-capsule\/#primaryimage"},"thumbnailUrl":"https:\/\/www.farmacie-online.eu\/wp-content\/uploads\/2023\/04\/96959a7a8286bdb35badc9a7aa7611fc.jpg","datePublished":"2023-04-20T09:58:52+00:00","dateModified":"2026-03-31T05:35:28+00:00","description":"Recupera\u021bi-v\u0103 \u00eencrederea cu Cenforce 200 mg! Aceast\u0103 pastil\u0103 poate s\u0103 v\u0103 transforme via\u021ba sexual\u0103 ast\u0103zi. Comanda\u021bi acum!","breadcrumb":{"@id":"https:\/\/www.farmacie-online.eu\/product\/cenforce-200mg-blister10-capsule\/#breadcrumb"},"inLanguage":"en-GB","potentialAction":[{"@type":"ReadAction","target":["https:\/\/www.farmacie-online.eu\/product\/cenforce-200mg-blister10-capsule\/"]}]},{"@type":"ImageObject","inLanguage":"en-GB","@id":"https:\/\/www.farmacie-online.eu\/product\/cenforce-200mg-blister10-capsule\/#primaryimage","url":"https:\/\/www.farmacie-online.eu\/wp-content\/uploads\/2023\/04\/96959a7a8286bdb35badc9a7aa7611fc.jpg","contentUrl":"https:\/\/www.farmacie-online.eu\/wp-content\/uploads\/2023\/04\/96959a7a8286bdb35badc9a7aa7611fc.jpg","width":750,"height":750},{"@type":"BreadcrumbList","@id":"https:\/\/www.farmacie-online.eu\/product\/cenforce-200mg-blister10-capsule\/#breadcrumb","itemListElement":[{"@type":"ListItem","position":1,"name":"Prima pagin\u0103","item":"https:\/\/www.farmacie-online.eu\/"},{"@type":"ListItem","position":2,"name":"Produse","item":"https:\/\/www.farmacie-online.eu\/produse\/"},{"@type":"ListItem","position":3,"name":"Cenforce 200mg &#8211; blister10 capsule"}]},{"@type":"WebSite","@id":"https:\/\/www.farmacie-online.eu\/#website","url":"https:\/\/www.farmacie-online.eu\/","name":"Farmacie online!","description":"Comanzi online, prime\u0219ti rapid!","publisher":{"@id":"https:\/\/www.farmacie-online.eu\/#organization"},"potentialAction":[{"@type":"SearchAction","target":{"@type":"EntryPoint","urlTemplate":"https:\/\/www.farmacie-online.eu\/?s={search_term_string}"},"query-input":{"@type":"PropertyValueSpecification","valueRequired":true,"valueName":"search_term_string"}}],"inLanguage":"en-GB"},{"@type":"Organization","@id":"https:\/\/www.farmacie-online.eu\/#organization","name":"Farmacie online!","url":"https:\/\/www.farmacie-online.eu\/","logo":{"@type":"ImageObject","inLanguage":"en-GB","@id":"https:\/\/www.farmacie-online.eu\/#\/schema\/logo\/image\/","url":"https:\/\/www.farmacie-online.eu\/wp-content\/uploads\/2023\/08\/cropped-favicon.webp","contentUrl":"https:\/\/www.farmacie-online.eu\/wp-content\/uploads\/2023\/08\/cropped-favicon.webp","width":500,"height":211,"caption":"Farmacie online!"},"image":{"@id":"https:\/\/www.farmacie-online.eu\/#\/schema\/logo\/image\/"}}]}},"jetpack_sharing_enabled":true,"_links":{"self":[{"href":"https:\/\/www.farmacie-online.eu\/en_gb\/wp-json\/wp\/v2\/product\/8602","targetHints":{"allow":["GET"]}}],"collection":[{"href":"https:\/\/www.farmacie-online.eu\/en_gb\/wp-json\/wp\/v2\/product"}],"about":[{"href":"https:\/\/www.farmacie-online.eu\/en_gb\/wp-json\/wp\/v2\/types\/product"}],"replies":[{"embeddable":true,"href":"https:\/\/www.farmacie-online.eu\/en_gb\/wp-json\/wp\/v2\/comments?post=8602"}],"wp:featuredmedia":[{"embeddable":true,"href":"https:\/\/www.farmacie-online.eu\/en_gb\/wp-json\/wp\/v2\/media\/8605"}],"wp:attachment":[{"href":"https:\/\/www.farmacie-online.eu\/en_gb\/wp-json\/wp\/v2\/media?parent=8602"}],"wp:term":[{"taxonomy":"product_brand","embeddable":true,"href":"https:\/\/www.farmacie-online.eu\/en_gb\/wp-json\/wp\/v2\/product_brand?post=8602"},{"taxonomy":"product_cat","embeddable":true,"href":"https:\/\/www.farmacie-online.eu\/en_gb\/wp-json\/wp\/v2\/product_cat?post=8602"},{"taxonomy":"product_tag","embeddable":true,"href":"https:\/\/www.farmacie-online.eu\/en_gb\/wp-json\/wp\/v2\/product_tag?post=8602"}],"curies":[{"name":"wp","href":"https:\/\/api.w.org\/{rel}","templated":true}]}}