{"id":8536,"date":"2023-04-18T18:51:15","date_gmt":"2023-04-18T16:51:15","guid":{"rendered":"https:\/\/farmacie-online.eu\/?post_type=product&#038;p=8536"},"modified":"2026-03-31T08:13:29","modified_gmt":"2026-03-31T06:13:29","slug":"vidalista-10-mg-10-comprimate","status":"publish","type":"product","link":"https:\/\/www.farmacie-online.eu\/en_gb\/product\/vidalista-10-mg-10-comprimate\/","title":{"rendered":"Vidalista 10 mg &#8211; 10 comprimate"},"content":{"rendered":"<p><strong>TADALAFIL 10mg, 20 mg, 40mg si 80 mg\/ tableta\u00a0<\/strong><\/p>\n<p>Vidalista este tratamentul ideal pentru disfunctii erectile (DE), fiind in acelasi timp un stimulent sexual excelent pentru barbatii care nu sufera de sindrmul DE, dar care-si doresc foarte multa distractie si\/sau performante sexuale iesite din comun.<\/p>\n<p>Spre deosebire de sildenafil (substanta activa din mult mai cunoscuta Viagra), al carei efect dureaza aproximativ 6 ore, in cazul Vidalista\u00a0 efectul este mult mai indelungat, putand ajunge la 36 de ore. Acesta este motivul pentru care pastilele pe baza de tadalafil cum este Vidalista\u00a0 poarta numele de \u201epilula de week-end\u201d.<\/p>\n<p>Cum se administreaza Vidalista ?<br \/>\nTableta de Vidalista\u00a0 se inghite ca atare, cu aproximativ 20 \u2013 40 minute inainte de inceperea preludiului.<br \/>\nAtentie: fara stimulare sexuala: mangaieri, saruturi, atingeri, etc. efectul pastilei este limitat. Daca administrarea tabletei se face in timpul mesei, absorbtia in sange va fi mai lenta, deci efectul dorit va aparea cu o oarecare intarziere.<br \/>\nEste preferabil ca administrarea tabletei de Vidalista\u00a0 sa nu fie insotita de consum de alcool, consum de bauturi energizante, consum exagerat de cafea sau consum exagerat de grasimi si de asemenea sa nu se repete la mai putin de 24 ore.<\/p>\n<p>Contraindicatii:<br \/>\nCombinarea Vidalista\u00a0 cu medicamente continand orice fel de nitrati trebuie evitata. De asemenea este contraindicata administrarea produsului, persoanelor care folosesc donori de oxid de azot (ex: nitritul de amil) cat si acelora carora activitatea sexuala le este contraindicata (ex: cei cu tulburari cardiovasculare, angina sau cu insuficienta cardiaca severa) sau celor alergici sau hipersensibili la tadalafil.<\/p>\n<p>Produs original Centurion Laboratories, INDIA.<\/p>\n","protected":false},"excerpt":{"rendered":"<p>Vidalista 10 mg con\u021bine tadalafil \u0219i ofer\u0103 efect de lung\u0103 durat\u0103 \u00een tratamentul disfunc\u021biei erectile, \u00eembun\u0103t\u0103\u021bind circula\u021bia sanguin\u0103 \u0219i performan\u021ba sexual\u0103.<br \/>\n<strong>La comenzi de peste 500 lei, GRATUIT primiti 10 comprimate de <a href=\"https:\/\/www.farmacie-online.eu\/product\/vidalista-10-mg-10-comprimate\/\">Vidalista 10mg<\/a>.<\/strong><br \/>\n<strong>TADALAFIL 10mg, 20 mg, 40mg, 60mg si 80 mg\/ tableta\u00a0<\/strong><br \/>\nVidalista este tratamentul ideal pentru disfunctii erectile (DE), fiind in acelasi timp un stimulent sexual excelent pentru barbatii care nu sufera de sindrmul DE, dar care-si doresc foarte multa distractie si\/sau performante sexuale iesite din comun.<\/p>\n","protected":false},"featured_media":8552,"comment_status":"open","ping_status":"closed","template":"","meta":{"inline_featured_image":false},"product_brand":[],"product_cat":[78],"product_tag":[35,91,90,53,92],"class_list":{"0":"post-8536","1":"product","2":"type-product","3":"status-publish","4":"has-post-thumbnail","6":"product_cat-viata-sexuala","7":"product_tag-cialis","8":"product_tag-disfunctie-erectila","9":"product_tag-potenta","10":"product_tag-tadalafil","11":"product_tag-vidalista","13":"first","14":"instock","15":"shipping-taxable","16":"purchasable","17":"product-type-simple"},"yoast_head":"<!-- This site is optimized with the Yoast SEO plugin v27.4 - https:\/\/yoast.com\/product\/yoast-seo-wordpress\/ -->\n<title>Vidalista 10 mg - 10 comprimate - Farmacie online!<\/title>\n<meta name=\"description\" content=\"Vidalista 10 mg con\u021bine tadalafil \u0219i ofer\u0103 efect de lung\u0103 durat\u0103 \u00een tratamentul disfunc\u021biei erectile, \u00eembun\u0103t\u0103\u021bind circula\u021bia sanguin\u0103 \u0219i performan\u021ba sexual\u0103. Vidalista 10 mg - 10 comprimate\" \/>\n<meta name=\"robots\" content=\"index, follow, max-snippet:-1, max-image-preview:large, max-video-preview:-1\" \/>\n<link rel=\"canonical\" href=\"https:\/\/www.farmacie-online.eu\/en_gb\/product\/vidalista-10-mg-10-comprimate\/\" \/>\n<meta property=\"og:locale\" content=\"en_GB\" \/>\n<meta property=\"og:type\" content=\"article\" \/>\n<meta property=\"og:title\" content=\"Vidalista 10 mg - 10 comprimate - Farmacie online!\" \/>\n<meta property=\"og:description\" content=\"Vidalista 10 mg con\u021bine tadalafil \u0219i ofer\u0103 efect de lung\u0103 durat\u0103 \u00een tratamentul disfunc\u021biei erectile, \u00eembun\u0103t\u0103\u021bind circula\u021bia sanguin\u0103 \u0219i performan\u021ba sexual\u0103. Vidalista 10 mg - 10 comprimate\" \/>\n<meta property=\"og:url\" content=\"https:\/\/www.farmacie-online.eu\/en_gb\/product\/vidalista-10-mg-10-comprimate\/\" \/>\n<meta property=\"og:site_name\" content=\"Farmacie online!\" \/>\n<meta property=\"article:modified_time\" content=\"2026-03-31T06:13:29+00:00\" \/>\n<meta property=\"og:image\" content=\"https:\/\/www.farmacie-online.eu\/wp-content\/uploads\/2023\/04\/tadalafil-10-mg-farmacie-online-1.jpg\" \/>\n\t<meta property=\"og:image:width\" content=\"960\" \/>\n\t<meta property=\"og:image:height\" content=\"600\" \/>\n\t<meta property=\"og:image:type\" content=\"image\/jpeg\" \/>\n<meta name=\"twitter:card\" content=\"summary_large_image\" \/>\n<meta name=\"twitter:label1\" content=\"Estimated reading time\" \/>\n\t<meta name=\"twitter:data1\" content=\"2 minutes\" \/>\n<script type=\"application\/ld+json\" class=\"yoast-schema-graph\">{\"@context\":\"https:\\\/\\\/schema.org\",\"@graph\":[{\"@type\":\"WebPage\",\"@id\":\"https:\\\/\\\/www.farmacie-online.eu\\\/product\\\/vidalista-10-mg-10-comprimate\\\/\",\"url\":\"https:\\\/\\\/www.farmacie-online.eu\\\/product\\\/vidalista-10-mg-10-comprimate\\\/\",\"name\":\"Vidalista 10 mg - 10 comprimate - Farmacie online!\",\"isPartOf\":{\"@id\":\"https:\\\/\\\/www.farmacie-online.eu\\\/#website\"},\"primaryImageOfPage\":{\"@id\":\"https:\\\/\\\/www.farmacie-online.eu\\\/product\\\/vidalista-10-mg-10-comprimate\\\/#primaryimage\"},\"image\":{\"@id\":\"https:\\\/\\\/www.farmacie-online.eu\\\/product\\\/vidalista-10-mg-10-comprimate\\\/#primaryimage\"},\"thumbnailUrl\":\"https:\\\/\\\/www.farmacie-online.eu\\\/wp-content\\\/uploads\\\/2023\\\/04\\\/tadalafil-10-mg-farmacie-online-1.jpg\",\"datePublished\":\"2023-04-18T16:51:15+00:00\",\"dateModified\":\"2026-03-31T06:13:29+00:00\",\"description\":\"Vidalista 10 mg con\u021bine tadalafil \u0219i ofer\u0103 efect de lung\u0103 durat\u0103 \u00een tratamentul disfunc\u021biei erectile, \u00eembun\u0103t\u0103\u021bind circula\u021bia sanguin\u0103 \u0219i performan\u021ba sexual\u0103. Vidalista 10 mg - 10 comprimate\",\"breadcrumb\":{\"@id\":\"https:\\\/\\\/www.farmacie-online.eu\\\/product\\\/vidalista-10-mg-10-comprimate\\\/#breadcrumb\"},\"inLanguage\":\"en-GB\",\"potentialAction\":[{\"@type\":\"ReadAction\",\"target\":[\"https:\\\/\\\/www.farmacie-online.eu\\\/product\\\/vidalista-10-mg-10-comprimate\\\/\"]}]},{\"@type\":\"ImageObject\",\"inLanguage\":\"en-GB\",\"@id\":\"https:\\\/\\\/www.farmacie-online.eu\\\/product\\\/vidalista-10-mg-10-comprimate\\\/#primaryimage\",\"url\":\"https:\\\/\\\/www.farmacie-online.eu\\\/wp-content\\\/uploads\\\/2023\\\/04\\\/tadalafil-10-mg-farmacie-online-1.jpg\",\"contentUrl\":\"https:\\\/\\\/www.farmacie-online.eu\\\/wp-content\\\/uploads\\\/2023\\\/04\\\/tadalafil-10-mg-farmacie-online-1.jpg\",\"width\":960,\"height\":600},{\"@type\":\"BreadcrumbList\",\"@id\":\"https:\\\/\\\/www.farmacie-online.eu\\\/product\\\/vidalista-10-mg-10-comprimate\\\/#breadcrumb\",\"itemListElement\":[{\"@type\":\"ListItem\",\"position\":1,\"name\":\"Prima pagin\u0103\",\"item\":\"https:\\\/\\\/www.farmacie-online.eu\\\/\"},{\"@type\":\"ListItem\",\"position\":2,\"name\":\"Produse\",\"item\":\"https:\\\/\\\/www.farmacie-online.eu\\\/produse\\\/\"},{\"@type\":\"ListItem\",\"position\":3,\"name\":\"Vidalista 10 mg &#8211; 10 comprimate\"}]},{\"@type\":\"WebSite\",\"@id\":\"https:\\\/\\\/www.farmacie-online.eu\\\/#website\",\"url\":\"https:\\\/\\\/www.farmacie-online.eu\\\/\",\"name\":\"Farmacie online!\",\"description\":\"Comanzi online, prime\u0219ti rapid!\",\"publisher\":{\"@id\":\"https:\\\/\\\/www.farmacie-online.eu\\\/#organization\"},\"potentialAction\":[{\"@type\":\"SearchAction\",\"target\":{\"@type\":\"EntryPoint\",\"urlTemplate\":\"https:\\\/\\\/www.farmacie-online.eu\\\/?s={search_term_string}\"},\"query-input\":{\"@type\":\"PropertyValueSpecification\",\"valueRequired\":true,\"valueName\":\"search_term_string\"}}],\"inLanguage\":\"en-GB\"},{\"@type\":\"Organization\",\"@id\":\"https:\\\/\\\/www.farmacie-online.eu\\\/#organization\",\"name\":\"Farmacie online!\",\"url\":\"https:\\\/\\\/www.farmacie-online.eu\\\/\",\"logo\":{\"@type\":\"ImageObject\",\"inLanguage\":\"en-GB\",\"@id\":\"https:\\\/\\\/www.farmacie-online.eu\\\/#\\\/schema\\\/logo\\\/image\\\/\",\"url\":\"https:\\\/\\\/www.farmacie-online.eu\\\/wp-content\\\/uploads\\\/2023\\\/08\\\/cropped-favicon.webp\",\"contentUrl\":\"https:\\\/\\\/www.farmacie-online.eu\\\/wp-content\\\/uploads\\\/2023\\\/08\\\/cropped-favicon.webp\",\"width\":500,\"height\":211,\"caption\":\"Farmacie online!\"},\"image\":{\"@id\":\"https:\\\/\\\/www.farmacie-online.eu\\\/#\\\/schema\\\/logo\\\/image\\\/\"}}]}<\/script>\n<!-- \/ Yoast SEO plugin. -->","yoast_head_json":{"title":"Vidalista 10 mg - 10 comprimate - Farmacie online!","description":"Vidalista 10 mg con\u021bine tadalafil \u0219i ofer\u0103 efect de lung\u0103 durat\u0103 \u00een tratamentul disfunc\u021biei erectile, \u00eembun\u0103t\u0103\u021bind circula\u021bia sanguin\u0103 \u0219i performan\u021ba sexual\u0103. Vidalista 10 mg - 10 comprimate","robots":{"index":"index","follow":"follow","max-snippet":"max-snippet:-1","max-image-preview":"max-image-preview:large","max-video-preview":"max-video-preview:-1"},"canonical":"https:\/\/www.farmacie-online.eu\/en_gb\/product\/vidalista-10-mg-10-comprimate\/","og_locale":"en_GB","og_type":"article","og_title":"Vidalista 10 mg - 10 comprimate - Farmacie online!","og_description":"Vidalista 10 mg con\u021bine tadalafil \u0219i ofer\u0103 efect de lung\u0103 durat\u0103 \u00een tratamentul disfunc\u021biei erectile, \u00eembun\u0103t\u0103\u021bind circula\u021bia sanguin\u0103 \u0219i performan\u021ba sexual\u0103. Vidalista 10 mg - 10 comprimate","og_url":"https:\/\/www.farmacie-online.eu\/en_gb\/product\/vidalista-10-mg-10-comprimate\/","og_site_name":"Farmacie online!","article_modified_time":"2026-03-31T06:13:29+00:00","og_image":[{"width":960,"height":600,"url":"https:\/\/www.farmacie-online.eu\/wp-content\/uploads\/2023\/04\/tadalafil-10-mg-farmacie-online-1.jpg","type":"image\/jpeg"}],"twitter_card":"summary_large_image","twitter_misc":{"Estimated reading time":"2 minutes"},"schema":{"@context":"https:\/\/schema.org","@graph":[{"@type":"WebPage","@id":"https:\/\/www.farmacie-online.eu\/product\/vidalista-10-mg-10-comprimate\/","url":"https:\/\/www.farmacie-online.eu\/product\/vidalista-10-mg-10-comprimate\/","name":"Vidalista 10 mg - 10 comprimate - Farmacie online!","isPartOf":{"@id":"https:\/\/www.farmacie-online.eu\/#website"},"primaryImageOfPage":{"@id":"https:\/\/www.farmacie-online.eu\/product\/vidalista-10-mg-10-comprimate\/#primaryimage"},"image":{"@id":"https:\/\/www.farmacie-online.eu\/product\/vidalista-10-mg-10-comprimate\/#primaryimage"},"thumbnailUrl":"https:\/\/www.farmacie-online.eu\/wp-content\/uploads\/2023\/04\/tadalafil-10-mg-farmacie-online-1.jpg","datePublished":"2023-04-18T16:51:15+00:00","dateModified":"2026-03-31T06:13:29+00:00","description":"Vidalista 10 mg con\u021bine tadalafil \u0219i ofer\u0103 efect de lung\u0103 durat\u0103 \u00een tratamentul disfunc\u021biei erectile, \u00eembun\u0103t\u0103\u021bind circula\u021bia sanguin\u0103 \u0219i performan\u021ba sexual\u0103. Vidalista 10 mg - 10 comprimate","breadcrumb":{"@id":"https:\/\/www.farmacie-online.eu\/product\/vidalista-10-mg-10-comprimate\/#breadcrumb"},"inLanguage":"en-GB","potentialAction":[{"@type":"ReadAction","target":["https:\/\/www.farmacie-online.eu\/product\/vidalista-10-mg-10-comprimate\/"]}]},{"@type":"ImageObject","inLanguage":"en-GB","@id":"https:\/\/www.farmacie-online.eu\/product\/vidalista-10-mg-10-comprimate\/#primaryimage","url":"https:\/\/www.farmacie-online.eu\/wp-content\/uploads\/2023\/04\/tadalafil-10-mg-farmacie-online-1.jpg","contentUrl":"https:\/\/www.farmacie-online.eu\/wp-content\/uploads\/2023\/04\/tadalafil-10-mg-farmacie-online-1.jpg","width":960,"height":600},{"@type":"BreadcrumbList","@id":"https:\/\/www.farmacie-online.eu\/product\/vidalista-10-mg-10-comprimate\/#breadcrumb","itemListElement":[{"@type":"ListItem","position":1,"name":"Prima pagin\u0103","item":"https:\/\/www.farmacie-online.eu\/"},{"@type":"ListItem","position":2,"name":"Produse","item":"https:\/\/www.farmacie-online.eu\/produse\/"},{"@type":"ListItem","position":3,"name":"Vidalista 10 mg &#8211; 10 comprimate"}]},{"@type":"WebSite","@id":"https:\/\/www.farmacie-online.eu\/#website","url":"https:\/\/www.farmacie-online.eu\/","name":"Farmacie online!","description":"Comanzi online, prime\u0219ti rapid!","publisher":{"@id":"https:\/\/www.farmacie-online.eu\/#organization"},"potentialAction":[{"@type":"SearchAction","target":{"@type":"EntryPoint","urlTemplate":"https:\/\/www.farmacie-online.eu\/?s={search_term_string}"},"query-input":{"@type":"PropertyValueSpecification","valueRequired":true,"valueName":"search_term_string"}}],"inLanguage":"en-GB"},{"@type":"Organization","@id":"https:\/\/www.farmacie-online.eu\/#organization","name":"Farmacie online!","url":"https:\/\/www.farmacie-online.eu\/","logo":{"@type":"ImageObject","inLanguage":"en-GB","@id":"https:\/\/www.farmacie-online.eu\/#\/schema\/logo\/image\/","url":"https:\/\/www.farmacie-online.eu\/wp-content\/uploads\/2023\/08\/cropped-favicon.webp","contentUrl":"https:\/\/www.farmacie-online.eu\/wp-content\/uploads\/2023\/08\/cropped-favicon.webp","width":500,"height":211,"caption":"Farmacie online!"},"image":{"@id":"https:\/\/www.farmacie-online.eu\/#\/schema\/logo\/image\/"}}]}},"jetpack_sharing_enabled":true,"_links":{"self":[{"href":"https:\/\/www.farmacie-online.eu\/en_gb\/wp-json\/wp\/v2\/product\/8536","targetHints":{"allow":["GET"]}}],"collection":[{"href":"https:\/\/www.farmacie-online.eu\/en_gb\/wp-json\/wp\/v2\/product"}],"about":[{"href":"https:\/\/www.farmacie-online.eu\/en_gb\/wp-json\/wp\/v2\/types\/product"}],"replies":[{"embeddable":true,"href":"https:\/\/www.farmacie-online.eu\/en_gb\/wp-json\/wp\/v2\/comments?post=8536"}],"wp:featuredmedia":[{"embeddable":true,"href":"https:\/\/www.farmacie-online.eu\/en_gb\/wp-json\/wp\/v2\/media\/8552"}],"wp:attachment":[{"href":"https:\/\/www.farmacie-online.eu\/en_gb\/wp-json\/wp\/v2\/media?parent=8536"}],"wp:term":[{"taxonomy":"product_brand","embeddable":true,"href":"https:\/\/www.farmacie-online.eu\/en_gb\/wp-json\/wp\/v2\/product_brand?post=8536"},{"taxonomy":"product_cat","embeddable":true,"href":"https:\/\/www.farmacie-online.eu\/en_gb\/wp-json\/wp\/v2\/product_cat?post=8536"},{"taxonomy":"product_tag","embeddable":true,"href":"https:\/\/www.farmacie-online.eu\/en_gb\/wp-json\/wp\/v2\/product_tag?post=8536"}],"curies":[{"name":"wp","href":"https:\/\/api.w.org\/{rel}","templated":true}]}}