{"id":258,"date":"2020-10-21T08:31:29","date_gmt":"2020-10-21T08:31:29","guid":{"rendered":"http:\/\/source.wpopal.com\/medilazar\/product\/organika-salmon-collagen\/"},"modified":"2026-03-30T14:24:36","modified_gmt":"2026-03-30T12:24:36","slug":"cenforce-100-mg-este-un-brand-care-este-fabricat-de-centurion-laboratories","status":"publish","type":"product","link":"https:\/\/www.farmacie-online.eu\/en_gb\/product\/cenforce-100-mg-este-un-brand-care-este-fabricat-de-centurion-laboratories\/","title":{"rendered":"Cenforce 100mg &#8211;  blister10 capsule"},"content":{"rendered":"<p>Cenforce 100 \u00a0mg este un brand care este fabricat de Centurion Laboratories \u0219i este foarte recomandat de medici pentru tratarea disfunc\u021biei erectile.<br \/>\nCenforce 100 \u00a0mg este o pastil\u0103 care con\u021bine citrat de sildenafil cu o concentra\u021bie de 100 mg. Este o doz\u0103 de citrat de sildenafil \u0219i prin urmare, ar trebui utilizat\u0103 numai \u00een cazuri\u00a0 de disfunc\u021bie erectil\u0103.<br \/>\n<strong>Utiliz\u0103ri medicale:<\/strong><br \/>\nCenforce 100 \u00a0mg con\u021bine citrat de sildenafil, un ingredient medical activ care ajut\u0103 \u00een tratamentul disfunc\u021biei erectile.<br \/>\nDisfunc\u021bia erectil\u0103 este o disfunc\u021bie sexual\u0103 la b\u0103rba\u021bi \u00een care ob\u021binerea \u0219i men\u021binerea unei erec\u021bii satisf\u0103c\u0103toare este un aspect discutabil.<br \/>\nCum func\u021bioneaz\u0103 Cenforce 100 \u00a0mg?<br \/>\nCenforce are ca sare citrat de sildenafil, care func\u021bioneaz\u0103 prin cre\u0219terea nivelului de cGMP (guanozin monofosfat ciclic), care este responsabil pentru relaxarea mu\u0219chilor \u0219i are ca rezultat o cre\u0219tere a fluxului de s\u00e2nge prin penis.<br \/>\nDisfunc\u021bia erectil\u0103 apare atunci c\u00e2nd enzimele cunoscute sub numele de fosfodiesteraza de tip 5 \u00eempiedic\u0103 producerea de cGMP \u00een organism.\u00a0Citratul de sildenafil func\u021bioneaz\u0103 prin inhibarea acestor enzime.\u00a0Induce erec\u021bia corect\u0103 a penisului \u00een timpul stimul\u0103rii sexuale \u0219i ajut\u0103 la \u00eembun\u0103t\u0103\u021birea actului sexual.<br \/>\nCum s\u0103 lua\u021bi Cenforce 100 \u00a0mg?<br \/>\nConsuma\u021bi Cenforce 100 \u00a0mg pe cale oral\u0103 cu un pahar cu ap\u0103 cu 30 de minute sau o or\u0103 \u00eenainte de a avea activitate sexual\u0103.\u00a0Efectele sale \u00eencep \u00een decurs de 15 minute dup\u0103 administrarea medicamentului \u0219i r\u0103m\u00e2n timp de patru p\u00e2n\u0103 la cinci ore dup\u0103 administrarea acestuia.\u00a0BENEFICII ALE Cenforce 100 \u00a0mg TABLET<br \/>\n<strong>\u00cen disfunc\u021bia erectil\u0103<\/strong><br \/>\nCenforce 100 \u00a0mg comprimat apar\u021bine unui grup de medicamente numite inhibitori PDE5.\u00a0Func\u021bioneaz\u0103 prin relaxarea vaselor de s\u00e2nge din penis.\u00a0Acest lucru permite s\u00e2ngelui s\u0103 curg\u0103 \u00een penis \u0219i s\u0103 produc\u0103 o erec\u021bie atunci c\u00e2nd este excitat sexual.\u00a0Acest medicament v\u0103 va ajuta s\u0103 ob\u021bine\u021bi o erec\u021bie numai dac\u0103 sunte\u021bi stimulat sexual.\u00a0Este foarte eficient, dar trebuie luat cu cel pu\u021bin 30 de minute \u00eenainte de activitatea sexual\u0103.<\/p>\n<p><strong>Efecte secundare ale Cenforce 100 \u00a0mg:<\/strong><br \/>\nCenforce 100 \u00a0mg are unele efecte secundare care pot varia ca frecven\u021b\u0103 \u0219i severitate de la persoan\u0103 la persoan\u0103, cum ar fi: &#8211;<br \/>\nIndigestie<br \/>\nDiaree<br \/>\nDureri de cap<\/p>\n<p>Cenforce 100 \u00a0\u2013 100mg Sildenafil Citrate<\/p>\n<p>PRODUS ORIGINAL * Centurion Laboratories * INDIA<\/p>\n","protected":false},"excerpt":{"rendered":"<p>\u00cembun\u0103t\u0103\u021bi\u021bi-v\u0103 via\u021ba sexual\u0103 cu Cenforce 100 mg, o pastil\u0103 eficient\u0103 recomandat\u0103 pentru disfunc\u021bia erectil\u0103. Alege calitatea oferit\u0103 de Centurion Laboratories!<br \/>\nVa sfatuim sa\u00a0<em>consultati un medic<\/em>\u00a0 &#8230; <em>inainte de a plasa comanda<\/em>.<\/p>\n","protected":false},"featured_media":8524,"comment_status":"open","ping_status":"closed","template":"","meta":{"inline_featured_image":false},"product_brand":[],"product_cat":[78],"product_tag":[57,46],"class_list":{"0":"post-258","1":"product","2":"type-product","3":"status-publish","4":"has-post-thumbnail","6":"product_cat-viata-sexuala","7":"product_tag-avanafil","8":"product_tag-fructe","10":"first","11":"instock","12":"sale","13":"featured","14":"shipping-taxable","15":"purchasable","16":"product-type-simple"},"yoast_head":"<!-- This site is optimized with the Yoast SEO plugin v27.4 - https:\/\/yoast.com\/product\/yoast-seo-wordpress\/ -->\n<title>Cenforce 100mg - blister10 capsule - Farmacie online!<\/title>\n<meta name=\"description\" content=\"\u00cembun\u0103t\u0103\u021bi\u021bi-v\u0103 via\u021ba sexual\u0103 cu Cenforce 100 mg, o pastil\u0103 eficient\u0103 recomandat\u0103 pentru disfunc\u021bia erectil\u0103. Alege calitatea oferit\u0103 de Centurion Laboratories!\" \/>\n<meta name=\"robots\" content=\"index, follow, max-snippet:-1, max-image-preview:large, max-video-preview:-1\" \/>\n<link rel=\"canonical\" href=\"https:\/\/www.farmacie-online.eu\/en_gb\/product\/cenforce-100-mg-este-un-brand-care-este-fabricat-de-centurion-laboratories\/\" \/>\n<meta property=\"og:locale\" content=\"en_GB\" \/>\n<meta property=\"og:type\" content=\"article\" \/>\n<meta property=\"og:title\" content=\"Cenforce 100mg - blister10 capsule - Farmacie online!\" \/>\n<meta property=\"og:description\" content=\"\u00cembun\u0103t\u0103\u021bi\u021bi-v\u0103 via\u021ba sexual\u0103 cu Cenforce 100 mg, o pastil\u0103 eficient\u0103 recomandat\u0103 pentru disfunc\u021bia erectil\u0103. Alege calitatea oferit\u0103 de Centurion Laboratories!\" \/>\n<meta property=\"og:url\" content=\"https:\/\/www.farmacie-online.eu\/en_gb\/product\/cenforce-100-mg-este-un-brand-care-este-fabricat-de-centurion-laboratories\/\" \/>\n<meta property=\"og:site_name\" content=\"Farmacie online!\" \/>\n<meta property=\"article:modified_time\" content=\"2026-03-30T12:24:36+00:00\" \/>\n<meta property=\"og:image\" content=\"https:\/\/www.farmacie-online.eu\/wp-content\/uploads\/2023\/04\/viagra_cenforce100mg.jpg\" \/>\n\t<meta property=\"og:image:width\" content=\"1000\" \/>\n\t<meta property=\"og:image:height\" content=\"643\" \/>\n\t<meta property=\"og:image:type\" content=\"image\/jpeg\" \/>\n<meta name=\"twitter:card\" content=\"summary_large_image\" \/>\n<meta name=\"twitter:label1\" content=\"Estimated reading time\" \/>\n\t<meta name=\"twitter:data1\" content=\"3 minutes\" \/>\n<script type=\"application\/ld+json\" class=\"yoast-schema-graph\">{\"@context\":\"https:\\\/\\\/schema.org\",\"@graph\":[{\"@type\":\"WebPage\",\"@id\":\"https:\\\/\\\/www.farmacie-online.eu\\\/product\\\/cenforce-100-mg-este-un-brand-care-este-fabricat-de-centurion-laboratories\\\/\",\"url\":\"https:\\\/\\\/www.farmacie-online.eu\\\/product\\\/cenforce-100-mg-este-un-brand-care-este-fabricat-de-centurion-laboratories\\\/\",\"name\":\"Cenforce 100mg - blister10 capsule - Farmacie online!\",\"isPartOf\":{\"@id\":\"https:\\\/\\\/www.farmacie-online.eu\\\/#website\"},\"primaryImageOfPage\":{\"@id\":\"https:\\\/\\\/www.farmacie-online.eu\\\/product\\\/cenforce-100-mg-este-un-brand-care-este-fabricat-de-centurion-laboratories\\\/#primaryimage\"},\"image\":{\"@id\":\"https:\\\/\\\/www.farmacie-online.eu\\\/product\\\/cenforce-100-mg-este-un-brand-care-este-fabricat-de-centurion-laboratories\\\/#primaryimage\"},\"thumbnailUrl\":\"https:\\\/\\\/www.farmacie-online.eu\\\/wp-content\\\/uploads\\\/2023\\\/04\\\/viagra_cenforce100mg.jpg\",\"datePublished\":\"2020-10-21T08:31:29+00:00\",\"dateModified\":\"2026-03-30T12:24:36+00:00\",\"description\":\"\u00cembun\u0103t\u0103\u021bi\u021bi-v\u0103 via\u021ba sexual\u0103 cu Cenforce 100 mg, o pastil\u0103 eficient\u0103 recomandat\u0103 pentru disfunc\u021bia erectil\u0103. Alege calitatea oferit\u0103 de Centurion Laboratories!\",\"breadcrumb\":{\"@id\":\"https:\\\/\\\/www.farmacie-online.eu\\\/product\\\/cenforce-100-mg-este-un-brand-care-este-fabricat-de-centurion-laboratories\\\/#breadcrumb\"},\"inLanguage\":\"en-GB\",\"potentialAction\":[{\"@type\":\"ReadAction\",\"target\":[\"https:\\\/\\\/www.farmacie-online.eu\\\/product\\\/cenforce-100-mg-este-un-brand-care-este-fabricat-de-centurion-laboratories\\\/\"]}]},{\"@type\":\"ImageObject\",\"inLanguage\":\"en-GB\",\"@id\":\"https:\\\/\\\/www.farmacie-online.eu\\\/product\\\/cenforce-100-mg-este-un-brand-care-este-fabricat-de-centurion-laboratories\\\/#primaryimage\",\"url\":\"https:\\\/\\\/www.farmacie-online.eu\\\/wp-content\\\/uploads\\\/2023\\\/04\\\/viagra_cenforce100mg.jpg\",\"contentUrl\":\"https:\\\/\\\/www.farmacie-online.eu\\\/wp-content\\\/uploads\\\/2023\\\/04\\\/viagra_cenforce100mg.jpg\",\"width\":1000,\"height\":643},{\"@type\":\"BreadcrumbList\",\"@id\":\"https:\\\/\\\/www.farmacie-online.eu\\\/product\\\/cenforce-100-mg-este-un-brand-care-este-fabricat-de-centurion-laboratories\\\/#breadcrumb\",\"itemListElement\":[{\"@type\":\"ListItem\",\"position\":1,\"name\":\"Prima pagin\u0103\",\"item\":\"https:\\\/\\\/www.farmacie-online.eu\\\/\"},{\"@type\":\"ListItem\",\"position\":2,\"name\":\"Produse\",\"item\":\"https:\\\/\\\/www.farmacie-online.eu\\\/produse\\\/\"},{\"@type\":\"ListItem\",\"position\":3,\"name\":\"Cenforce 100mg &#8211; blister10 capsule\"}]},{\"@type\":\"WebSite\",\"@id\":\"https:\\\/\\\/www.farmacie-online.eu\\\/#website\",\"url\":\"https:\\\/\\\/www.farmacie-online.eu\\\/\",\"name\":\"Farmacie online!\",\"description\":\"Comanzi online, prime\u0219ti rapid!\",\"publisher\":{\"@id\":\"https:\\\/\\\/www.farmacie-online.eu\\\/#organization\"},\"potentialAction\":[{\"@type\":\"SearchAction\",\"target\":{\"@type\":\"EntryPoint\",\"urlTemplate\":\"https:\\\/\\\/www.farmacie-online.eu\\\/?s={search_term_string}\"},\"query-input\":{\"@type\":\"PropertyValueSpecification\",\"valueRequired\":true,\"valueName\":\"search_term_string\"}}],\"inLanguage\":\"en-GB\"},{\"@type\":\"Organization\",\"@id\":\"https:\\\/\\\/www.farmacie-online.eu\\\/#organization\",\"name\":\"Farmacie online!\",\"url\":\"https:\\\/\\\/www.farmacie-online.eu\\\/\",\"logo\":{\"@type\":\"ImageObject\",\"inLanguage\":\"en-GB\",\"@id\":\"https:\\\/\\\/www.farmacie-online.eu\\\/#\\\/schema\\\/logo\\\/image\\\/\",\"url\":\"https:\\\/\\\/www.farmacie-online.eu\\\/wp-content\\\/uploads\\\/2023\\\/08\\\/cropped-favicon.webp\",\"contentUrl\":\"https:\\\/\\\/www.farmacie-online.eu\\\/wp-content\\\/uploads\\\/2023\\\/08\\\/cropped-favicon.webp\",\"width\":500,\"height\":211,\"caption\":\"Farmacie online!\"},\"image\":{\"@id\":\"https:\\\/\\\/www.farmacie-online.eu\\\/#\\\/schema\\\/logo\\\/image\\\/\"}}]}<\/script>\n<!-- \/ Yoast SEO plugin. -->","yoast_head_json":{"title":"Cenforce 100mg - blister10 capsule - Farmacie online!","description":"\u00cembun\u0103t\u0103\u021bi\u021bi-v\u0103 via\u021ba sexual\u0103 cu Cenforce 100 mg, o pastil\u0103 eficient\u0103 recomandat\u0103 pentru disfunc\u021bia erectil\u0103. Alege calitatea oferit\u0103 de Centurion Laboratories!","robots":{"index":"index","follow":"follow","max-snippet":"max-snippet:-1","max-image-preview":"max-image-preview:large","max-video-preview":"max-video-preview:-1"},"canonical":"https:\/\/www.farmacie-online.eu\/en_gb\/product\/cenforce-100-mg-este-un-brand-care-este-fabricat-de-centurion-laboratories\/","og_locale":"en_GB","og_type":"article","og_title":"Cenforce 100mg - blister10 capsule - Farmacie online!","og_description":"\u00cembun\u0103t\u0103\u021bi\u021bi-v\u0103 via\u021ba sexual\u0103 cu Cenforce 100 mg, o pastil\u0103 eficient\u0103 recomandat\u0103 pentru disfunc\u021bia erectil\u0103. Alege calitatea oferit\u0103 de Centurion Laboratories!","og_url":"https:\/\/www.farmacie-online.eu\/en_gb\/product\/cenforce-100-mg-este-un-brand-care-este-fabricat-de-centurion-laboratories\/","og_site_name":"Farmacie online!","article_modified_time":"2026-03-30T12:24:36+00:00","og_image":[{"width":1000,"height":643,"url":"https:\/\/www.farmacie-online.eu\/wp-content\/uploads\/2023\/04\/viagra_cenforce100mg.jpg","type":"image\/jpeg"}],"twitter_card":"summary_large_image","twitter_misc":{"Estimated reading time":"3 minutes"},"schema":{"@context":"https:\/\/schema.org","@graph":[{"@type":"WebPage","@id":"https:\/\/www.farmacie-online.eu\/product\/cenforce-100-mg-este-un-brand-care-este-fabricat-de-centurion-laboratories\/","url":"https:\/\/www.farmacie-online.eu\/product\/cenforce-100-mg-este-un-brand-care-este-fabricat-de-centurion-laboratories\/","name":"Cenforce 100mg - blister10 capsule - Farmacie online!","isPartOf":{"@id":"https:\/\/www.farmacie-online.eu\/#website"},"primaryImageOfPage":{"@id":"https:\/\/www.farmacie-online.eu\/product\/cenforce-100-mg-este-un-brand-care-este-fabricat-de-centurion-laboratories\/#primaryimage"},"image":{"@id":"https:\/\/www.farmacie-online.eu\/product\/cenforce-100-mg-este-un-brand-care-este-fabricat-de-centurion-laboratories\/#primaryimage"},"thumbnailUrl":"https:\/\/www.farmacie-online.eu\/wp-content\/uploads\/2023\/04\/viagra_cenforce100mg.jpg","datePublished":"2020-10-21T08:31:29+00:00","dateModified":"2026-03-30T12:24:36+00:00","description":"\u00cembun\u0103t\u0103\u021bi\u021bi-v\u0103 via\u021ba sexual\u0103 cu Cenforce 100 mg, o pastil\u0103 eficient\u0103 recomandat\u0103 pentru disfunc\u021bia erectil\u0103. Alege calitatea oferit\u0103 de Centurion Laboratories!","breadcrumb":{"@id":"https:\/\/www.farmacie-online.eu\/product\/cenforce-100-mg-este-un-brand-care-este-fabricat-de-centurion-laboratories\/#breadcrumb"},"inLanguage":"en-GB","potentialAction":[{"@type":"ReadAction","target":["https:\/\/www.farmacie-online.eu\/product\/cenforce-100-mg-este-un-brand-care-este-fabricat-de-centurion-laboratories\/"]}]},{"@type":"ImageObject","inLanguage":"en-GB","@id":"https:\/\/www.farmacie-online.eu\/product\/cenforce-100-mg-este-un-brand-care-este-fabricat-de-centurion-laboratories\/#primaryimage","url":"https:\/\/www.farmacie-online.eu\/wp-content\/uploads\/2023\/04\/viagra_cenforce100mg.jpg","contentUrl":"https:\/\/www.farmacie-online.eu\/wp-content\/uploads\/2023\/04\/viagra_cenforce100mg.jpg","width":1000,"height":643},{"@type":"BreadcrumbList","@id":"https:\/\/www.farmacie-online.eu\/product\/cenforce-100-mg-este-un-brand-care-este-fabricat-de-centurion-laboratories\/#breadcrumb","itemListElement":[{"@type":"ListItem","position":1,"name":"Prima pagin\u0103","item":"https:\/\/www.farmacie-online.eu\/"},{"@type":"ListItem","position":2,"name":"Produse","item":"https:\/\/www.farmacie-online.eu\/produse\/"},{"@type":"ListItem","position":3,"name":"Cenforce 100mg &#8211; blister10 capsule"}]},{"@type":"WebSite","@id":"https:\/\/www.farmacie-online.eu\/#website","url":"https:\/\/www.farmacie-online.eu\/","name":"Farmacie online!","description":"Comanzi online, prime\u0219ti rapid!","publisher":{"@id":"https:\/\/www.farmacie-online.eu\/#organization"},"potentialAction":[{"@type":"SearchAction","target":{"@type":"EntryPoint","urlTemplate":"https:\/\/www.farmacie-online.eu\/?s={search_term_string}"},"query-input":{"@type":"PropertyValueSpecification","valueRequired":true,"valueName":"search_term_string"}}],"inLanguage":"en-GB"},{"@type":"Organization","@id":"https:\/\/www.farmacie-online.eu\/#organization","name":"Farmacie online!","url":"https:\/\/www.farmacie-online.eu\/","logo":{"@type":"ImageObject","inLanguage":"en-GB","@id":"https:\/\/www.farmacie-online.eu\/#\/schema\/logo\/image\/","url":"https:\/\/www.farmacie-online.eu\/wp-content\/uploads\/2023\/08\/cropped-favicon.webp","contentUrl":"https:\/\/www.farmacie-online.eu\/wp-content\/uploads\/2023\/08\/cropped-favicon.webp","width":500,"height":211,"caption":"Farmacie online!"},"image":{"@id":"https:\/\/www.farmacie-online.eu\/#\/schema\/logo\/image\/"}}]}},"jetpack_sharing_enabled":true,"_links":{"self":[{"href":"https:\/\/www.farmacie-online.eu\/en_gb\/wp-json\/wp\/v2\/product\/258","targetHints":{"allow":["GET"]}}],"collection":[{"href":"https:\/\/www.farmacie-online.eu\/en_gb\/wp-json\/wp\/v2\/product"}],"about":[{"href":"https:\/\/www.farmacie-online.eu\/en_gb\/wp-json\/wp\/v2\/types\/product"}],"replies":[{"embeddable":true,"href":"https:\/\/www.farmacie-online.eu\/en_gb\/wp-json\/wp\/v2\/comments?post=258"}],"wp:featuredmedia":[{"embeddable":true,"href":"https:\/\/www.farmacie-online.eu\/en_gb\/wp-json\/wp\/v2\/media\/8524"}],"wp:attachment":[{"href":"https:\/\/www.farmacie-online.eu\/en_gb\/wp-json\/wp\/v2\/media?parent=258"}],"wp:term":[{"taxonomy":"product_brand","embeddable":true,"href":"https:\/\/www.farmacie-online.eu\/en_gb\/wp-json\/wp\/v2\/product_brand?post=258"},{"taxonomy":"product_cat","embeddable":true,"href":"https:\/\/www.farmacie-online.eu\/en_gb\/wp-json\/wp\/v2\/product_cat?post=258"},{"taxonomy":"product_tag","embeddable":true,"href":"https:\/\/www.farmacie-online.eu\/en_gb\/wp-json\/wp\/v2\/product_tag?post=258"}],"curies":[{"name":"wp","href":"https:\/\/api.w.org\/{rel}","templated":true}]}}