{"id":254,"date":"2020-10-21T08:31:26","date_gmt":"2020-10-21T08:31:26","guid":{"rendered":"http:\/\/source.wpopal.com\/medilazar\/product\/oral-irrigator-electric\/"},"modified":"2024-03-11T16:33:08","modified_gmt":"2024-03-11T14:33:08","slug":"oral-irrigator-electric","status":"publish","type":"product","link":"https:\/\/www.farmacie-online.eu\/en_gb\/product\/oral-irrigator-electric\/","title":{"rendered":"Viagra, 100 mg, 12 comprimate, Pfizer"},"content":{"rendered":"<h3 class=\"text-bold-700 mt-3\">Viagra, 100 mg, 12 comprimate, Pfizer<\/h3>\n<div class=\"mb-3\">\n<p><strong>Indicatii:<\/strong><br \/>\nVIAGRA con\u0163ine substan\u0163a activ\u0103 sildenafil care apar\u0163ine grupului de medicamente denumite inhibitori ai fosfodiesterazei de tip 5 (PDE5). VIAGRA ac\u0163ioneaz\u0103 prin relaxarea vaselor de s\u00e2nge de la nivelul penisului, favoriz\u00e2nd circula\u0163ia s\u00e2ngelui \u00een penis atunci c\u00e2nd sunte\u0163i excitat sexual. VIAGRA v\u0103 ajut\u0103 s\u0103 ob\u0163ine\u0163i o erec\u0163ie numai dac\u0103 sunte\u0163i stimulat sexual.<br \/>\nViagra este destinat b\u0103rba\u0163ilor adul\u0163i cu disfunc\u0163ie erectil\u0103, cunoscut\u0103 uneori \u015fi sub denumirea de impoten\u0163\u0103. Aceast\u0103 afec\u0163iune const\u0103 \u00een lipsa sau \u00een imposibilitatea men\u0163inerii erec\u0163iei penisului \u00een vederea desf\u0103\u015fur\u0103rii actului sexual.<\/p>\n<p><strong>Contraindicatii:<\/strong><br \/>\nNu utiliza\u0163i VIAGRA:<br \/>\n&#8211; Dac\u0103 sunte\u0163i alergic la sildenafil sau la oricare dintre celelalte componente ale acestui medicament.<\/p>\n<p><strong>Precautii:<\/strong><br \/>\nInainte s\u0103 utiliza\u0163i VIAGRA, adresa\u0163i-v\u0103 medicului dumneavoastr\u0103 sau farmacistului.<\/p>\n<p><strong>Sarcina, al\u0103ptarea \u015fi fertilitatea:<\/strong><br \/>\nVIAGRA nu este destinat utiliz\u0103rii de c\u0103tre femei.<\/p>\n<p><strong>Conducerea vehiculelor \u015fi folosirea utilajelor:<\/strong><br \/>\nVIAGRA poate produce ame\u0163eli sau tulbur\u0103ri de vedere. Trebuie s\u0103 \u015fti\u0163i cum reac\u0163iona\u0163i la administrarea VIAGRA \u00eenainte de a conduce vehicule sau de a folosi utilaje.<\/p>\n<p><strong>Mod de administrare:<\/strong><br \/>\nUtiliza\u0163i \u00eentotdeauna acest medicament exact a\u015fa cum v-a spus medicul sau farmacistul. Discuta\u0163i cu medicul dumneavoastr\u0103 sau cu farmacistul dac\u0103 nu sunte\u0163i sigur. Doza recomandat\u0103 de start este de 50 mg.<br \/>\nNu trebuie s\u0103 utiliza\u0163i VIAGRA mai mult de o dat\u0103 pe zi.<\/p>\n<p><strong>Compozitie:<\/strong><br \/>\n&#8211; Substan\u0163a activ\u0103 este sildenafil. Fiecare comprimat filmat con\u0163ine sildenafil 100 mg (sub form\u0103 de citrat).<br \/>\n&#8211; Celelalte componente sunt:<br \/>\n&#8211; Nucleu: celuloz\u0103 microcristalin\u0103, hidrogenofosfat de calciu (anhidru), croscameloz\u0103 sodic\u0103, stearat de magneziu.<br \/>\n&#8211; Film: hipromeloz\u0103, dioxid de titan (E171), lactoz\u0103 monohidrat, triacetin, lac de aluminiu indigo carmin (E132).<\/p>\n<\/div>\n","protected":false},"excerpt":{"rendered":"<p>VIAGRA con\u0163ine substan\u0163a activ\u0103 sildenafil care apar\u0163ine grupului de medicamente denumite inhibitori ai fosfodiesterazei de tip 5 (PDE5).<\/p>\n","protected":false},"featured_media":8608,"comment_status":"open","ping_status":"closed","template":"","meta":{"inline_featured_image":false},"product_brand":[],"product_cat":[78],"product_tag":[35,90,81,51],"class_list":{"0":"post-254","1":"product","2":"type-product","3":"status-publish","4":"has-post-thumbnail","6":"product_cat-viata-sexuala","7":"product_tag-cialis","8":"product_tag-potenta","9":"product_tag-sildenafil","10":"product_tag-viagra","12":"first","13":"outofstock","14":"shipping-taxable","15":"purchasable","16":"product-type-simple"},"yoast_head":"<!-- This site is optimized with the Yoast SEO plugin v27.4 - https:\/\/yoast.com\/product\/yoast-seo-wordpress\/ -->\n<title>Viagra, 100 mg, 12 comprimate, Pfizer - Farmacie online!<\/title>\n<meta name=\"robots\" content=\"index, follow, max-snippet:-1, max-image-preview:large, max-video-preview:-1\" \/>\n<link rel=\"canonical\" href=\"https:\/\/www.farmacie-online.eu\/en_gb\/product\/oral-irrigator-electric\/\" \/>\n<meta property=\"og:locale\" content=\"en_GB\" \/>\n<meta property=\"og:type\" content=\"article\" \/>\n<meta property=\"og:title\" content=\"Viagra, 100 mg, 12 comprimate, Pfizer - Farmacie online!\" \/>\n<meta property=\"og:description\" content=\"VIAGRA con\u0163ine substan\u0163a activ\u0103 sildenafil care apar\u0163ine grupului de medicamente denumite inhibitori ai fosfodiesterazei de tip 5 (PDE5).\" \/>\n<meta property=\"og:url\" content=\"https:\/\/www.farmacie-online.eu\/en_gb\/product\/oral-irrigator-electric\/\" \/>\n<meta property=\"og:site_name\" content=\"Farmacie online!\" \/>\n<meta property=\"article:modified_time\" content=\"2024-03-11T14:33:08+00:00\" \/>\n<meta property=\"og:image\" content=\"https:\/\/www.farmacie-online.eu\/wp-content\/uploads\/2020\/10\/viagra12.webp\" \/>\n\t<meta property=\"og:image:width\" content=\"700\" \/>\n\t<meta property=\"og:image:height\" content=\"700\" \/>\n\t<meta property=\"og:image:type\" content=\"image\/webp\" \/>\n<meta name=\"twitter:card\" content=\"summary_large_image\" \/>\n<meta name=\"twitter:label1\" content=\"Estimated reading time\" \/>\n\t<meta name=\"twitter:data1\" content=\"1 minute\" \/>\n<script type=\"application\/ld+json\" class=\"yoast-schema-graph\">{\"@context\":\"https:\\\/\\\/schema.org\",\"@graph\":[{\"@type\":\"WebPage\",\"@id\":\"https:\\\/\\\/www.farmacie-online.eu\\\/product\\\/oral-irrigator-electric\\\/\",\"url\":\"https:\\\/\\\/www.farmacie-online.eu\\\/product\\\/oral-irrigator-electric\\\/\",\"name\":\"Viagra, 100 mg, 12 comprimate, Pfizer - Farmacie online!\",\"isPartOf\":{\"@id\":\"https:\\\/\\\/www.farmacie-online.eu\\\/#website\"},\"primaryImageOfPage\":{\"@id\":\"https:\\\/\\\/www.farmacie-online.eu\\\/product\\\/oral-irrigator-electric\\\/#primaryimage\"},\"image\":{\"@id\":\"https:\\\/\\\/www.farmacie-online.eu\\\/product\\\/oral-irrigator-electric\\\/#primaryimage\"},\"thumbnailUrl\":\"https:\\\/\\\/www.farmacie-online.eu\\\/wp-content\\\/uploads\\\/2020\\\/10\\\/viagra12.webp\",\"datePublished\":\"2020-10-21T08:31:26+00:00\",\"dateModified\":\"2024-03-11T14:33:08+00:00\",\"breadcrumb\":{\"@id\":\"https:\\\/\\\/www.farmacie-online.eu\\\/product\\\/oral-irrigator-electric\\\/#breadcrumb\"},\"inLanguage\":\"en-GB\",\"potentialAction\":[{\"@type\":\"ReadAction\",\"target\":[\"https:\\\/\\\/www.farmacie-online.eu\\\/product\\\/oral-irrigator-electric\\\/\"]}]},{\"@type\":\"ImageObject\",\"inLanguage\":\"en-GB\",\"@id\":\"https:\\\/\\\/www.farmacie-online.eu\\\/product\\\/oral-irrigator-electric\\\/#primaryimage\",\"url\":\"https:\\\/\\\/www.farmacie-online.eu\\\/wp-content\\\/uploads\\\/2020\\\/10\\\/viagra12.webp\",\"contentUrl\":\"https:\\\/\\\/www.farmacie-online.eu\\\/wp-content\\\/uploads\\\/2020\\\/10\\\/viagra12.webp\",\"width\":700,\"height\":700},{\"@type\":\"BreadcrumbList\",\"@id\":\"https:\\\/\\\/www.farmacie-online.eu\\\/product\\\/oral-irrigator-electric\\\/#breadcrumb\",\"itemListElement\":[{\"@type\":\"ListItem\",\"position\":1,\"name\":\"Prima pagin\u0103\",\"item\":\"https:\\\/\\\/www.farmacie-online.eu\\\/\"},{\"@type\":\"ListItem\",\"position\":2,\"name\":\"Produse\",\"item\":\"https:\\\/\\\/www.farmacie-online.eu\\\/produse\\\/\"},{\"@type\":\"ListItem\",\"position\":3,\"name\":\"Viagra, 100 mg, 12 comprimate, Pfizer\"}]},{\"@type\":\"WebSite\",\"@id\":\"https:\\\/\\\/www.farmacie-online.eu\\\/#website\",\"url\":\"https:\\\/\\\/www.farmacie-online.eu\\\/\",\"name\":\"Farmacie online!\",\"description\":\"Comanzi online, prime\u0219ti rapid!\",\"publisher\":{\"@id\":\"https:\\\/\\\/www.farmacie-online.eu\\\/#organization\"},\"potentialAction\":[{\"@type\":\"SearchAction\",\"target\":{\"@type\":\"EntryPoint\",\"urlTemplate\":\"https:\\\/\\\/www.farmacie-online.eu\\\/?s={search_term_string}\"},\"query-input\":{\"@type\":\"PropertyValueSpecification\",\"valueRequired\":true,\"valueName\":\"search_term_string\"}}],\"inLanguage\":\"en-GB\"},{\"@type\":\"Organization\",\"@id\":\"https:\\\/\\\/www.farmacie-online.eu\\\/#organization\",\"name\":\"Farmacie online!\",\"url\":\"https:\\\/\\\/www.farmacie-online.eu\\\/\",\"logo\":{\"@type\":\"ImageObject\",\"inLanguage\":\"en-GB\",\"@id\":\"https:\\\/\\\/www.farmacie-online.eu\\\/#\\\/schema\\\/logo\\\/image\\\/\",\"url\":\"https:\\\/\\\/www.farmacie-online.eu\\\/wp-content\\\/uploads\\\/2023\\\/08\\\/cropped-favicon.webp\",\"contentUrl\":\"https:\\\/\\\/www.farmacie-online.eu\\\/wp-content\\\/uploads\\\/2023\\\/08\\\/cropped-favicon.webp\",\"width\":500,\"height\":211,\"caption\":\"Farmacie online!\"},\"image\":{\"@id\":\"https:\\\/\\\/www.farmacie-online.eu\\\/#\\\/schema\\\/logo\\\/image\\\/\"}}]}<\/script>\n<!-- \/ Yoast SEO plugin. -->","yoast_head_json":{"title":"Viagra, 100 mg, 12 comprimate, Pfizer - Farmacie online!","robots":{"index":"index","follow":"follow","max-snippet":"max-snippet:-1","max-image-preview":"max-image-preview:large","max-video-preview":"max-video-preview:-1"},"canonical":"https:\/\/www.farmacie-online.eu\/en_gb\/product\/oral-irrigator-electric\/","og_locale":"en_GB","og_type":"article","og_title":"Viagra, 100 mg, 12 comprimate, Pfizer - Farmacie online!","og_description":"VIAGRA con\u0163ine substan\u0163a activ\u0103 sildenafil care apar\u0163ine grupului de medicamente denumite inhibitori ai fosfodiesterazei de tip 5 (PDE5).","og_url":"https:\/\/www.farmacie-online.eu\/en_gb\/product\/oral-irrigator-electric\/","og_site_name":"Farmacie online!","article_modified_time":"2024-03-11T14:33:08+00:00","og_image":[{"width":700,"height":700,"url":"https:\/\/www.farmacie-online.eu\/wp-content\/uploads\/2020\/10\/viagra12.webp","type":"image\/webp"}],"twitter_card":"summary_large_image","twitter_misc":{"Estimated reading time":"1 minute"},"schema":{"@context":"https:\/\/schema.org","@graph":[{"@type":"WebPage","@id":"https:\/\/www.farmacie-online.eu\/product\/oral-irrigator-electric\/","url":"https:\/\/www.farmacie-online.eu\/product\/oral-irrigator-electric\/","name":"Viagra, 100 mg, 12 comprimate, Pfizer - Farmacie online!","isPartOf":{"@id":"https:\/\/www.farmacie-online.eu\/#website"},"primaryImageOfPage":{"@id":"https:\/\/www.farmacie-online.eu\/product\/oral-irrigator-electric\/#primaryimage"},"image":{"@id":"https:\/\/www.farmacie-online.eu\/product\/oral-irrigator-electric\/#primaryimage"},"thumbnailUrl":"https:\/\/www.farmacie-online.eu\/wp-content\/uploads\/2020\/10\/viagra12.webp","datePublished":"2020-10-21T08:31:26+00:00","dateModified":"2024-03-11T14:33:08+00:00","breadcrumb":{"@id":"https:\/\/www.farmacie-online.eu\/product\/oral-irrigator-electric\/#breadcrumb"},"inLanguage":"en-GB","potentialAction":[{"@type":"ReadAction","target":["https:\/\/www.farmacie-online.eu\/product\/oral-irrigator-electric\/"]}]},{"@type":"ImageObject","inLanguage":"en-GB","@id":"https:\/\/www.farmacie-online.eu\/product\/oral-irrigator-electric\/#primaryimage","url":"https:\/\/www.farmacie-online.eu\/wp-content\/uploads\/2020\/10\/viagra12.webp","contentUrl":"https:\/\/www.farmacie-online.eu\/wp-content\/uploads\/2020\/10\/viagra12.webp","width":700,"height":700},{"@type":"BreadcrumbList","@id":"https:\/\/www.farmacie-online.eu\/product\/oral-irrigator-electric\/#breadcrumb","itemListElement":[{"@type":"ListItem","position":1,"name":"Prima pagin\u0103","item":"https:\/\/www.farmacie-online.eu\/"},{"@type":"ListItem","position":2,"name":"Produse","item":"https:\/\/www.farmacie-online.eu\/produse\/"},{"@type":"ListItem","position":3,"name":"Viagra, 100 mg, 12 comprimate, Pfizer"}]},{"@type":"WebSite","@id":"https:\/\/www.farmacie-online.eu\/#website","url":"https:\/\/www.farmacie-online.eu\/","name":"Farmacie online!","description":"Comanzi online, prime\u0219ti rapid!","publisher":{"@id":"https:\/\/www.farmacie-online.eu\/#organization"},"potentialAction":[{"@type":"SearchAction","target":{"@type":"EntryPoint","urlTemplate":"https:\/\/www.farmacie-online.eu\/?s={search_term_string}"},"query-input":{"@type":"PropertyValueSpecification","valueRequired":true,"valueName":"search_term_string"}}],"inLanguage":"en-GB"},{"@type":"Organization","@id":"https:\/\/www.farmacie-online.eu\/#organization","name":"Farmacie online!","url":"https:\/\/www.farmacie-online.eu\/","logo":{"@type":"ImageObject","inLanguage":"en-GB","@id":"https:\/\/www.farmacie-online.eu\/#\/schema\/logo\/image\/","url":"https:\/\/www.farmacie-online.eu\/wp-content\/uploads\/2023\/08\/cropped-favicon.webp","contentUrl":"https:\/\/www.farmacie-online.eu\/wp-content\/uploads\/2023\/08\/cropped-favicon.webp","width":500,"height":211,"caption":"Farmacie online!"},"image":{"@id":"https:\/\/www.farmacie-online.eu\/#\/schema\/logo\/image\/"}}]}},"jetpack_sharing_enabled":true,"_links":{"self":[{"href":"https:\/\/www.farmacie-online.eu\/en_gb\/wp-json\/wp\/v2\/product\/254","targetHints":{"allow":["GET"]}}],"collection":[{"href":"https:\/\/www.farmacie-online.eu\/en_gb\/wp-json\/wp\/v2\/product"}],"about":[{"href":"https:\/\/www.farmacie-online.eu\/en_gb\/wp-json\/wp\/v2\/types\/product"}],"replies":[{"embeddable":true,"href":"https:\/\/www.farmacie-online.eu\/en_gb\/wp-json\/wp\/v2\/comments?post=254"}],"wp:featuredmedia":[{"embeddable":true,"href":"https:\/\/www.farmacie-online.eu\/en_gb\/wp-json\/wp\/v2\/media\/8608"}],"wp:attachment":[{"href":"https:\/\/www.farmacie-online.eu\/en_gb\/wp-json\/wp\/v2\/media?parent=254"}],"wp:term":[{"taxonomy":"product_brand","embeddable":true,"href":"https:\/\/www.farmacie-online.eu\/en_gb\/wp-json\/wp\/v2\/product_brand?post=254"},{"taxonomy":"product_cat","embeddable":true,"href":"https:\/\/www.farmacie-online.eu\/en_gb\/wp-json\/wp\/v2\/product_cat?post=254"},{"taxonomy":"product_tag","embeddable":true,"href":"https:\/\/www.farmacie-online.eu\/en_gb\/wp-json\/wp\/v2\/product_tag?post=254"}],"curies":[{"name":"wp","href":"https:\/\/api.w.org\/{rel}","templated":true}]}}