{"id":250,"date":"2020-10-21T08:31:22","date_gmt":"2020-10-21T08:31:22","guid":{"rendered":"http:\/\/source.wpopal.com\/medilazar\/product\/nutrilite-memory-builder-dietary-supplement\/"},"modified":"2024-04-08T12:48:51","modified_gmt":"2024-04-08T10:48:51","slug":"nutrilite-memory-builder-dietary","status":"publish","type":"product","link":"https:\/\/www.farmacie-online.eu\/en_gb\/product\/nutrilite-memory-builder-dietary\/","title":{"rendered":"Sildenafil, 50 mg, 4 comprimate, Actavis"},"content":{"rendered":"<h3 class=\"text-bold-700 mt-3\">Sildenafil, 50 mg, 4 comprimate, Actavis<\/h3>\n<div class=\"mb-3\">\n<p><strong>Indicatii:<\/strong><br \/>\nSildenafil Actavis con\u0163ine substan\u0163a activ\u0103 sildenafil, care apar\u0163ine unui grup de medicamente denumit inhibitori ai fosfodiesterazei de tip 5 (PDE5). Acesta ac\u0163ioneaz\u0103 prin relaxarea vaselor de s\u00e2nge de la nivelul penisului, favoriz\u00e2nd circula\u0163ia s\u00e2ngelui \u00een penis atunci c\u00e2nd exist\u0103 un stimul sexual. Sildenafil<br \/>\nActavis v\u0103 ajut\u0103 s\u0103 ob\u0163ine\u0163i o erec\u0163ie, numai \u00een prezen\u0163a stimul\u0103rii sexuale.<br \/>\nSildenafil Actavis este un tratament destinat b\u0103rba\u0163ilor adul\u0163i cu disfunc\u0163ie erectil\u0103, cunoscut\u0103 uneori \u015fi sub denumirea de impoten\u0163\u0103. Aceast\u0103 afec\u0163iune const\u0103 \u00een lipsa sau \u00een imposibilitatea men\u0163inerii erec\u0163iei penisului \u00een vederea desf\u0103\u015fur\u0103rii actului sexual.<\/p>\n<p><strong>Contraindicatii:<\/strong><br \/>\nNu lua\u0163i Sildenafil Actavis:<br \/>\n&#8211; dac\u0103 sunte\u0163i alergic la sildenafil sau oricare dintre componentele acestui medicament.<\/p>\n<p><strong>Precautii:<\/strong><br \/>\n\u00cenainte s\u0103 lua\u0163i Sildenafil Actavis, adresa\u0163i-v\u0103 medicului dumneavoastr\u0103 sau farmacistului.<\/p>\n<p><strong>Sarcina, al\u0103ptarea \u015fi fertilitatea:<\/strong><br \/>\nSildenafil Actavis nu este indicat pentru utilizare la femei.<\/p>\n<p><strong>Conducerea vehiculelor \u015fi folosirea utilajelor:<\/strong><br \/>\nSildenafil Actavis poate produce ame\u0163eli sau tulbur\u0103ri de vedere. Trebuie s\u0103 fi\u0163i con\u015ftien\u0163i de modul \u00een care reac\u0163iona\u0163i la administrarea Sildenafil Actavis \u00eenainte de a conduce vehicule sau de a folosi utilaje.<\/p>\n<p><strong>Mod de administrare:<\/strong><br \/>\nLua\u0163i \u00eentotdeauna acest medicament exact a\u015fa cum v-a spus medicul dumneavoastr\u0103 sau farmacistul.<br \/>\nDiscuta\u0163i cu medicul dumneavoastr\u0103 sau cu farmacistul dac\u0103 nu sunte\u0163i sigur. Doza ini\u0163ial\u0103 recomandat\u0103 este de 50 mg.<\/p>\n<p>Nu trebuie s\u0103 lua\u0163i Sildenafil Actavis mai mult de o dat\u0103 pe zi.<\/p>\n<p>Trebuie s\u0103 lua\u0163i Sildenafil Actavis cu aproximativ o or\u0103 \u00eenainte de momentul \u00een care inten\u0163iona\u0163i s\u0103 ave\u0163i o rela\u0163ie sexual\u0103. \u00cenghi\u0163i\u0163i comprimatul \u00een \u00eentregime, cu un pahar de ap\u0103.<br \/>\nDac\u0103 sim\u0163i\u0163i c\u0103 efectul Sildenafil Actavis este prea puternic sau prea slab, adresa\u0163i-v\u0103 medicului dumneavoastr\u0103 sau farmacistului.<\/p>\n<p>Sildenafil Actavis v\u0103 ajut\u0103 s\u0103 ob\u0163ine\u0163i o erec\u0163ie doar dac\u0103 sunte\u0163i stimulat sexual. Timpul necesar pentru ca Sildenafil Actavis s\u0103 ac\u0163ioneze difer\u0103 de la persoan\u0103 la persoan\u0103, dar \u00een mod obi\u015fnuit este \u00eentre o jum\u0103tate de or\u0103 \u015fi o or\u0103. Dac\u0103 utiliza\u0163i Sildenafil Actavis \u00een timpul unei mese bogate, ve\u0163i constata c\u0103 Sildenafil Actavis ac\u0163ioneaz\u0103 mai lent.<br \/>\nDac\u0103 Sildenafil Actavis nu v\u0103 ajut\u0103 s\u0103 ob\u0163ine\u0163i o erec\u0163ie sau dac\u0103 erec\u0163ia ob\u0163inut\u0103 nu persist\u0103 suficient de mult timp pentru a permite finalizarea actului sexual, trebuie s\u0103 informa\u0163i medicul dumneavoastr\u0103.<\/p>\n<p>Dac\u0103 ave\u0163i orice \u00eentreb\u0103ri suplimentare cu privire la acest medicament, adresa\u0163i-v\u0103 medicului dumneavoastr\u0103 sau farmacistului.<\/p>\n<p><strong>Compozitie:<\/strong><br \/>\n&#8211; Substan\u0163a activ\u0103 este sildenafil. Fiecare comprimat con\u0163ine 25 mg, 50 mg sau 100 mg sildenafil (sub form\u0103 de citrat).<br \/>\n&#8211; Substan\u0163a activ\u0103 este sildenafil. Fiecare comprimat con\u0163ine 25 mg sildenafil (sub form\u0103 de citrat).<br \/>\n&#8211; Substan\u0163a activ\u0103 este sildenafil. Fiecare comprimat con\u0163ine 50 mg sildenafil (sub form\u0103 de citrat).<br \/>\n&#8211; Substan\u0163a activ\u0103 este sildenafil. Fiecare comprimat con\u0163ine 100 mg sildenafil (sub form\u0103 de citrat).<br \/>\n&#8211; Celelalte componente sunt: lactoz\u0103 monohidrat, celuloz\u0103 microcristalin\u0103, povidon\u0103 K29-32, croscarmeloz\u0103 sodic\u0103, stearat de magneziu, hipromeloz\u0103, dioxid de titan (E171), macrogol 6000, lac de aluminiu indigo carmin (E132).<\/p>\n<\/div>\n","protected":false},"excerpt":{"rendered":"<p>Sildenafil Actavis con\u0163ine substan\u0163a activ\u0103 sildenafil, care apar\u0163ine unui grup de medicamente denumit inhibitori ai fosfodiesterazei de tip 5 (PDE5).<\/p>\n","protected":false},"featured_media":8614,"comment_status":"open","ping_status":"closed","template":"","meta":{"inline_featured_image":false},"product_brand":[],"product_cat":[78],"product_tag":[113,91,46,81,51],"class_list":{"0":"post-250","1":"product","2":"type-product","3":"status-publish","4":"has-post-thumbnail","6":"product_cat-viata-sexuala","7":"product_tag-actavis","8":"product_tag-disfunctie-erectila","9":"product_tag-fructe","10":"product_tag-sildenafil","11":"product_tag-viagra","13":"first","14":"outofstock","15":"featured","16":"shipping-taxable","17":"purchasable","18":"product-type-simple"},"yoast_head":"<!-- This site is optimized with the Yoast SEO plugin v27.4 - https:\/\/yoast.com\/product\/yoast-seo-wordpress\/ -->\n<title>Sildenafil, 50 mg, 4 comprimate, Actavis - Farmacie online!<\/title>\n<meta name=\"robots\" content=\"index, follow, max-snippet:-1, max-image-preview:large, max-video-preview:-1\" \/>\n<link rel=\"canonical\" href=\"https:\/\/www.farmacie-online.eu\/en_gb\/product\/nutrilite-memory-builder-dietary\/\" \/>\n<meta property=\"og:locale\" content=\"en_GB\" \/>\n<meta property=\"og:type\" content=\"article\" \/>\n<meta property=\"og:title\" content=\"Sildenafil, 50 mg, 4 comprimate, Actavis - Farmacie online!\" \/>\n<meta property=\"og:description\" content=\"Sildenafil Actavis con\u0163ine substan\u0163a activ\u0103 sildenafil, care apar\u0163ine unui grup de medicamente denumit inhibitori ai fosfodiesterazei de tip 5 (PDE5).\" \/>\n<meta property=\"og:url\" content=\"https:\/\/www.farmacie-online.eu\/en_gb\/product\/nutrilite-memory-builder-dietary\/\" \/>\n<meta property=\"og:site_name\" content=\"Farmacie online!\" \/>\n<meta property=\"article:modified_time\" content=\"2024-04-08T10:48:51+00:00\" \/>\n<meta property=\"og:image\" content=\"https:\/\/www.farmacie-online.eu\/wp-content\/uploads\/2020\/10\/online-Sildenafil-Actavis-50-mg.jpg\" \/>\n\t<meta property=\"og:image:width\" content=\"500\" \/>\n\t<meta property=\"og:image:height\" content=\"500\" \/>\n\t<meta property=\"og:image:type\" content=\"image\/jpeg\" \/>\n<meta name=\"twitter:card\" content=\"summary_large_image\" \/>\n<meta name=\"twitter:label1\" content=\"Estimated reading time\" \/>\n\t<meta name=\"twitter:data1\" content=\"3 minutes\" \/>\n<script type=\"application\/ld+json\" class=\"yoast-schema-graph\">{\"@context\":\"https:\\\/\\\/schema.org\",\"@graph\":[{\"@type\":\"WebPage\",\"@id\":\"https:\\\/\\\/www.farmacie-online.eu\\\/product\\\/nutrilite-memory-builder-dietary\\\/\",\"url\":\"https:\\\/\\\/www.farmacie-online.eu\\\/product\\\/nutrilite-memory-builder-dietary\\\/\",\"name\":\"Sildenafil, 50 mg, 4 comprimate, Actavis - Farmacie online!\",\"isPartOf\":{\"@id\":\"https:\\\/\\\/www.farmacie-online.eu\\\/#website\"},\"primaryImageOfPage\":{\"@id\":\"https:\\\/\\\/www.farmacie-online.eu\\\/product\\\/nutrilite-memory-builder-dietary\\\/#primaryimage\"},\"image\":{\"@id\":\"https:\\\/\\\/www.farmacie-online.eu\\\/product\\\/nutrilite-memory-builder-dietary\\\/#primaryimage\"},\"thumbnailUrl\":\"https:\\\/\\\/www.farmacie-online.eu\\\/wp-content\\\/uploads\\\/2020\\\/10\\\/online-Sildenafil-Actavis-50-mg.jpg\",\"datePublished\":\"2020-10-21T08:31:22+00:00\",\"dateModified\":\"2024-04-08T10:48:51+00:00\",\"breadcrumb\":{\"@id\":\"https:\\\/\\\/www.farmacie-online.eu\\\/product\\\/nutrilite-memory-builder-dietary\\\/#breadcrumb\"},\"inLanguage\":\"en-GB\",\"potentialAction\":[{\"@type\":\"ReadAction\",\"target\":[\"https:\\\/\\\/www.farmacie-online.eu\\\/product\\\/nutrilite-memory-builder-dietary\\\/\"]}]},{\"@type\":\"ImageObject\",\"inLanguage\":\"en-GB\",\"@id\":\"https:\\\/\\\/www.farmacie-online.eu\\\/product\\\/nutrilite-memory-builder-dietary\\\/#primaryimage\",\"url\":\"https:\\\/\\\/www.farmacie-online.eu\\\/wp-content\\\/uploads\\\/2020\\\/10\\\/online-Sildenafil-Actavis-50-mg.jpg\",\"contentUrl\":\"https:\\\/\\\/www.farmacie-online.eu\\\/wp-content\\\/uploads\\\/2020\\\/10\\\/online-Sildenafil-Actavis-50-mg.jpg\",\"width\":500,\"height\":500},{\"@type\":\"BreadcrumbList\",\"@id\":\"https:\\\/\\\/www.farmacie-online.eu\\\/product\\\/nutrilite-memory-builder-dietary\\\/#breadcrumb\",\"itemListElement\":[{\"@type\":\"ListItem\",\"position\":1,\"name\":\"Prima pagin\u0103\",\"item\":\"https:\\\/\\\/www.farmacie-online.eu\\\/\"},{\"@type\":\"ListItem\",\"position\":2,\"name\":\"Produse\",\"item\":\"https:\\\/\\\/www.farmacie-online.eu\\\/produse\\\/\"},{\"@type\":\"ListItem\",\"position\":3,\"name\":\"Sildenafil, 50 mg, 4 comprimate, Actavis\"}]},{\"@type\":\"WebSite\",\"@id\":\"https:\\\/\\\/www.farmacie-online.eu\\\/#website\",\"url\":\"https:\\\/\\\/www.farmacie-online.eu\\\/\",\"name\":\"Farmacie online!\",\"description\":\"Comanzi online, prime\u0219ti rapid!\",\"publisher\":{\"@id\":\"https:\\\/\\\/www.farmacie-online.eu\\\/#organization\"},\"potentialAction\":[{\"@type\":\"SearchAction\",\"target\":{\"@type\":\"EntryPoint\",\"urlTemplate\":\"https:\\\/\\\/www.farmacie-online.eu\\\/?s={search_term_string}\"},\"query-input\":{\"@type\":\"PropertyValueSpecification\",\"valueRequired\":true,\"valueName\":\"search_term_string\"}}],\"inLanguage\":\"en-GB\"},{\"@type\":\"Organization\",\"@id\":\"https:\\\/\\\/www.farmacie-online.eu\\\/#organization\",\"name\":\"Farmacie online!\",\"url\":\"https:\\\/\\\/www.farmacie-online.eu\\\/\",\"logo\":{\"@type\":\"ImageObject\",\"inLanguage\":\"en-GB\",\"@id\":\"https:\\\/\\\/www.farmacie-online.eu\\\/#\\\/schema\\\/logo\\\/image\\\/\",\"url\":\"https:\\\/\\\/www.farmacie-online.eu\\\/wp-content\\\/uploads\\\/2023\\\/08\\\/cropped-favicon.webp\",\"contentUrl\":\"https:\\\/\\\/www.farmacie-online.eu\\\/wp-content\\\/uploads\\\/2023\\\/08\\\/cropped-favicon.webp\",\"width\":500,\"height\":211,\"caption\":\"Farmacie online!\"},\"image\":{\"@id\":\"https:\\\/\\\/www.farmacie-online.eu\\\/#\\\/schema\\\/logo\\\/image\\\/\"}}]}<\/script>\n<!-- \/ Yoast SEO plugin. -->","yoast_head_json":{"title":"Sildenafil, 50 mg, 4 comprimate, Actavis - Farmacie online!","robots":{"index":"index","follow":"follow","max-snippet":"max-snippet:-1","max-image-preview":"max-image-preview:large","max-video-preview":"max-video-preview:-1"},"canonical":"https:\/\/www.farmacie-online.eu\/en_gb\/product\/nutrilite-memory-builder-dietary\/","og_locale":"en_GB","og_type":"article","og_title":"Sildenafil, 50 mg, 4 comprimate, Actavis - Farmacie online!","og_description":"Sildenafil Actavis con\u0163ine substan\u0163a activ\u0103 sildenafil, care apar\u0163ine unui grup de medicamente denumit inhibitori ai fosfodiesterazei de tip 5 (PDE5).","og_url":"https:\/\/www.farmacie-online.eu\/en_gb\/product\/nutrilite-memory-builder-dietary\/","og_site_name":"Farmacie online!","article_modified_time":"2024-04-08T10:48:51+00:00","og_image":[{"width":500,"height":500,"url":"https:\/\/www.farmacie-online.eu\/wp-content\/uploads\/2020\/10\/online-Sildenafil-Actavis-50-mg.jpg","type":"image\/jpeg"}],"twitter_card":"summary_large_image","twitter_misc":{"Estimated reading time":"3 minutes"},"schema":{"@context":"https:\/\/schema.org","@graph":[{"@type":"WebPage","@id":"https:\/\/www.farmacie-online.eu\/product\/nutrilite-memory-builder-dietary\/","url":"https:\/\/www.farmacie-online.eu\/product\/nutrilite-memory-builder-dietary\/","name":"Sildenafil, 50 mg, 4 comprimate, Actavis - Farmacie online!","isPartOf":{"@id":"https:\/\/www.farmacie-online.eu\/#website"},"primaryImageOfPage":{"@id":"https:\/\/www.farmacie-online.eu\/product\/nutrilite-memory-builder-dietary\/#primaryimage"},"image":{"@id":"https:\/\/www.farmacie-online.eu\/product\/nutrilite-memory-builder-dietary\/#primaryimage"},"thumbnailUrl":"https:\/\/www.farmacie-online.eu\/wp-content\/uploads\/2020\/10\/online-Sildenafil-Actavis-50-mg.jpg","datePublished":"2020-10-21T08:31:22+00:00","dateModified":"2024-04-08T10:48:51+00:00","breadcrumb":{"@id":"https:\/\/www.farmacie-online.eu\/product\/nutrilite-memory-builder-dietary\/#breadcrumb"},"inLanguage":"en-GB","potentialAction":[{"@type":"ReadAction","target":["https:\/\/www.farmacie-online.eu\/product\/nutrilite-memory-builder-dietary\/"]}]},{"@type":"ImageObject","inLanguage":"en-GB","@id":"https:\/\/www.farmacie-online.eu\/product\/nutrilite-memory-builder-dietary\/#primaryimage","url":"https:\/\/www.farmacie-online.eu\/wp-content\/uploads\/2020\/10\/online-Sildenafil-Actavis-50-mg.jpg","contentUrl":"https:\/\/www.farmacie-online.eu\/wp-content\/uploads\/2020\/10\/online-Sildenafil-Actavis-50-mg.jpg","width":500,"height":500},{"@type":"BreadcrumbList","@id":"https:\/\/www.farmacie-online.eu\/product\/nutrilite-memory-builder-dietary\/#breadcrumb","itemListElement":[{"@type":"ListItem","position":1,"name":"Prima pagin\u0103","item":"https:\/\/www.farmacie-online.eu\/"},{"@type":"ListItem","position":2,"name":"Produse","item":"https:\/\/www.farmacie-online.eu\/produse\/"},{"@type":"ListItem","position":3,"name":"Sildenafil, 50 mg, 4 comprimate, Actavis"}]},{"@type":"WebSite","@id":"https:\/\/www.farmacie-online.eu\/#website","url":"https:\/\/www.farmacie-online.eu\/","name":"Farmacie online!","description":"Comanzi online, prime\u0219ti rapid!","publisher":{"@id":"https:\/\/www.farmacie-online.eu\/#organization"},"potentialAction":[{"@type":"SearchAction","target":{"@type":"EntryPoint","urlTemplate":"https:\/\/www.farmacie-online.eu\/?s={search_term_string}"},"query-input":{"@type":"PropertyValueSpecification","valueRequired":true,"valueName":"search_term_string"}}],"inLanguage":"en-GB"},{"@type":"Organization","@id":"https:\/\/www.farmacie-online.eu\/#organization","name":"Farmacie online!","url":"https:\/\/www.farmacie-online.eu\/","logo":{"@type":"ImageObject","inLanguage":"en-GB","@id":"https:\/\/www.farmacie-online.eu\/#\/schema\/logo\/image\/","url":"https:\/\/www.farmacie-online.eu\/wp-content\/uploads\/2023\/08\/cropped-favicon.webp","contentUrl":"https:\/\/www.farmacie-online.eu\/wp-content\/uploads\/2023\/08\/cropped-favicon.webp","width":500,"height":211,"caption":"Farmacie online!"},"image":{"@id":"https:\/\/www.farmacie-online.eu\/#\/schema\/logo\/image\/"}}]}},"jetpack_sharing_enabled":true,"_links":{"self":[{"href":"https:\/\/www.farmacie-online.eu\/en_gb\/wp-json\/wp\/v2\/product\/250","targetHints":{"allow":["GET"]}}],"collection":[{"href":"https:\/\/www.farmacie-online.eu\/en_gb\/wp-json\/wp\/v2\/product"}],"about":[{"href":"https:\/\/www.farmacie-online.eu\/en_gb\/wp-json\/wp\/v2\/types\/product"}],"replies":[{"embeddable":true,"href":"https:\/\/www.farmacie-online.eu\/en_gb\/wp-json\/wp\/v2\/comments?post=250"}],"wp:featuredmedia":[{"embeddable":true,"href":"https:\/\/www.farmacie-online.eu\/en_gb\/wp-json\/wp\/v2\/media\/8614"}],"wp:attachment":[{"href":"https:\/\/www.farmacie-online.eu\/en_gb\/wp-json\/wp\/v2\/media?parent=250"}],"wp:term":[{"taxonomy":"product_brand","embeddable":true,"href":"https:\/\/www.farmacie-online.eu\/en_gb\/wp-json\/wp\/v2\/product_brand?post=250"},{"taxonomy":"product_cat","embeddable":true,"href":"https:\/\/www.farmacie-online.eu\/en_gb\/wp-json\/wp\/v2\/product_cat?post=250"},{"taxonomy":"product_tag","embeddable":true,"href":"https:\/\/www.farmacie-online.eu\/en_gb\/wp-json\/wp\/v2\/product_tag?post=250"}],"curies":[{"name":"wp","href":"https:\/\/api.w.org\/{rel}","templated":true}]}}