{"id":229,"date":"2020-10-21T08:31:05","date_gmt":"2020-10-21T08:31:05","guid":{"rendered":"http:\/\/source.wpopal.com\/medilazar\/product\/glucosamine-chondroitin-msm\/"},"modified":"2024-04-08T12:50:32","modified_gmt":"2024-04-08T10:50:32","slug":"glucosamine-chondroitin-msm","status":"publish","type":"product","link":"https:\/\/www.farmacie-online.eu\/en_gb\/product\/glucosamine-chondroitin-msm\/","title":{"rendered":"Vizarsin 100 mg"},"content":{"rendered":"<h3 class=\"text-bold-700 mt-3\">Vizarsin 100 mg, 4 comprimate filmate, KRKA<\/h3>\n<div class=\"mb-3\">\n<p><strong>Indicatii:<\/strong><br \/>\nVizarsin con\u0163ine substan\u0163a activ\u0103 sildenafil care apar\u0163ine grupului de medicamente denumite inhibitori ai fosfodiesterazei de tip 5 (PDE5). Ac\u0163ioneaz\u0103 prin relaxarea vaselor de s\u00e2nge de la nivelul penisului, favoriz\u00e2nd circula\u0163ia s\u00e2ngelui \u00een penis atunci c\u00e2nd exist\u0103 un stimul sexual. Vizarsin v\u0103 ajut\u0103 s\u0103 ob\u0163ine\u0163i o erec\u0163ie satisf\u0103c\u0103toare, numai \u00een prezen\u0163a stimul\u0103rii sexuale.<br \/>\nVizarsin este destinat b\u0103rba\u0163ilor adul\u0163i cu disfunc\u0163ie erectil\u0103, cunoscut\u0103 uneori \u015fi sub denumirea de impoten\u0163\u0103. Aceast\u0103 afec\u0163iune const\u0103 \u00een lipsa sau \u00een imposibilitatea men\u0163inerii erec\u0163iei penisului \u00een vederea desf\u0103\u015fur\u0103rii actului sexual.<\/p>\n<p><strong>Contraindicatii:<\/strong><br \/>\nNu utiliza\u0163i Vizarsin:<br \/>\n&#8211; Dac\u0103 sunte\u0163i alergic la sildenafil sau la oricare dintre celelalte componente ale acestui medicament.<\/p>\n<p><strong>Precautii:<\/strong><br \/>\n\u00cenainte s\u0103 lua\u0163i Vizarsin, adresa\u0163i-v\u0103 medicului dumneavoastr\u0103 sau farmacistului.<\/p>\n<p><strong>Sarcina, al\u0103ptarea \u015fi fertilitatea:<\/strong><br \/>\nVizarsin nu este destinat utilizarii de c\u0103tre femei.<\/p>\n<p><strong>Conducerea vehiculelor \u015fi folosirea utilajelor:<\/strong><br \/>\nVizarsin poate produce ame\u0163eli sau tulbur\u0103ri de vedere. Trebuie s\u0103 \u015fti\u0163i cum reac\u0163iona\u0163i la administrarea Vizarsin \u00eenainte de a conduce vehicule sau de a folosi utilaje.<\/p>\n<p><strong>Mod de administrare:<\/strong><br \/>\nUtiliza\u0163i \u00eentotdeauna acest medicament exact a\u015fa cum v-a spus medicul sau farmacistul. Discuta\u0163i cu medicul dumneavoastr\u0103 sau cu farmacistul dac\u0103 nu sunte\u0163i sigur.<br \/>\nDoza ini\u0163ial\u0103 recomandat\u0103 este de 50 mg.<br \/>\nNu trebuie s\u0103 utiliza\u0163i Vizarsin mai mult de o dat\u0103 pe zi.<br \/>\nTrebuie s\u0103 utiliza\u0163i Vizarsin cu aproximativ o or\u0103 \u00eenainte de momentul \u00een care inten\u0163iona\u0163i s\u0103 ave\u0163i un contact sexual. \u00cenghi\u0163i\u0163i comprimatul \u00een \u00eentregime, cu un pahar de ap\u0103.<\/p>\n<p><strong>Compozitie:<\/strong><br \/>\n&#8211; Substan\u0163a activ\u0103 este sildenafil. Fiecare comprimat filmat con\u0163ine sildenafil citrat echivalent cu sildenafil 100 mg.<br \/>\n&#8211; Celelalte componente sunt: Nucleu: celuloz\u0103 microcristalin\u0103 (E460), hidrogenofosfat de calciu, croscarmeloz\u0103 sodic\u0103,<br \/>\nhipromeloz\u0103 (E464), stearat de magneziu (E470b). Film: lactoz\u0103 monohidrat, hipromeloz\u0103 (E464), dioxid de titan (E171), triacetin\u0103 (E1518).<br \/>\nVezi pct. 2 \u201eVizarsin con\u021bine lactoz\u0103 \u0219i sodiu\u201d.<\/p>\n<\/div>\n","protected":false},"excerpt":{"rendered":"<p>Vizarsin 50 mg comprimate filmate<\/p>\n<p>Fiecare comprimat filmat con\u0163ine sildenafil citrat echivalent cu sildenafil 25 mg, 50 mg sau 100 mg.<\/p>\n","protected":false},"featured_media":8662,"comment_status":"open","ping_status":"closed","template":"","meta":{"inline_featured_image":false},"product_brand":[],"product_cat":[78],"product_tag":[35,81,112,119,118],"class_list":{"0":"post-229","1":"product","2":"type-product","3":"status-publish","4":"has-post-thumbnail","6":"product_cat-viata-sexuala","7":"product_tag-cialis","8":"product_tag-sildenafil","9":"product_tag-sildenafil-citrat","10":"product_tag-vizarsin","11":"product_tag-vizarsin-100-mg","13":"first","14":"outofstock","15":"shipping-taxable","16":"purchasable","17":"product-type-simple"},"yoast_head":"<!-- This site is optimized with the Yoast SEO plugin v27.4 - https:\/\/yoast.com\/product\/yoast-seo-wordpress\/ -->\n<title>Vizarsin 100 mg - Farmacie online!<\/title>\n<meta name=\"robots\" content=\"index, follow, max-snippet:-1, max-image-preview:large, max-video-preview:-1\" \/>\n<link rel=\"canonical\" href=\"https:\/\/www.farmacie-online.eu\/en_gb\/product\/glucosamine-chondroitin-msm\/\" \/>\n<meta property=\"og:locale\" content=\"en_GB\" \/>\n<meta property=\"og:type\" content=\"article\" \/>\n<meta property=\"og:title\" content=\"Vizarsin 100 mg - Farmacie online!\" \/>\n<meta property=\"og:description\" content=\"Vizarsin 50 mg comprimate filmate  Fiecare comprimat filmat con\u0163ine sildenafil citrat echivalent cu sildenafil 25 mg, 50 mg sau 100 mg.\" \/>\n<meta property=\"og:url\" content=\"https:\/\/www.farmacie-online.eu\/en_gb\/product\/glucosamine-chondroitin-msm\/\" \/>\n<meta property=\"og:site_name\" content=\"Farmacie online!\" \/>\n<meta property=\"article:modified_time\" content=\"2024-04-08T10:50:32+00:00\" \/>\n<meta property=\"og:image\" content=\"https:\/\/www.farmacie-online.eu\/wp-content\/uploads\/2020\/10\/Vizarsin-100-mg.jpg\" \/>\n\t<meta property=\"og:image:width\" content=\"2560\" \/>\n\t<meta property=\"og:image:height\" content=\"2560\" \/>\n\t<meta property=\"og:image:type\" content=\"image\/jpeg\" \/>\n<meta name=\"twitter:card\" content=\"summary_large_image\" \/>\n<meta name=\"twitter:label1\" content=\"Estimated reading time\" \/>\n\t<meta name=\"twitter:data1\" content=\"2 minutes\" \/>\n<script type=\"application\/ld+json\" class=\"yoast-schema-graph\">{\"@context\":\"https:\\\/\\\/schema.org\",\"@graph\":[{\"@type\":\"WebPage\",\"@id\":\"https:\\\/\\\/www.farmacie-online.eu\\\/product\\\/glucosamine-chondroitin-msm\\\/\",\"url\":\"https:\\\/\\\/www.farmacie-online.eu\\\/product\\\/glucosamine-chondroitin-msm\\\/\",\"name\":\"Vizarsin 100 mg - Farmacie online!\",\"isPartOf\":{\"@id\":\"https:\\\/\\\/www.farmacie-online.eu\\\/#website\"},\"primaryImageOfPage\":{\"@id\":\"https:\\\/\\\/www.farmacie-online.eu\\\/product\\\/glucosamine-chondroitin-msm\\\/#primaryimage\"},\"image\":{\"@id\":\"https:\\\/\\\/www.farmacie-online.eu\\\/product\\\/glucosamine-chondroitin-msm\\\/#primaryimage\"},\"thumbnailUrl\":\"https:\\\/\\\/www.farmacie-online.eu\\\/wp-content\\\/uploads\\\/2020\\\/10\\\/Vizarsin-100-mg.jpg\",\"datePublished\":\"2020-10-21T08:31:05+00:00\",\"dateModified\":\"2024-04-08T10:50:32+00:00\",\"breadcrumb\":{\"@id\":\"https:\\\/\\\/www.farmacie-online.eu\\\/product\\\/glucosamine-chondroitin-msm\\\/#breadcrumb\"},\"inLanguage\":\"en-GB\",\"potentialAction\":[{\"@type\":\"ReadAction\",\"target\":[\"https:\\\/\\\/www.farmacie-online.eu\\\/product\\\/glucosamine-chondroitin-msm\\\/\"]}]},{\"@type\":\"ImageObject\",\"inLanguage\":\"en-GB\",\"@id\":\"https:\\\/\\\/www.farmacie-online.eu\\\/product\\\/glucosamine-chondroitin-msm\\\/#primaryimage\",\"url\":\"https:\\\/\\\/www.farmacie-online.eu\\\/wp-content\\\/uploads\\\/2020\\\/10\\\/Vizarsin-100-mg.jpg\",\"contentUrl\":\"https:\\\/\\\/www.farmacie-online.eu\\\/wp-content\\\/uploads\\\/2020\\\/10\\\/Vizarsin-100-mg.jpg\",\"width\":2560,\"height\":2560},{\"@type\":\"BreadcrumbList\",\"@id\":\"https:\\\/\\\/www.farmacie-online.eu\\\/product\\\/glucosamine-chondroitin-msm\\\/#breadcrumb\",\"itemListElement\":[{\"@type\":\"ListItem\",\"position\":1,\"name\":\"Prima pagin\u0103\",\"item\":\"https:\\\/\\\/www.farmacie-online.eu\\\/\"},{\"@type\":\"ListItem\",\"position\":2,\"name\":\"Produse\",\"item\":\"https:\\\/\\\/www.farmacie-online.eu\\\/produse\\\/\"},{\"@type\":\"ListItem\",\"position\":3,\"name\":\"Vizarsin 100 mg\"}]},{\"@type\":\"WebSite\",\"@id\":\"https:\\\/\\\/www.farmacie-online.eu\\\/#website\",\"url\":\"https:\\\/\\\/www.farmacie-online.eu\\\/\",\"name\":\"Farmacie online!\",\"description\":\"Comanzi online, prime\u0219ti rapid!\",\"publisher\":{\"@id\":\"https:\\\/\\\/www.farmacie-online.eu\\\/#organization\"},\"potentialAction\":[{\"@type\":\"SearchAction\",\"target\":{\"@type\":\"EntryPoint\",\"urlTemplate\":\"https:\\\/\\\/www.farmacie-online.eu\\\/?s={search_term_string}\"},\"query-input\":{\"@type\":\"PropertyValueSpecification\",\"valueRequired\":true,\"valueName\":\"search_term_string\"}}],\"inLanguage\":\"en-GB\"},{\"@type\":\"Organization\",\"@id\":\"https:\\\/\\\/www.farmacie-online.eu\\\/#organization\",\"name\":\"Farmacie online!\",\"url\":\"https:\\\/\\\/www.farmacie-online.eu\\\/\",\"logo\":{\"@type\":\"ImageObject\",\"inLanguage\":\"en-GB\",\"@id\":\"https:\\\/\\\/www.farmacie-online.eu\\\/#\\\/schema\\\/logo\\\/image\\\/\",\"url\":\"https:\\\/\\\/www.farmacie-online.eu\\\/wp-content\\\/uploads\\\/2023\\\/08\\\/cropped-favicon.webp\",\"contentUrl\":\"https:\\\/\\\/www.farmacie-online.eu\\\/wp-content\\\/uploads\\\/2023\\\/08\\\/cropped-favicon.webp\",\"width\":500,\"height\":211,\"caption\":\"Farmacie online!\"},\"image\":{\"@id\":\"https:\\\/\\\/www.farmacie-online.eu\\\/#\\\/schema\\\/logo\\\/image\\\/\"}}]}<\/script>\n<!-- \/ Yoast SEO plugin. -->","yoast_head_json":{"title":"Vizarsin 100 mg - Farmacie online!","robots":{"index":"index","follow":"follow","max-snippet":"max-snippet:-1","max-image-preview":"max-image-preview:large","max-video-preview":"max-video-preview:-1"},"canonical":"https:\/\/www.farmacie-online.eu\/en_gb\/product\/glucosamine-chondroitin-msm\/","og_locale":"en_GB","og_type":"article","og_title":"Vizarsin 100 mg - Farmacie online!","og_description":"Vizarsin 50 mg comprimate filmate  Fiecare comprimat filmat con\u0163ine sildenafil citrat echivalent cu sildenafil 25 mg, 50 mg sau 100 mg.","og_url":"https:\/\/www.farmacie-online.eu\/en_gb\/product\/glucosamine-chondroitin-msm\/","og_site_name":"Farmacie online!","article_modified_time":"2024-04-08T10:50:32+00:00","og_image":[{"width":2560,"height":2560,"url":"https:\/\/www.farmacie-online.eu\/wp-content\/uploads\/2020\/10\/Vizarsin-100-mg.jpg","type":"image\/jpeg"}],"twitter_card":"summary_large_image","twitter_misc":{"Estimated reading time":"2 minutes"},"schema":{"@context":"https:\/\/schema.org","@graph":[{"@type":"WebPage","@id":"https:\/\/www.farmacie-online.eu\/product\/glucosamine-chondroitin-msm\/","url":"https:\/\/www.farmacie-online.eu\/product\/glucosamine-chondroitin-msm\/","name":"Vizarsin 100 mg - Farmacie online!","isPartOf":{"@id":"https:\/\/www.farmacie-online.eu\/#website"},"primaryImageOfPage":{"@id":"https:\/\/www.farmacie-online.eu\/product\/glucosamine-chondroitin-msm\/#primaryimage"},"image":{"@id":"https:\/\/www.farmacie-online.eu\/product\/glucosamine-chondroitin-msm\/#primaryimage"},"thumbnailUrl":"https:\/\/www.farmacie-online.eu\/wp-content\/uploads\/2020\/10\/Vizarsin-100-mg.jpg","datePublished":"2020-10-21T08:31:05+00:00","dateModified":"2024-04-08T10:50:32+00:00","breadcrumb":{"@id":"https:\/\/www.farmacie-online.eu\/product\/glucosamine-chondroitin-msm\/#breadcrumb"},"inLanguage":"en-GB","potentialAction":[{"@type":"ReadAction","target":["https:\/\/www.farmacie-online.eu\/product\/glucosamine-chondroitin-msm\/"]}]},{"@type":"ImageObject","inLanguage":"en-GB","@id":"https:\/\/www.farmacie-online.eu\/product\/glucosamine-chondroitin-msm\/#primaryimage","url":"https:\/\/www.farmacie-online.eu\/wp-content\/uploads\/2020\/10\/Vizarsin-100-mg.jpg","contentUrl":"https:\/\/www.farmacie-online.eu\/wp-content\/uploads\/2020\/10\/Vizarsin-100-mg.jpg","width":2560,"height":2560},{"@type":"BreadcrumbList","@id":"https:\/\/www.farmacie-online.eu\/product\/glucosamine-chondroitin-msm\/#breadcrumb","itemListElement":[{"@type":"ListItem","position":1,"name":"Prima pagin\u0103","item":"https:\/\/www.farmacie-online.eu\/"},{"@type":"ListItem","position":2,"name":"Produse","item":"https:\/\/www.farmacie-online.eu\/produse\/"},{"@type":"ListItem","position":3,"name":"Vizarsin 100 mg"}]},{"@type":"WebSite","@id":"https:\/\/www.farmacie-online.eu\/#website","url":"https:\/\/www.farmacie-online.eu\/","name":"Farmacie online!","description":"Comanzi online, prime\u0219ti rapid!","publisher":{"@id":"https:\/\/www.farmacie-online.eu\/#organization"},"potentialAction":[{"@type":"SearchAction","target":{"@type":"EntryPoint","urlTemplate":"https:\/\/www.farmacie-online.eu\/?s={search_term_string}"},"query-input":{"@type":"PropertyValueSpecification","valueRequired":true,"valueName":"search_term_string"}}],"inLanguage":"en-GB"},{"@type":"Organization","@id":"https:\/\/www.farmacie-online.eu\/#organization","name":"Farmacie online!","url":"https:\/\/www.farmacie-online.eu\/","logo":{"@type":"ImageObject","inLanguage":"en-GB","@id":"https:\/\/www.farmacie-online.eu\/#\/schema\/logo\/image\/","url":"https:\/\/www.farmacie-online.eu\/wp-content\/uploads\/2023\/08\/cropped-favicon.webp","contentUrl":"https:\/\/www.farmacie-online.eu\/wp-content\/uploads\/2023\/08\/cropped-favicon.webp","width":500,"height":211,"caption":"Farmacie online!"},"image":{"@id":"https:\/\/www.farmacie-online.eu\/#\/schema\/logo\/image\/"}}]}},"jetpack_sharing_enabled":true,"_links":{"self":[{"href":"https:\/\/www.farmacie-online.eu\/en_gb\/wp-json\/wp\/v2\/product\/229","targetHints":{"allow":["GET"]}}],"collection":[{"href":"https:\/\/www.farmacie-online.eu\/en_gb\/wp-json\/wp\/v2\/product"}],"about":[{"href":"https:\/\/www.farmacie-online.eu\/en_gb\/wp-json\/wp\/v2\/types\/product"}],"replies":[{"embeddable":true,"href":"https:\/\/www.farmacie-online.eu\/en_gb\/wp-json\/wp\/v2\/comments?post=229"}],"wp:featuredmedia":[{"embeddable":true,"href":"https:\/\/www.farmacie-online.eu\/en_gb\/wp-json\/wp\/v2\/media\/8662"}],"wp:attachment":[{"href":"https:\/\/www.farmacie-online.eu\/en_gb\/wp-json\/wp\/v2\/media?parent=229"}],"wp:term":[{"taxonomy":"product_brand","embeddable":true,"href":"https:\/\/www.farmacie-online.eu\/en_gb\/wp-json\/wp\/v2\/product_brand?post=229"},{"taxonomy":"product_cat","embeddable":true,"href":"https:\/\/www.farmacie-online.eu\/en_gb\/wp-json\/wp\/v2\/product_cat?post=229"},{"taxonomy":"product_tag","embeddable":true,"href":"https:\/\/www.farmacie-online.eu\/en_gb\/wp-json\/wp\/v2\/product_tag?post=229"}],"curies":[{"name":"wp","href":"https:\/\/api.w.org\/{rel}","templated":true}]}}